{"id":3259,"date":"2024-07-22T11:53:44","date_gmt":"2024-07-22T11:53:44","guid":{"rendered":"https:\/\/www.largepillow.com\/product\/face-down-pillow-prone-pillow-positioner-for-side-sleeping"},"modified":"2026-05-12T11:34:54","modified_gmt":"2026-05-12T11:34:54","slug":"pozycjoner-poduszki-z-twarza-w-dol-do-spania-na-boku","status":"publish","type":"product","link":"https:\/\/www.largepillow.com\/pl\/product\/face-down-pillow-prone-pillow-positioner-for-side-sleeping\/","title":{"rendered":"Pozycjoner poduszki z twarz\u0105 w d\u00f3\u0142, ze sk\u0142onno\u015bci\u0105 do spania na boku"},"content":{"rendered":"[zc_getpagecontent mb=&#8221;mb_aplus&#8221; apid=&#8221;140&#8243;]\n","protected":false},"excerpt":{"rendered":"<ul>\n<li><strong>Unikalny design:<\/strong> Poznaj innowacyjny projekt naszej odpinanej poduszki twarz\u0105 w d\u00f3\u0142. Zosta\u0142 starannie wykonany, aby spe\u0142nia\u0107 zasady ergonomii, zapewniaj\u0105c optymaln\u0105 ochron\u0119 oczu, wsparcie szyi oraz spokojny i regeneruj\u0105cy sen.<\/li>\n<li><strong>Wszechstronna poduszka:<\/strong> Niezale\u017cnie od tego, czy jeste\u015b w biurze, szukasz relaksu podczas masa\u017cu, czy po prostu szukasz wygodnego snu, nasza poduszka zosta\u0142a zaprojektowana tak, aby spe\u0142ni\u0107 Twoje r\u00f3\u017cnorodne potrzeby. Oferuje wyj\u0105tkow\u0105 wszechstronno\u015b\u0107 i mo\u017ce by\u0107 u\u017cywany w wielu ustawieniach do r\u00f3\u017cnych cel\u00f3w.<\/li>\n<li><strong>Materia\u0142y najwy\u017cszej jako\u015bci:<\/strong> Na pierwszym miejscu stawiamy Tw\u00f3j komfort i dobre samopoczucie. Nasza poduszka wykonana jest z oddychaj\u0105cej tkaniny z w\u0142\u00f3kna bambusowego, znanej z wyj\u0105tkowej oddychalno\u015bci i przyjaznej dla sk\u00f3ry mi\u0119kko\u015bci. Mieszanka w\u0142\u00f3kien poliestrowych i wype\u0142nienia z pianki o du\u017cej g\u0119sto\u015bci zapewnia doskona\u0142e wsparcie szyi i g\u0142owy, zapewniaj\u0105c wygodn\u0105 i dobrze podpart\u0105 pozycj\u0119 do spania.<\/li>\n<li><strong>Wygodna konstrukcja zamka b\u0142yskawicznego:<\/strong> Rozumiemy znaczenie \u0142atwej konserwacji. Nasza poduszka posiada wygodny zamek b\u0142yskawiczny, kt\u00f3ry pozwala na \u0142atwy demonta\u017c i pranie. Utrzymuj poduszk\u0119 w czysto\u015bci i \u015bwie\u017co\u015bci, zapewniaj\u0105c higien\u0119 i d\u0142ugowieczno\u015b\u0107.<\/li>\n<\/ul>","protected":false},"featured_media":3244,"comment_status":"open","ping_status":"closed","template":"","meta":[],"product_brand":[],"product_cat":[228],"product_tag":[],"class_list":{"0":"post-3259","1":"product","2":"type-product","3":"status-publish","4":"has-post-thumbnail","6":"product_cat-cushions","8":"first","9":"instock","10":"featured","11":"sold-individually","12":"shipping-taxable","13":"purchasable","14":"product-type-simple"},"_links":{"self":[{"href":"https:\/\/www.largepillow.com\/pl\/wp-json\/wp\/v2\/product\/3259","targetHints":{"allow":["GET"]}}],"collection":[{"href":"https:\/\/www.largepillow.com\/pl\/wp-json\/wp\/v2\/product"}],"about":[{"href":"https:\/\/www.largepillow.com\/pl\/wp-json\/wp\/v2\/types\/product"}],"replies":[{"embeddable":true,"href":"https:\/\/www.largepillow.com\/pl\/wp-json\/wp\/v2\/comments?post=3259"}],"wp:featuredmedia":[{"embeddable":true,"href":"https:\/\/www.largepillow.com\/pl\/wp-json\/wp\/v2\/media\/3244"}],"wp:attachment":[{"href":"https:\/\/www.largepillow.com\/pl\/wp-json\/wp\/v2\/media?parent=3259"}],"wp:term":[{"taxonomy":"product_brand","embeddable":true,"href":"https:\/\/www.largepillow.com\/pl\/wp-json\/wp\/v2\/product_brand?post=3259"},{"taxonomy":"product_cat","embeddable":true,"href":"https:\/\/www.largepillow.com\/pl\/wp-json\/wp\/v2\/product_cat?post=3259"},{"taxonomy":"product_tag","embeddable":true,"href":"https:\/\/www.largepillow.com\/pl\/wp-json\/wp\/v2\/product_tag?post=3259"}],"curies":[{"name":"wp","href":"https:\/\/api.w.org\/{rel}","templated":true}]}}