{"id":3295,"date":"2024-07-22T14:31:24","date_gmt":"2024-07-22T14:31:24","guid":{"rendered":"https:\/\/www.largepillow.com\/product\/2-in-1-memory-foam-dog-human-bed-foldable-washable"},"modified":"2024-11-24T18:36:48","modified_gmt":"2024-11-24T18:36:48","slug":"skladane-legowisko-dla-psa-2-w-1-z-pianki-memory-ktore-mozna-prac","status":"publish","type":"product","link":"https:\/\/www.largepillow.com\/pl\/product\/2-in-1-memory-foam-dog-human-bed-foldable-washable\/","title":{"rendered":"\u0141\u00f3\u017cko dla psa i cz\u0142owieka 2 w 1 z pianki Memory \u2013 sk\u0142adane i nadaj\u0105ce si\u0119 do prania"},"content":{"rendered":"[zc_getpagecontent mb=&#8221;mb_aplus&#8221; apid=&#8221;76&#8243;]\n","protected":false},"excerpt":{"rendered":"<ul>\n<li><strong>Ch\u0142odzenie i oddychanie:<\/strong> Powierzchnia naszego legowiska dla psa wykonana jest z w\u0142\u00f3kna ch\u0142odz\u0105cego PE klasy A, kt\u00f3re skutecznie obni\u017cy temperatur\u0119, utrzymuj\u0105c temperatur\u0119 sk\u00f3ry w komfortowym stanie. Latem zapewnij ch\u0142odzenie zwierz\u0119tom domowym, dzieciom i doros\u0142ym; Tymczasem charakterystyczny kunszt tekstylny zapewnia unikalny, wypuk\u0142y wygl\u0105d 3D, zwi\u0119kszaj\u0105c przepuszczalno\u015b\u0107 powietrza i oferuj\u0105c sk\u00f3rze wystarczaj\u0105c\u0105 przestrze\u0144 do oddychania.<\/li>\n<li><strong>Projekt 2 w 1:<\/strong> To dwufunkcyjne legowisko dla ludzi zosta\u0142o zaprojektowane z my\u015bl\u0105 o wygodzie zar\u00f3wno ludzi, jak i ps\u00f3w. Mo\u017cna je \u0142atwo przekszta\u0142ci\u0107 z \u0142\u00f3\u017cka pod\u0142ogowego w oszcz\u0119dzaj\u0105c\u0105 miejsce leniw\u0105 sof\u0119. Zapewnia ch\u0142odne i wygodne miejsce do odpoczynku i relaksu podczas letnich upa\u0142\u00f3w, a jego sk\u0142adana konstrukcja skutecznie oszcz\u0119dza miejsce w pokoju.<\/li>\n<li><strong>Ortopedyczne legowisko dla psa:<\/strong> Popraw wypoczynek swojego zwierzaka dzi\u0119ki naszej ortopedycznej sofie dla psa, stworzonej z my\u015bl\u0105 o najwy\u017cszym komforcie i wsparciu. Pianka z pami\u0119ci\u0105 kszta\u0142tu o du\u017cej g\u0119sto\u015bci r\u00f3wnomiernie rozk\u0142ada ci\u0119\u017car zwierz\u0119cia, zapewniaj\u0105c optymalne odci\u0105\u017cenie i amortyzacj\u0119 staw\u00f3w, zapewniaj\u0105c spokojny i regeneruj\u0105cy sen.<\/li>\n<li><strong>Maksymalny komfort:<\/strong> Nasza sofa dla psa ma konstrukcj\u0119 z 3 stron, kt\u00f3ra zapewnia uczucie przytulno\u015bci i bezpiecze\u0144stwa, zapewniaj\u0105c Twojemu zwierzakowi wiele wygodnych pozycji do u\u0142o\u017cenia. Dobrze wype\u0142nione bawe\u0142ny PP podtrzymuj\u0105 g\u0142ow\u0119 i szyj\u0119 zwierz\u0119cia, zapewniaj\u0105c spokojniejszy sen. Dodatkowo obni\u017cone wej\u015bcie u\u0142atwia dost\u0119p i chroni stawy Twojego zwierzaka, dzi\u0119ki czemu jest idealne dla zwierz\u0105t w ka\u017cdym wieku i na ka\u017cdym poziomie mobilno\u015bci.<\/li>\n<li><strong>\u0141atwy w piel\u0119gnacji projekt:<\/strong>\u00a0Nasze narzuty na legowiska dla ps\u00f3w mo\u017cna wygodnie zdejmowa\u0107 i pra\u0107 w pralce \u2014 idealne dla zwierz\u0105t, kt\u00f3re uwielbiaj\u0105 tarza\u0107 si\u0119 w brudzie i pluska\u0107 w b\u0142ocie. Po prostu rozepnij zamek i wrzu\u0107 poszewki do pralki ustawionej na program na zimno z \u0142agodnym detergentem. Pami\u0119taj, UNIKAJ KORZYSTANIA Z SUSZARKI; zamiast tego poczekaj, a\u017c pokrowce wyschn\u0105 naturalnie, aby zachowa\u0107 ich jako\u015b\u0107 i wygod\u0119.<\/li>\n<\/ul>","protected":false},"featured_media":3278,"comment_status":"open","ping_status":"closed","template":"","meta":[],"product_brand":[],"product_cat":[227],"product_tag":[],"class_list":{"0":"post-3295","1":"product","2":"type-product","3":"status-publish","4":"has-post-thumbnail","6":"product_cat-pet-supplies","8":"first","9":"outofstock","10":"featured","11":"shipping-taxable","12":"purchasable","13":"product-type-simple"},"_links":{"self":[{"href":"https:\/\/www.largepillow.com\/pl\/wp-json\/wp\/v2\/product\/3295","targetHints":{"allow":["GET"]}}],"collection":[{"href":"https:\/\/www.largepillow.com\/pl\/wp-json\/wp\/v2\/product"}],"about":[{"href":"https:\/\/www.largepillow.com\/pl\/wp-json\/wp\/v2\/types\/product"}],"replies":[{"embeddable":true,"href":"https:\/\/www.largepillow.com\/pl\/wp-json\/wp\/v2\/comments?post=3295"}],"wp:featuredmedia":[{"embeddable":true,"href":"https:\/\/www.largepillow.com\/pl\/wp-json\/wp\/v2\/media\/3278"}],"wp:attachment":[{"href":"https:\/\/www.largepillow.com\/pl\/wp-json\/wp\/v2\/media?parent=3295"}],"wp:term":[{"taxonomy":"product_brand","embeddable":true,"href":"https:\/\/www.largepillow.com\/pl\/wp-json\/wp\/v2\/product_brand?post=3295"},{"taxonomy":"product_cat","embeddable":true,"href":"https:\/\/www.largepillow.com\/pl\/wp-json\/wp\/v2\/product_cat?post=3295"},{"taxonomy":"product_tag","embeddable":true,"href":"https:\/\/www.largepillow.com\/pl\/wp-json\/wp\/v2\/product_tag?post=3295"}],"curies":[{"name":"wp","href":"https:\/\/api.w.org\/{rel}","templated":true}]}}