{"id":3314,"date":"2024-07-23T00:29:50","date_gmt":"2024-07-23T00:29:50","guid":{"rendered":"https:\/\/www.largepillow.com\/product\/bed-wedge-pillow-set-for-surgery-recovery-neck-and-back-support"},"modified":"2024-12-22T22:37:56","modified_gmt":"2024-12-22T22:37:56","slug":"zestaw-poduszek-klinowych-do-lozka-do-podparcia-szyi-i-plecow-po-operacji","status":"publish","type":"product","link":"https:\/\/www.largepillow.com\/pl\/product\/bed-wedge-pillow-set-for-surgery-recovery-neck-and-back-support\/","title":{"rendered":"Zestaw poduszek klinowych do rehabilitacji pooperacyjnej, podparcia szyi i plec\u00f3w"},"content":{"rendered":"","protected":false},"excerpt":{"rendered":"<ul>\n<li><strong>Konfigurowalny komfort:<\/strong> Nasza regulowana poduszka klinowa sk\u0142ada si\u0119 z dw\u00f3ch cz\u0119\u015bci po\u0142\u0105czonych zakrzywion\u0105 powierzchni\u0105, co pozwala z \u0142atwo\u015bci\u0105 dostosowa\u0107 k\u0105t nachylenia do po\u017c\u0105danego poziomu komfortu. Po\u017cegnaj ograniczenia sta\u0142ych k\u0105t\u00f3w 30 i 60 stopni i dostosuj k\u0105t do swojego wzrostu i potrzeb.<\/li>\n<li><strong>Pe\u0142ny komfort:<\/strong> Nasz zestaw poduszek na szyj\u0119 i poduszek klinowych zapewnia pe\u0142ne wsparcie i komfort szyi i plec\u00f3w. Poduszka klinowa dopasowuje si\u0119 do krzywizn cia\u0142a, a poduszka pod szyj\u0119 zapewnia ukierunkowane wsparcie. Boki poduszki klinowej posiadaj\u0105 rzepy na dw\u00f3ch r\u00f3\u017cnych wysoko\u015bciach, u\u0142atwiaj\u0105ce regulacj\u0119 zag\u0142\u00f3wka.<\/li>\n<li><strong>Pod\u0142okietnik i poduszka na nogi:<\/strong> Opieraj\u0105c si\u0119 na naszej poduszce klinowej, oprzyj ramiona na poduszkach pod\u0142okietnik\u00f3w po obu stronach i pozw\u00f3l im naturalnie zwisa\u0107 na \u0142uku pod\u0142okietnik\u00f3w, tak jak podczas korzystania z fotela siedz\u0105cego na \u0142\u00f3\u017cku. Obydwa pod\u0142okietniki mo\u017cna r\u00f3wnie\u017c po\u0142\u0105czy\u0107 za pomoc\u0105 rzep\u00f3w, tworz\u0105c poduszk\u0119 na nogi, zapewniaj\u0105c\u0105 podwy\u017cszone podparcie n\u00f3g.<\/li>\n<li><strong>Wielofunkcyjna poduszka klinowa:<\/strong> Jego komponowalna konstrukcja pozwala na oko\u0142o 12 sposob\u00f3w u\u017cycia. U\u017cyj go jako wysokiego k\u0105ta do podparcia plec\u00f3w podczas czytania lub pracy lub wybierz stopniowe nachylenie do spania, aby z\u0142agodzi\u0107 chrapanie, dyskomfort pooperacyjny i refluks \u017co\u0142\u0105dkowy.<\/li>\n<\/ul>","protected":false},"featured_media":3299,"comment_status":"open","ping_status":"closed","template":"","meta":[],"product_brand":[],"product_cat":[228],"product_tag":[],"class_list":{"0":"post-3314","1":"product","2":"type-product","3":"status-publish","4":"has-post-thumbnail","6":"product_cat-cushions","8":"first","9":"outofstock","10":"featured","11":"shipping-taxable","12":"purchasable","13":"product-type-simple"},"_links":{"self":[{"href":"https:\/\/www.largepillow.com\/pl\/wp-json\/wp\/v2\/product\/3314","targetHints":{"allow":["GET"]}}],"collection":[{"href":"https:\/\/www.largepillow.com\/pl\/wp-json\/wp\/v2\/product"}],"about":[{"href":"https:\/\/www.largepillow.com\/pl\/wp-json\/wp\/v2\/types\/product"}],"replies":[{"embeddable":true,"href":"https:\/\/www.largepillow.com\/pl\/wp-json\/wp\/v2\/comments?post=3314"}],"wp:featuredmedia":[{"embeddable":true,"href":"https:\/\/www.largepillow.com\/pl\/wp-json\/wp\/v2\/media\/3299"}],"wp:attachment":[{"href":"https:\/\/www.largepillow.com\/pl\/wp-json\/wp\/v2\/media?parent=3314"}],"wp:term":[{"taxonomy":"product_brand","embeddable":true,"href":"https:\/\/www.largepillow.com\/pl\/wp-json\/wp\/v2\/product_brand?post=3314"},{"taxonomy":"product_cat","embeddable":true,"href":"https:\/\/www.largepillow.com\/pl\/wp-json\/wp\/v2\/product_cat?post=3314"},{"taxonomy":"product_tag","embeddable":true,"href":"https:\/\/www.largepillow.com\/pl\/wp-json\/wp\/v2\/product_tag?post=3314"}],"curies":[{"name":"wp","href":"https:\/\/api.w.org\/{rel}","templated":true}]}}