{"id":3330,"date":"2024-07-23T00:38:46","date_gmt":"2024-07-23T00:38:46","guid":{"rendered":"https:\/\/www.largepillow.com\/product\/folding-floor-sofa-bed-with-filling-sleeper-guest-couch"},"modified":"2024-10-03T16:31:25","modified_gmt":"2024-10-03T16:31:25","slug":"rozkladana-sofa-podlogowa-z-rozkladana-kanapa-dla-gosci","status":"publish","type":"product","link":"https:\/\/www.largepillow.com\/pl\/product\/folding-floor-sofa-bed-with-filling-sleeper-guest-couch\/","title":{"rendered":"Sk\u0142adana pod\u0142ogowa rozk\u0142adana sofa z wype\u0142nieniem, rozk\u0142adana kanapa dla go\u015bci"},"content":{"rendered":"<p>Podnie\u015b poziom relaksu dzi\u0119ki naszemu \u0142\u00f3\u017cku z fasol\u0105 dla doros\u0142ych. Zaprojektowane, aby zapewni\u0107 najwy\u017cszy komfort, to rozk\u0142adane krzes\u0142o mo\u017cna \u0142atwo z\u0142o\u017cy\u0107 z krzes\u0142a do \u0142\u00f3\u017cka. Poduszka zosta\u0142a wygodnie z\u0142o\u017cona na dole, co pozwala na \u0142atwe prze\u0142\u0105czanie mi\u0119dzy miejscem do siedzenia a miejscem do spania, dzi\u0119ki czemu idealnie nadaje si\u0119 do przyjmowania niespodziewanych go\u015bci lub maksymalizowania przestrzeni w domu.<\/p>\n<p>Wykonana z wysokiej jako\u015bci materia\u0142\u00f3w, nasza poszewka na poduszk\u0119 jest wykonana z poliestru 100% o przeplatanej fakturze i wyj\u0105tkowych szwach, kt\u00f3re s\u0105 mocne dooko\u0142a. Wy\u015bci\u00f3\u0142ka wykonana jest z wysokiej jako\u015bci w\u0142\u00f3kien poliestrowych o du\u017cej g\u0119sto\u015bci, kt\u00f3re zapobiegaj\u0105 zwiotczeniu nawet po miesi\u0105cach u\u017cytkowania. Zdejmowane pokrycie jest mi\u0119kkie w dotyku, mo\u017cna je pra\u0107 w pralce i jest odporne na wod\u0119, plamy i odbarwienia, co u\u0142atwia konserwacj\u0119.<\/p>\n<p>Nasze \u0142\u00f3\u017cko Bean Bag jest idealne dla tych, kt\u00f3rzy lubi\u0105 relaks i odpoczynek w domu, szczeg\u00f3lnie dla m\u0142odych ludzi i rodzin. Niezale\u017cnie od tego, czy jeste\u015b w salonie, sypialni, gabinecie, salonie, na tarasie czy w ogrodzie, nasze \u0142\u00f3\u017cko Bean Bag b\u0119dzie idealnym dodatkiem do Twojego domu. Pluszowe poduszki i solidna konstrukcja sprawi\u0105, \u017ce poczujesz si\u0119, jakby\u015b siedzia\u0142 na chmurze.<\/p>\n<p>Wi\u0119c po co czeka\u0107? Zmie\u0144 swoj\u0105 przestrze\u0144 \u017cyciow\u0105 w przytuln\u0105 i wygodn\u0105 przysta\u0144 dzi\u0119ki naszemu \u0142\u00f3\u017cku Bean Bag. Po\u017cegnaj niewygodne miejsca do siedzenia i powitaj maksymalny relaks. Kup teraz i rozkoszuj si\u0119 najwy\u017cszym komfortem.<\/p>","protected":false},"excerpt":{"rendered":"<ul>\n<li><strong>Poczuj komfort na poziomie chmury<\/strong>: Nie szukaj dalej ni\u017c nasza leniwa kanapa pod\u0142ogowa! Zaprojektowana z my\u015bl\u0105 o Twojej wygodzie, ta pod\u0142ogowa sofa jest idealna do wypoczynku, czytania, ogl\u0105dania telewizji i nie tylko. Dzi\u0119ki wygodnemu projektowi i solidnej konstrukcji poczujesz si\u0119, jakby\u015b siedzia\u0142 na chmurze.<\/li>\n<li><strong>Z kanapy do \u0142\u00f3\u017cka z \u0142atwo\u015bci\u0105<\/strong>: Przekszta\u0142cenie tego mebla w wygodn\u0105 rozk\u0142adan\u0105 kanap\u0119 pod\u0142ogow\u0105 jest proste \u2013 wystarczy wyci\u0105gn\u0105\u0107 sk\u0142adan\u0105 poduszk\u0119 siedziska na dole! Ta innowacyjna konstrukcja pozwala \u0142atwo prze\u0142\u0105cza\u0107 si\u0119 mi\u0119dzy miejscem do siedzenia a miejscem do spania, dzi\u0119ki czemu idealnie nadaje si\u0119 do przyjmowania nieoczekiwanych go\u015bci lub maksymalizowania przestrzeni w domu.<\/li>\n<li><strong>Materia\u0142y wysokiej jako\u015bci<\/strong>: Nasza poszewka na poduszk\u0119 wykonana jest z poliestru 100% o przeplatanej fakturze i wyj\u0105tkowych szwach, kt\u00f3re s\u0105 wytrzyma\u0142e dooko\u0142a. Wy\u015bci\u00f3\u0142ka wykonana jest z wysokiej jako\u015bci w\u0142\u00f3kien poliestrowych o du\u017cej g\u0119sto\u015bci, kt\u00f3re zapobiegaj\u0105 zwiotczeniu nawet po miesi\u0105cach u\u017cytkowania.<\/li>\n<li><strong>\u0141atwe do mycia<\/strong>: Zdejmowane pokrycie jest mi\u0119kkie w dotyku, mo\u017cna je pra\u0107 w pralce i jest odporne na wod\u0119, plamy i odbarwienia, co u\u0142atwia konserwacj\u0119.<\/li>\n<li><strong>Nadaje si\u0119 na wiele okazji<\/strong>: Nasza rozk\u0142adana sofa pod\u0142ogowa jest idealna dla tych, kt\u00f3rzy lubi\u0105 relaks i odpoczynek w domu, szczeg\u00f3lnie dla m\u0142odych ludzi i rodzin. Doskonale nadaj\u0105 si\u0119 do umieszczenia w salonach, sypialniach, gabinetach, salonach i innych miejscach, ale mo\u017cna je r\u00f3wnie\u017c umie\u015bci\u0107 na zewn\u0105trz, na tarasach lub w ogrodach.<\/li>\n<\/ul>","protected":false},"featured_media":3566,"comment_status":"open","ping_status":"closed","template":"","meta":[],"product_brand":[],"product_cat":[228],"product_tag":[],"class_list":{"0":"post-3330","1":"product","2":"type-product","3":"status-publish","4":"has-post-thumbnail","6":"product_cat-cushions","8":"first","9":"instock","10":"shipping-taxable","11":"purchasable","12":"product-type-simple"},"_links":{"self":[{"href":"https:\/\/www.largepillow.com\/pl\/wp-json\/wp\/v2\/product\/3330","targetHints":{"allow":["GET"]}}],"collection":[{"href":"https:\/\/www.largepillow.com\/pl\/wp-json\/wp\/v2\/product"}],"about":[{"href":"https:\/\/www.largepillow.com\/pl\/wp-json\/wp\/v2\/types\/product"}],"replies":[{"embeddable":true,"href":"https:\/\/www.largepillow.com\/pl\/wp-json\/wp\/v2\/comments?post=3330"}],"wp:featuredmedia":[{"embeddable":true,"href":"https:\/\/www.largepillow.com\/pl\/wp-json\/wp\/v2\/media\/3566"}],"wp:attachment":[{"href":"https:\/\/www.largepillow.com\/pl\/wp-json\/wp\/v2\/media?parent=3330"}],"wp:term":[{"taxonomy":"product_brand","embeddable":true,"href":"https:\/\/www.largepillow.com\/pl\/wp-json\/wp\/v2\/product_brand?post=3330"},{"taxonomy":"product_cat","embeddable":true,"href":"https:\/\/www.largepillow.com\/pl\/wp-json\/wp\/v2\/product_cat?post=3330"},{"taxonomy":"product_tag","embeddable":true,"href":"https:\/\/www.largepillow.com\/pl\/wp-json\/wp\/v2\/product_tag?post=3330"}],"curies":[{"name":"wp","href":"https:\/\/api.w.org\/{rel}","templated":true}]}}