{"id":3344,"date":"2024-07-23T00:52:32","date_gmt":"2024-07-23T00:52:32","guid":{"rendered":"https:\/\/www.largepillow.com\/product\/versatile-and-durable-travel-dog-crate-for-medium-dogs"},"modified":"2024-10-03T16:31:25","modified_gmt":"2024-10-03T16:31:25","slug":"wszechstronna-i-trwala-klatka-podrozna-dla-srednich-psow","status":"publish","type":"product","link":"https:\/\/www.largepillow.com\/pl\/product\/versatile-and-durable-travel-dog-crate-for-medium-dogs\/","title":{"rendered":"Wszechstronna i trwa\u0142a klatka podr\u00f3\u017cna dla \u015brednich ps\u00f3w"},"content":{"rendered":"[zc_getpagecontent mb=&#8221;mb_aplus&#8221; apid=&#8221;62&#8243;]\n","protected":false},"excerpt":{"rendered":"<ul>\n<li>SZYBKI MONTA\u017b W 20 SEKUND: Nasz namiot podr\u00f3\u017cny dla \u015brednich ps\u00f3w charakteryzuje si\u0119 bezproblemow\u0105, uniwersaln\u0105 konstrukcj\u0105, kt\u00f3ra eliminuje potrzeb\u0119 skomplikowanej instalacji. Po\u017cegnaj frustracj\u0119 zwi\u0105zan\u0105 z monta\u017cem i ciesz si\u0119 wygod\u0105 \u0142atwej konfiguracji i przechowywania.<\/li>\n<li>WSZECHSTRONNA KONSTRUKCJA KURTYNY: klatka dla psa zaprojektowana z my\u015bl\u0105 o funkcjonalno\u015bci, nasza podr\u00f3\u017cna klatka dla psa jest wyposa\u017cona w zas\u0142on\u0119, kt\u00f3r\u0105 mo\u017cna dostosowa\u0107 do r\u00f3\u017cnych p\u00f3r roku. Chro\u0144 swojego zwierzaka przed ch\u0142odnymi wiatrami zim\u0105 i zwi\u0144 go, aby zapewni\u0107 optymaln\u0105 wentylacj\u0119 i komfort w miesi\u0105cach letnich.<\/li>\n<li>WIELOFUNKCYJNE ZASTOSOWANIE: Ta sk\u0142adana klatka dla psa jest niezwykle wszechstronna i mo\u017ce s\u0142u\u017cy\u0107 jako przytulny dom dla Twojego futrzanego przyjaciela, bezpieczny transporter dla zwierz\u0105t podczas podr\u00f3\u017cy samochodem, wygodny namiot porodowy lub przeno\u015bne schronienie na \u015bwie\u017cym powietrzu podczas przyg\u00f3d. Ciesz si\u0119 wygod\u0105 i komfortem, jaki zapewnia, gdziekolwiek jeste\u015b.<\/li>\n<li>MATERIA\u0141Y NAJWY\u017bSZEJ JAKO\u015aCI: Ta \u015brednia klatka dla psa, pokryta trwa\u0142\u0105, wodoodporn\u0105 tkanin\u0105 oxford, nasza sk\u0142adana klatka dla psa jest zbudowana tak, aby wytrzyma\u0107 r\u00f3\u017cne warunki pogodowe. Wzmocnione naro\u017cniki zapewniaj\u0105 d\u0142u\u017csz\u0105 \u017cywotno\u015b\u0107 produktu, a antypo\u015blizgowe dno zapewnia dodatkow\u0105 stabilno\u015b\u0107 i bezpiecze\u0144stwo.<\/li>\n<li>WYGODNA KIESZONKA BOCZNA: Buda dla psa na zewn\u0105trz jest wyposa\u017cona w por\u0119czn\u0105 kiesze\u0144 boczn\u0105, dzi\u0119ki kt\u00f3rej mo\u017cesz z \u0142atwo\u015bci\u0105 nosi\u0107 butelk\u0119 z wod\u0105, przek\u0105ski, zabawki i inne niezb\u0119dne rzeczy Twojego zwierzaka podczas podr\u00f3\u017cy na \u015bwie\u017cym powietrzu. Dzi\u0119ki tej przemy\u015blanej konstrukcji zachowaj porz\u0105dek i przygotuj si\u0119 na ka\u017cd\u0105 przygod\u0119.<\/li>\n<\/ul>","protected":false},"featured_media":3331,"comment_status":"open","ping_status":"closed","template":"","meta":[],"product_brand":[],"product_cat":[227],"product_tag":[],"class_list":{"0":"post-3344","1":"product","2":"type-product","3":"status-publish","4":"has-post-thumbnail","6":"product_cat-pet-supplies","8":"first","9":"outofstock","10":"featured","11":"shipping-taxable","12":"purchasable","13":"product-type-simple"},"_links":{"self":[{"href":"https:\/\/www.largepillow.com\/pl\/wp-json\/wp\/v2\/product\/3344","targetHints":{"allow":["GET"]}}],"collection":[{"href":"https:\/\/www.largepillow.com\/pl\/wp-json\/wp\/v2\/product"}],"about":[{"href":"https:\/\/www.largepillow.com\/pl\/wp-json\/wp\/v2\/types\/product"}],"replies":[{"embeddable":true,"href":"https:\/\/www.largepillow.com\/pl\/wp-json\/wp\/v2\/comments?post=3344"}],"wp:featuredmedia":[{"embeddable":true,"href":"https:\/\/www.largepillow.com\/pl\/wp-json\/wp\/v2\/media\/3331"}],"wp:attachment":[{"href":"https:\/\/www.largepillow.com\/pl\/wp-json\/wp\/v2\/media?parent=3344"}],"wp:term":[{"taxonomy":"product_brand","embeddable":true,"href":"https:\/\/www.largepillow.com\/pl\/wp-json\/wp\/v2\/product_brand?post=3344"},{"taxonomy":"product_cat","embeddable":true,"href":"https:\/\/www.largepillow.com\/pl\/wp-json\/wp\/v2\/product_cat?post=3344"},{"taxonomy":"product_tag","embeddable":true,"href":"https:\/\/www.largepillow.com\/pl\/wp-json\/wp\/v2\/product_tag?post=3344"}],"curies":[{"name":"wp","href":"https:\/\/api.w.org\/{rel}","templated":true}]}}