{"id":3369,"date":"2024-07-23T01:20:37","date_gmt":"2024-07-23T01:20:37","guid":{"rendered":"https:\/\/www.largepillow.com\/product\/luxury-elevated-dog-couch-3pcs-with-pillow-soft-pet-mat"},"modified":"2025-02-16T16:56:35","modified_gmt":"2025-02-16T16:56:35","slug":"luksusowa-podwyzszona-kanapa-dla-psa-3-sztuki-z-miekka-poduszka-dla-zwierzat","status":"publish","type":"product","link":"https:\/\/www.largepillow.com\/pl\/product\/luxury-elevated-dog-couch-3pcs-with-pillow-soft-pet-mat\/","title":{"rendered":"Luksusowa podwy\u017cszona kanapa dla psa, 3 sztuki z poduszk\u0105 i mi\u0119kk\u0105 mat\u0105 dla zwierz\u0105t"},"content":{"rendered":"[zc_getpagecontent mb=&#8221;mb_aplus&#8221; apid=&#8221;72&#8243;]\n","protected":false},"excerpt":{"rendered":"<ul>\n<li>Nowoczesny design i po\u0142\u0105czenie kolor\u00f3w: Ta podwy\u017cszona kanapa dla psa ma nowoczesny design z eleganck\u0105 kombinacj\u0105 g\u0142\u0119bokiego b\u0142\u0119kitu i modnego ciemnopomara\u0144czowego koloru, dodaj\u0105c stylu i witalno\u015bci Twojemu wystrojowi domu.<\/li>\n<li>Absolutny komfort: Legowisko dla psa ma podniesione boki, aby zapewni\u0107 najwy\u017cszy komfort i bezpiecze\u0144stwo. Oferuje r\u00f3\u017cne wygodne pozycje, w kt\u00f3rych mog\u0105 si\u0119 u\u0142o\u017cy\u0107 Twoje zwierz\u0119ta, a boczne podparcia podpieraj\u0105 ich g\u0142ow\u0119 i szyj\u0119, umo\u017cliwiaj\u0105c im spokojniejszy sen. Pianka o du\u017cej g\u0119sto\u015bci o grubo\u015bci 3 cali i mi\u0119kka podk\u0142adka dla zwierz\u0105t o grubo\u015bci 2 cali zapewniaj\u0105 podw\u00f3jn\u0105 ochron\u0119 i pomagaj\u0105 r\u00f3wnomiernie roz\u0142o\u017cy\u0107 ci\u0119\u017car.<\/li>\n<li>Zdejmowana mata dla psa: Nowoczesna kanapa dla psa jest wyposa\u017cona w od\u0142\u0105czan\u0105 i super mi\u0119kk\u0105 mat\u0119 dla psa, kt\u00f3rej mo\u017cna u\u017cywa\u0107 osobno jako legowiska dla zwierz\u0105t. Dzi\u0119ki temu wiele kot\u00f3w i ps\u00f3w w domu mo\u017ce cieszy\u0107 si\u0119 wygodnym miejscem do odpoczynku w tym samym czasie.<\/li>\n<li>\u0141atwy monta\u017c: Nasza luksusowa rozk\u0142adana sofa dla zwierz\u0105t zosta\u0142a zaprojektowana z my\u015bl\u0105 o \u0142atwej instalacji, a jej ustawienie zajmuje tylko kilka minut. Dodatkowo do zestawu do\u0142\u0105czono wygodn\u0105 poduszk\u0119 w kszta\u0142cie wa\u0142u, kt\u00f3ra poprawi komfort odpoczynku Twojego zwierzaka.<\/li>\n<li>Odpowiedni dla ma\u0142ych i \u015brednich ps\u00f3w: Ta kanapa dla psa jest odpowiednia dla ma\u0142ych i \u015brednich ps\u00f3w, takich jak buldogi francuskie, chihuahua, boston terrier, pudle, beagle i wszystkie koty. Zapewnia du\u017co miejsca i wsparcia, dzi\u0119ki czemu Twoje zwierz\u0119ta mog\u0105 wygodnie odpoczywa\u0107 i spa\u0107.<\/li>\n<\/ul>","protected":false},"featured_media":3361,"comment_status":"open","ping_status":"closed","template":"","meta":[],"product_brand":[],"product_cat":[227],"product_tag":[],"class_list":{"0":"post-3369","1":"product","2":"type-product","3":"status-publish","4":"has-post-thumbnail","6":"product_cat-pet-supplies","8":"first","9":"outofstock","10":"featured","11":"shipping-taxable","12":"purchasable","13":"product-type-simple"},"_links":{"self":[{"href":"https:\/\/www.largepillow.com\/pl\/wp-json\/wp\/v2\/product\/3369","targetHints":{"allow":["GET"]}}],"collection":[{"href":"https:\/\/www.largepillow.com\/pl\/wp-json\/wp\/v2\/product"}],"about":[{"href":"https:\/\/www.largepillow.com\/pl\/wp-json\/wp\/v2\/types\/product"}],"replies":[{"embeddable":true,"href":"https:\/\/www.largepillow.com\/pl\/wp-json\/wp\/v2\/comments?post=3369"}],"wp:featuredmedia":[{"embeddable":true,"href":"https:\/\/www.largepillow.com\/pl\/wp-json\/wp\/v2\/media\/3361"}],"wp:attachment":[{"href":"https:\/\/www.largepillow.com\/pl\/wp-json\/wp\/v2\/media?parent=3369"}],"wp:term":[{"taxonomy":"product_brand","embeddable":true,"href":"https:\/\/www.largepillow.com\/pl\/wp-json\/wp\/v2\/product_brand?post=3369"},{"taxonomy":"product_cat","embeddable":true,"href":"https:\/\/www.largepillow.com\/pl\/wp-json\/wp\/v2\/product_cat?post=3369"},{"taxonomy":"product_tag","embeddable":true,"href":"https:\/\/www.largepillow.com\/pl\/wp-json\/wp\/v2\/product_tag?post=3369"}],"curies":[{"name":"wp","href":"https:\/\/api.w.org\/{rel}","templated":true}]}}