{"id":3388,"date":"2024-07-23T01:37:07","date_gmt":"2024-07-23T01:37:07","guid":{"rendered":"https:\/\/www.largepillow.com\/product\/portable-neck-pillow-clothes-stuffable-ideal-for-trips"},"modified":"2025-04-02T07:09:22","modified_gmt":"2025-04-02T07:09:22","slug":"przenosna-poduszka-pod-kark-ktora-mozna-wypchac-idealna-na-wycieczki","status":"publish","type":"product","link":"https:\/\/www.largepillow.com\/pl\/product\/portable-neck-pillow-clothes-stuffable-ideal-for-trips\/","title":{"rendered":"Przeno\u015bna poduszka pod szyj\u0119, kt\u00f3r\u0105 mo\u017cna wypcha\u0107 ubraniami, idealna na wycieczki"},"content":{"rendered":"[zc_getpagecontent mb=&#8221;mb_aplus&#8221; apid=&#8221;75&#8243;]\n","protected":false},"excerpt":{"rendered":"<ul>\n<li><strong>Brak dodatkowych op\u0142at za baga\u017c:<\/strong> Nasze wypchane poduszki podr\u00f3\u017cne na szyj\u0119 s\u0105 przeznaczone do przenoszenia przedmiot\u00f3w, kt\u00f3re nie mieszcz\u0105 si\u0119 w baga\u017cu podr\u0119cznym lub osobistym, bez konieczno\u015bci p\u0142acenia dodatkowych op\u0142at za baga\u017c rejestrowany w wysoko\u015bci do $70. Nasz wszechstronny towarzysz podr\u00f3\u017cy pozwala unikn\u0105\u0107 tych kosztownych op\u0142at za baga\u017c. Zapakuj ubrania i inne niezb\u0119dne rzeczy na maksymalnie 3 dni w t\u0119 wypchan\u0105 poduszk\u0119 pod szyj\u0119 i nigdy wi\u0119cej nie martw si\u0119 o op\u0142aty za nadbaga\u017c.<\/li>\n<li><strong>Wygodny materia\u0142:<\/strong>\u00a0Mamy dla Ciebie przytulny i najwy\u017cszej jako\u015bci materia\u0142. podr\u00f3\u017cna poduszka na szyj\u0119 wykonana jest z g\u0105bczastej tkaniny kompozytowej, zapewnia wygodny dotyk i b\u0142ogie wra\u017cenia z podr\u00f3\u017cy. Mo\u017cesz cieszy\u0107 si\u0119 wygodnym podparciem szyi i l\u0119d\u017awi w samolotach, podr\u00f3\u017cach samochodem, poci\u0105gach, a nawet stanowi\u0107 por\u0119czn\u0105 torb\u0119 na rowery i motocykle!<\/li>\n<li><strong>Wszechstronno\u015b\u0107 i oszcz\u0119dno\u015b\u0107 miejsca:<\/strong> nasza wypchana poduszka podr\u00f3\u017cna jest wyposa\u017cona w regulowany pasek, kt\u00f3ry mo\u017cna nosi\u0107 na ramieniu lub na szyi. Niezale\u017cnie od tego, czy wybierasz si\u0119 na weekend, wypraw\u0119 na kemping czy niedrog\u0105 podr\u00f3\u017c samolotem, nasza poduszka podr\u00f3\u017cna z regulowan\u0105 szyj\u0105 rozmiar i dodatkowy pasek na rami\u0119 u\u0142atwiaj\u0105 pakowanie, jednocze\u015bnie maksymalizuj\u0105c przestrze\u0144 baga\u017cow\u0105.<\/li>\n<li><strong>Konstrukcja samonape\u0142niaj\u0105ca si\u0119:<\/strong> nasze wypchane poduszki pod szyj\u0119 do podr\u00f3\u017cy s\u0105 wyposa\u017cone w ukryte boczne zamki b\u0142yskawiczne, a otw\u00f3r do nape\u0142niania jest na tyle szeroki, \u017ce mo\u017cesz wype\u0142ni\u0107 go ubraniami, aby zmaksymalizowa\u0107 przestrze\u0144 baga\u017cow\u0105, a poduszka nie zajmie zbyt du\u017co miejsca, dzi\u0119ki czemu \u0142atwo i schludnie uporz\u0105dkujesz rzeczy ubrania do podr\u00f3\u017cnych poduszek na szyj\u0119. Gdy nie s\u0105 u\u017cywane, mo\u017cna je r\u00f3wnie\u017c z\u0142o\u017cy\u0107 w p\u0142ask\u0105 torebk\u0119, kt\u00f3r\u0105 mo\u017cna umie\u015bci\u0107 w torebce, plecaku, a nawet kieszeni.<\/li>\n<li><strong>Niezb\u0119dne elementy podr\u00f3\u017cy:<\/strong> Wszystko dla wygody i komfortu, wypchana poduszka podr\u00f3\u017cna jest dostosowana do r\u00f3\u017cnych podr\u00f3\u017cy, niezale\u017cnie od tego, czy jest to spontaniczna weekendowa ucieczka, wci\u0105gaj\u0105ca wyprawa na kemping, orze\u017awiaj\u0105ce w\u0119dr\u00f3wki czy niedrogie podr\u00f3\u017ce lotnicze. nasza poduszka podr\u00f3\u017cna na szyj\u0119 mo\u017ce spe\u0142ni\u0107 Twoje potrzeby i jest najlepsz\u0105 poduszk\u0105 podr\u00f3\u017cn\u0105 dla podr\u00f3\u017cnych.<\/li>\n<\/ul>","protected":false},"featured_media":3380,"comment_status":"open","ping_status":"closed","template":"","meta":[],"product_brand":[],"product_cat":[228],"product_tag":[],"class_list":{"0":"post-3388","1":"product","2":"type-product","3":"status-publish","4":"has-post-thumbnail","6":"product_cat-cushions","8":"first","9":"instock","10":"shipping-taxable","11":"purchasable","12":"product-type-simple"},"_links":{"self":[{"href":"https:\/\/www.largepillow.com\/pl\/wp-json\/wp\/v2\/product\/3388","targetHints":{"allow":["GET"]}}],"collection":[{"href":"https:\/\/www.largepillow.com\/pl\/wp-json\/wp\/v2\/product"}],"about":[{"href":"https:\/\/www.largepillow.com\/pl\/wp-json\/wp\/v2\/types\/product"}],"replies":[{"embeddable":true,"href":"https:\/\/www.largepillow.com\/pl\/wp-json\/wp\/v2\/comments?post=3388"}],"wp:featuredmedia":[{"embeddable":true,"href":"https:\/\/www.largepillow.com\/pl\/wp-json\/wp\/v2\/media\/3380"}],"wp:attachment":[{"href":"https:\/\/www.largepillow.com\/pl\/wp-json\/wp\/v2\/media?parent=3388"}],"wp:term":[{"taxonomy":"product_brand","embeddable":true,"href":"https:\/\/www.largepillow.com\/pl\/wp-json\/wp\/v2\/product_brand?post=3388"},{"taxonomy":"product_cat","embeddable":true,"href":"https:\/\/www.largepillow.com\/pl\/wp-json\/wp\/v2\/product_cat?post=3388"},{"taxonomy":"product_tag","embeddable":true,"href":"https:\/\/www.largepillow.com\/pl\/wp-json\/wp\/v2\/product_tag?post=3388"}],"curies":[{"name":"wp","href":"https:\/\/api.w.org\/{rel}","templated":true}]}}