{"id":3437,"date":"2024-07-25T02:20:33","date_gmt":"2024-07-25T02:20:33","guid":{"rendered":"https:\/\/www.largepillow.com\/product\/adjustable-floor-sofa-bed-multi-piece-folding-recliner"},"modified":"2024-10-03T16:31:25","modified_gmt":"2024-10-03T16:31:25","slug":"regulowana-rozkladana-sofa-podlogowa-skladana-wieloczesciowa","status":"publish","type":"product","link":"https:\/\/www.largepillow.com\/pl\/product\/adjustable-floor-sofa-bed-multi-piece-folding-recliner\/","title":{"rendered":"Regulowana rozk\u0142adana sofa pod\u0142ogowa, wielocz\u0119\u015bciowy sk\u0142adany fotel rozk\u0142adany"},"content":{"rendered":"[zc_getpagecontent mb=&#8221;mb_aplus&#8221; apid=&#8221;81&#8243;]\n","protected":false},"excerpt":{"rendered":"<ul>\n<li><strong>Komfort i wsparcie:<\/strong> Nowo ulepszona, sk\u0142adana sofa do spania ma warstwow\u0105 struktur\u0119 wype\u0142nion\u0105 g\u0105bk\u0105 i w\u0142\u00f3knem poliestrowym. Rozk\u0142adana sofa jest wyj\u0105tkowo wype\u0142niona puszystym w\u0142\u00f3knem poliestrowym, co zapewnia wygod\u0119 i brak zm\u0119czenia podczas le\u017cenia i relaksu. Dolna cz\u0119\u015b\u0107 rozk\u0142adanej sofy sypialnej wype\u0142niona jest g\u0105bk\u0105 o du\u017cej g\u0119sto\u015bci, zapewniaj\u0105c\u0105 solidne podparcie, kt\u00f3re nie zapadnie si\u0119 nawet po d\u0142ugim siedzeniu.<\/li>\n<li><strong>Wszechstronna i oszcz\u0119dzaj\u0105ca miejsce konstrukcja:<\/strong> Nasza sk\u0142adana sofa z \u0142atwo\u015bci\u0105 przekszta\u0142ca si\u0119 w sof\u0119 pod\u0142ogow\u0105, rozk\u0142adane fotele i materace, spe\u0142niaj\u0105c Twoje r\u00f3\u017cnorodne potrzeby. Lekka i sk\u0142adana sofa umo\u017cliwia \u0142atwe przenoszenie, sk\u0142adanie, przechowywanie i transport. Jest to idealny wyb\u00f3r do ma\u0142ych mieszka\u0144, akademik\u00f3w lub innych pomieszcze\u0144 mieszkalnych z ograniczon\u0105 ilo\u015bci\u0105 miejsca.<\/li>\n<li><strong>Regulowane i bezpieczne oparcie:<\/strong> Konstrukcja klamry po obu stronach rozk\u0142adanej sofy pod\u0142ogowej zapewnia pewne przymocowanie oparcia do poduszki siedziska. W przypadku u\u017cywania jako \u0142\u00f3\u017cko poduszk\u0119 oparcia mo\u017cna \u0142atwo przekszta\u0142ci\u0107 w zag\u0142\u00f3wek, zapewniaj\u0105c optymalne podparcie. Jako oparcie zapewnia doskona\u0142e podparcie odcinka l\u0119d\u017awiowego.<\/li>\n<li><strong>Wysokiej jako\u015bci materia\u0142y i \u0142atwa konserwacja:<\/strong> Zewn\u0119trzne pokrycie rozk\u0142adanej sofy do spania wykonane jest z mieszanki kr\u00f3tkiego pluszu i tkaniny Oxford. Miejsca stykaj\u0105ce si\u0119 z cia\u0142em wykonane s\u0105 z niezwykle mi\u0119kkiego aksamitu, zapewniaj\u0105cego d\u0142ugotrwa\u0142y komfort. Zdejmowany pokrowiec na zamek b\u0142yskawiczny jest \u0142atwy do czyszczenia i prania, co upraszcza konserwacj\u0119 i konserwacj\u0119.<\/li>\n<li><strong>Opakowanie sprasowane pr\u00f3\u017cniowo:<\/strong> Aby zapewni\u0107 bezpieczny i sprawny transport, nasza rozk\u0142adana sofa pod\u0142ogowa dostarczana jest w stanie zapakowanym pr\u00f3\u017cniowo, co po otwarciu mo\u017ce spowodowa\u0107 lekkie odkszta\u0142cenia. Mo\u017cesz jednak mie\u0107 pewno\u015b\u0107, \u017ce rozk\u0142adana sofa powr\u00f3ci do swojego pierwotnego kszta\u0142tu w ci\u0105gu 24-72 godzin po rozpakowaniu, zapewniaj\u0105c najlepsze wra\u017cenia.<\/li>\n<\/ul>","protected":false},"featured_media":3427,"comment_status":"open","ping_status":"closed","template":"","meta":[],"product_brand":[],"product_cat":[228],"product_tag":[],"class_list":{"0":"post-3437","1":"product","2":"type-product","3":"status-publish","4":"has-post-thumbnail","6":"product_cat-cushions","8":"first","9":"outofstock","10":"shipping-taxable","11":"purchasable","12":"product-type-simple"},"_links":{"self":[{"href":"https:\/\/www.largepillow.com\/pl\/wp-json\/wp\/v2\/product\/3437","targetHints":{"allow":["GET"]}}],"collection":[{"href":"https:\/\/www.largepillow.com\/pl\/wp-json\/wp\/v2\/product"}],"about":[{"href":"https:\/\/www.largepillow.com\/pl\/wp-json\/wp\/v2\/types\/product"}],"replies":[{"embeddable":true,"href":"https:\/\/www.largepillow.com\/pl\/wp-json\/wp\/v2\/comments?post=3437"}],"wp:featuredmedia":[{"embeddable":true,"href":"https:\/\/www.largepillow.com\/pl\/wp-json\/wp\/v2\/media\/3427"}],"wp:attachment":[{"href":"https:\/\/www.largepillow.com\/pl\/wp-json\/wp\/v2\/media?parent=3437"}],"wp:term":[{"taxonomy":"product_brand","embeddable":true,"href":"https:\/\/www.largepillow.com\/pl\/wp-json\/wp\/v2\/product_brand?post=3437"},{"taxonomy":"product_cat","embeddable":true,"href":"https:\/\/www.largepillow.com\/pl\/wp-json\/wp\/v2\/product_cat?post=3437"},{"taxonomy":"product_tag","embeddable":true,"href":"https:\/\/www.largepillow.com\/pl\/wp-json\/wp\/v2\/product_tag?post=3437"}],"curies":[{"name":"wp","href":"https:\/\/api.w.org\/{rel}","templated":true}]}}