{"id":3555,"date":"2024-07-25T04:27:49","date_gmt":"2024-07-25T04:27:49","guid":{"rendered":"https:\/\/www.largepillow.com\/product\/modern-fluffy-cat-small-dog-bed-with-washable-cover"},"modified":"2025-07-15T08:12:33","modified_gmt":"2025-07-15T08:12:33","slug":"nowoczesne-puszyste-legowisko-dla-malego-psa-i-kota-ze-zmywalnym-pokrowcem","status":"publish","type":"product","link":"https:\/\/www.largepillow.com\/pl\/product\/modern-fluffy-cat-small-dog-bed-with-washable-cover\/","title":{"rendered":"Nowoczesne puszyste legowisko dla kota i ma\u0142ego psa ze zmywalnym pokrowcem"},"content":{"rendered":"[zc_getpagecontent mb=&#8221;mb_aplus&#8221; apid=&#8221;61&#8243;]\n","protected":false},"excerpt":{"rendered":"<ul>\n<li>Unikalny projekt: nowoczesna sofa dla zwierz\u0105t, niezb\u0119dny wyb\u00f3r mebli dla zwierz\u0105t i stylowy akcent dla Twojego domu. Modny design i delikatne kolory doskonale uzupe\u0142niaj\u0105 ka\u017cdy wystr\u00f3j domu.<\/li>\n<li>Materia\u0142y najwy\u017cszej jako\u015bci: zalety aksamitu z ziaren kukurydzy \u2013 oddychaj\u0105cy, mi\u0119kki, wygodny i trwa\u0142y. Wype\u0142nione bawe\u0142n\u0105 PP, tworz\u0105ce puszyste legowisko dla psa. Antypo\u015blizgowa konstrukcja spodu zapobiega ruchom.<\/li>\n<li>\u0141atwo zdejmowany do czyszczenia: sp\u00f3d ma zamek b\u0142yskawiczny, dzi\u0119ki czemu mo\u017cna go bardzo \u0142atwo zdj\u0105\u0107 i wyczy\u015bci\u0107. Mo\u017cna go pra\u0107 bezpo\u015brednio w pralce, co zapewnia bezproblemowe czyszczenie. Wewn\u0119trzne wype\u0142nienie legowiska dla psa typu fasola jest podzielone na 2 wyjmowane cz\u0119\u015bci, dzi\u0119ki czemu pokrycie mo\u017cna \u0142atwo wypra\u0107. Monta\u017c jest r\u00f3wnie\u017c prosty, dost\u0119pny jest film przedstawiaj\u0105cy monta\u017c.<\/li>\n<li>Pasuje do wielu zwierz\u0105t: niezale\u017cnie od tego, czy masz ma\u0142ego psa, zabawnego kota, czy nawet kr\u00f3liczka, nasza kanapa dla kota jest odpowiednia dla zwierz\u0105t poni\u017cej 30 funt\u00f3w. Dzi\u0119ki przestronnemu miejscu do odpoczynku i solidnej konstrukcji mo\u017ce wygodnie utrzyma\u0107 ci\u0119\u017car zwierz\u0119cia, zapewniaj\u0105c jednocze\u015bnie przytulne miejsce do odpoczynku.<\/li>\n<li>Zastosowanie przez ca\u0142y sezon: Fotel dla kota uwzgl\u0119dnia r\u00f3\u017cne potrzeby sezonowe, aby zawsze zapewni\u0107 Twojemu zwierzakowi najlepsze warunki do spania, niezale\u017cnie od tego, czy s\u0105 to mro\u017ane zimowe dni, czy ciep\u0142e lata \u2013 nadaje si\u0119 do u\u017cytku przez ca\u0142y rok. Nasze legowisko dla psa jest zapakowane pr\u00f3\u017cniowo w pude\u0142ku. Przed u\u017cyciem nale\u017cy ca\u0142kowicie spulchni\u0107 pos\u0142anie Squishmallow dla kota, uderzaj\u0105c je, a po u\u017cyciu odczeka\u0107 48 godzin, zanim powr\u00f3ci do pierwotnego kszta\u0142tu poprzez delikatne potrz\u0105sanie.<\/li>\n<\/ul>","protected":false},"featured_media":3542,"comment_status":"open","ping_status":"closed","template":"","meta":[],"product_brand":[],"product_cat":[227],"product_tag":[],"class_list":{"0":"post-3555","1":"product","2":"type-product","3":"status-publish","4":"has-post-thumbnail","6":"product_cat-pet-supplies","8":"first","9":"instock","10":"shipping-taxable","11":"purchasable","12":"product-type-simple"},"_links":{"self":[{"href":"https:\/\/www.largepillow.com\/pl\/wp-json\/wp\/v2\/product\/3555","targetHints":{"allow":["GET"]}}],"collection":[{"href":"https:\/\/www.largepillow.com\/pl\/wp-json\/wp\/v2\/product"}],"about":[{"href":"https:\/\/www.largepillow.com\/pl\/wp-json\/wp\/v2\/types\/product"}],"replies":[{"embeddable":true,"href":"https:\/\/www.largepillow.com\/pl\/wp-json\/wp\/v2\/comments?post=3555"}],"wp:featuredmedia":[{"embeddable":true,"href":"https:\/\/www.largepillow.com\/pl\/wp-json\/wp\/v2\/media\/3542"}],"wp:attachment":[{"href":"https:\/\/www.largepillow.com\/pl\/wp-json\/wp\/v2\/media?parent=3555"}],"wp:term":[{"taxonomy":"product_brand","embeddable":true,"href":"https:\/\/www.largepillow.com\/pl\/wp-json\/wp\/v2\/product_brand?post=3555"},{"taxonomy":"product_cat","embeddable":true,"href":"https:\/\/www.largepillow.com\/pl\/wp-json\/wp\/v2\/product_cat?post=3555"},{"taxonomy":"product_tag","embeddable":true,"href":"https:\/\/www.largepillow.com\/pl\/wp-json\/wp\/v2\/product_tag?post=3555"}],"curies":[{"name":"wp","href":"https:\/\/api.w.org\/{rel}","templated":true}]}}