{"id":3563,"date":"2024-07-25T05:38:21","date_gmt":"2024-07-25T05:38:21","guid":{"rendered":"https:\/\/www.largepillow.com\/product\/self-supporting-wedge-backrest-cushion-for-reading"},"modified":"2025-04-20T21:59:31","modified_gmt":"2025-04-20T21:59:31","slug":"samonosna-poduszka-klinowa-do-czytania","status":"publish","type":"product","link":"https:\/\/www.largepillow.com\/pl\/product\/self-supporting-wedge-backrest-cushion-for-reading","title":{"rendered":"Samono\u015bna poduszka klinowa do czytania"},"content":{"rendered":"[zc_getpagecontent mb=&#8221;mb_aplus&#8221; apid=&#8221;58&#8243;]\n","protected":false},"excerpt":{"rendered":"<ul>\n<li>Materia\u0142 wysokiej jako\u015bci: samono\u015bna poduszka oparcia sk\u0142ada si\u0119 z podp\u00f3rki w kszta\u0142cie klina i poduszki oparcia, kt\u00f3re s\u0105 wykonane z g\u0105bki i poduszki wype\u0142nionej bawe\u0142n\u0105 PP, po\u015brodku po\u0142\u0105czenia z zamkiem b\u0142yskawicznym, sp\u00f3d z g\u0105bki jest antypo\u015blizgowy, aby zwi\u0119kszy\u0107 op\u00f3r , poduszka nie wymaga dodatkowego wsparcia, mo\u017cna j\u0105 postawi\u0107, opieraj\u0105c si\u0119 na poduszce klinowej, wi\u0119ksza si\u0142a jest bardziej stabilna i relaksuj\u0105ca<\/li>\n<li>Szczeg\u00f3\u0142y dotycz\u0105ce rozmiaru: poduszka do czytania ma wymiary 75 \u00d7 58 \u00d7 55 cm szeroko\u015bci i wysoko\u015bci, dzi\u0119ki czemu zapewnia mocne podparcie plec\u00f3w. Krzywa g\u0105bki wspieraj\u0105ca kr\u0119gos\u0142up, poduszka z bawe\u0142ny PP dopasowuje si\u0119 do cia\u0142a, gdy opierasz si\u0119 na oparciu, kszta\u0142t obu stron do wewn\u0105trz jak du\u017cy u\u015bcisk, wszechstronne podparcie plec\u00f3w, wspieraj\u0105ce, mi\u0119kkie i wygodne<\/li>\n<li>Ergonomiczna konstrukcja: oparcie poduszki na sof\u0119 nocn\u0105 zosta\u0142o specjalnie zaprojektowane, aby na\u015bladowa\u0107 naturaln\u0105 krzywizn\u0119 ludzkiego kr\u0119gos\u0142upa, zapewniaj\u0105c wystarczaj\u0105ce wsparcie i relaks przez d\u0142ugie godziny siedzenia lub le\u017cenia. Po\u017cegnaj dyskomfort plec\u00f3w i szyi dzi\u0119ki naszym wspieraj\u0105cym i wygodnym poduszkom do czytania dla doros\u0142ych, kt\u00f3rzy siedz\u0105 w \u0142\u00f3\u017cku<\/li>\n<li>Konstrukcja samono\u015bna: Samono\u015bna poduszka tr\u00f3jk\u0105tna ma doln\u0105 cz\u0119\u015b\u0107 w kszta\u0142cie klina z antypo\u015blizgowym spodem zapewniaj\u0105cym dodatkow\u0105 odporno\u015b\u0107. Poduszka tr\u00f3jk\u0105tna nie musi opiera\u0107 si\u0119 o \u015bcian\u0119, aby zapewni\u0107 stabilne podparcie, a im bardziej si\u0119 o ni\u0105 oprzesz, tym poduszka b\u0119dzie stabilniejsza. Samono\u015bne poduszki tr\u00f3jk\u0105tne mo\u017cna stosowa\u0107 na sofach, \u0142\u00f3\u017ckach i pod\u0142ogach, nie ograniczaj\u0105c scenariuszy, czyni\u0105c je bardziej elastycznymi.<\/li>\n<li>Wszechstronne zastosowanie: oparcie poduszki na sof\u0119 nocn\u0105 s\u0142u\u017cy nie tylko do \u0142\u00f3\u017cek. Mo\u017cna go stosowa\u0107 na sofach i na pod\u0142odze. Zapewnia doskona\u0142e wsparcie szyi, plec\u00f3w oraz talii i bioder, dzi\u0119ki czemu jest idealnym dodatkiem do wszystkich zaj\u0119\u0107 rekreacyjnych. Ta poduszka klinowa z zag\u0142\u00f3wkiem b\u0119dzie \u015bwietnym prezentem dla zakochanych, przyjaci\u00f3\u0142 i rodzic\u00f3w na wszystkich festiwalach<\/li>\n<\/ul>","protected":false},"featured_media":3556,"comment_status":"open","ping_status":"closed","template":"","meta":[],"product_brand":[],"product_cat":[228],"product_tag":[],"class_list":{"0":"post-3563","1":"product","2":"type-product","3":"status-publish","4":"has-post-thumbnail","6":"product_cat-cushions","8":"first","9":"outofstock","10":"shipping-taxable","11":"purchasable","12":"product-type-simple"},"_links":{"self":[{"href":"https:\/\/www.largepillow.com\/pl\/wp-json\/wp\/v2\/product\/3563","targetHints":{"allow":["GET"]}}],"collection":[{"href":"https:\/\/www.largepillow.com\/pl\/wp-json\/wp\/v2\/product"}],"about":[{"href":"https:\/\/www.largepillow.com\/pl\/wp-json\/wp\/v2\/types\/product"}],"replies":[{"embeddable":true,"href":"https:\/\/www.largepillow.com\/pl\/wp-json\/wp\/v2\/comments?post=3563"}],"wp:featuredmedia":[{"embeddable":true,"href":"https:\/\/www.largepillow.com\/pl\/wp-json\/wp\/v2\/media\/3556"}],"wp:attachment":[{"href":"https:\/\/www.largepillow.com\/pl\/wp-json\/wp\/v2\/media?parent=3563"}],"wp:term":[{"taxonomy":"product_brand","embeddable":true,"href":"https:\/\/www.largepillow.com\/pl\/wp-json\/wp\/v2\/product_brand?post=3563"},{"taxonomy":"product_cat","embeddable":true,"href":"https:\/\/www.largepillow.com\/pl\/wp-json\/wp\/v2\/product_cat?post=3563"},{"taxonomy":"product_tag","embeddable":true,"href":"https:\/\/www.largepillow.com\/pl\/wp-json\/wp\/v2\/product_tag?post=3563"}],"curies":[{"name":"wp","href":"https:\/\/api.w.org\/{rel}","templated":true}]}}