{"id":374,"date":"2022-09-15T22:39:47","date_gmt":"2022-09-15T22:39:47","guid":{"rendered":"https:\/\/www.largepillow.com\/product\/big-pillows-for-bed-headboard"},"modified":"2025-12-17T13:30:39","modified_gmt":"2025-12-17T13:30:39","slug":"poduszka-oparcie","status":"publish","type":"product","link":"https:\/\/www.largepillow.com\/pl\/product\/backrest-pillow","title":{"rendered":"Poduszka oparcia"},"content":{"rendered":"<p>Odkryj najwy\u017cszy komfort dzi\u0119ki poduszce oparcia<\/p>\n<p>Masz do\u015b\u0107 trudno\u015bci z usadowieniem si\u0119 wygodnie w \u0142\u00f3\u017cku podczas czytania lub ogl\u0105dania telewizji? Przedstawiamy poduszk\u0119 oparcia \u2013 poduszk\u0119 w kszta\u0142cie tr\u00f3jk\u0105ta, kt\u00f3ra przenosi relaks przed snem na nowy poziom. <\/p>\n<p>Dzi\u0119ki ergonomicznej konstrukcji poduszka zag\u0142\u00f3wka idealnie dopasowuje si\u0119 do plec\u00f3w i talii, zapewniaj\u0105c dopasowane podparcie l\u0119d\u017awiowe i minimalizuj\u0105c obci\u0105\u017cenie plec\u00f3w. Wype\u0142nienie z poliestru o du\u017cej g\u0119sto\u015bci ma struktur\u0119 zapobiegaj\u0105c\u0105 sp\u0142aszczaniu si\u0119 z biegiem czasu, a aksamitna pow\u0142oka z poliestru 100% jest mi\u0119kka i luksusowa w dotyku.<\/p>\n<p>Ale nie wierz nam tylko na s\u0142owo. Oto, co m\u00f3wi\u0105 entuzjastyczni klienci:<\/p>\n<p>\u201eTa poduszka jest dla mnie ratunkiem jako \u017car\u0142ocznej czytelniczki w nocy. Mog\u0119 godzinami siedzie\u0107 prosto w \u0142\u00f3\u017cku i nie odczuwam b\u00f3lu plec\u00f3w.<\/p>\n<p>\u201eUwielbiam u\u017cywa\u0107 tej ogromnej poduszki, aby si\u0119 podeprze\u0107 podczas wieczor\u00f3w filmowych z moim partnerem. Jest wystarczaj\u0105co szeroki, aby wygodnie pomie\u015bci\u0107 nas oboje. <\/p>\n<p>\u201eTr\u00f3jk\u0105tny kszta\u0142t idealnie pasuje do mojego cia\u0142a. Nie budz\u0119 si\u0119 ju\u017c ze sztywnym karkiem, gdy zasypiam na podparciu.\u201d<\/p>\n<p>Dzi\u0119ki rozmiarom od 45 cm do przestronnych 200 cm poduszka oparcia jest opcj\u0105 dla ka\u017cdego u\u017cytkownika. Poszewk\u0119 na poduszk\u0119 mo\u017cna rozpi\u0105\u0107 i pra\u0107 w pralce, co u\u0142atwia czyszczenie i konserwacj\u0119. <\/p>\n<p>Daj odpocz\u0105\u0107 swoim plecom, a czas relaksu ulepsz dzi\u0119ki poduszce oparcia. Tw\u00f3j komfort czeka!<\/p>","protected":false},"excerpt":{"rendered":"<ul>\n<li><strong>Najwy\u017cszy komfort:<\/strong> Ta poduszka zag\u0142\u00f3wkowa zapewnia doskona\u0142y komfort dzi\u0119ki tr\u00f3jk\u0105tnemu kszta\u0142towi. Poduszka podtrzymuj\u0105ca \u0142\u00f3\u017cko dobrze dopasowuje si\u0119 do plec\u00f3w i talii, minimalizuj\u0105c nacisk na odcinek l\u0119d\u017awiowy\/plecy. Ta klinowa poduszka do czytania pomo\u017ce Ci zachowa\u0107 spok\u00f3j w \u0142\u00f3\u017cku lub na sofie, co jest idealne dla pracuj\u0105cych nocnych mark\u00f3w, moli ksi\u0105\u017ckowych i ogl\u0105dania telewizji w \u0142\u00f3\u017cku. Ta wyj\u0105tkowo du\u017ca poduszka z wa\u0142kiem jest jedyn\u0105 poduszk\u0105 klinow\u0105, kt\u00f3ra mo\u017ce pomie\u015bci\u0107 dwie osoby.<\/li>\n<li><strong>Du\u017ca poduszka 3 w 1:<\/strong> Mo\u017cesz u\u017cywa\u0107 poduszki w pozycji pionowej jako poduszki podpieraj\u0105cej plecy do zag\u0142\u00f3wka podczas siedzenia w \u0142\u00f3\u017cku lub po\u0142o\u017cy\u0107 j\u0105 p\u0142asko na \u0142\u00f3\u017cku, aby u\u017cywa\u0107 jej jako du\u017cej poduszki klinowej podczas snu na plecach lub boku, lub jako poduszki na nogi, aby unie\u015b\u0107 nogi. Je\u015bli potrzebujesz du\u017cej poduszki wezg\u0142owia, kt\u00f3ra zapewni wsparcie zar\u00f3wno Tobie, jak i Twojemu wsp\u00f3\u0142ma\u0142\u017conkowi. To doskona\u0142a alternatywa.<\/li>\n<li><strong>Wielofunkcyjny projekt:<\/strong> Niekt\u00f3rzy u\u017cywaj\u0105 du\u017cej poduszki tr\u00f3jk\u0105tnej jako poduszki zag\u0142\u00f3wka, podczas gdy inni u\u017cywaj\u0105 jej jako poduszki zabezpieczaj\u0105cej, mo\u017ce to by\u0107 r\u00f3wnie\u017c poduszka wspieraj\u0105ca oparcie kanapy lub kanapy. Jest stylowy i funkcjonalny, co czyni go doskona\u0142ym dodatkiem do ka\u017cdej sypialni.<\/li>\n<li><strong>Doskona\u0142e rzemios\u0142o:<\/strong> Poszewk\u0119 na poduszk\u0119 wykonali\u015bmy z aksamitu poliestrowego 100%, kt\u00f3ry jest mi\u0119kki, elegancki i wygodny w dotyku. Wy\u015bci\u00f3\u0142ka wykonana jest z wysokiej jako\u015bci w\u0142\u00f3kien poliestrowych o du\u017cej g\u0119sto\u015bci, kt\u00f3re zapobiegaj\u0105 zwiotczeniu nawet po miesi\u0105cach u\u017cytkowania. Dodatkowo ma boczne kieszenie, w kt\u00f3rych mo\u017cesz przechowywa\u0107 ksi\u0105\u017ck\u0119 lub telefon.<\/li>\n<li><strong>\u0141atwe do czyszczenia:<\/strong> Pokrowiec na poduszk\u0119 do czytania mocuje si\u0119 do poduszki za pomoc\u0105 guzik\u00f3w i mo\u017cna go \u0142atwo zdj\u0105\u0107 za pomoc\u0105 prostego zamka b\u0142yskawicznego. Dzi\u0119ki temu jego czyszczenie nie sprawia \u017cadnych problem\u00f3w. Wystarczy zdj\u0105\u0107 poszewk\u0119 i szybko wypra\u0107 poduszk\u0119 w pralce, a poduszka b\u0119dzie wygl\u0105da\u0107 jak nowa.<\/li>\n<li><strong>Rozmiar:<\/strong> 45 cm (d\u0142. 45 x szer. 20 x wys. 50 | 0 przycisk\u00f3w), 60 cm (d\u0142. 60 x szer. 20 x wys. 50 | 0 przycisk\u00f3w), 80 cm (d\u0142. 80 x szer. 20 x wys. 50 | 2 przyciski), 100 cm (d\u0142. 100 x szer. 20 x wys. 50 | 3 przyciski), 120 cm ( D\u0142. 120 x szer. 20 x wys. 50 | 4 przyciski), 140 cm (d\u0142. 140 x szer. 20 x wys. 50 | 4 przyciski), 160 cm (d\u0142. 160 x szer. 20 x wys. 50 | 5 przycisk\u00f3w), 180 cm (d\u0142. 180 x szer. 20 x wys. 50 | 6 przycisk\u00f3w), 200 cm (d\u0142. 200 x wys. S20 x W50 | 7 przycisk\u00f3w).<\/li>\n<\/ul>","protected":false},"featured_media":357,"comment_status":"open","ping_status":"closed","template":"","meta":[],"product_brand":[],"product_cat":[15],"product_tag":[66,60,215,216,201,132,112,143,182,120],"class_list":{"0":"post-374","1":"product","2":"type-product","3":"status-publish","4":"has-post-thumbnail","6":"product_cat-large-wedge-pillow","7":"product_tag-back-support-pillow","8":"product_tag-backrest-pillow","9":"product_tag-couch-backrest-cushion","10":"product_tag-daybed-bolster","11":"product_tag-grey-pillow","12":"product_tag-large-bolster-pillow","13":"product_tag-lumbar-support-pillow","14":"product_tag-multifunctional-pillow","15":"product_tag-triangle-back-pillow","16":"product_tag-velvet-pillow","18":"first","19":"instock","20":"featured","21":"shipping-taxable","22":"purchasable","23":"product-type-variable"},"_links":{"self":[{"href":"https:\/\/www.largepillow.com\/pl\/wp-json\/wp\/v2\/product\/374","targetHints":{"allow":["GET"]}}],"collection":[{"href":"https:\/\/www.largepillow.com\/pl\/wp-json\/wp\/v2\/product"}],"about":[{"href":"https:\/\/www.largepillow.com\/pl\/wp-json\/wp\/v2\/types\/product"}],"replies":[{"embeddable":true,"href":"https:\/\/www.largepillow.com\/pl\/wp-json\/wp\/v2\/comments?post=374"}],"wp:featuredmedia":[{"embeddable":true,"href":"https:\/\/www.largepillow.com\/pl\/wp-json\/wp\/v2\/media\/357"}],"wp:attachment":[{"href":"https:\/\/www.largepillow.com\/pl\/wp-json\/wp\/v2\/media?parent=374"}],"wp:term":[{"taxonomy":"product_brand","embeddable":true,"href":"https:\/\/www.largepillow.com\/pl\/wp-json\/wp\/v2\/product_brand?post=374"},{"taxonomy":"product_cat","embeddable":true,"href":"https:\/\/www.largepillow.com\/pl\/wp-json\/wp\/v2\/product_cat?post=374"},{"taxonomy":"product_tag","embeddable":true,"href":"https:\/\/www.largepillow.com\/pl\/wp-json\/wp\/v2\/product_tag?post=374"}],"curies":[{"name":"wp","href":"https:\/\/api.w.org\/{rel}","templated":true}]}}