{"id":3754,"date":"2024-09-03T04:08:26","date_gmt":"2024-09-03T04:08:26","guid":{"rendered":"https:\/\/www.largepillow.com\/product\/3d-planet-throw-pillows-solar-system-decor-soft-cushion-black-moon"},"modified":"2024-10-03T16:31:34","modified_gmt":"2024-10-03T16:31:34","slug":"3d-planeta-poduszki-dekoracyjne-uklad-sloneczny-miekka-poduszka-czarny-ksiezyc","status":"publish","type":"product","link":"https:\/\/www.largepillow.com\/pl\/product\/3d-planet-throw-pillows-solar-system-decor-soft-cushion-black-moon","title":{"rendered":"Poduszki 3D Planet Throw Pillows, Dekoracja Uk\u0142adu S\u0142onecznego, Mi\u0119kka poduszka (Czarny Ksi\u0119\u017cyc)"},"content":{"rendered":"","protected":false},"excerpt":{"rendered":"<ul>\n<li><strong>Projekt o tematyce planetarnej:<\/strong>\u00a0Stw\u00f3rz wyj\u0105tkow\u0105 dekoracj\u0119 domu dzi\u0119ki tym poduszkom z motywem uk\u0142adu s\u0142onecznego przedstawiaj\u0105cym S\u0142o\u0144ce, Ziemi\u0119, Ksi\u0119\u017cyc, Wenus, Jowisza, Merkurego, Marsa, Saturna, Urana, Neptuna i Plutona. Ka\u017cda poszewka ma unikalny planetarny wz\u00f3r, daj\u0105c Ci swobod\u0119 mieszania i dopasowywania, aby uzyska\u0107 spersonalizowany wygl\u0105d.<\/li>\n<li><strong>Praktyczna poduszka pod\u0142ogowa:<\/strong> Te poduszki planetarne mog\u0105 by\u0107 u\u017cywane jako uniwersalne rekwizyty w studiu fotograficznym lub jako wygodne poduszki pod\u0142ogowe, poduszki dekoracyjne, poduszki na kanap\u0119, poduszki klinowe i poduszki na sof\u0119 do dekoracji domu, ogrodu i przedszkola. Oferuj\u0105 wygodn\u0105 poduszk\u0119 pod g\u0142ow\u0119 lub plecy podczas relaksu i odpoczynku, dzi\u0119ki czemu idealnie nadaj\u0105 si\u0119 jako dekoracyjny akcent lub dodatkowe siedzisko. S\u0105 r\u00f3wnie\u017c \u015bwietne do jogi lub medytacji.<\/li>\n<li><strong>Dekoracyjna poduszka pod\u0142ogowa:<\/strong> Te poduszki planetarne s\u0105 idealne, aby doda\u0107 odrobin\u0119 elegancji i komfortu do sypialni, salonu lub dowolnej innej przestrzeni w domu. \u017bywe kolory i wyj\u0105tkowe wzory sprawiaj\u0105, \u017ce s\u0105 tematem rozm\u00f3w, a mo\u017cna je \u0142atwo zestawia\u0107 z innymi elementami dekoracyjnymi, aby uzyska\u0107 sp\u00f3jny wygl\u0105d. Mo\u017cesz miesza\u0107 i dopasowywa\u0107 r\u00f3\u017cne style, aby stworzy\u0107 niestandardowy wystr\u00f3j o tematyce kosmicznej, kt\u00f3ry odzwierciedla Twoj\u0105 osobowo\u015b\u0107 i styl.<\/li>\n<li><strong>Jako prezent:<\/strong> Poduszka z motywem planety to doskona\u0142y prezent dla ka\u017cdego, kto kocha kosmos, astronomi\u0119 lub nauk\u0119. Jest idealna dla dzieci, nastolatk\u00f3w, student\u00f3w lub doros\u0142ych, kt\u00f3rzy chc\u0105 doda\u0107 zabawny i funkcjonalny przedmiot do swojego pokoju. Mo\u017cesz j\u0105 r\u00f3wnie\u017c podarowa\u0107 na specjalne okazje, takie jak urodziny, Bo\u017ce Narodzenie lub uko\u0144czenie szko\u0142y.<\/li>\n<li><strong>Instrukcje prania:<\/strong> Poduszka planet jest wykonana z wysokiej jako\u015bci grubej tkaniny Velvet, co zapewnia trwa\u0142o\u015b\u0107 i jako\u015b\u0107. Posiada zamek b\u0142yskawiczny u\u0142atwiaj\u0105cy czyszczenie, dzi\u0119ki czemu konserwacja jest dziecinnie prosta. Wype\u0142nienie to poliester 100% zapewniaj\u0105cy wyj\u0105tkow\u0105 rozci\u0105gliwo\u015b\u0107. Pra\u0107 w pralce w zimnej wodzie, tylko w delikatnym cyklu, nie wybiela\u0107, suszy\u0107 w suszarce b\u0119bnowej na niskiej temperaturze, suszy\u0107 w suszarce b\u0119bnowej na niskiej temperaturze, je\u015bli to konieczne. Przyjazna dla sk\u00f3ry i mi\u0119kka tkanina b\u0119dzie najlepszym wyborem dla rodziny, przyjaci\u00f3\u0142 i dzieci.<\/li>\n<li><strong>Rozmiar:<\/strong>\u00a0Du\u017cy (16\u00d716 cali | 41x41 cm), \u015aredni (10\u00d710 cali | 25X25 cm)<\/li>\n<\/ul>","protected":false},"featured_media":3744,"comment_status":"open","ping_status":"closed","template":"","meta":[],"product_brand":[],"product_cat":[231],"product_tag":[],"class_list":{"0":"post-3754","1":"product","2":"type-product","3":"status-publish","4":"has-post-thumbnail","6":"product_cat-throw-pillows","8":"first","9":"instock","10":"shipping-taxable","11":"purchasable","12":"product-type-variable","13":"has-default-attributes"},"_links":{"self":[{"href":"https:\/\/www.largepillow.com\/pl\/wp-json\/wp\/v2\/product\/3754","targetHints":{"allow":["GET"]}}],"collection":[{"href":"https:\/\/www.largepillow.com\/pl\/wp-json\/wp\/v2\/product"}],"about":[{"href":"https:\/\/www.largepillow.com\/pl\/wp-json\/wp\/v2\/types\/product"}],"replies":[{"embeddable":true,"href":"https:\/\/www.largepillow.com\/pl\/wp-json\/wp\/v2\/comments?post=3754"}],"wp:featuredmedia":[{"embeddable":true,"href":"https:\/\/www.largepillow.com\/pl\/wp-json\/wp\/v2\/media\/3744"}],"wp:attachment":[{"href":"https:\/\/www.largepillow.com\/pl\/wp-json\/wp\/v2\/media?parent=3754"}],"wp:term":[{"taxonomy":"product_brand","embeddable":true,"href":"https:\/\/www.largepillow.com\/pl\/wp-json\/wp\/v2\/product_brand?post=3754"},{"taxonomy":"product_cat","embeddable":true,"href":"https:\/\/www.largepillow.com\/pl\/wp-json\/wp\/v2\/product_cat?post=3754"},{"taxonomy":"product_tag","embeddable":true,"href":"https:\/\/www.largepillow.com\/pl\/wp-json\/wp\/v2\/product_tag?post=3754"}],"curies":[{"name":"wp","href":"https:\/\/api.w.org\/{rel}","templated":true}]}}