{"id":3816,"date":"2024-09-04T02:42:30","date_gmt":"2024-09-04T02:42:30","guid":{"rendered":"https:\/\/www.largepillow.com\/product\/office-chair-back-support-ergonomic-lumbar-pillow-3d-mesh"},"modified":"2025-03-15T17:25:00","modified_gmt":"2025-03-15T17:25:00","slug":"krzeslo-biurowe-oparcie-ergonomiczna-poduszka-ledzwiowa-siatka-3d","status":"publish","type":"product","link":"https:\/\/www.largepillow.com\/pl\/product\/office-chair-back-support-ergonomic-lumbar-pillow-3d-mesh\/","title":{"rendered":"Podparcie plec\u00f3w krzes\u0142a biurowego, ergonomiczna poduszka l\u0119d\u017awiowa, siatka 3D"},"content":{"rendered":"[zc_getpagecontent mb=&#8221;mb_aplus&#8221; apid=&#8221;83&#8243;]\n","protected":false},"excerpt":{"rendered":"<ul>\n<li><strong>Jako\u015b\u0107 materia\u0142u:<\/strong> Nasza poduszka oparcia krzes\u0142a biurowego jest wykonana z tkaniny warstwowej i wype\u0142niona bawe\u0142n\u0105 PP, kt\u00f3ra jest oddychaj\u0105ca, mi\u0119kka i wygodna, gruba i pe\u0142na oraz nie\u0142atwa do odkszta\u0142cenia. Ta poduszka dobrze zapewnia cyrkulacj\u0119 powietrza, utrzymuje plecy w ch\u0142odzie i komforcie przez ca\u0142y czas oraz zapewnia dobre podparcie plec\u00f3w.<\/li>\n<li><strong>Ergonomiczna konstrukcja podparcia plec\u00f3w:<\/strong>\u00a0Poduszka podpieraj\u0105ca odcinek l\u0119d\u017awiowy kr\u0119gos\u0142upa zosta\u0142a zaprojektowana ergonomicznie, aby \u0142agodzi\u0107 b\u00f3l lub napi\u0119cie g\u00f3rnej, \u015brodkowej i dolnej cz\u0119\u015bci plec\u00f3w, zapewnia\u0107 wygodne wsparcie dla zdrowej postawy siedz\u0105cej, zmniejsza\u0107 nacisk na kr\u0119gos\u0142up. Je\u015bli sp\u0119dzasz d\u0142ugi czas siedz\u0105c na krze\u015ble biurowym, fotelu do gier, biurku lub krze\u015ble komputerowym lub prowadz\u0105c samoch\u00f3d lub ci\u0119\u017car\u00f3wk\u0119, ta poduszka pod oparcie fotela samochodowego bardzo ci pomo\u017ce.<\/li>\n<li><strong>Wspiera ca\u0142y kr\u0119gos\u0142up:<\/strong> Poduszka podpieraj\u0105ca odcinek l\u0119d\u017awiowy ma wymiary 21,6\u2033x14,2\u2033 w H i W. Poszerzone i pogrubione boki ca\u0142kowicie otulaj\u0105 ca\u0142\u0105 tali\u0119 i plecy oraz podtrzymuj\u0105 po\u015bladki. Centralne wybrzuszenie idealnie dopasowuje si\u0119 do naturalnej krzywizny plec\u00f3w, zapewniaj\u0105c dodatkowe wsparcie kr\u0119gos\u0142upa. Ergonomicznie zaprojektowana poduszka podpieraj\u0105ca odcinek l\u0119d\u017awiowy skutecznie \u0142agodzi b\u00f3l plec\u00f3w i poprawia pozycj\u0119 siedz\u0105c\u0105.<\/li>\n<li><strong>Regulowana konstrukcja paska:<\/strong> Nasze ortopedyczne oparcie z regulowanym elastycznym paskiem zapewnia, \u017ce poduszki tylne pozostaj\u0105 na siedzeniu bez po\u015blizgu lub przesuwania. Nasze poduszki tylne maj\u0105 zaprojektowany \u0142uk i tr\u00f3jwymiarowy kszta\u0142t obejmuj\u0105cy tali\u0119, aby zapewni\u0107 ci\u0105g\u0142e wsparcie plec\u00f3w. Regulowany pasek umo\u017cliwia idealne dopasowanie oparcia do niemal ka\u017cdego krzes\u0142a biurowego, krzes\u0142a komputerowego, fotela, sofy, kanapy, fotela samochodowego, ci\u0119\u017car\u00f3wki, w\u00f3zka inwalidzkiego lub fotela rozk\u0142adanego.<\/li>\n<li><strong>Chro\u0144 swoje zdrowie:<\/strong> Dzi\u0119ki naszej poduszce l\u0119d\u017awiowej mo\u017cesz lepiej chroni\u0107 sw\u00f3j kr\u0119gos\u0142up, oparcie krzes\u0142a biurowego pomaga z\u0142agodzi\u0107 napi\u0119cie dolnej i \u015brodkowej cz\u0119\u015bci plec\u00f3w spowodowane d\u0142ugotrwa\u0142ym siedzeniem lub prowadzeniem samochodu. Je\u015bli cz\u0119sto odczuwasz b\u00f3l plec\u00f3w z powodu d\u0142ugiego siedzenia, zdecydowanie powiniene\u015b wypr\u00f3bowa\u0107 poduszk\u0119 pod plecy do krzes\u0142a biurowego.<\/li>\n<\/ul>","protected":false},"featured_media":3809,"comment_status":"open","ping_status":"closed","template":"","meta":[],"product_brand":[],"product_cat":[228],"product_tag":[],"class_list":{"0":"post-3816","1":"product","2":"type-product","3":"status-publish","4":"has-post-thumbnail","6":"product_cat-cushions","8":"first","9":"outofstock","10":"shipping-taxable","11":"purchasable","12":"product-type-simple"},"_links":{"self":[{"href":"https:\/\/www.largepillow.com\/pl\/wp-json\/wp\/v2\/product\/3816","targetHints":{"allow":["GET"]}}],"collection":[{"href":"https:\/\/www.largepillow.com\/pl\/wp-json\/wp\/v2\/product"}],"about":[{"href":"https:\/\/www.largepillow.com\/pl\/wp-json\/wp\/v2\/types\/product"}],"replies":[{"embeddable":true,"href":"https:\/\/www.largepillow.com\/pl\/wp-json\/wp\/v2\/comments?post=3816"}],"wp:featuredmedia":[{"embeddable":true,"href":"https:\/\/www.largepillow.com\/pl\/wp-json\/wp\/v2\/media\/3809"}],"wp:attachment":[{"href":"https:\/\/www.largepillow.com\/pl\/wp-json\/wp\/v2\/media?parent=3816"}],"wp:term":[{"taxonomy":"product_brand","embeddable":true,"href":"https:\/\/www.largepillow.com\/pl\/wp-json\/wp\/v2\/product_brand?post=3816"},{"taxonomy":"product_cat","embeddable":true,"href":"https:\/\/www.largepillow.com\/pl\/wp-json\/wp\/v2\/product_cat?post=3816"},{"taxonomy":"product_tag","embeddable":true,"href":"https:\/\/www.largepillow.com\/pl\/wp-json\/wp\/v2\/product_tag?post=3816"}],"curies":[{"name":"wp","href":"https:\/\/api.w.org\/{rel}","templated":true}]}}