{"id":3919,"date":"2024-09-05T03:12:00","date_gmt":"2024-09-05T03:12:00","guid":{"rendered":"https:\/\/www.largepillow.com\/product\/plush-reading-pillow-for-bed-sofa-dorm-with-back-support"},"modified":"2025-12-07T17:34:58","modified_gmt":"2025-12-07T17:34:58","slug":"pluszowa-poduszka-do-czytania-na-lozko-sofe-do-sypialni-z-oparciem","status":"publish","type":"product","link":"https:\/\/www.largepillow.com\/pl\/product\/plush-reading-pillow-for-bed-sofa-dorm-with-back-support\/","title":{"rendered":"Pluszowa poduszka do czytania do \u0142\u00f3\u017cka, sofy i akademika z podparciem plec\u00f3w"},"content":{"rendered":"[zc_getpagecontent mb=&#8221;mb_aplus&#8221; apid=&#8221;88&#8243;]\n","protected":false},"excerpt":{"rendered":"<ul>\n<li><strong>Sta\u0142y rozmiar:<\/strong> Poduszka na wezg\u0142owie 95 x 45 x 25 cm, podparcie cia\u0142a, poduszka na oparcie, dost\u0119pna w trzech kolorach: czarnym, \u017c\u00f3\u0142tym i bia\u0142ym. Nadruk nie blaknie. Bez guzik\u00f3w.<\/li>\n<li><strong>Ulepszenie materia\u0142u:<\/strong> (z wype\u0142nieniem pp Cotton Filler) Wykonana z ziarnistego aksamitu, mi\u0119kka i wygodna. Ta tkanina zosta\u0142a starannie wybrana ze wzgl\u0119du na jako\u015b\u0107 i u\u017cyteczno\u015b\u0107, dla dodatkowej wytrzyma\u0142o\u015bci i trwa\u0142o\u015bci. Kr\u00f3tki pluszowy materia\u0142 zwi\u0119ksza komfort sk\u00f3ry i mi\u0119kko\u015b\u0107 poduszki, dzi\u0119ki czemu jest \u015bwietn\u0105 poduszk\u0105 na oparcia cia\u0142a i dekoracje \u0142\u00f3\u017cka.<\/li>\n<li><strong>Poduszka \u015bredniej grubo\u015bci:<\/strong> \u015aredniej grubo\u015bci nie zajmuje du\u017co miejsca na \u0142\u00f3\u017cku i sofie, zapewniaj\u0105c wystarczaj\u0105co du\u017co miejsca do siedzenia. Poduszka zag\u0142\u00f3wka mo\u017ce zapewni\u0107 optymaln\u0105 wysoko\u015b\u0107 g\u00f3rnej cz\u0119\u015bci cia\u0142a, pomagaj\u0105c zapobiega\u0107 wielu problemom zdrowotnym. R\u00f3\u017cne rozmiary s\u0105 odpowiednie do r\u00f3\u017cnych scen, \u0142agodz\u0105c bezsenno\u015b\u0107 i b\u00f3le mi\u0119\u015bni szkieletowych, a tak\u017ce pomagaj\u0105c osobom starszym z \u017cylakami i mi\u0142o\u015bnikom jogi w \u0107wiczeniach rozci\u0105gaj\u0105cych.<\/li>\n<li><strong>Idealny prezent-niespodzianka:<\/strong> Poduszka zag\u0142\u00f3wka Plush Twin Size wzmacnia tr\u00f3jwymiarowe wra\u017cenie i doskonale odzwierciedla ergonomi\u0119. Idealna grubo\u015b\u0107 i wsparcie do siedzenia i czytania w \u0142\u00f3\u017cku, a tak\u017ce zapewnia wygod\u0119 podczas snu, czytania i ogl\u0105dania telewizji. \u201eDOBRE\u201d s\u0142owa, kt\u00f3re nie znikn\u0105, lepiej relaksuj\u0105 nastr\u00f3j.<\/li>\n<li><strong>Pi\u0119kna i praktyczna poduszka:<\/strong> Nasza poduszka na zag\u0142\u00f3wek to modna ozdoba domu, odpowiednia do \u0142\u00f3\u017cka, sofy, tatami, \u0142awki, fotela rozk\u0142adanego, siedziska przy oknie, sypialni, okna wykuszowego, pokoi ca\u0142orocznych, \u0142\u00f3\u017cek w akademiku, \u0142\u00f3\u017cek studenckich, \u0142\u00f3\u017cek dzieci\u0119cych itp.<\/li>\n<\/ul>","protected":false},"featured_media":3899,"comment_status":"open","ping_status":"closed","template":"","meta":[],"product_brand":[],"product_cat":[228],"product_tag":[],"class_list":{"0":"post-3919","1":"product","2":"type-product","3":"status-publish","4":"has-post-thumbnail","6":"product_cat-cushions","8":"first","9":"instock","10":"shipping-taxable","11":"purchasable","12":"product-type-variable","13":"has-default-attributes"},"_links":{"self":[{"href":"https:\/\/www.largepillow.com\/pl\/wp-json\/wp\/v2\/product\/3919","targetHints":{"allow":["GET"]}}],"collection":[{"href":"https:\/\/www.largepillow.com\/pl\/wp-json\/wp\/v2\/product"}],"about":[{"href":"https:\/\/www.largepillow.com\/pl\/wp-json\/wp\/v2\/types\/product"}],"replies":[{"embeddable":true,"href":"https:\/\/www.largepillow.com\/pl\/wp-json\/wp\/v2\/comments?post=3919"}],"wp:featuredmedia":[{"embeddable":true,"href":"https:\/\/www.largepillow.com\/pl\/wp-json\/wp\/v2\/media\/3899"}],"wp:attachment":[{"href":"https:\/\/www.largepillow.com\/pl\/wp-json\/wp\/v2\/media?parent=3919"}],"wp:term":[{"taxonomy":"product_brand","embeddable":true,"href":"https:\/\/www.largepillow.com\/pl\/wp-json\/wp\/v2\/product_brand?post=3919"},{"taxonomy":"product_cat","embeddable":true,"href":"https:\/\/www.largepillow.com\/pl\/wp-json\/wp\/v2\/product_cat?post=3919"},{"taxonomy":"product_tag","embeddable":true,"href":"https:\/\/www.largepillow.com\/pl\/wp-json\/wp\/v2\/product_tag?post=3919"}],"curies":[{"name":"wp","href":"https:\/\/api.w.org\/{rel}","templated":true}]}}