{"id":404,"date":"2022-09-15T22:40:45","date_gmt":"2022-09-15T22:40:45","guid":{"rendered":"https:\/\/www.largepillow.com\/product\/bolster-for-bed"},"modified":"2026-04-22T11:55:08","modified_gmt":"2026-04-22T11:55:08","slug":"poduszka-klinowa-2","status":"publish","type":"product","link":"https:\/\/www.largepillow.com\/pl\/product\/wedge-cushion\/","title":{"rendered":"Poduszka klinowa"},"content":{"rendered":"<p>Odkryj najwy\u017cszy komfort i wsparcie dzi\u0119ki poduszce klinowej<\/p>\n<p>Poczuj niezr\u00f3wnany komfort i wsparcie dzi\u0119ki poduszce klinowej, wszechstronnej i wielofunkcyjnej poduszce zaprojektowanej, aby poprawi\u0107 Tw\u00f3j relaks i dobre samopoczucie.<\/p>\n<p>Doskona\u0142e wsparcie plec\u00f3w i talii<\/p>\n<p>Unikalna tr\u00f3jk\u0105tna konstrukcja poduszki klinowej idealnie dopasowuje si\u0119 do plec\u00f3w i talii, zapewniaj\u0105c wyj\u0105tkowe podparcie l\u0119d\u017awiowe. Niezale\u017cnie od tego, czy siedzisz w \u0142\u00f3\u017cku, czy na sofie, ta poduszka eliminuje nacisk na doln\u0105 cz\u0119\u015b\u0107 plec\u00f3w, sprzyjaj\u0105c relaksowi i zmniejszaj\u0105c dyskomfort.<\/p>\n<p>Wszechstronno\u015b\u0107 3 w 1<\/p>\n<p>Poduszka klinowa to nie tylko poduszka zag\u0142\u00f3wka. Konstrukcja 3 w 1 pozwala u\u017cywa\u0107 jej jako du\u017cej poduszki klinowej do spania na plecach lub na boku, lub jako poduszki na nogi, aby unie\u015b\u0107 nogi. To idealne rozwi\u0105zanie dla moli ksi\u0105\u017ckowych, nocnych mark\u00f3w i ka\u017cdego, kto uwielbia relaksowa\u0107 si\u0119 w \u0142\u00f3\u017cku.<\/p>\n<p>Wielofunkcyjny projekt do ka\u017cdego pomieszczenia<\/p>\n<p>Opr\u00f3cz podstawowego zastosowania jako poduszka wezg\u0142owia, poduszka klinowa mo\u017ce by\u0107 r\u00f3wnie\u017c u\u017cywana jako poduszka na zderzak, zag\u0142\u00f3wek kanapy, a nawet oparcie kanapy. Jego stylowy i funkcjonalny design sprawia, \u017ce b\u0119dzie to mile widziany dodatek do ka\u017cdej sypialni, salonu lub k\u0105cika do czytania.<\/p>\n<p>Materia\u0142y najwy\u017cszej jako\u015bci zapewniaj\u0105ce trwa\u0142y komfort<\/p>\n<p>Poduszka klinowa jest wykonana z najlepszych materia\u0142\u00f3w, co zapewnia najwy\u017cszy komfort i trwa\u0142o\u015b\u0107. Poszewka na poduszk\u0119 wykonana jest z luksusowego aksamitu poliestrowego 100%, mi\u0119kkiego w dotyku i eleganckiego w wygl\u0105dzie. Wy\u015bci\u00f3\u0142ka wype\u0142niona jest wysokiej jako\u015bci w\u0142\u00f3knami poliestrowymi o du\u017cej g\u0119sto\u015bci, kt\u00f3re s\u0105 odporne na zwiotczenie i zachowuj\u0105 sw\u00f3j kszta\u0142t nawet po miesi\u0105cach u\u017cytkowania.<\/p>\n<p>\u0141atwe czyszczenie<\/p>\n<p>Konserwacja poduszki klinowej jest prosta. Poszewk\u0119 na poduszk\u0119 mo\u017cna zdj\u0105\u0107 i zapi\u0105\u0107 na zamek b\u0142yskawiczny, co u\u0142atwia czyszczenie. Wystarczy rozpi\u0105\u0107 pokrowiec i wrzuci\u0107 go do pralki, aby szybko od\u015bwie\u017cy\u0107.<\/p>\n<p>Referencje klient\u00f3w<\/p>\n<p>\u201eTa poduszka zmienia zasady gry! U\u017cywam jej jako poduszki wezg\u0142owia i zapewnia niesamowite wsparcie dla moich plec\u00f3w. Zauwa\u017cy\u0142em znaczn\u0105 redukcj\u0119 b\u00f3lu plec\u00f3w.\u201d<\/p>\n<p>\u201eUwielbiam wszechstronno\u015b\u0107 poduszki klinowej. U\u017cywam go wieczorem jako poduszki na nogi i pomaga mi poprawi\u0107 kr\u0105\u017cenie.\u201d<\/p>\n<p>\u201eAksamitna ok\u0142adka jest taka luksusowa i mi\u0119kka. Dodaje mojej sypialni elegancji i nie mog\u0119 si\u0119 doczeka\u0107, aby u\u017cywa\u0107 go ka\u017cdej nocy.\u201d<\/p>\n<p>Dost\u0119pne w r\u00f3\u017cnych rozmiarach<\/p>\n<p>Poduszka klinowa jest dost\u0119pna w szerokiej gamie rozmiar\u00f3w, aby dopasowa\u0107 si\u0119 do Twoich potrzeb i preferencji. Od 45 cm do 200 cm, z pewno\u015bci\u0105 znajdziesz idealny rozmiar do swojego \u0142\u00f3\u017cka lub sofy.<\/p>\n<p>Zam\u00f3w poduszk\u0119 klinow\u0105 ju\u017c dzi\u015b<\/p>\n<p>Poczuj najwy\u017cszy komfort i wsparcie dzi\u0119ki poduszce klinowej. Zam\u00f3w ju\u017c dzi\u015b i ciesz si\u0119 b\u0142ogim relaksem i lepszym samopoczuciem.<\/p>","protected":false},"excerpt":{"rendered":"<ul>\n<li><strong>Najwy\u017cszy komfort:<\/strong> Ta poduszka zag\u0142\u00f3wkowa zapewnia doskona\u0142y komfort dzi\u0119ki tr\u00f3jk\u0105tnemu kszta\u0142towi. Poduszka podtrzymuj\u0105ca \u0142\u00f3\u017cko dobrze dopasowuje si\u0119 do plec\u00f3w i talii, minimalizuj\u0105c nacisk na odcinek l\u0119d\u017awiowy\/plecy. Ta klinowa poduszka do czytania pomo\u017ce Ci zachowa\u0107 spok\u00f3j w \u0142\u00f3\u017cku lub na sofie, co jest idealne dla pracuj\u0105cych nocnych mark\u00f3w, moli ksi\u0105\u017ckowych i ogl\u0105dania telewizji w \u0142\u00f3\u017cku. Ta wyj\u0105tkowo du\u017ca poduszka z wa\u0142kiem jest jedyn\u0105 poduszk\u0105 klinow\u0105, kt\u00f3ra mo\u017ce pomie\u015bci\u0107 dwie osoby.<\/li>\n<li><strong>Du\u017ca poduszka 3 w 1:<\/strong> Mo\u017cesz u\u017cywa\u0107 poduszki w pozycji pionowej jako poduszki podpieraj\u0105cej plecy do zag\u0142\u00f3wka podczas siedzenia w \u0142\u00f3\u017cku lub po\u0142o\u017cy\u0107 j\u0105 p\u0142asko na \u0142\u00f3\u017cku, aby u\u017cywa\u0107 jej jako du\u017cej poduszki klinowej podczas snu na plecach lub boku, lub jako poduszki na nogi, aby unie\u015b\u0107 nogi. Je\u015bli potrzebujesz du\u017cej poduszki wezg\u0142owia, kt\u00f3ra zapewni wsparcie zar\u00f3wno Tobie, jak i Twojemu wsp\u00f3\u0142ma\u0142\u017conkowi. To doskona\u0142a alternatywa.<\/li>\n<li><strong>Wielofunkcyjny projekt:<\/strong> Niekt\u00f3rzy u\u017cywaj\u0105 du\u017cej poduszki tr\u00f3jk\u0105tnej jako poduszki zag\u0142\u00f3wka, podczas gdy inni u\u017cywaj\u0105 jej jako poduszki zabezpieczaj\u0105cej, mo\u017ce to by\u0107 r\u00f3wnie\u017c poduszka wspieraj\u0105ca oparcie kanapy lub kanapy. Jest stylowy i funkcjonalny, co czyni go doskona\u0142ym dodatkiem do ka\u017cdej sypialni.<\/li>\n<li><strong>Doskona\u0142e rzemios\u0142o:<\/strong> Poszewk\u0119 na poduszk\u0119 wykonali\u015bmy z aksamitu poliestrowego 100%, kt\u00f3ry jest mi\u0119kki, elegancki i wygodny w dotyku. Wy\u015bci\u00f3\u0142ka wykonana jest z wysokiej jako\u015bci w\u0142\u00f3kien poliestrowych o du\u017cej g\u0119sto\u015bci, kt\u00f3re zapobiegaj\u0105 zwiotczeniu nawet po miesi\u0105cach u\u017cytkowania. Dodatkowo ma boczne kieszenie, w kt\u00f3rych mo\u017cesz przechowywa\u0107 ksi\u0105\u017ck\u0119 lub telefon.<\/li>\n<li><strong>\u0141atwe do czyszczenia:<\/strong> Pokrowiec na poduszk\u0119 do czytania mocuje si\u0119 do poduszki za pomoc\u0105 guzik\u00f3w i mo\u017cna go \u0142atwo zdj\u0105\u0107 za pomoc\u0105 prostego zamka b\u0142yskawicznego. Dzi\u0119ki temu jego czyszczenie nie sprawia \u017cadnych problem\u00f3w. Wystarczy zdj\u0105\u0107 poszewk\u0119 i szybko wypra\u0107 poduszk\u0119 w pralce, a poduszka b\u0119dzie wygl\u0105da\u0107 jak nowa.<\/li>\n<li><strong>Rozmiar:<\/strong> 45 cm (d\u0142. 45 x szer. 20 x wys. 50 | 0 przycisk\u00f3w), 60 cm (d\u0142. 60 x szer. 20 x wys. 50 | 0 przycisk\u00f3w), 80 cm (d\u0142. 80 x szer. 20 x wys. 50 | 2 przyciski), 100 cm (d\u0142. 100 x szer. 20 x wys. 50 | 3 przyciski), 120 cm ( D\u0142. 120 x szer. 20 x wys. 50 | 4 przyciski), 140 cm (d\u0142. 140 x szer. 20 x wys. 50 | 4 przyciski), 160 cm (d\u0142. 160 x szer. 20 x wys. 50 | 5 przycisk\u00f3w), 180 cm (d\u0142. 180 x szer. 20 x wys. 50 | 6 przycisk\u00f3w), 200 cm (d\u0142. 200 x wys. S20 x W50 | 7 przycisk\u00f3w).<\/li>\n<\/ul>","protected":false},"featured_media":384,"comment_status":"open","ping_status":"closed","template":"","meta":[],"product_brand":[],"product_cat":[15],"product_tag":[66,60,214,206,213,163,112,143,120,212,211,65],"class_list":{"0":"post-404","1":"product","2":"type-product","3":"status-publish","4":"has-post-thumbnail","6":"product_cat-large-wedge-pillow","7":"product_tag-back-support-pillow","8":"product_tag-backrest-pillow","9":"product_tag-black-pillow","10":"product_tag-bumper-pillow","11":"product_tag-couch-bolster","12":"product_tag-leg-pillow","13":"product_tag-lumbar-support-pillow","14":"product_tag-multifunctional-pillow","15":"product_tag-velvet-pillow","16":"product_tag-waist-support-pillow","17":"product_tag-wedge-cushion","18":"product_tag-wedge-pillow","20":"first","21":"instock","22":"featured","23":"shipping-taxable","24":"purchasable","25":"product-type-variable"},"_links":{"self":[{"href":"https:\/\/www.largepillow.com\/pl\/wp-json\/wp\/v2\/product\/404","targetHints":{"allow":["GET"]}}],"collection":[{"href":"https:\/\/www.largepillow.com\/pl\/wp-json\/wp\/v2\/product"}],"about":[{"href":"https:\/\/www.largepillow.com\/pl\/wp-json\/wp\/v2\/types\/product"}],"replies":[{"embeddable":true,"href":"https:\/\/www.largepillow.com\/pl\/wp-json\/wp\/v2\/comments?post=404"}],"wp:featuredmedia":[{"embeddable":true,"href":"https:\/\/www.largepillow.com\/pl\/wp-json\/wp\/v2\/media\/384"}],"wp:attachment":[{"href":"https:\/\/www.largepillow.com\/pl\/wp-json\/wp\/v2\/media?parent=404"}],"wp:term":[{"taxonomy":"product_brand","embeddable":true,"href":"https:\/\/www.largepillow.com\/pl\/wp-json\/wp\/v2\/product_brand?post=404"},{"taxonomy":"product_cat","embeddable":true,"href":"https:\/\/www.largepillow.com\/pl\/wp-json\/wp\/v2\/product_cat?post=404"},{"taxonomy":"product_tag","embeddable":true,"href":"https:\/\/www.largepillow.com\/pl\/wp-json\/wp\/v2\/product_tag?post=404"}],"curies":[{"name":"wp","href":"https:\/\/api.w.org\/{rel}","templated":true}]}}