{"id":4064,"date":"2024-09-06T01:40:07","date_gmt":"2024-09-06T01:40:07","guid":{"rendered":"https:\/\/www.largepillow.com\/product\/large-wedge-reading-pillow-for-bed-daybed-bolster-backrest-pink"},"modified":"2025-11-30T11:11:37","modified_gmt":"2025-11-30T11:11:37","slug":"duza-poduszka-klinowa-do-czytania-na-lozko-lezanka-oparcie-rozowy","status":"publish","type":"product","link":"https:\/\/www.largepillow.com\/pl\/product\/large-wedge-reading-pillow-for-bed-daybed-bolster-backrest-pink","title":{"rendered":"Du\u017ca poduszka klinowa do czytania na \u0142\u00f3\u017cko, oparcie na le\u017cank\u0119, r\u00f3\u017cowa"},"content":{"rendered":"","protected":false},"excerpt":{"rendered":"<ul>\n<li>Najwy\u017cszy komfort: Ta poduszka zag\u0142\u00f3wka XL zapewnia doskona\u0142y komfort dzi\u0119ki tr\u00f3jk\u0105tnemu kszta\u0142towi. Poduszka podpieraj\u0105ca \u0142\u00f3\u017cko dobrze dopasowuje si\u0119 do plec\u00f3w i talii, minimalizuj\u0105c nacisk na odcinek l\u0119d\u017awiowy\/plecy. Ta klinowata poduszka do czytania pomo\u017ce Ci pozosta\u0107 bez napi\u0119cia w \u0142\u00f3\u017cku lub na sofie, co jest idealne dla nocnych mark\u00f3w, moli ksi\u0105\u017ckowych i ogl\u0105dania telewizji w \u0142\u00f3\u017cku. Ta bardzo du\u017ca poduszka bolster jest jedyn\u0105 klinow\u0105 poduszk\u0105 zag\u0142\u00f3wka, kt\u00f3ra pomie\u015bci dwie osoby.<\/li>\n<li>Du\u017ca poduszka 3 w 1: Mo\u017cesz u\u017cywa\u0107 poduszki w pozycji pionowej jako poduszki podpieraj\u0105cej plecy do siedzenia w \u0142\u00f3\u017cku lub po\u0142o\u017cy\u0107 j\u0105 p\u0142asko na \u0142\u00f3\u017cku, aby u\u017cywa\u0107 jej jako du\u017cej poduszki klinowej do spania na plecach lub na boku, lub jako poduszki pod nogi, aby unie\u015b\u0107 nogi. Je\u015bli chcesz du\u017c\u0105 poduszk\u0119 podpieraj\u0105c\u0105, kt\u00f3ra zapewnia wsparcie zar\u00f3wno Tobie, jak i Twojemu ma\u0142\u017conkowi. To doskona\u0142a alternatywa.<\/li>\n<li>Wielofunkcyjny design: Niekt\u00f3rzy u\u017cywaj\u0105 tr\u00f3jk\u0105tnej du\u017cej poduszki jako poduszki na wezg\u0142owie \u0142\u00f3\u017cka, podczas gdy inni u\u017cywaj\u0105 jej jako poduszki zderzaka, mo\u017ce by\u0107 r\u00f3wnie\u017c poduszk\u0105 na oparcie kanapy lub le\u017canki. Jest stylowa i funkcjonalna, co czyni j\u0105 doskona\u0142ym dodatkiem do ka\u017cdej sypialni.<\/li>\n<li>Najwy\u017cszej jako\u015bci wykonanie: Poszewka na poduszk\u0119 ma wygl\u0105d sztruksu, a jej sk\u0142ad to poliester 100%. Nasza poduszka na wezg\u0142owie \u0142\u00f3\u017cka jest oddychaj\u0105ca i wygodna, dzi\u0119ki czemu zachowuje sw\u00f3j kszta\u0142t i nie traci go z czasem. Boczna kiesze\u0144 po ka\u017cdej stronie umo\u017cliwia przechowywanie ksi\u0105\u017cki lub telefonu.<\/li>\n<li>\u0141atwe do prania: Poszewka na poduszk\u0119 do czytania jest przymocowana do poduszki za pomoc\u0105 guzik\u00f3w i mo\u017cna j\u0105 \u0142atwo zdj\u0105\u0107 za pomoc\u0105 prostego zamka b\u0142yskawicznego. Dzi\u0119ki temu czyszczenie jest bezproblemowe. Wystarczy zdj\u0105\u0107 poszewk\u0119 i szybko wypra\u0107 w pralce, aby poduszka wygl\u0105da\u0142a jak nowa.<\/li>\n<li><strong>Rozmiar:<\/strong> 60cm (60*20*50cm, 2 guziki), 80cm (80*20*50cm, 2 guziki), 100cm (100*20*50cm, 3 guziki), 120cm (120*20*50cm, 4 guziki), 140cm (140*20*50cm, 4 guziki), 160cm (160*20*50cm, 5 guzik\u00f3w), 180cm (180*20*50cm, 6 guzik\u00f3w), 200cm (200*20*50cm, 7 guzik\u00f3w)<\/li>\n<\/ul>","protected":false},"featured_media":4048,"comment_status":"open","ping_status":"closed","template":"","meta":[],"product_brand":[],"product_cat":[15],"product_tag":[],"class_list":{"0":"post-4064","1":"product","2":"type-product","3":"status-publish","4":"has-post-thumbnail","6":"product_cat-large-wedge-pillow","8":"first","9":"instock","10":"shipping-taxable","11":"purchasable","12":"product-type-variable","13":"has-default-attributes"},"_links":{"self":[{"href":"https:\/\/www.largepillow.com\/pl\/wp-json\/wp\/v2\/product\/4064","targetHints":{"allow":["GET"]}}],"collection":[{"href":"https:\/\/www.largepillow.com\/pl\/wp-json\/wp\/v2\/product"}],"about":[{"href":"https:\/\/www.largepillow.com\/pl\/wp-json\/wp\/v2\/types\/product"}],"replies":[{"embeddable":true,"href":"https:\/\/www.largepillow.com\/pl\/wp-json\/wp\/v2\/comments?post=4064"}],"wp:featuredmedia":[{"embeddable":true,"href":"https:\/\/www.largepillow.com\/pl\/wp-json\/wp\/v2\/media\/4048"}],"wp:attachment":[{"href":"https:\/\/www.largepillow.com\/pl\/wp-json\/wp\/v2\/media?parent=4064"}],"wp:term":[{"taxonomy":"product_brand","embeddable":true,"href":"https:\/\/www.largepillow.com\/pl\/wp-json\/wp\/v2\/product_brand?post=4064"},{"taxonomy":"product_cat","embeddable":true,"href":"https:\/\/www.largepillow.com\/pl\/wp-json\/wp\/v2\/product_cat?post=4064"},{"taxonomy":"product_tag","embeddable":true,"href":"https:\/\/www.largepillow.com\/pl\/wp-json\/wp\/v2\/product_tag?post=4064"}],"curies":[{"name":"wp","href":"https:\/\/api.w.org\/{rel}","templated":true}]}}