{"id":4160,"date":"2024-09-12T03:12:48","date_gmt":"2024-09-12T03:12:48","guid":{"rendered":"https:\/\/www.largepillow.com\/product\/headboard-pillow-white-plush-large-wedge-reading-pillow"},"modified":"2025-08-27T10:53:28","modified_gmt":"2025-08-27T10:53:28","slug":"poduszka-na-wezglowie-biala-pluszowa-duza-poduszka-klinowa-do-czytania","status":"publish","type":"product","link":"https:\/\/www.largepillow.com\/pl\/product\/headboard-pillow-white-plush-large-wedge-reading-pillow","title":{"rendered":"Poduszka na wezg\u0142owie Bia\u0142a pluszowa du\u017ca poduszka klinowa do czytania"},"content":{"rendered":"","protected":false},"excerpt":{"rendered":"<ul>\n<li><strong>WIELOFUNKCYJNO\u015a\u0106:<\/strong> Nasza poduszka klinowa to co\u015b wi\u0119cej ni\u017c tylko poduszka na wezg\u0142owie \u0142\u00f3\u017cka. Ma wiele zastosowa\u0144 i mo\u017ce by\u0107 u\u017cywana jako idealne wsparcie dla plec\u00f3w, unoszenia n\u00f3g, czytania, ogl\u0105dania telewizji i wielu innych pozycji, aby sprosta\u0107 Twoim r\u00f3\u017cnorodnym potrzebom.<\/li>\n<li><strong>ERGONOMICZNA KONSTRUKCJA:<\/strong> intymna piel\u0119gnacja, ergonomiczna pomys\u0142owo\u015b\u0107. Zapewniamy Ci najbardziej komfortowe wsparcie, zmniejszamy nacisk na kr\u0119gi szyjne i l\u0119d\u017awiowe, cieszymy si\u0119 ka\u017cd\u0105 chwil\u0105 komfortu i przytulno\u015bci.<\/li>\n<li><strong>KOMFORT:<\/strong> Du\u017ca tr\u00f3jk\u0105tna poduszka klinowa zosta\u0142a wykonana z wysokiej jako\u015bci materia\u0142\u00f3w i przy u\u017cyciu delikatnej technologii, aby zapewni\u0107 mi\u0119kko\u015b\u0107 i wygod\u0119 poduszki zag\u0142\u00f3wka klinowego, dzi\u0119ki czemu mo\u017cesz cieszy\u0107 si\u0119 intymnym dopasowaniem, ciep\u0142em i komfortem.<\/li>\n<li><strong>TWORZYWO:<\/strong> Poduszki oparcia le\u017canki wykonane s\u0105 z wysokiej jako\u015bci tkanin, mi\u0119kkich i przyjaznych dla sk\u00f3ry, odpornych na zagniecenia i zu\u017cycie, dzi\u0119ki czemu s\u0105 przyjemne w dotyku i doskonale oddychaj\u0105, zapewniaj\u0105c sucho\u015b\u0107 i wygod\u0119.<\/li>\n<li><strong>\u0141ATWE CZYSZCZENIE:<\/strong> Poduszka klinowa ma zdejmowany i nadaj\u0105cy si\u0119 do prania pokrowiec, co u\u0142atwia piel\u0119gnacj\u0119, dzi\u0119ki czemu zawsze mo\u017cesz cieszy\u0107 si\u0119 \u015bwie\u017cym i schludnym \u015brodowiskiem do odpoczynku.<\/li>\n<li><strong>Rozmiar:<\/strong> 60cm (60*20*50cm),80cm (80*20*50cm),100cm (100*20*50cm),120cm (120*20*50cm),140cm (140*20*50cm),160cm (160*20*50cm),180cm (180*20*50cm),200cm (200*20*50cm)<\/li>\n<\/ul>","protected":false},"featured_media":4148,"comment_status":"open","ping_status":"closed","template":"","meta":[],"product_brand":[],"product_cat":[15],"product_tag":[],"class_list":{"0":"post-4160","1":"product","2":"type-product","3":"status-publish","4":"has-post-thumbnail","6":"product_cat-large-wedge-pillow","8":"first","9":"instock","10":"shipping-taxable","11":"purchasable","12":"product-type-variable","13":"has-default-attributes"},"_links":{"self":[{"href":"https:\/\/www.largepillow.com\/pl\/wp-json\/wp\/v2\/product\/4160","targetHints":{"allow":["GET"]}}],"collection":[{"href":"https:\/\/www.largepillow.com\/pl\/wp-json\/wp\/v2\/product"}],"about":[{"href":"https:\/\/www.largepillow.com\/pl\/wp-json\/wp\/v2\/types\/product"}],"replies":[{"embeddable":true,"href":"https:\/\/www.largepillow.com\/pl\/wp-json\/wp\/v2\/comments?post=4160"}],"wp:featuredmedia":[{"embeddable":true,"href":"https:\/\/www.largepillow.com\/pl\/wp-json\/wp\/v2\/media\/4148"}],"wp:attachment":[{"href":"https:\/\/www.largepillow.com\/pl\/wp-json\/wp\/v2\/media?parent=4160"}],"wp:term":[{"taxonomy":"product_brand","embeddable":true,"href":"https:\/\/www.largepillow.com\/pl\/wp-json\/wp\/v2\/product_brand?post=4160"},{"taxonomy":"product_cat","embeddable":true,"href":"https:\/\/www.largepillow.com\/pl\/wp-json\/wp\/v2\/product_cat?post=4160"},{"taxonomy":"product_tag","embeddable":true,"href":"https:\/\/www.largepillow.com\/pl\/wp-json\/wp\/v2\/product_tag?post=4160"}],"curies":[{"name":"wp","href":"https:\/\/api.w.org\/{rel}","templated":true}]}}