{"id":4182,"date":"2024-09-12T03:55:25","date_gmt":"2024-09-12T03:55:25","guid":{"rendered":"https:\/\/www.largepillow.com\/product\/triangular-headboard-pillow-for-sleeping-with-side-pocket"},"modified":"2024-10-03T16:31:33","modified_gmt":"2024-10-03T16:31:33","slug":"trojkatna-poduszka-na-wezglowie-do-spania-z-kieszenia-boczna","status":"publish","type":"product","link":"https:\/\/www.largepillow.com\/pl\/product\/triangular-headboard-pillow-for-sleeping-with-side-pocket","title":{"rendered":"Poduszka tr\u00f3jk\u0105tna na zag\u0142\u00f3wek do spania z kieszeni\u0105 boczn\u0105"},"content":{"rendered":"","protected":false},"excerpt":{"rendered":"<ul>\n<li><strong>Wysoka jako\u015b\u0107 wykonania:<\/strong> Aby poduszki oparciowe wygl\u0105da\u0142y bardziej idealnie i harmonijnie, projektant wybra\u0142 ozdobny guzik w tym samym kolorze co poszewka na poduszk\u0119. Poszewka na poduszk\u0119 jest g\u0142adka i trwa\u0142a, a poduszka klinowa jest mi\u0119kka i elastyczna. Na dole znajduje si\u0119 zamek b\u0142yskawiczny, a wype\u0142nienie bawe\u0142niane jest zapakowane w warstw\u0119 wy\u015bci\u00f3\u0142ki. Bawe\u0142n\u0119 PP mo\u017cna doda\u0107 lub zmniejszy\u0107 zgodnie z w\u0142asnymi odczuciami podczas u\u017cytkowania.<\/li>\n<li><strong>Tworzywo:<\/strong> Poszewka na poduszk\u0119 klinow\u0105 z nadrukiem wykonana z bawe\u0142ny 100%. Wype\u0142nienie z w\u0142\u00f3kna poliestrowego (bawe\u0142na PP). Mi\u0119kka w dotyku, barwiona w spos\u00f3b przyjazny dla \u015brodowiska, bez mechacenia, bez blakni\u0119cia. Delikatne nadruki lepiej ozdabiaj\u0105 wn\u0119trze.<\/li>\n<li><strong>Funkcjonowa\u0107:<\/strong>\u00a0Nasze funkcjonalne poduszki podtrzymuj\u0105ce mog\u0105 podtrzymywa\u0107 plecy podczas pracy lub czytania, dzi\u0119ki czemu nie b\u0119dziesz czu\u0107 si\u0119 tak zm\u0119czony. Po prostu zabierz je do domu, a Twoje zwyk\u0142e sofy i \u0142\u00f3\u017cka stan\u0105 si\u0119 bardziej wyrafinowane. Ponadto nasza wzorzysta pluszowa poduszka na wezg\u0142owie \u0142\u00f3\u017cka mo\u017ce nada\u0107 \u015bwie\u017cy i stylowy wygl\u0105d balkonom w salonie i krzes\u0142om ogrodowym na zewn\u0105trz. Telefony kom\u00f3rkowe lub inne codzienne potrzeby mo\u017cna przechowywa\u0107 w bocznych kieszeniach poduszek.<\/li>\n<li><strong>Rozmiar:<\/strong> 60cm (60*20*50cm), 140cm (140*20*50cm), 180cm (180*20*50cm)<\/li>\n<li>Nale\u017cy pami\u0119ta\u0107, \u017ce guziki nie s\u0105 odpinane i s\u0105 mocno przyszyte do rdzenia poduszki. Pod ka\u017cdym guzikiem znajduje si\u0119 otw\u00f3r, kt\u00f3ry celowo pozostawiono, aby u\u0142atwi\u0107 zdj\u0119cie poszewki poduszki.<\/li>\n<\/ul>","protected":false},"featured_media":4169,"comment_status":"open","ping_status":"closed","template":"","meta":[],"product_brand":[],"product_cat":[15],"product_tag":[],"class_list":{"0":"post-4182","1":"product","2":"type-product","3":"status-publish","4":"has-post-thumbnail","6":"product_cat-large-wedge-pillow","8":"first","9":"instock","10":"shipping-taxable","11":"purchasable","12":"product-type-variable","13":"has-default-attributes"},"_links":{"self":[{"href":"https:\/\/www.largepillow.com\/pl\/wp-json\/wp\/v2\/product\/4182","targetHints":{"allow":["GET"]}}],"collection":[{"href":"https:\/\/www.largepillow.com\/pl\/wp-json\/wp\/v2\/product"}],"about":[{"href":"https:\/\/www.largepillow.com\/pl\/wp-json\/wp\/v2\/types\/product"}],"replies":[{"embeddable":true,"href":"https:\/\/www.largepillow.com\/pl\/wp-json\/wp\/v2\/comments?post=4182"}],"wp:featuredmedia":[{"embeddable":true,"href":"https:\/\/www.largepillow.com\/pl\/wp-json\/wp\/v2\/media\/4169"}],"wp:attachment":[{"href":"https:\/\/www.largepillow.com\/pl\/wp-json\/wp\/v2\/media?parent=4182"}],"wp:term":[{"taxonomy":"product_brand","embeddable":true,"href":"https:\/\/www.largepillow.com\/pl\/wp-json\/wp\/v2\/product_brand?post=4182"},{"taxonomy":"product_cat","embeddable":true,"href":"https:\/\/www.largepillow.com\/pl\/wp-json\/wp\/v2\/product_cat?post=4182"},{"taxonomy":"product_tag","embeddable":true,"href":"https:\/\/www.largepillow.com\/pl\/wp-json\/wp\/v2\/product_tag?post=4182"}],"curies":[{"name":"wp","href":"https:\/\/api.w.org\/{rel}","templated":true}]}}