{"id":4212,"date":"2024-09-13T00:40:09","date_gmt":"2024-09-13T00:40:09","guid":{"rendered":"https:\/\/www.largepillow.com\/product\/space-themed-backrest-cushion-for-kids-headboard-pillow-moon"},"modified":"2024-10-03T16:31:23","modified_gmt":"2024-10-03T16:31:23","slug":"poduszka-na-oparcie-dla-dzieci-z-motywem-kosmicznym-poduszka-na-zaglowek-ksiezyc","status":"publish","type":"product","link":"https:\/\/www.largepillow.com\/pl\/product\/space-themed-backrest-cushion-for-kids-headboard-pillow-moon\/","title":{"rendered":"Poduszka na oparcie dla dzieci z motywem kosmicznym \u2013 poduszka na zag\u0142\u00f3wek (ksi\u0119\u017cyc)"},"content":{"rendered":"[zc_getpagecontent mb=&#8221;mb_aplus&#8221; apid=&#8221;90&#8243;]\n","protected":false},"excerpt":{"rendered":"<ul>\n<li><strong>Rozmiar produktu:<\/strong>\u00a0Oferujemy 3 rodzaje poduszek z motywem planety: Ziemi\u0119, Ksi\u0119\u017cyc i Jowisza, o wymiarach oko\u0142o 39 x 19,6 cala. Mo\u017cesz wybra\u0107 wygl\u0105d ulubionej poduszki, aby dopasowa\u0107 j\u0105 do swojego nastroju. Stw\u00f3rz wymarzon\u0105 i kreatywn\u0105 sypialni\u0119 dzi\u0119ki tej uroczej poduszce z motywem planety, kt\u00f3ra zosta\u0142a zaprojektowana, aby zainspirowa\u0107 Twoje dziecko do marze\u0144 o eksploracji kosmosu.<\/li>\n<li><strong>Mi\u0119kkie i wygodne:<\/strong>\u00a0Poduszka do czytania Planet wykonana jest z kr\u00f3tkiego, pluszowego materia\u0142u, mi\u0119kkiego i wygodnego, zapewniaj\u0105cego g\u0142adk\u0105, ciep\u0142\u0105 i przytuln\u0105 tekstur\u0119; wewn\u0119trzny materia\u0142 to bawe\u0142na PP, mi\u0119kka i wspieraj\u0105ca, mo\u017cna j\u0105 po\u0142o\u017cy\u0107 na \u0142\u00f3\u017cku lub sofie, zapewnia plecom odpowiednie wsparcie, a tak\u017ce poprawia postaw\u0119 i \u0142agodzi mechaniczny b\u00f3l plec\u00f3w.<\/li>\n<li><strong>\u017bywy i realistyczny design:<\/strong>\u00a0Nasza poduszka na wezg\u0142owie \u0142\u00f3\u017cka w kszta\u0142cie planety ma dwustronny nadruk z niesamowitym motywem Outer Space Universe Galaxy Planet. Dzieci mog\u0105 dowiedzie\u0107 si\u0119 wi\u0119cej o ka\u017cdej planecie dzi\u0119ki teksturowanym detalom i por\u00f3wna\u0107 ich rozmiary, wyleguj\u0105c si\u0119 na mi\u0119kkich poduszkach idealnych do kreatywnej zabawy. Te fajne dekoracje w kszta\u0142cie galaktyki w przestrzeni kosmicznej dodaj\u0105 odrobin\u0119 galaktycznego stylu do wystroju domu w galaktyce. Stw\u00f3rz wyj\u0105tkow\u0105 sypialni\u0119 z dekoracj\u0105 w kszta\u0142cie planety astronauty dla ch\u0142opc\u00f3w i dziewcz\u0105t.<\/li>\n<li><strong>Wszechstronne zastosowanie:<\/strong>\u00a0Poduszki oparcia z tr\u00f3jwymiarowym wzorem imituj\u0105cym planet\u0119 i dwustronnym nadrukiem sprawiaj\u0105, \u017ce te poduszki mog\u0105 by\u0107 nie tylko wyj\u0105tkow\u0105 ozdob\u0105 pod\u0142ogi, sypialni, sofy, salonu czy mebli, ale tak\u017ce ciekawym dodatkiem do przytulania rodziny, poprawiaj\u0105cym wygl\u0105d wielu miejsc.<\/li>\n<li><strong>Ukryty zamek b\u0142yskawiczny:<\/strong>\u00a0Ka\u017cda poszewka na poduszk\u0119 z motywem planety zosta\u0142a zaprojektowana z ukrytym zamkiem b\u0142yskawicznym, dzi\u0119ki czemu ma jednolity i delikatny wygl\u0105d. Ponadto, wyjmowanie i wk\u0142adanie poduszek w celu czyszczenia lub wymiany jest niezwykle proste. To wyj\u0105tkowy magiczny prezent urodzinowy i \u015bwi\u0105teczny dla ch\u0142opc\u00f3w i dziewcz\u0105t.<\/li>\n<\/ul>","protected":false},"featured_media":4204,"comment_status":"open","ping_status":"closed","template":"","meta":[],"product_brand":[],"product_cat":[228],"product_tag":[],"class_list":{"0":"post-4212","1":"product","2":"type-product","3":"status-publish","4":"has-post-thumbnail","6":"product_cat-cushions","8":"first","9":"instock","10":"shipping-taxable","11":"purchasable","12":"product-type-simple"},"_links":{"self":[{"href":"https:\/\/www.largepillow.com\/pl\/wp-json\/wp\/v2\/product\/4212","targetHints":{"allow":["GET"]}}],"collection":[{"href":"https:\/\/www.largepillow.com\/pl\/wp-json\/wp\/v2\/product"}],"about":[{"href":"https:\/\/www.largepillow.com\/pl\/wp-json\/wp\/v2\/types\/product"}],"replies":[{"embeddable":true,"href":"https:\/\/www.largepillow.com\/pl\/wp-json\/wp\/v2\/comments?post=4212"}],"wp:featuredmedia":[{"embeddable":true,"href":"https:\/\/www.largepillow.com\/pl\/wp-json\/wp\/v2\/media\/4204"}],"wp:attachment":[{"href":"https:\/\/www.largepillow.com\/pl\/wp-json\/wp\/v2\/media?parent=4212"}],"wp:term":[{"taxonomy":"product_brand","embeddable":true,"href":"https:\/\/www.largepillow.com\/pl\/wp-json\/wp\/v2\/product_brand?post=4212"},{"taxonomy":"product_cat","embeddable":true,"href":"https:\/\/www.largepillow.com\/pl\/wp-json\/wp\/v2\/product_cat?post=4212"},{"taxonomy":"product_tag","embeddable":true,"href":"https:\/\/www.largepillow.com\/pl\/wp-json\/wp\/v2\/product_tag?post=4212"}],"curies":[{"name":"wp","href":"https:\/\/api.w.org\/{rel}","templated":true}]}}