{"id":4260,"date":"2024-09-13T02:12:22","date_gmt":"2024-09-13T02:12:22","guid":{"rendered":"https:\/\/www.largepillow.com\/product\/v-shaped-side-sleeper-pillow-for-shoulder-and-leg-relief"},"modified":"2025-01-23T19:06:54","modified_gmt":"2025-01-23T19:06:54","slug":"poduszka-w-ksztalcie-litery-v-do-spania-na-boku-zapewniajaca-ulge-ramionom-i-nogom","status":"publish","type":"product","link":"https:\/\/www.largepillow.com\/pl\/product\/v-shaped-side-sleeper-pillow-for-shoulder-and-leg-relief\/","title":{"rendered":"Poduszka w kszta\u0142cie litery V dla os\u00f3b \u015bpi\u0105cych na boku, zapewniaj\u0105ca ulg\u0119 ramionom i nogom"},"content":{"rendered":"<p>Przedstawiamy nasz\u0105 poduszk\u0119 V-kszta\u0142tn\u0105 dla os\u00f3b \u015bpi\u0105cych na boku \u2013 najlepsze rozwi\u0105zanie zapewniaj\u0105ce bardziej komfortowy i spokojny sen! Specjalnie zaprojektowana, aby zmniejszy\u0107 nacisk na ramiona i nogi, ta poduszka ma wyj\u0105tkowy kszta\u0142t litery V, kt\u00f3ry zapewnia optymalne wsparcie dla os\u00f3b \u015bpi\u0105cych na boku. Wy\u015bcie\u0142ane nachylenia po obu stronach poduszki pomagaj\u0105 zmniejszy\u0107 nacisk na ramiona i nogi, a najwy\u017cszy punkt na g\u00f3rze unosi i podtrzymuje ramiona.<\/p>\n<p>Poduszka ta nie tylko zapewnia wyj\u0105tkowe wsparcie ramion i n\u00f3g, ale tak\u017ce doskonale nadaje si\u0119 do uniesienia g\u00f3rnej cz\u0119\u015bci cia\u0142a, co pozwala zmniejszy\u0107 objawy refluksu kwasu i chrapania.<\/p>\n<p>Wykonana z wysokiej jako\u015bci aksamitu poliestrowego 100%, oferuje luksusowe i eleganckie uczucie, a tak\u017ce jest mi\u0119kka w dotyku. Ponadto poszewk\u0119 mo\u017cna pra\u0107 w pralce, co u\u0142atwia czyszczenie, zapewniaj\u0105c, \u017ce poduszka pozostanie czysta i \u015bwie\u017ca do dalszego u\u017cytkowania.<\/p>\n<p>Ciesz si\u0119 bardziej spokojnym i regeneruj\u0105cym snem z nasz\u0105 poduszk\u0105 boczn\u0105 w kszta\u0142cie litery V \u2013 idealnym wyborem dla os\u00f3b \u015bpi\u0105cych na boku i wszystkich, kt\u00f3rzy szukaj\u0105 lepszej jako\u015bci snu!<\/p>","protected":false},"excerpt":{"rendered":"<ul>\n<li><strong>Ulga dla ramion i n\u00f3g:<\/strong> Poduszka do spania na boku w kszta\u0142cie litery V zosta\u0142a specjalnie zaprojektowana, aby zapewni\u0107 ulg\u0119 ramionom i nogom. Jej najwy\u017cszy punkt znajduje si\u0119 na g\u00f3rze, aby unie\u015b\u0107 i wesprze\u0107 ramiona, podczas gdy wy\u015bcie\u0142ane nachylenia po obu stronach poduszki pomagaj\u0105 z\u0142agodzi\u0107 nacisk na ramiona i nogi.<\/li>\n<li><strong>Poduszka klinowa:<\/strong> Mo\u017ce pom\u00f3c unie\u015b\u0107 g\u00f3rn\u0105 cz\u0119\u015b\u0107 cia\u0142a, co mo\u017ce zmniejszy\u0107 objawy refluksu kwasu i chrapania. Ta pochylona pozycja mo\u017ce r\u00f3wnie\u017c poprawi\u0107 kr\u0105\u017cenie i zmniejszy\u0107 nacisk na doln\u0105 cz\u0119\u015b\u0107 plec\u00f3w. Ponadto, kszta\u0142t poduszki w kszta\u0142cie litery V zapewnia wsparcie i wygod\u0119 ramion i szyi.<\/li>\n<li><strong>Ciesz si\u0119 spokojnym snem:<\/strong> Nasza poduszka do spania na boku w kszta\u0142cie litery V jest zaprojektowana specjalnie dla os\u00f3b \u015bpi\u0105cych na boku, poniewa\u017c zapewnia odpowiednie wsparcie dla szyi, ramion i n\u00f3g. Nasza poduszka do spania na boku mo\u017ce pom\u00f3c Ci osi\u0105gn\u0105\u0107 lepsz\u0105 jako\u015b\u0107 snu.<\/li>\n<li><strong>Najwy\u017csza jako\u015b\u0107:<\/strong> Nasza poszewka na poduszk\u0119 do spania na boku jest wykonana z aksamitu poliestrowego 100%, zapewnia luksusowe i eleganckie odczucie, kt\u00f3re jest mi\u0119kkie w dotyku. Materia\u0142 ten zapewnia wyj\u0105tkowy komfort i przytulno\u015b\u0107, co czyni go idealnym wyborem na spokojny i odm\u0142adzaj\u0105cy sen w nocy.<\/li>\n<li><strong>Mo\u017cna pra\u0107 w pralce:<\/strong> Aksamitne pokrycie poduszki mo\u017cna z \u0142atwo\u015bci\u0105 zdj\u0105\u0107 i wypra\u0107 w pralce, co u\u0142atwia czyszczenie. Dzi\u0119ki temu poduszka pozostanie higieniczna i b\u0119dzie mo\u017cna j\u0105 u\u017cytkowa\u0107 d\u0142u\u017cej.<\/li>\n<\/ul>","protected":false},"featured_media":4251,"comment_status":"open","ping_status":"closed","template":"","meta":[],"product_brand":[],"product_cat":[228],"product_tag":[],"class_list":{"0":"post-4260","1":"product","2":"type-product","3":"status-publish","4":"has-post-thumbnail","6":"product_cat-cushions","8":"first","9":"instock","10":"shipping-taxable","11":"purchasable","12":"product-type-simple"},"_links":{"self":[{"href":"https:\/\/www.largepillow.com\/pl\/wp-json\/wp\/v2\/product\/4260","targetHints":{"allow":["GET"]}}],"collection":[{"href":"https:\/\/www.largepillow.com\/pl\/wp-json\/wp\/v2\/product"}],"about":[{"href":"https:\/\/www.largepillow.com\/pl\/wp-json\/wp\/v2\/types\/product"}],"replies":[{"embeddable":true,"href":"https:\/\/www.largepillow.com\/pl\/wp-json\/wp\/v2\/comments?post=4260"}],"wp:featuredmedia":[{"embeddable":true,"href":"https:\/\/www.largepillow.com\/pl\/wp-json\/wp\/v2\/media\/4251"}],"wp:attachment":[{"href":"https:\/\/www.largepillow.com\/pl\/wp-json\/wp\/v2\/media?parent=4260"}],"wp:term":[{"taxonomy":"product_brand","embeddable":true,"href":"https:\/\/www.largepillow.com\/pl\/wp-json\/wp\/v2\/product_brand?post=4260"},{"taxonomy":"product_cat","embeddable":true,"href":"https:\/\/www.largepillow.com\/pl\/wp-json\/wp\/v2\/product_cat?post=4260"},{"taxonomy":"product_tag","embeddable":true,"href":"https:\/\/www.largepillow.com\/pl\/wp-json\/wp\/v2\/product_tag?post=4260"}],"curies":[{"name":"wp","href":"https:\/\/api.w.org\/{rel}","templated":true}]}}