{"id":4269,"date":"2024-09-13T02:16:20","date_gmt":"2024-09-13T02:16:20","guid":{"rendered":"https:\/\/www.largepillow.com\/product\/multi-functional-creative-seat-cushion-folding-floor-bed"},"modified":"2024-10-03T16:31:23","modified_gmt":"2024-10-03T16:31:23","slug":"wielofunkcyjna-kreatywna-poduszka-siedziska-skladane-lozko-podlogowe","status":"publish","type":"product","link":"https:\/\/www.largepillow.com\/pl\/product\/multi-functional-creative-seat-cushion-folding-floor-bed\/","title":{"rendered":"Wielofunkcyjna kreatywna poduszka na siedzisko sk\u0142adane \u0142\u00f3\u017cko pod\u0142ogowe"},"content":{"rendered":"[zc_getpagecontent mb=&#8221;mb_aplus&#8221; apid=&#8221;53&#8243;]\n","protected":false},"excerpt":{"rendered":"<ul>\n<li><strong>Wszechstronne po\u0142\u0105czenie:<\/strong>\u00a0Nasza sofa rozk\u0142adana ma piankowe podk\u0142adki o r\u00f3\u017cnych rozmiarach, kt\u00f3re mo\u017cna kreatywnie u\u0142o\u017cy\u0107, aby dopasowa\u0107 je do swoich potrzeb. U\u017cywaj jej jako maty pod\u0142ogowej, poduszki na okno lub zmontuj j\u0105 w sofie rozk\u0142adanej lub rozk\u0142adanej na pod\u0142odze, aby zapewni\u0107 wygod\u0119 i elastyczno\u015b\u0107.<\/li>\n<li><strong>Rozk\u0142adana sofa z funkcj\u0105 spania:<\/strong> Odkryj zabawn\u0105 istot\u0119 naszej rozk\u0142adanej sofy. Przearan\u017cuj kszta\u0142ty poduszek, we\u017a udzia\u0142 w kreatywnych grach i ciesz si\u0119 wyj\u0105tkow\u0105 rozrywk\u0105. Pozw\u00f3l swojej wyobra\u017ani wzbi\u0107 si\u0119 w powietrze i spraw, aby ka\u017cdy dzie\u0144 by\u0142 radosny dzi\u0119ki temu zabawnemu meblowi.<\/li>\n<li><strong>Oszcz\u0119dno\u015b\u0107 miejsca:<\/strong> Nasza kompaktowa rozk\u0142adana sofa zosta\u0142a zaprojektowana tak, aby oszcz\u0119dza\u0107 miejsce. Roz\u0142\u00f3\u017c j\u0105 lub z\u0142\u00f3\u017c zgodnie z potrzebami, dostosowuj\u0105c si\u0119 do r\u00f3\u017cnych scenariuszy u\u017cytkowania. To idealne rozwi\u0105zanie, aby zmaksymalizowa\u0107 ograniczone \u015brodowisko domowe, zapewniaj\u0105c jednocze\u015bnie wygodne miejsce do odpoczynku i rozrywki.<\/li>\n<li><strong>Wszechstronne zastosowanie:<\/strong> Nasza sofa rozk\u0142adana nadaje si\u0119 na r\u00f3\u017cne okazje, takie jak ma\u0142e salony, apartamenty i sypialnie, s\u0142u\u017cy jako poduszka pod\u0142ogowa, poduszka okienna, ma\u0142a sofa lub rozk\u0142adany sk\u0142adany fotel. Spe\u0142nia r\u00f3\u017cne potrzeby, czy to czytanie, zabawa, czy sp\u0119dzanie czasu ze znajomymi.<\/li>\n<li><strong>\u0141atwe w utrzymaniu:<\/strong> Wykonana z mi\u0119kkiej, oddychaj\u0105cej i wodoodpornej tkaniny oxford, nasza sofa rozk\u0142adana jest delikatna w dotyku i \u0142atwa w piel\u0119gnacji. Wystarczy delikatnie przetrze\u0107 j\u0105, aby j\u0105 wyczy\u015bci\u0107. Wype\u0142nienie piankowe zapewnia stabilno\u015b\u0107 i wygod\u0119, a zdejmowana poduszka materia\u0142owa nadaje si\u0119 do prania w pralce, co pozwala zaoszcz\u0119dzi\u0107 czas i wysi\u0142ek.<\/li>\n<\/ul>","protected":false},"featured_media":4261,"comment_status":"open","ping_status":"closed","template":"","meta":[],"product_brand":[],"product_cat":[228],"product_tag":[],"class_list":{"0":"post-4269","1":"product","2":"type-product","3":"status-publish","4":"has-post-thumbnail","6":"product_cat-cushions","8":"first","9":"instock","10":"shipping-taxable","11":"purchasable","12":"product-type-simple"},"_links":{"self":[{"href":"https:\/\/www.largepillow.com\/pl\/wp-json\/wp\/v2\/product\/4269","targetHints":{"allow":["GET"]}}],"collection":[{"href":"https:\/\/www.largepillow.com\/pl\/wp-json\/wp\/v2\/product"}],"about":[{"href":"https:\/\/www.largepillow.com\/pl\/wp-json\/wp\/v2\/types\/product"}],"replies":[{"embeddable":true,"href":"https:\/\/www.largepillow.com\/pl\/wp-json\/wp\/v2\/comments?post=4269"}],"wp:featuredmedia":[{"embeddable":true,"href":"https:\/\/www.largepillow.com\/pl\/wp-json\/wp\/v2\/media\/4261"}],"wp:attachment":[{"href":"https:\/\/www.largepillow.com\/pl\/wp-json\/wp\/v2\/media?parent=4269"}],"wp:term":[{"taxonomy":"product_brand","embeddable":true,"href":"https:\/\/www.largepillow.com\/pl\/wp-json\/wp\/v2\/product_brand?post=4269"},{"taxonomy":"product_cat","embeddable":true,"href":"https:\/\/www.largepillow.com\/pl\/wp-json\/wp\/v2\/product_cat?post=4269"},{"taxonomy":"product_tag","embeddable":true,"href":"https:\/\/www.largepillow.com\/pl\/wp-json\/wp\/v2\/product_tag?post=4269"}],"curies":[{"name":"wp","href":"https:\/\/api.w.org\/{rel}","templated":true}]}}