{"id":432,"date":"2022-09-16T01:26:03","date_gmt":"2022-09-16T01:26:03","guid":{"rendered":"https:\/\/www.largepillow.com\/product\/headboard-for-bed"},"modified":"2025-11-05T02:15:27","modified_gmt":"2025-11-05T02:15:27","slug":"duza-poduszka-podtrzymujaca-plecy","status":"publish","type":"product","link":"https:\/\/www.largepillow.com\/pl\/product\/large-back-support-pillow\/","title":{"rendered":"Du\u017ca poduszka podtrzymuj\u0105ca plecy"},"content":{"rendered":"<p>Du\u017ca poduszka pod plecy \u2013 Twoje najlepsze rozwi\u0105zanie zapewniaj\u0105ce przytulny i wygodny wypoczynek! Ta poduszka zag\u0142\u00f3wkowa ma tr\u00f3jk\u0105tny kszta\u0142t, zapewniaj\u0105c doskona\u0142e podparcie plec\u00f3w i talii, minimalizuj\u0105c w ten spos\u00f3b nacisk w odcinku l\u0119d\u017awiowym i plecach. Niezale\u017cnie od tego, czy jeste\u015b nocnym markiem, kt\u00f3ry uwielbia pracowa\u0107 w \u0142\u00f3\u017cku, molem ksi\u0105\u017ckowym, kt\u00f3ry lubi czyta\u0107 w \u0142\u00f3\u017cku, czy te\u017c kim\u015b, kto uwielbia ogl\u0105da\u0107 telewizj\u0119 w \u0142\u00f3\u017cku, ta poduszka do czytania na koturnie pomo\u017ce Ci zachowa\u0107 spok\u00f3j i brak napi\u0119cia.<\/p>\n<p>Ta du\u017ca poduszka z wa\u0142kiem to jedyna poduszka z klinowym zag\u0142\u00f3wkiem, kt\u00f3ra mo\u017ce pomie\u015bci\u0107 dwie osoby, co czyni j\u0105 idealn\u0105 dla par, kt\u00f3re uwielbiaj\u0105 przytula\u0107 si\u0119 do \u0142\u00f3\u017cka. Konstrukcja 3 w 1 pozwala na u\u017cycie jej jako poduszki podpieraj\u0105cej plecy podczas siedzenia w \u0142\u00f3\u017cku, du\u017cej poduszki klinowej podczas snu na plecach lub boku lub poduszki na nogi do uniesienia n\u00f3g.<\/p>\n<p>Wielofunkcyjna konstrukcja tej du\u017cej, tr\u00f3jk\u0105tnej poduszki sprawia, \u017ce jest ona naprawd\u0119 wyj\u0105tkowa. Mo\u017cna jej u\u017cywa\u0107 jako poduszki zabezpieczaj\u0105cej, poduszki wzmacniaj\u0105cej oparcie kanapy lub kanapy, a nawet jako poduszki wezg\u0142owia. Jest zar\u00f3wno stylowy, jak i funkcjonalny, co czyni go doskona\u0142ym dodatkiem do ka\u017cdej sypialni.<\/p>\n<p>Doskona\u0142y kunszt wykonania naszej du\u017cej poduszki pod plecy znajduje odzwierciedlenie w jej materia\u0142ach i konstrukcji. Poszewk\u0119 wykonano z aksamitu poliestrowego 100%, kt\u00f3ry jest mi\u0119kki, elegancki i wygodny w dotyku, a wy\u015bci\u00f3\u0142k\u0119 wykonano z wysokiej jako\u015bci w\u0142\u00f3kien poliestrowych o du\u017cej g\u0119sto\u015bci, kt\u00f3re zapobiegaj\u0105 zwiotczeniu nawet po miesi\u0105cach u\u017cytkowania. Ma nawet boczne kieszenie, w kt\u00f3rych mo\u017cesz pomie\u015bci\u0107 ksi\u0105\u017ck\u0119 lub telefon.<\/p>\n<p>Czyszczenie tej poduszki do czytania jest bezproblemowe. Pokrowiec mocowany jest do poduszki za pomoc\u0105 guzik\u00f3w i mo\u017cna go \u0142atwo zdj\u0105\u0107 za pomoc\u0105 prostego zamka b\u0142yskawicznego. Wystarczy zdj\u0105\u0107 poszewk\u0119 i szybko wypra\u0107 poduszk\u0119 w pralce, a poduszka b\u0119dzie wygl\u0105da\u0107 jak nowa.<\/p>\n<p>Dost\u0119pne w r\u00f3\u017cnych rozmiarach, od 45cm do 200cm, mo\u017cesz wybra\u0107 idealny rozmiar, kt\u00f3ry odpowiada Twoim potrzebom. Ponadto dzi\u0119ki mnogo\u015bci dost\u0119pnych kolor\u00f3w mo\u017cesz bez trudu dopasowa\u0107 du\u017c\u0105 poduszk\u0119 podpieraj\u0105c\u0105 plecy do kolorystyki swojej sypialni.<\/p>\n<p>Klienci zachwyceni nasz\u0105 du\u017c\u0105 poduszk\u0105 podtrzymuj\u0105c\u0105 plecy, niekt\u00f3rzy nazywaj\u0105 j\u0105 najlepsz\u0105 rzecz\u0105, jak\u0105 kupili do swojego \u0142\u00f3\u017cka. Jeden z klient\u00f3w powiedzia\u0142: \u201eTa poduszka ogromnie odmieni\u0142a moje \u017cycie. Zapewnia doskona\u0142e wsparcie i uwielbiam to, jak wygl\u0105da w mojej sypialni. Inna powiedzia\u0142a: \u201eMateria\u0142 jest niezwykle mi\u0119kki i wygodny. Nie wyobra\u017cam sobie spania bez niego.\u201d<\/p>\n<p>Je\u015bli szukasz wygody, wsparcia i stylu, nie szukaj dalej ni\u017c du\u017ca poduszka podtrzymuj\u0105ca plecy. Wypr\u00f3buj sam i przekonaj si\u0119, o co to ca\u0142e zamieszanie!<\/p>","protected":false},"excerpt":{"rendered":"<ul>\n<li><strong>Najwy\u017cszy komfort:<\/strong> Ta poduszka zag\u0142\u00f3wkowa zapewnia doskona\u0142y komfort dzi\u0119ki tr\u00f3jk\u0105tnemu kszta\u0142towi. Poduszka podtrzymuj\u0105ca \u0142\u00f3\u017cko dobrze dopasowuje si\u0119 do plec\u00f3w i talii, minimalizuj\u0105c nacisk na odcinek l\u0119d\u017awiowy\/plecy. Ta klinowa poduszka do czytania pomo\u017ce Ci zachowa\u0107 spok\u00f3j w \u0142\u00f3\u017cku lub na sofie, co jest idealne dla pracuj\u0105cych nocnych mark\u00f3w, moli ksi\u0105\u017ckowych i ogl\u0105dania telewizji w \u0142\u00f3\u017cku. Ta wyj\u0105tkowo du\u017ca poduszka z wa\u0142kiem jest jedyn\u0105 poduszk\u0105 klinow\u0105, kt\u00f3ra mo\u017ce pomie\u015bci\u0107 dwie osoby.<\/li>\n<li><strong>Du\u017ca poduszka 3 w 1:<\/strong> Mo\u017cesz u\u017cywa\u0107 poduszki w pozycji pionowej jako poduszki podpieraj\u0105cej plecy do zag\u0142\u00f3wka podczas siedzenia w \u0142\u00f3\u017cku lub po\u0142o\u017cy\u0107 j\u0105 p\u0142asko na \u0142\u00f3\u017cku, aby u\u017cywa\u0107 jej jako du\u017cej poduszki klinowej podczas snu na plecach lub boku, lub jako poduszki na nogi, aby unie\u015b\u0107 nogi. Je\u015bli potrzebujesz du\u017cej poduszki wezg\u0142owia, kt\u00f3ra zapewni wsparcie zar\u00f3wno Tobie, jak i Twojemu wsp\u00f3\u0142ma\u0142\u017conkowi. To doskona\u0142a alternatywa.<\/li>\n<li><strong>Wielofunkcyjny projekt:<\/strong> Niekt\u00f3rzy u\u017cywaj\u0105 du\u017cej poduszki tr\u00f3jk\u0105tnej jako poduszki zag\u0142\u00f3wka, podczas gdy inni u\u017cywaj\u0105 jej jako poduszki zabezpieczaj\u0105cej, mo\u017ce to by\u0107 r\u00f3wnie\u017c poduszka wspieraj\u0105ca oparcie kanapy lub kanapy. Jest stylowy i funkcjonalny, co czyni go doskona\u0142ym dodatkiem do ka\u017cdej sypialni.<\/li>\n<li><strong>Doskona\u0142e rzemios\u0142o:<\/strong> Poszewk\u0119 na poduszk\u0119 wykonali\u015bmy z aksamitu poliestrowego 100%, kt\u00f3ry jest mi\u0119kki, elegancki i wygodny w dotyku. Wy\u015bci\u00f3\u0142ka wykonana jest z wysokiej jako\u015bci w\u0142\u00f3kien poliestrowych o du\u017cej g\u0119sto\u015bci, kt\u00f3re zapobiegaj\u0105 zwiotczeniu nawet po miesi\u0105cach u\u017cytkowania. Dodatkowo ma boczne kieszenie, w kt\u00f3rych mo\u017cesz przechowywa\u0107 ksi\u0105\u017ck\u0119 lub telefon.<\/li>\n<li><strong>\u0141atwe do czyszczenia:<\/strong> Pokrowiec na poduszk\u0119 do czytania mocuje si\u0119 do poduszki za pomoc\u0105 guzik\u00f3w i mo\u017cna go \u0142atwo zdj\u0105\u0107 za pomoc\u0105 prostego zamka b\u0142yskawicznego. Dzi\u0119ki temu jego czyszczenie nie sprawia \u017cadnych problem\u00f3w. Wystarczy zdj\u0105\u0107 poszewk\u0119 i szybko wypra\u0107 poduszk\u0119 w pralce, a poduszka b\u0119dzie wygl\u0105da\u0107 jak nowa.<\/li>\n<li><strong>Rozmiar:<\/strong> 45 cm (d\u0142. 45 x szer. 20 x wys. 50 | 0 przycisk\u00f3w), 60 cm (d\u0142. 60 x szer. 20 x wys. 50 | 0 przycisk\u00f3w), 80 cm (d\u0142. 80 x szer. 20 x wys. 50 | 2 przyciski), 100 cm (d\u0142. 100 x szer. 20 x wys. 50 | 3 przyciski), 120 cm ( D\u0142. 120 x szer. 20 x wys. 50 | 4 przyciski), 140 cm (d\u0142. 140 x szer. 20 x wys. 50 | 4 przyciski), 160 cm (d\u0142. 160 x szer. 20 x wys. 50 | 5 przycisk\u00f3w), 180 cm (d\u0142. 180 x szer. 20 x wys. 50 | 6 przycisk\u00f3w), 200 cm (d\u0142. 200 x wys. S20 x W50 | 7 przycisk\u00f3w).<\/li>\n<\/ul>","protected":false},"featured_media":414,"comment_status":"open","ping_status":"closed","template":"","meta":[],"product_brand":[],"product_cat":[15],"product_tag":[205,67,204,168,132,163,112,143,71,65],"class_list":{"0":"post-432","1":"product","2":"type-product","3":"status-publish","4":"has-post-thumbnail","6":"product_cat-large-wedge-pillow","7":"product_tag-back-support-headboard-pillow","8":"product_tag-backrest-reading-pillow","9":"product_tag-bed-support-cushion","10":"product_tag-headboard-pillow","11":"product_tag-large-bolster-pillow","12":"product_tag-leg-pillow","13":"product_tag-lumbar-support-pillow","14":"product_tag-multifunctional-pillow","15":"product_tag-tv-pillow","16":"product_tag-wedge-pillow","18":"first","19":"instock","20":"featured","21":"shipping-taxable","22":"purchasable","23":"product-type-variable"},"_links":{"self":[{"href":"https:\/\/www.largepillow.com\/pl\/wp-json\/wp\/v2\/product\/432","targetHints":{"allow":["GET"]}}],"collection":[{"href":"https:\/\/www.largepillow.com\/pl\/wp-json\/wp\/v2\/product"}],"about":[{"href":"https:\/\/www.largepillow.com\/pl\/wp-json\/wp\/v2\/types\/product"}],"replies":[{"embeddable":true,"href":"https:\/\/www.largepillow.com\/pl\/wp-json\/wp\/v2\/comments?post=432"}],"wp:featuredmedia":[{"embeddable":true,"href":"https:\/\/www.largepillow.com\/pl\/wp-json\/wp\/v2\/media\/414"}],"wp:attachment":[{"href":"https:\/\/www.largepillow.com\/pl\/wp-json\/wp\/v2\/media?parent=432"}],"wp:term":[{"taxonomy":"product_brand","embeddable":true,"href":"https:\/\/www.largepillow.com\/pl\/wp-json\/wp\/v2\/product_brand?post=432"},{"taxonomy":"product_cat","embeddable":true,"href":"https:\/\/www.largepillow.com\/pl\/wp-json\/wp\/v2\/product_cat?post=432"},{"taxonomy":"product_tag","embeddable":true,"href":"https:\/\/www.largepillow.com\/pl\/wp-json\/wp\/v2\/product_tag?post=432"}],"curies":[{"name":"wp","href":"https:\/\/api.w.org\/{rel}","templated":true}]}}