{"id":4365,"date":"2024-09-13T03:28:21","date_gmt":"2024-09-13T03:28:21","guid":{"rendered":"https:\/\/www.largepillow.com\/product\/large-headboard-reading-pillow-bolster-body-pillow-gray"},"modified":"2024-10-03T16:31:33","modified_gmt":"2024-10-03T16:31:33","slug":"duza-poduszka-do-czytania-na-wezglowie-poduszka-do-ciala-szara","status":"publish","type":"product","link":"https:\/\/www.largepillow.com\/pl\/product\/large-headboard-reading-pillow-bolster-body-pillow-gray","title":{"rendered":"Du\u017ca poduszka do czytania na wezg\u0142owiu, szara"},"content":{"rendered":"[zc_getpagecontent mb=&#8221;mb_aplus&#8221; apid=&#8221;60&#8243;]\n","protected":false},"excerpt":{"rendered":"<ul>\n<li>Nowoczesny design: Zaprojektowana z pikowanymi guzikami i przeszyciami, zawini\u0119te kraw\u0119dzie dodaj\u0105 r\u00f3wnie\u017c dodatkowego dekoracyjnego charakteru. Ta du\u017ca poduszka l\u0119d\u017awiowa z du\u017cym wype\u0142nieniem zapewnia dodatkowy komfort i gwarantuje najlepsze wsparcie podczas siedzenia i relaksu. U\u017cywaj jej samodzielnie jako elementu dekoracyjnego lub mieszaj i dopasowuj z innymi standardowymi poduszkami z nadrukiem\/jednolitymi lub innymi haftowanymi, aby uzyska\u0107 skoordynowany wygl\u0105d.<\/li>\n<li>Poduszka Great Back Support: Ta du\u017ca poduszka jest bardziej podtrzymuj\u0105ca ni\u017c zwyk\u0142e puszyste poduszki, poduszki buduarowe lub poduszki euro i jest wytrzyma\u0142a, aby zachowa\u0107 sw\u00f3j kszta\u0142t. Ta du\u017ca poduszka na wezg\u0142owie \u0142\u00f3\u017cka z du\u017cym wype\u0142nieniem zapewnia dodatkowy komfort, w po\u0142\u0105czeniu z mi\u0119kkim materacem, zapewnia najlepsze wsparcie, gdy odchylasz si\u0119 do ty\u0142u i relaksujesz. A ta nowoczesna du\u017ca poduszka oparcia rozwi\u0105\u017ce r\u00f3wnie\u017c problem z poduszkami \u0142\u00f3\u017cka przesuwaj\u0105cymi si\u0119 mi\u0119dzy materacem a wezg\u0142owiem.<\/li>\n<li>Wielozadaniowo\u015b\u0107: U\u017cyj tej du\u017cej poduszki pod plecy jako alternatywy dla wezg\u0142owia \u0142\u00f3\u017cka lub oparcia sofy, lub po\u0142\u00f3\u017c j\u0105 na \u0142awce, aby mie\u0107 now\u0105 sof\u0119. Ta d\u0142uga poduszka do \u0142\u00f3\u017cka mo\u017ce by\u0107 r\u00f3wnie\u017c u\u017cywana jako du\u017ca poduszka do cia\u0142a, aby pom\u00f3c Ci dobrze si\u0119 wyspa\u0107. Ta tapicerowana poduszka na wezg\u0142owie \u0142\u00f3\u017cka jest tak wspania\u0142a, tak doskona\u0142ej jako\u015bci i super wygodna do oparcia. Jednocze\u015bnie dobrze komponuje si\u0119 z r\u00f3\u017cnymi stylami wystroju wn\u0119trz, dodaj\u0105c sypialni ciep\u0142ego i przytulnego uczucia.<\/li>\n<li>Najwy\u017cszej jako\u015bci wykonanie: 100% poliestrowa tkanina rzemie\u015blnicza d\u0142uga poduszka jest niezwykle mi\u0119kka i wygodna dla Twojej sk\u00f3ry. Tradycyjne poduszki dekoracyjne maj\u0105 tendencj\u0119 do zapadania si\u0119 z czasem, ale ta poduszka do czytania ma pikowane guziki, kt\u00f3re nie tylko zapewniaj\u0105 nowoczesny styl, ale tak\u017ce utrzymuj\u0105 wype\u0142nienie na miejscu, zapewniaj\u0105c trwa\u0142o\u015b\u0107. Patchworkowe przeszycia i ko\u0142nierzowe kraw\u0119dzie dodaj\u0105 r\u00f3wnie\u017c dodatkowej dekoracji.<\/li>\n<li>Instrukcje dotycz\u0105ce piel\u0119gnacji poszewek na poduszki: Poszewki na poduszki s\u0105 zdejmowane, nie blakn\u0105 ani nie strz\u0119pi\u0105 si\u0119, s\u0105 \u0142atwe w piel\u0119gnacji i mo\u017cna je pra\u0107 w pralce dzi\u0119ki pikowanym guzikom i niewidocznemu zamkowi b\u0142yskawicznemu.<\/li>\n<\/ul>","protected":false},"featured_media":4347,"comment_status":"open","ping_status":"closed","template":"","meta":[],"product_brand":[],"product_cat":[28],"product_tag":[],"class_list":{"0":"post-4365","1":"product","2":"type-product","3":"status-publish","4":"has-post-thumbnail","6":"product_cat-large-body-pillow","8":"first","9":"instock","10":"shipping-taxable","11":"purchasable","12":"product-type-variable","13":"has-default-attributes"},"_links":{"self":[{"href":"https:\/\/www.largepillow.com\/pl\/wp-json\/wp\/v2\/product\/4365","targetHints":{"allow":["GET"]}}],"collection":[{"href":"https:\/\/www.largepillow.com\/pl\/wp-json\/wp\/v2\/product"}],"about":[{"href":"https:\/\/www.largepillow.com\/pl\/wp-json\/wp\/v2\/types\/product"}],"replies":[{"embeddable":true,"href":"https:\/\/www.largepillow.com\/pl\/wp-json\/wp\/v2\/comments?post=4365"}],"wp:featuredmedia":[{"embeddable":true,"href":"https:\/\/www.largepillow.com\/pl\/wp-json\/wp\/v2\/media\/4347"}],"wp:attachment":[{"href":"https:\/\/www.largepillow.com\/pl\/wp-json\/wp\/v2\/media?parent=4365"}],"wp:term":[{"taxonomy":"product_brand","embeddable":true,"href":"https:\/\/www.largepillow.com\/pl\/wp-json\/wp\/v2\/product_brand?post=4365"},{"taxonomy":"product_cat","embeddable":true,"href":"https:\/\/www.largepillow.com\/pl\/wp-json\/wp\/v2\/product_cat?post=4365"},{"taxonomy":"product_tag","embeddable":true,"href":"https:\/\/www.largepillow.com\/pl\/wp-json\/wp\/v2\/product_tag?post=4365"}],"curies":[{"name":"wp","href":"https:\/\/api.w.org\/{rel}","templated":true}]}}