{"id":4576,"date":"2024-10-25T03:48:45","date_gmt":"2024-10-25T03:48:45","guid":{"rendered":"https:\/\/www.largepillow.com\/product\/3-storey-felt-cat-cave-multi-cat-condo-tunnel-bed"},"modified":"2024-12-20T18:18:54","modified_gmt":"2024-12-20T18:18:54","slug":"3-pietrowa-filcowa-jaskinia-dla-kota-wielopoziomowe-legowisko-dla-kota-w-ksztalcie-tunelu","status":"publish","type":"product","link":"https:\/\/www.largepillow.com\/pl\/product\/3-storey-felt-cat-cave-multi-cat-condo-tunnel-bed\/","title":{"rendered":"Trzypi\u0119trowa filcowa jaskinia dla kot\u00f3w, wielokotne mieszkanie i \u0142\u00f3\u017cko tunelowe"},"content":{"rendered":"[zc_getpagecontent mb=&#8221;mb_aplus&#8221; apid=&#8221;98&#8243;]\n","protected":false},"excerpt":{"rendered":"<ul>\n<li><strong>Odpowiednie dla gospodarstw domowych z wieloma kotami:<\/strong> Tekturowe domki dla kot\u00f3w s\u0105 tworzone z my\u015bl\u0105 o domach z wieloma kotami, oferuj\u0105c mn\u00f3stwo miejsca do zabawy i harmonijnego wsp\u00f3\u0142istnienia kilku kot\u00f3w. Te wewn\u0119trzne domki dla kot\u00f3w s\u0105 zaprojektowane z wieloma oknami, kt\u00f3re nie tylko zaspokajaj\u0105 wrodzon\u0105 ciekawo\u015b\u0107 kot\u00f3w, ale tak\u017ce oferuj\u0105 im wiele punkt\u00f3w obserwacyjnych do badania i cieszenia si\u0119 otoczeniem.<\/li>\n<li><strong>Odporne na zarysowania i trwa\u0142e:<\/strong> Nasze domki i kondominia dla kot\u00f3w s\u0105 wykonane z lekkiego materia\u0142u filcowego, kt\u00f3ry jest nie tylko odporny na zarysowania, ale tak\u017ce niezwykle trwa\u0142y. Materia\u0142 ten zapewnia kotom idealn\u0105 powierzchni\u0119 do drapania i ostrzenia pazur\u00f3w bez uszkadzania konstrukcji. Konstrukcja jest r\u00f3wnie\u017c wodoodporna i odporna na plamy, dzi\u0119ki czemu jest \u0142atwa do czyszczenia i konserwacji, zapewniaj\u0105c, \u017ce domek dla kota pozostanie w doskona\u0142ym stanie przy minimalnym wysi\u0142ku.<\/li>\n<li><strong>\u0141atwy monta\u017c:<\/strong>\u00a0Tunele dla kot\u00f3w s\u0105 zaprojektowane do bezproblemowego monta\u017cu, co pozwala na ich szybkie ustawienie zgodnie z Twoimi i kocimi preferencjami. Prosty proces monta\u017cu naszego tekturowego domku dla kot\u00f3w obiecuje bezproblemowe do\u015bwiadczenie. Aby uzyska\u0107 przewodnik krok po kroku, zach\u0119camy do obejrzenia do\u0142\u0105czonego filmu instrukta\u017cowego, kt\u00f3ry zapewni, \u017ce z \u0142atwo\u015bci\u0105 zbudujesz przyjemn\u0105 i bezpieczn\u0105 przestrze\u0144 dla swoich kocich przyjaci\u00f3\u0142.<\/li>\n<li><strong>Oddychaj\u0105ca konstrukcja:<\/strong> Pochwal si\u0119 oddychaj\u0105c\u0105 konstrukcj\u0105, kt\u00f3ra zwi\u0119ksza komfort Twoich kocich przyjaci\u00f3\u0142. Unikalny materia\u0142 filcowy w po\u0142\u0105czeniu ze strategicznie rozmieszczonymi oknami zapewnia optymaln\u0105 wentylacj\u0119, umo\u017cliwiaj\u0105c swobodn\u0105 cyrkulacj\u0119 \u015bwie\u017cego powietrza. Ten tekturowy drapak dla kot\u00f3w zosta\u0142 starannie wykonany, aby zapewni\u0107 wygodn\u0105 i dobrze wentylowan\u0105 przestrze\u0144, w kt\u00f3rej Twoje koty mog\u0105 si\u0119 bawi\u0107 i odpoczywa\u0107 bez uczucia skr\u0119powania lub duszno\u015bci. Konstrukcja skutecznie utrzymuje przytulne i oddychaj\u0105ce \u015brodowisko, zapewniaj\u0105c im ch\u0142\u00f3d latem i ciep\u0142o w miesi\u0105cach zimowych.<\/li>\n<li><strong>Przestronne wn\u0119trze:<\/strong> Uroczy plac zabaw, kt\u00f3ry w rzeczywisto\u015bci sk\u0142ada si\u0119 z zestawu trzech po\u0142\u0105czonych ze sob\u0105 domk\u00f3w dla kot\u00f3w. Razem tworz\u0105 one spor\u0105 przestrze\u0144 o wymiarach 17x17x39 cali, kt\u00f3ra jest idealna dla wielu kot\u00f3w do w\u0119drowania, zabawy i eksploracji. To rozleg\u0142e wn\u0119trze zapewnia Twoim kotom du\u017c\u0105 przestrze\u0144 do rozci\u0105gania si\u0119, wypoczynku i zabaw. Dzi\u0119ki \u0142\u0105cznej no\u015bno\u015bci do 35 funt\u00f3w ta po\u0142\u0105czona kocia jaskinia zapewnia, \u017ce nawet wi\u0119ksze koty mog\u0105 wygodnie korzysta\u0107 z du\u017cej przestrzeni. To idealne schronienie dla Twoich kocich przyjaci\u00f3\u0142, aby mogli si\u0119 zrelaksowa\u0107 i bawi\u0107, tworz\u0105c przytulne i anga\u017cuj\u0105ce \u015brodowisko, kt\u00f3re jest zar\u00f3wno funkcjonalne, jak i atrakcyjne.<\/li>\n<\/ul>","protected":false},"featured_media":4563,"comment_status":"open","ping_status":"closed","template":"","meta":[],"product_brand":[],"product_cat":[227],"product_tag":[],"class_list":{"0":"post-4576","1":"product","2":"type-product","3":"status-publish","4":"has-post-thumbnail","6":"product_cat-pet-supplies","8":"first","9":"outofstock","10":"shipping-taxable","11":"purchasable","12":"product-type-simple"},"_links":{"self":[{"href":"https:\/\/www.largepillow.com\/pl\/wp-json\/wp\/v2\/product\/4576","targetHints":{"allow":["GET"]}}],"collection":[{"href":"https:\/\/www.largepillow.com\/pl\/wp-json\/wp\/v2\/product"}],"about":[{"href":"https:\/\/www.largepillow.com\/pl\/wp-json\/wp\/v2\/types\/product"}],"replies":[{"embeddable":true,"href":"https:\/\/www.largepillow.com\/pl\/wp-json\/wp\/v2\/comments?post=4576"}],"wp:featuredmedia":[{"embeddable":true,"href":"https:\/\/www.largepillow.com\/pl\/wp-json\/wp\/v2\/media\/4563"}],"wp:attachment":[{"href":"https:\/\/www.largepillow.com\/pl\/wp-json\/wp\/v2\/media?parent=4576"}],"wp:term":[{"taxonomy":"product_brand","embeddable":true,"href":"https:\/\/www.largepillow.com\/pl\/wp-json\/wp\/v2\/product_brand?post=4576"},{"taxonomy":"product_cat","embeddable":true,"href":"https:\/\/www.largepillow.com\/pl\/wp-json\/wp\/v2\/product_cat?post=4576"},{"taxonomy":"product_tag","embeddable":true,"href":"https:\/\/www.largepillow.com\/pl\/wp-json\/wp\/v2\/product_tag?post=4576"}],"curies":[{"name":"wp","href":"https:\/\/api.w.org\/{rel}","templated":true}]}}