{"id":459,"date":"2022-09-16T02:19:51","date_gmt":"2022-09-16T02:19:51","guid":{"rendered":"https:\/\/www.largepillow.com\/product\/large-bolster-cushion"},"modified":"2025-11-05T02:15:31","modified_gmt":"2025-11-05T02:15:31","slug":"zaglowek-lozka","status":"publish","type":"product","link":"https:\/\/www.largepillow.com\/pl\/product\/bed-bolster","title":{"rendered":"Zag\u0142\u00f3wek \u0142\u00f3\u017cka"},"content":{"rendered":"<p>Odkryj najwy\u017cszy komfort dzi\u0119ki zag\u0142\u00f3wkowi \u0142\u00f3\u017cka: Twojej idealnej poduszce wielofunkcyjnej<\/p>\n<p>W dzisiejszym dynamicznym \u015bwiecie relaks i komfort w domu nigdy nie by\u0142y wa\u017cniejsze. Niezale\u017cnie od tego, czy jeste\u015b molem ksi\u0105\u017ckowym, nocnym markiem pracuj\u0105cym do p\u00f3\u017ana, czy te\u017c osob\u0105, kt\u00f3ra lubi ogl\u0105da\u0107 ulubione seriale w \u0142\u00f3\u017cku, Bed Bolster jest tutaj, aby zmieni\u0107 Twoje wra\u017cenia. Ta poduszka zag\u0142\u00f3wkowa o innowacyjnym designie i wielofunkcyjnym zastosowaniu gwarantuje, \u017ce komfort nigdy nie b\u0119dzie kompromisowy. Przyjrzyjmy si\u0119 temu, co sprawia, \u017ce zag\u0142\u00f3wek jest niezb\u0119dny w ka\u017cdym nowoczesnym domu.<\/p>\n<p>Najwy\u017cszy komfort dzi\u0119ki tr\u00f3jk\u0105tnemu kszta\u0142towi<\/p>\n<p>Zaprojektowany z my\u015bl\u0105 o Twoim najwy\u017cszym komforcie, Bed Bolster to nie zwyk\u0142a poduszka. Jego unikalny tr\u00f3jk\u0105tny kszta\u0142t zosta\u0142 specjalnie zaprojektowany, aby idealnie dopasowa\u0107 si\u0119 do plec\u00f3w i talii, zapewniaj\u0105c niezr\u00f3wnane wsparcie i skutecznie zmniejszaj\u0105c nacisk w odcinku l\u0119d\u017awiowym i plecach. Ta wyj\u0105tkowo du\u017ca poduszka z wa\u0142kiem zosta\u0142a zaprojektowana tak, aby pomie\u015bci\u0107 dwie osoby, co czyni j\u0105 jedyn\u0105 poduszk\u0105 z klinowym zag\u0142\u00f3wkiem, kt\u00f3rej b\u0119dziesz potrzebowa\u0107, aby odpocz\u0105\u0107 na \u0142\u00f3\u017cku lub sofie bez napi\u0119\u0107.<\/p>\n<p>Wszechstronno\u015b\u0107 w najlepszym wydaniu: du\u017ca poduszka wzmacniaj\u0105ca 3 w 1<\/p>\n<p>Bed Bolster na nowo definiuje wszechstronno\u015b\u0107. U\u017cywaj jej w pozycji pionowej jako poduszki podpieraj\u0105cej plecy podczas siedzenia w \u0142\u00f3\u017cku, po\u0142\u00f3\u017c j\u0105 p\u0142asko jako du\u017c\u0105 poduszk\u0119 klinow\u0105 do spania na plecach lub na boku, a nawet jako poduszk\u0119 na nogi, aby unie\u015b\u0107 nogi w celu poprawy kr\u0105\u017cenia. To idealny wyb\u00f3r dla par poszukuj\u0105cych du\u017cej poduszki zag\u0142\u00f3wkowej, kt\u00f3ra zapewni wsparcie i wygod\u0119 obojgu osobom jednocze\u015bnie.<\/p>\n<p>Wielofunkcyjny projekt na ka\u017cd\u0105 potrzeb\u0119<\/p>\n<p>Opr\u00f3cz funkcji poduszki wezg\u0142owia, Bed Bolster mo\u017ce r\u00f3wnie\u017c pe\u0142ni\u0107 funkcj\u0119 poduszki zabezpieczaj\u0105cej i stylowej poduszki wzmacniaj\u0105cej oparcie kanapy lub kanapy. Jego wielofunkcyjna konstrukcja sprawia, \u017ce bezproblemowo wpasuje si\u0119 w ka\u017cd\u0105 sypialni\u0119 lub przestrze\u0144 mieszkaln\u0105, dodaj\u0105c zar\u00f3wno funkcjonalno\u015bci, jak i stylu.<\/p>\n<p>Rzemios\u0142o, kt\u00f3re m\u00f3wi wiele<\/p>\n<p>Bed Bolster charakteryzuje si\u0119 doskona\u0142ym wykonaniem dzi\u0119ki aksamitnej poszewce na poduszk\u0119 z poliestru 100% \u2013 mi\u0119kkiej, eleganckiej i przyjemnej w dotyku. Wype\u0142niony wysokiej jako\u015bci w\u0142\u00f3knami poliestrowymi o du\u017cej g\u0119sto\u015bci, zapewnia trwa\u0142o\u015b\u0107 i wygod\u0119 bez zwisania, nawet przy intensywnym u\u017cytkowaniu. Dodatkowo wygodne kieszenie boczne zapewniaj\u0105 wygodne miejsce do przechowywania ksi\u0105\u017cki lub telefonu, dzi\u0119ki czemu najwa\u017cniejsze rzeczy s\u0105 pod r\u0119k\u0105.<\/p>\n<p>Bezproblemowa konserwacja<\/p>\n<p>Utrzymanie \u0142\u00f3\u017cka w czysto\u015bci jest tak proste, jak to tylko mo\u017cliwe. Poszewk\u0119 poduszki do czytania, zapinan\u0105 na prosty zamek b\u0142yskawiczny, mo\u017cna \u0142atwo zdj\u0105\u0107 i wypra\u0107 w pralce, dzi\u0119ki czemu poduszka zawsze pozostanie \u015bwie\u017ca i zach\u0119caj\u0105ca.<\/p>\n<p>Dopasowane do Twojej przestrzeni<\/p>\n<p>Dost\u0119pne w rozmiarach od 45 cm do 200 cm d\u0142ugo\u015bci i wyposa\u017cone w a\u017c 7 przycisk\u00f3w u\u0142atwiaj\u0105cych regulacj\u0119 i podparcie, Bed Bolster zaprojektowano tak, aby idealnie pasowa\u0142y do ka\u017cdej przestrzeni. Wybierz rozmiar, kt\u00f3ry najlepiej odpowiada Twoim potrzebom i ciesz si\u0119 indywidualnym poczuciem komfortu i wsparcia.<\/p>\n<p>Co m\u00f3wi\u0105 klienci<\/p>\n<p>Z komentarzy dotycz\u0105cych towaru jasno wynika, \u017ce klienci s\u0105 zachwyceni swoim zakupem. Wiele os\u00f3b podkre\u015bla \u201etr\u00f3jk\u0105tn\u0105 poduszk\u0119 podtrzymuj\u0105c\u0105\u201d ze wzgl\u0119du na jej wyj\u0105tkowy komfort i wsparcie, podczas gdy inni chwal\u0105 \u201eaksamit\u201d ze wzgl\u0119du na jego mi\u0119kko\u015b\u0107 i luksusowe uczucie. Kolor \u201ekawowy\u201d wydaje si\u0119 by\u0107 ulubionym w\u015br\u00f3d kupuj\u0105cych, dodaj\u0105c elegancji ka\u017cdemu pomieszczeniu.<\/p>\n<p>Podsumowanie<\/p>\n<p>Bed Bolster to co\u015b wi\u0119cej ni\u017c tylko poduszka; to prze\u0142om, je\u015bli chodzi o popraw\u0119 relaksu i komfortu w domu. Wielofunkcyjna konstrukcja, wyj\u0105tkowe wykonanie i \u0142atwa konserwacja sprawiaj\u0105, \u017ce jest to produkt wyj\u0105tkowy. Niezale\u017cnie od tego, czy czytasz, pracujesz, czy po prostu odpoczywasz po d\u0142ugim dniu, Bed Bolster obiecuje by\u0107 Twoim idealnym towarzyszem. Nie wierz nam na s\u0142owo; wypr\u00f3buj i do\u015bwiadcz najwy\u017cszego komfortu dla siebie!<\/p>","protected":false},"excerpt":{"rendered":"<ul>\n<li><strong>Najwy\u017cszy komfort:<\/strong> Ta poduszka zag\u0142\u00f3wkowa zapewnia doskona\u0142y komfort dzi\u0119ki tr\u00f3jk\u0105tnemu kszta\u0142towi. Poduszka podtrzymuj\u0105ca \u0142\u00f3\u017cko dobrze dopasowuje si\u0119 do plec\u00f3w i talii, minimalizuj\u0105c nacisk na odcinek l\u0119d\u017awiowy\/plecy. Ta klinowa poduszka do czytania pomo\u017ce Ci zachowa\u0107 spok\u00f3j w \u0142\u00f3\u017cku lub na sofie, co jest idealne dla pracuj\u0105cych nocnych mark\u00f3w, moli ksi\u0105\u017ckowych i ogl\u0105dania telewizji w \u0142\u00f3\u017cku. Ta wyj\u0105tkowo du\u017ca poduszka z wa\u0142kiem jest jedyn\u0105 poduszk\u0105 klinow\u0105, kt\u00f3ra mo\u017ce pomie\u015bci\u0107 dwie osoby.<\/li>\n<li><strong>Du\u017ca poduszka 3 w 1:<\/strong> Mo\u017cesz u\u017cywa\u0107 poduszki w pozycji pionowej jako poduszki podpieraj\u0105cej plecy do zag\u0142\u00f3wka podczas siedzenia w \u0142\u00f3\u017cku lub po\u0142o\u017cy\u0107 j\u0105 p\u0142asko na \u0142\u00f3\u017cku, aby u\u017cywa\u0107 jej jako du\u017cej poduszki klinowej podczas snu na plecach lub boku, lub jako poduszki na nogi, aby unie\u015b\u0107 nogi. Je\u015bli potrzebujesz du\u017cej poduszki wezg\u0142owia, kt\u00f3ra zapewni wsparcie zar\u00f3wno Tobie, jak i Twojemu wsp\u00f3\u0142ma\u0142\u017conkowi. To doskona\u0142a alternatywa.<\/li>\n<li><strong>Wielofunkcyjny projekt:<\/strong> Niekt\u00f3rzy u\u017cywaj\u0105 du\u017cej poduszki tr\u00f3jk\u0105tnej jako poduszki zag\u0142\u00f3wka, podczas gdy inni u\u017cywaj\u0105 jej jako poduszki zabezpieczaj\u0105cej, mo\u017ce to by\u0107 r\u00f3wnie\u017c poduszka wspieraj\u0105ca oparcie kanapy lub kanapy. Jest stylowy i funkcjonalny, co czyni go doskona\u0142ym dodatkiem do ka\u017cdej sypialni.<\/li>\n<li><strong>Doskona\u0142e rzemios\u0142o:<\/strong> Poszewk\u0119 na poduszk\u0119 wykonali\u015bmy z aksamitu poliestrowego 100%, kt\u00f3ry jest mi\u0119kki, elegancki i wygodny w dotyku. Wy\u015bci\u00f3\u0142ka wykonana jest z wysokiej jako\u015bci w\u0142\u00f3kien poliestrowych o du\u017cej g\u0119sto\u015bci, kt\u00f3re zapobiegaj\u0105 zwiotczeniu nawet po miesi\u0105cach u\u017cytkowania. Dodatkowo ma boczne kieszenie, w kt\u00f3rych mo\u017cesz przechowywa\u0107 ksi\u0105\u017ck\u0119 lub telefon.<\/li>\n<li><strong>\u0141atwe do czyszczenia:<\/strong> Pokrowiec na poduszk\u0119 do czytania mocuje si\u0119 do poduszki za pomoc\u0105 guzik\u00f3w i mo\u017cna go \u0142atwo zdj\u0105\u0107 za pomoc\u0105 prostego zamka b\u0142yskawicznego. Dzi\u0119ki temu jego czyszczenie nie sprawia \u017cadnych problem\u00f3w. Wystarczy zdj\u0105\u0107 poszewk\u0119 i szybko wypra\u0107 poduszk\u0119 w pralce, a poduszka b\u0119dzie wygl\u0105da\u0107 jak nowa.<\/li>\n<li><strong>Rozmiar:<\/strong> 45 cm (d\u0142. 45 x szer. 20 x wys. 50 | 0 przycisk\u00f3w), 60 cm (d\u0142. 60 x szer. 20 x wys. 50 | 0 przycisk\u00f3w), 80 cm (d\u0142. 80 x szer. 20 x wys. 50 | 2 przyciski), 100 cm (d\u0142. 100 x szer. 20 x wys. 50 | 3 przyciski), 120 cm ( D\u0142. 120 x szer. 20 x wys. 50 | 4 przyciski), 140 cm (d\u0142. 140 x szer. 20 x wys. 50 | 4 przyciski), 160 cm (d\u0142. 160 x szer. 20 x wys. 50 | 5 przycisk\u00f3w), 180 cm (d\u0142. 180 x szer. 20 x wys. 50 | 6 przycisk\u00f3w), 200 cm (d\u0142. 200 x wys. S20 x W50 | 7 przycisk\u00f3w).<\/li>\n<\/ul>","protected":false},"featured_media":442,"comment_status":"open","ping_status":"closed","template":"","meta":[],"product_brand":[],"product_cat":[15],"product_tag":[66,210,206,102,75,168,132,163,143,59,120,65],"class_list":{"0":"post-459","1":"product","2":"type-product","3":"status-publish","4":"has-post-thumbnail","6":"product_cat-large-wedge-pillow","7":"product_tag-back-support-pillow","8":"product_tag-bed-bolster","9":"product_tag-bumper-pillow","10":"product_tag-couch-pillow","11":"product_tag-daybed-pillow","12":"product_tag-headboard-pillow","13":"product_tag-large-bolster-pillow","14":"product_tag-leg-pillow","15":"product_tag-multifunctional-pillow","16":"product_tag-reading-pillow","17":"product_tag-velvet-pillow","18":"product_tag-wedge-pillow","20":"first","21":"instock","22":"shipping-taxable","23":"purchasable","24":"product-type-variable"},"_links":{"self":[{"href":"https:\/\/www.largepillow.com\/pl\/wp-json\/wp\/v2\/product\/459","targetHints":{"allow":["GET"]}}],"collection":[{"href":"https:\/\/www.largepillow.com\/pl\/wp-json\/wp\/v2\/product"}],"about":[{"href":"https:\/\/www.largepillow.com\/pl\/wp-json\/wp\/v2\/types\/product"}],"replies":[{"embeddable":true,"href":"https:\/\/www.largepillow.com\/pl\/wp-json\/wp\/v2\/comments?post=459"}],"wp:featuredmedia":[{"embeddable":true,"href":"https:\/\/www.largepillow.com\/pl\/wp-json\/wp\/v2\/media\/442"}],"wp:attachment":[{"href":"https:\/\/www.largepillow.com\/pl\/wp-json\/wp\/v2\/media?parent=459"}],"wp:term":[{"taxonomy":"product_brand","embeddable":true,"href":"https:\/\/www.largepillow.com\/pl\/wp-json\/wp\/v2\/product_brand?post=459"},{"taxonomy":"product_cat","embeddable":true,"href":"https:\/\/www.largepillow.com\/pl\/wp-json\/wp\/v2\/product_cat?post=459"},{"taxonomy":"product_tag","embeddable":true,"href":"https:\/\/www.largepillow.com\/pl\/wp-json\/wp\/v2\/product_tag?post=459"}],"curies":[{"name":"wp","href":"https:\/\/api.w.org\/{rel}","templated":true}]}}