{"id":4670,"date":"2024-11-05T04:13:37","date_gmt":"2024-11-05T04:13:37","guid":{"rendered":"https:\/\/www.largepillow.com\/product\/wood-log-ottoman-pouf-cushion-foam-removable-cover"},"modified":"2025-11-24T01:41:33","modified_gmt":"2025-11-24T01:41:33","slug":"pufa-z-bali-drewnianych-poduszka-piankowa-zdejmowany-pokrowiec","status":"publish","type":"product","link":"https:\/\/www.largepillow.com\/pl\/product\/wood-log-ottoman-pouf-cushion-foam-removable-cover\/","title":{"rendered":"Poduszka pufowa Wood Log Ottoman \u2013 pianka i zdejmowany pokrowiec"},"content":{"rendered":"[zc_getpagecontent mb=&#8221;mb_aplus&#8221; apid=&#8221;101&#8243;]\n","protected":false},"excerpt":{"rendered":"<ul>\n<li>Wyj\u0105tkowy wz\u00f3r tekstury drzewa: Dzi\u0119ki kreatywnemu wzorowi pnia ten innowacyjny puf w kszta\u0142cie drzewa emanuje stylem i dodaje dramatyzmu wizualnego i funkcjonalnego do Twojej przestrzeni. Jego \u017cywe kolory i wszechstronne zastosowanie sprawiaj\u0105, \u017ce jest to wyr\u00f3\u017cniaj\u0105cy si\u0119 dodatek do ka\u017cdego uk\u0142adu mebli, podnosz\u0105cy og\u00f3ln\u0105 estetyk\u0119.<\/li>\n<li>Wielofunkcyjny i stylowy: Idealny do r\u00f3\u017cnych zastosowa\u0144, np. ustawienia przed toaletk\u0105 w sypialni, jako dodatkowe miejsce do siedzenia lub podn\u00f3\u017cek, ten stylowy podn\u00f3\u017cek doda elegancji ka\u017cdemu pomieszczeniu. Mo\u017cna go u\u017cywa\u0107 jako stolika kawowego z tac\u0105, co czyni go uniwersalnym elementem dekoracyjnym.<\/li>\n<li>Komfort i jako\u015b\u0107: Wykonany z mi\u0119kkiego aksamitnego pokrycia i wype\u0142niony piank\u0105 o wysokiej g\u0119sto\u015bci, ten geometryczny podn\u00f3\u017cek oferuje wygodne i wspieraj\u0105ce wra\u017cenia z siedzenia. Przyjazne dla sk\u00f3ry materia\u0142y i solidna konstrukcja sprawiaj\u0105, \u017ce pufa idealnie pasuje do ka\u017cdego stylu wystroju domu.<\/li>\n<li>Wygodna konserwacja: Zaprojektowany do u\u017cytku wewn\u0105trz, ten pufowy puf jest wypchany g\u0142adkim zamkiem b\u0142yskawicznym, kt\u00f3ry u\u0142atwia zdejmowanie pokrowca w celu czyszczenia. Lekki i \u0142atwy do przenoszenia mi\u0119dzy pokojami, zapewnia bezproblemow\u0105 konserwacj\u0119, aby Twoja przestrze\u0144 wygl\u0105da\u0142a \u015bwie\u017co i schludnie.<\/li>\n<li>Wydajna wysy\u0142ka i rozk\u0142adanie: Aby zagwarantowa\u0107 bezpieczny i wydajny proces wysy\u0142ki, nasze podn\u00f3\u017cki puf s\u0105 pakowane pr\u00f3\u017cniowo. Po prostu pozw\u00f3l im si\u0119 roz\u0142o\u017cy\u0107 przez 24-48 godzin po przybyciu, aby uzyska\u0107 najlepsze wra\u017cenia, zapewniaj\u0105c, \u017ce Tw\u00f3j geometryczny puf jest gotowy, aby podnie\u015b\u0107 poziom Twojej przestrzeni ze stylem i komfortem.<\/li>\n<\/ul>","protected":false},"featured_media":4659,"comment_status":"open","ping_status":"closed","template":"","meta":[],"product_brand":[],"product_cat":[228],"product_tag":[],"class_list":{"0":"post-4670","1":"product","2":"type-product","3":"status-publish","4":"has-post-thumbnail","6":"product_cat-cushions","8":"first","9":"instock","10":"shipping-taxable","11":"purchasable","12":"product-type-variable","13":"has-default-attributes"},"_links":{"self":[{"href":"https:\/\/www.largepillow.com\/pl\/wp-json\/wp\/v2\/product\/4670","targetHints":{"allow":["GET"]}}],"collection":[{"href":"https:\/\/www.largepillow.com\/pl\/wp-json\/wp\/v2\/product"}],"about":[{"href":"https:\/\/www.largepillow.com\/pl\/wp-json\/wp\/v2\/types\/product"}],"replies":[{"embeddable":true,"href":"https:\/\/www.largepillow.com\/pl\/wp-json\/wp\/v2\/comments?post=4670"}],"wp:featuredmedia":[{"embeddable":true,"href":"https:\/\/www.largepillow.com\/pl\/wp-json\/wp\/v2\/media\/4659"}],"wp:attachment":[{"href":"https:\/\/www.largepillow.com\/pl\/wp-json\/wp\/v2\/media?parent=4670"}],"wp:term":[{"taxonomy":"product_brand","embeddable":true,"href":"https:\/\/www.largepillow.com\/pl\/wp-json\/wp\/v2\/product_brand?post=4670"},{"taxonomy":"product_cat","embeddable":true,"href":"https:\/\/www.largepillow.com\/pl\/wp-json\/wp\/v2\/product_cat?post=4670"},{"taxonomy":"product_tag","embeddable":true,"href":"https:\/\/www.largepillow.com\/pl\/wp-json\/wp\/v2\/product_tag?post=4670"}],"curies":[{"name":"wp","href":"https:\/\/api.w.org\/{rel}","templated":true}]}}