{"id":4881,"date":"2024-11-21T04:01:01","date_gmt":"2024-11-21T04:01:01","guid":{"rendered":"https:\/\/www.largepillow.com\/product\/versatile-fold-out-couch-chair-bed-for-home-outdoor"},"modified":"2024-12-13T02:58:30","modified_gmt":"2024-12-13T02:58:30","slug":"wszechstronna-rozkladana-kanapa-krzeslo-lozko-do-domu-na-zewnatrz","status":"publish","type":"product","link":"https:\/\/www.largepillow.com\/pl\/product\/versatile-fold-out-couch-chair-bed-for-home-outdoor\/","title":{"rendered":"Uniwersalna rozk\u0142adana sofa i fotel do spania do domu\/na zewn\u0105trz"},"content":{"rendered":"[zc_getpagecontent mb=&#8221;mb_aplus&#8221; apid=&#8221;107&#8243;]\n","protected":false},"excerpt":{"rendered":"<ul>\n<li>Materia\u0142y wysokiej jako\u015bci: Nasza rozk\u0142adana sofa jest wykonana z tkaniny Oxford, kt\u00f3ra jest trwa\u0142a, wodoodporna i \u0142atwa do czyszczenia. Wype\u0142nienie poliestrowe pozwala na zapadanie si\u0119, zapewniaj\u0105c doskona\u0142e podparcie plec\u00f3w podczas d\u0142ugich okres\u00f3w siedzenia lub le\u017cenia, zapewniaj\u0105c wygodne i relaksuj\u0105ce wra\u017cenia.<\/li>\n<li>Wszechstronny i oszcz\u0119dzaj\u0105cy miejsce design: Nasza sk\u0142adana kanapa bez problemu przekszta\u0142ca si\u0119 w sof\u0119 stoj\u0105c\u0105, le\u017cank\u0119 i sof\u0119 z funkcj\u0105 spania, dostosowuj\u0105c si\u0119 do Twoich r\u00f3\u017cnorodnych potrzeb. Lekka i sk\u0142adana kanapa z funkcj\u0105 spania umo\u017cliwia \u0142atwe przesuwanie, sk\u0142adanie, przechowywanie i przenoszenie. To idealny wyb\u00f3r do ma\u0142ych mieszka\u0144, akademik\u00f3w lub dowolnej przestrzeni \u017cyciowej o ograniczonej przestrzeni. \u0141\u0105cz\u0105c funkcjonalno\u015b\u0107 sofy i materaca w jednym elemencie, mo\u017cesz zmaksymalizowa\u0107 przestrze\u0144 bez uszczerbku dla komfortu.<\/li>\n<li>Regulowane i bezpieczne oparcie: Regulowane oparcie umo\u017cliwia r\u00f3wnie\u017c \u0142atw\u0105 regulacj\u0119 zgodnie z Twoimi konkretnymi preferencjami. Pozwala Ci porusza\u0107 si\u0119 do przodu lub do ty\u0142u, aby podeprze\u0107 g\u00f3rn\u0105 cz\u0119\u015b\u0107 plec\u00f3w i g\u0142ow\u0119, zapewniaj\u0105c wygodne wsparcie, niezale\u017cnie od tego, czy le\u017cysz, aby odpocz\u0105\u0107, czy siedzisz, aby czyta\u0107. Promuje zdrow\u0105 postaw\u0119 i zmniejsza dyskomfort.<\/li>\n<li>Materia\u0142y klasy premium i \u0142atwo\u015b\u0107 monta\u017cu: Zewn\u0119trzny pokrowiec sofy z funkcj\u0105 spania jest wykonany z tkaniny Oxford, co zapewnia wygod\u0119 przez d\u0142ugi czas. Pokrowiec z zamkiem b\u0142yskawicznym jest \u0142atwo zdejmowany i mo\u017cna go pra\u0107, co upraszcza konserwacj\u0119 i utrzymanie.<\/li>\n<li>Opakowanie kompresyjne pr\u00f3\u017cniowe: Aby zagwarantowa\u0107 sprawny transport, nasza sofa pod\u0142ogowa jest pakowana pr\u00f3\u017cniowo i mo\u017ce powodowa\u0107 niewielkie odkszta\u0142cenia po otwarciu. Mo\u017cesz spr\u00f3bowa\u0107 poklepa\u0107 sof\u0119, aby pom\u00f3c jej szybko odzyska\u0107 kszta\u0142t. B\u0105d\u017a pewien, \u017ce w ci\u0105gu 48-72 godzin od rozpakowania sofa odzyska sw\u00f3j pierwotny kszta\u0142t i zapewni najlepsze wra\u017cenia.<\/li>\n<\/ul>","protected":false},"featured_media":4866,"comment_status":"open","ping_status":"closed","template":"","meta":[],"product_brand":[],"product_cat":[228],"product_tag":[],"class_list":{"0":"post-4881","1":"product","2":"type-product","3":"status-publish","4":"has-post-thumbnail","6":"product_cat-cushions","8":"first","9":"outofstock","10":"shipping-taxable","11":"purchasable","12":"product-type-simple"},"_links":{"self":[{"href":"https:\/\/www.largepillow.com\/pl\/wp-json\/wp\/v2\/product\/4881","targetHints":{"allow":["GET"]}}],"collection":[{"href":"https:\/\/www.largepillow.com\/pl\/wp-json\/wp\/v2\/product"}],"about":[{"href":"https:\/\/www.largepillow.com\/pl\/wp-json\/wp\/v2\/types\/product"}],"replies":[{"embeddable":true,"href":"https:\/\/www.largepillow.com\/pl\/wp-json\/wp\/v2\/comments?post=4881"}],"wp:featuredmedia":[{"embeddable":true,"href":"https:\/\/www.largepillow.com\/pl\/wp-json\/wp\/v2\/media\/4866"}],"wp:attachment":[{"href":"https:\/\/www.largepillow.com\/pl\/wp-json\/wp\/v2\/media?parent=4881"}],"wp:term":[{"taxonomy":"product_brand","embeddable":true,"href":"https:\/\/www.largepillow.com\/pl\/wp-json\/wp\/v2\/product_brand?post=4881"},{"taxonomy":"product_cat","embeddable":true,"href":"https:\/\/www.largepillow.com\/pl\/wp-json\/wp\/v2\/product_cat?post=4881"},{"taxonomy":"product_tag","embeddable":true,"href":"https:\/\/www.largepillow.com\/pl\/wp-json\/wp\/v2\/product_tag?post=4881"}],"curies":[{"name":"wp","href":"https:\/\/api.w.org\/{rel}","templated":true}]}}