{"id":4896,"date":"2024-11-21T04:08:35","date_gmt":"2024-11-21T04:08:35","guid":{"rendered":"https:\/\/www.largepillow.com\/product\/large-shell-shaped-cat-couch-modern-cat-bed"},"modified":"2025-02-02T16:24:37","modified_gmt":"2025-02-02T16:24:37","slug":"duza-kanapa-dla-kota-w-ksztalcie-muszli-nowoczesne-lozko-dla-kota","status":"publish","type":"product","link":"https:\/\/www.largepillow.com\/pl\/product\/large-shell-shaped-cat-couch-modern-cat-bed\/","title":{"rendered":"Du\u017ca kanapa dla kota w kszta\u0142cie muszli \u2013 nowoczesne \u0142\u00f3\u017cko dla kota"},"content":{"rendered":"[zc_getpagecontent mb=&#8221;mb_aplus&#8221; apid=&#8221;100&#8243;]\n","protected":false},"excerpt":{"rendered":"<ul>\n<li>Design inspirowany muszl\u0105: To legowisko dla kota wyr\u00f3\u017cnia si\u0119 wyj\u0105tkowym designem inspirowanym muszl\u0105, kt\u00f3ry nie tylko wygl\u0105da estetycznie, ale tak\u017ce zapewnia przytulne i wygodne \u015brodowisko dla Twojego kota.<\/li>\n<li>Otwarte i p\u00f3\u0142zamkni\u0119te: Otwarta konstrukcja pozwala na \u0142atwe wchodzenie i wychodzenie. Legowisko dla kota posiada r\u00f3wnie\u017c os\u0142ony boczne, kt\u00f3re zapewniaj\u0105 Twojemu kotu niezb\u0119dn\u0105 prywatno\u015b\u0107 i bezpiecze\u0144stwo. Taka kombinacja zaspokaja potrzeb\u0119 prywatno\u015bci u kot\u00f3w, a jednocze\u015bnie pozwala w\u0142a\u015bcicielowi na interakcj\u0119 i obserwacj\u0119.<\/li>\n<li>Przestronne wn\u0119trze: Du\u017ce legowisko dla kota o wymiarach 30 x 25 cali zapewnia du\u017co miejsca do wygodnego odpoczynku du\u017cym kotom lub dw\u00f3m kotom. Dzi\u0119ki temu du\u017cemu rozmiarowi nawet najwi\u0119ksze koty mog\u0105 si\u0119 wyci\u0105gn\u0105\u0107 i zrelaksowa\u0107, nie czuj\u0105c si\u0119 skr\u0119powane.<\/li>\n<li>Przyjemne materia\u0142y: Wn\u0119trze legowiska dla kota wy\u015bcie\u0142ane jest mi\u0119kkim polarem, kt\u00f3ry jest delikatny dla sier\u015bci kota, a wype\u0142nienie wykonano z g\u0105bki, co zapewnia wi\u0119kszy komfort i trwa\u0142o\u015b\u0107. Zewn\u0119trzna cz\u0119\u015b\u0107 legowiska wykonana jest z oddychaj\u0105cego materia\u0142u Oxford, a sp\u00f3d ma antypo\u015blizgow\u0105 konstrukcj\u0119, aby zapewni\u0107 bezpiecze\u0144stwo i wygod\u0119 podczas u\u017cytkowania.<\/li>\n<li>\u0141atwe do czyszczenia i konserwacji: Zdejmowana poduszka legowiska dla kota sprawia, \u017ce czyszczenie jest niezwykle proste, a legowisko pozostaje higieniczne i \u015bwie\u017ce. Taka konstrukcja u\u0142atwia konserwacj\u0119 legowiska dla kota i wyd\u0142u\u017ca jego \u017cywotno\u015b\u0107.<\/li>\n<\/ul>","protected":false},"featured_media":4882,"comment_status":"open","ping_status":"closed","template":"","meta":[],"product_brand":[],"product_cat":[227],"product_tag":[],"class_list":{"0":"post-4896","1":"product","2":"type-product","3":"status-publish","4":"has-post-thumbnail","6":"product_cat-pet-supplies","8":"first","9":"instock","10":"shipping-taxable","11":"purchasable","12":"product-type-variable","13":"has-default-attributes"},"_links":{"self":[{"href":"https:\/\/www.largepillow.com\/pl\/wp-json\/wp\/v2\/product\/4896","targetHints":{"allow":["GET"]}}],"collection":[{"href":"https:\/\/www.largepillow.com\/pl\/wp-json\/wp\/v2\/product"}],"about":[{"href":"https:\/\/www.largepillow.com\/pl\/wp-json\/wp\/v2\/types\/product"}],"replies":[{"embeddable":true,"href":"https:\/\/www.largepillow.com\/pl\/wp-json\/wp\/v2\/comments?post=4896"}],"wp:featuredmedia":[{"embeddable":true,"href":"https:\/\/www.largepillow.com\/pl\/wp-json\/wp\/v2\/media\/4882"}],"wp:attachment":[{"href":"https:\/\/www.largepillow.com\/pl\/wp-json\/wp\/v2\/media?parent=4896"}],"wp:term":[{"taxonomy":"product_brand","embeddable":true,"href":"https:\/\/www.largepillow.com\/pl\/wp-json\/wp\/v2\/product_brand?post=4896"},{"taxonomy":"product_cat","embeddable":true,"href":"https:\/\/www.largepillow.com\/pl\/wp-json\/wp\/v2\/product_cat?post=4896"},{"taxonomy":"product_tag","embeddable":true,"href":"https:\/\/www.largepillow.com\/pl\/wp-json\/wp\/v2\/product_tag?post=4896"}],"curies":[{"name":"wp","href":"https:\/\/api.w.org\/{rel}","templated":true}]}}