{"id":512,"date":"2022-09-16T02:23:30","date_gmt":"2022-09-16T02:23:30","guid":{"rendered":"https:\/\/www.largepillow.com\/product\/large-bed-pillow"},"modified":"2025-11-05T02:15:31","modified_gmt":"2025-11-05T02:15:31","slug":"duza-poduszka-klinowa","status":"publish","type":"product","link":"https:\/\/www.largepillow.com\/pl\/product\/large-bed-wedge-pillow","title":{"rendered":"Du\u017ca poduszka klinowa do \u0142\u00f3\u017cka"},"content":{"rendered":"<p>Rozwi\u0105zanie zapewniaj\u0105ce najwy\u017cszy komfort: nasza du\u017ca poduszka klinowa do \u0142\u00f3\u017cka<\/p>\n<p>Zanurz si\u0119 w niezr\u00f3wnanym komforcie dzi\u0119ki naszej rewolucyjnej poduszce klinowej z du\u017cym \u0142\u00f3\u017ckiem, zaprojektowanej tak, aby zapewni\u0107 najwy\u017csze wsparcie i relaks na ka\u017cd\u0105 potrzeb\u0119. Jej tr\u00f3jk\u0105tny kszta\u0142t idealnie dopasowuje si\u0119 do plec\u00f3w i talii, \u0142agodz\u0105c ucisk w odcinku l\u0119d\u017awiowym i plecach, zapewniaj\u0105c b\u0142ogi sen lub przytuln\u0105 lektur\u0119.<\/p>\n<p>Wszechstronna poduszka 3 w 1 zapewniaj\u0105ca najwy\u017csz\u0105 wygod\u0119<\/p>\n<p>Ta wszechstronna poduszka oferuje nieograniczone mo\u017cliwo\u015bci: u\u017cyj jej w pozycji pionowej jako podparcia zag\u0142\u00f3wka, aby wygodnie siedzie\u0107 w \u0142\u00f3\u017cku, po\u0142\u00f3\u017c j\u0105 p\u0142asko jako du\u017c\u0105 poduszk\u0119 klinow\u0105 do spania na boku lub na plecach lub unie\u015b nogi dzi\u0119ki naszej ergonomicznej poduszce na nogi. Niezale\u017cnie od tego, czy jeste\u015b zapalonym czytelnikiem, nocnym markiem, czy po prostu lubisz relaksowa\u0107 si\u0119 w \u0142\u00f3\u017cku, ta poduszka jest idealnym towarzyszem.<\/p>\n<p>Wyj\u0105tkowe wykonanie zapewniaj\u0105ce niezr\u00f3wnany komfort<\/p>\n<p>Nasza wyj\u0105tkowo mi\u0119kka i pluszowa poszewka na poduszk\u0119 wykonana jest z aksamitu poliestrowego 100%, co zapewnia elegancki i zach\u0119caj\u0105cy dotyk. Wy\u015bci\u00f3\u0142ka z w\u0142\u00f3kien poliestrowych o du\u017cej g\u0119sto\u015bci zapewnia optymalne wsparcie i zapobiega zwiotczeniu, dzi\u0119ki czemu poduszka ta jest d\u0142ugotrwa\u0142\u0105 inwestycj\u0105 w Tw\u00f3j komfort. Ponadto wygodne kieszenie boczne sprawi\u0105, \u017ce ksi\u0105\u017cka lub telefon b\u0119d\u0105 zawsze pod r\u0119k\u0105.<\/p>\n<p>\u0141atwa konserwacja zapewniaj\u0105ca trwa\u0142\u0105 \u015bwie\u017co\u015b\u0107<\/p>\n<p>Konserwacja poduszki nie mo\u017ce by\u0107 \u0142atwiejsza. Zdejmowana poszewka na poduszk\u0119 jest zapinana na zamek b\u0142yskawiczny i guziki, dzi\u0119ki czemu mo\u017cna j\u0105 bez wysi\u0142ku wypra\u0107 w pralce, zachowuj\u0105c nieskazitelny wygl\u0105d.<\/p>\n<p>Referencje klient\u00f3w m\u00f3wi\u0105 wiele<\/p>\n<p>\u201eTa poduszka zmienia zasady gry! Zapewnia niesamowite wsparcie dla dolnej cz\u0119\u015bci plec\u00f3w i sprawia, \u017ce czytanie w \u0142\u00f3\u017cku jest o wiele przyjemniejsze.\u201d - Zadowolony klient<\/p>\n<p>\u201eUwielbiam to, \u017ce mog\u0119 go u\u017cywa\u0107 na wiele sposob\u00f3w. Idealnie sprawdzi si\u0119 jako poduszka wezg\u0142owia lub podno\u015bnik do n\u00f3g. Wysoce zalecane!&quot; \u2013 Entuzjastyczny u\u017cytkownik<\/p>\n<p>Dost\u0119pne w szerokiej gamie rozmiar\u00f3w, aby spe\u0142ni\u0107 Twoje potrzeby<\/p>\n<p>Wybierz z naszej szerokiej gamy rozmiar\u00f3w, aby znale\u017a\u0107 idealne dopasowanie do swojego \u0142\u00f3\u017cka lub sofy:<\/p>\n<p>* 45 cm (d\u0142. 45 x szer. 20 x wys. 50 | 0 przycisk\u00f3w)<br \/>\n* 60 cm (d\u0142. 60 x szer. 20 x wys. 50 | 0 przycisk\u00f3w)<br \/>\n* 80 cm (d\u0142. 80 x szer. 20 x wys. 50 | 2 przyciski)<br \/>\n* 100 cm (d\u0142. 100 x szer. 20 x wys. 50 | 3 przyciski)<br \/>\n* 120 cm (d\u0142. 120 x szer. 20 x wys. 50 | 4 przyciski)<br \/>\n* 140 cm (d\u0142. 140 x szer. 20 x wys. 50 | 4 przyciski)<br \/>\n* 160 cm (d\u0142. 160 x szer. 20 x wys. 50 | 5 przycisk\u00f3w)<br \/>\n* 180 cm (d\u0142. 180 x szer. 20 x wys. 50 | 6 przycisk\u00f3w)<br \/>\n* 200 cm (d\u0142. 200 x szer. 20 x wys. 50 | 7 przycisk\u00f3w)<\/p>\n<p>Ju\u017c dzi\u015b podnie\u015b sw\u00f3j komfort na wy\u017cszy poziom dzi\u0119ki naszej du\u017cej poduszce klinowej do \u0142\u00f3\u017cka!<\/p>","protected":false},"excerpt":{"rendered":"<ul>\n<li><strong>Najwy\u017cszy komfort:<\/strong> Ta poduszka zag\u0142\u00f3wkowa zapewnia doskona\u0142y komfort dzi\u0119ki tr\u00f3jk\u0105tnemu kszta\u0142towi. Poduszka podtrzymuj\u0105ca \u0142\u00f3\u017cko dobrze dopasowuje si\u0119 do plec\u00f3w i talii, minimalizuj\u0105c nacisk na odcinek l\u0119d\u017awiowy\/plecy. Ta klinowa poduszka do czytania pomo\u017ce Ci zachowa\u0107 spok\u00f3j w \u0142\u00f3\u017cku lub na sofie, co jest idealne dla pracuj\u0105cych nocnych mark\u00f3w, moli ksi\u0105\u017ckowych i ogl\u0105dania telewizji w \u0142\u00f3\u017cku. Ta wyj\u0105tkowo du\u017ca poduszka z wa\u0142kiem jest jedyn\u0105 poduszk\u0105 klinow\u0105, kt\u00f3ra mo\u017ce pomie\u015bci\u0107 dwie osoby.<\/li>\n<li><strong>Du\u017ca poduszka 3 w 1:<\/strong> Mo\u017cesz u\u017cywa\u0107 poduszki w pozycji pionowej jako poduszki podpieraj\u0105cej plecy do zag\u0142\u00f3wka podczas siedzenia w \u0142\u00f3\u017cku lub po\u0142o\u017cy\u0107 j\u0105 p\u0142asko na \u0142\u00f3\u017cku, aby u\u017cywa\u0107 jej jako du\u017cej poduszki klinowej podczas snu na plecach lub boku, lub jako poduszki na nogi, aby unie\u015b\u0107 nogi. Je\u015bli potrzebujesz du\u017cej poduszki wezg\u0142owia, kt\u00f3ra zapewni wsparcie zar\u00f3wno Tobie, jak i Twojemu wsp\u00f3\u0142ma\u0142\u017conkowi. To doskona\u0142a alternatywa.<\/li>\n<li><strong>Wielofunkcyjny projekt:<\/strong> Niekt\u00f3rzy u\u017cywaj\u0105 du\u017cej poduszki tr\u00f3jk\u0105tnej jako poduszki zag\u0142\u00f3wka, podczas gdy inni u\u017cywaj\u0105 jej jako poduszki zabezpieczaj\u0105cej, mo\u017ce to by\u0107 r\u00f3wnie\u017c poduszka wspieraj\u0105ca oparcie kanapy lub kanapy. Jest stylowy i funkcjonalny, co czyni go doskona\u0142ym dodatkiem do ka\u017cdej sypialni.<\/li>\n<li><strong>Doskona\u0142e rzemios\u0142o:<\/strong> Poszewk\u0119 na poduszk\u0119 wykonali\u015bmy z aksamitu poliestrowego 100%, kt\u00f3ry jest mi\u0119kki, elegancki i wygodny w dotyku. Wy\u015bci\u00f3\u0142ka wykonana jest z wysokiej jako\u015bci w\u0142\u00f3kien poliestrowych o du\u017cej g\u0119sto\u015bci, kt\u00f3re zapobiegaj\u0105 zwiotczeniu nawet po miesi\u0105cach u\u017cytkowania. Dodatkowo ma boczne kieszenie, w kt\u00f3rych mo\u017cesz przechowywa\u0107 ksi\u0105\u017ck\u0119 lub telefon.<\/li>\n<li><strong>\u0141atwe do czyszczenia:<\/strong> Pokrowiec na poduszk\u0119 do czytania mocuje si\u0119 do poduszki za pomoc\u0105 guzik\u00f3w i mo\u017cna go \u0142atwo zdj\u0105\u0107 za pomoc\u0105 prostego zamka b\u0142yskawicznego. Dzi\u0119ki temu jego czyszczenie nie sprawia \u017cadnych problem\u00f3w. Wystarczy zdj\u0105\u0107 poszewk\u0119 i szybko wypra\u0107 poduszk\u0119 w pralce, a poduszka b\u0119dzie wygl\u0105da\u0107 jak nowa.<\/li>\n<li><strong>Rozmiar:<\/strong> 45 cm (d\u0142. 45 x szer. 20 x wys. 50 | 0 przycisk\u00f3w), 60 cm (d\u0142. 60 x szer. 20 x wys. 50 | 0 przycisk\u00f3w), 80 cm (d\u0142. 80 x szer. 20 x wys. 50 | 2 przyciski), 100 cm (d\u0142. 100 x szer. 20 x wys. 50 | 3 przyciski), 120 cm ( D\u0142. 120 x szer. 20 x wys. 50 | 4 przyciski), 140 cm (d\u0142. 140 x szer. 20 x wys. 50 | 4 przyciski), 160 cm (d\u0142. 160 x szer. 20 x wys. 50 | 5 przycisk\u00f3w), 180 cm (d\u0142. 180 x szer. 20 x wys. 50 | 6 przycisk\u00f3w), 200 cm (d\u0142. 200 x wys. S20 x W50 | 7 przycisk\u00f3w).<\/li>\n<\/ul>","protected":false},"featured_media":498,"comment_status":"open","ping_status":"closed","template":"","meta":[],"product_brand":[],"product_cat":[15],"product_tag":[205,204,206,207,168,203,132,199,163,68],"class_list":{"0":"post-512","1":"product","2":"type-product","3":"status-publish","4":"has-post-thumbnail","6":"product_cat-large-wedge-pillow","7":"product_tag-back-support-headboard-pillow","8":"product_tag-bed-support-cushion","9":"product_tag-bumper-pillow","10":"product_tag-daybed-backrest-bolster-pillow","11":"product_tag-headboard-pillow","12":"product_tag-large-bed-wedge-pillow","13":"product_tag-large-bolster-pillow","14":"product_tag-large-wedge-pillow","15":"product_tag-leg-pillow","16":"product_tag-wedge-reading-pillow","18":"first","19":"instock","20":"shipping-taxable","21":"purchasable","22":"product-type-variable"},"_links":{"self":[{"href":"https:\/\/www.largepillow.com\/pl\/wp-json\/wp\/v2\/product\/512","targetHints":{"allow":["GET"]}}],"collection":[{"href":"https:\/\/www.largepillow.com\/pl\/wp-json\/wp\/v2\/product"}],"about":[{"href":"https:\/\/www.largepillow.com\/pl\/wp-json\/wp\/v2\/types\/product"}],"replies":[{"embeddable":true,"href":"https:\/\/www.largepillow.com\/pl\/wp-json\/wp\/v2\/comments?post=512"}],"wp:featuredmedia":[{"embeddable":true,"href":"https:\/\/www.largepillow.com\/pl\/wp-json\/wp\/v2\/media\/498"}],"wp:attachment":[{"href":"https:\/\/www.largepillow.com\/pl\/wp-json\/wp\/v2\/media?parent=512"}],"wp:term":[{"taxonomy":"product_brand","embeddable":true,"href":"https:\/\/www.largepillow.com\/pl\/wp-json\/wp\/v2\/product_brand?post=512"},{"taxonomy":"product_cat","embeddable":true,"href":"https:\/\/www.largepillow.com\/pl\/wp-json\/wp\/v2\/product_cat?post=512"},{"taxonomy":"product_tag","embeddable":true,"href":"https:\/\/www.largepillow.com\/pl\/wp-json\/wp\/v2\/product_tag?post=512"}],"curies":[{"name":"wp","href":"https:\/\/api.w.org\/{rel}","templated":true}]}}