{"id":5237,"date":"2024-12-12T12:30:19","date_gmt":"2024-12-12T12:30:19","guid":{"rendered":"https:\/\/www.largepillow.com\/product\/cute-seashell-bean-bag-chair-for-teens-and-adults"},"modified":"2024-12-13T02:58:31","modified_gmt":"2024-12-13T02:58:31","slug":"uroczy-fotel-sako-w-ksztalcie-muszli-dla-nastolatkow-i-doroslych","status":"publish","type":"product","link":"https:\/\/www.largepillow.com\/pl\/product\/cute-seashell-bean-bag-chair-for-teens-and-adults\/","title":{"rendered":"Uroczy fotel-worek w kszta\u0142cie muszli dla nastolatk\u00f3w i doros\u0142ych"},"content":{"rendered":"[zc_getpagecontent mb=&#8221;mb_aplus&#8221; apid=&#8221;109&#8243;]\n","protected":false},"excerpt":{"rendered":"<ul>\n<li>Projekt inspirowany muszl\u0105 morsk\u0105 \u2013 Wykonany z unikalnym wzorem muszli morskiej, nasz fotel do czytania w formie worka sako to pi\u0119kne po\u0142\u0105czenie formy i funkcji. Jego 120-stopniowe otwarcie na\u015bladuje naturaln\u0105 krzywizn\u0119 muszli, zapewniaj\u0105c przyjazne obj\u0119cie do relaksu; \u017bywa zielona os\u0142ona przywo\u0142uje esencj\u0119 oceanu, podczas gdy poduszki w kszta\u0142cie p\u00f3\u0142muszli i per\u0142y dodaj\u0105 odrobin\u0119 nadmorskiego uroku, dzi\u0119ki czemu jest idealnym elementem centralnym ka\u017cdego pokoju o nadmorskim wystroju.<\/li>\n<li>Dla dziewcz\u0105t i kobiet \u2013 Zaprojektowany z my\u015bl\u0105 o elegancji kobiet i weso\u0142o\u015bci dziewczynek, ten fotel pod\u0142ogowy oferuje wszechstronne rozwi\u0105zanie do siedzenia, kt\u00f3re przypadnie do gustu osobom w ka\u017cdym wieku. Jego mi\u0119kko\u015b\u0107 i przyjemno\u015b\u0107 sprawiaj\u0105, \u017ce idealnie nadaje si\u0119 do pokoju nastoletniej dziewczynki.<\/li>\n<li>Dekoracje pla\u017cowe do domu \u2013 Wprowad\u017a pla\u017cowy styl \u017cycia z naszym le\u017cakiem o tematyce pla\u017cowo-oceanicznej. To nie tylko siedzisko, ale tak\u017ce element wystroju, kt\u00f3ry wnosi spok\u00f3j morza do wn\u0119trza. Projekt inspirowany jest naturalnym pi\u0119knem oceanu, a paleta kolor\u00f3w odzwierciedla bujn\u0105 ziele\u0144 ro\u015blin morskich i nieskaziteln\u0105 biel pere\u0142 oceanicznych.<\/li>\n<li>Reading Retreat \u2013 idealne do czytania i relaksu w pomieszczeniu, te fotele do salonu oferuj\u0105 przytulny k\u0105cik, kt\u00f3ry zach\u0119ca do zwolnienia tempa i odpr\u0119\u017cenia, zatopienia si\u0119 w ich mi\u0119kkim u\u015bcisku z dobr\u0105 ksi\u0105\u017ck\u0105 lub po prostu cieszenia si\u0119 chwil\u0105 ciszy; ich du\u017cy rozmiar i wygodna konstrukcja sprawiaj\u0105, \u017ce jest to idealne miejsce, aby si\u0119 zwin\u0105\u0107 i zatraci\u0107 w my\u015blach, zapewniaj\u0105c idealn\u0105 r\u00f3wnowag\u0119 wsparcia i wygody podczas leniwego popo\u0142udnia w domu.<\/li>\n<li>Wygodna amortyzacja \u2013 nasze wygodne krzes\u0142o o wymiarach 44 x 40 x 30 cali jest wystarczaj\u0105co du\u017ce, aby wygodnie pomie\u015bci\u0107 zar\u00f3wno dzieci, jak i doros\u0142ych. Wype\u0142nione wysokiej jako\u015bci bawe\u0142n\u0105 PP, zapewnia mi\u0119kkie i wygodne siedzenie, kt\u00f3re dopasowuje si\u0119 do kszta\u0142tu cia\u0142a, gwarantuj\u0105c maksymalny komfort podczas d\u0142ugich sesji czytania lub leniwego weekendowego leniuchowania. Wytrzyma\u0142e i \u0142atwe do czyszczenia pokrycie jest nie tylko stylowe, ale i praktyczne, co czyni je m\u0105drym wyborem do ka\u017cdego domu.<\/li>\n<\/ul>","protected":false},"featured_media":5229,"comment_status":"open","ping_status":"closed","template":"","meta":[],"product_brand":[],"product_cat":[228],"product_tag":[],"class_list":{"0":"post-5237","1":"product","2":"type-product","3":"status-publish","4":"has-post-thumbnail","6":"product_cat-cushions","8":"first","9":"instock","10":"sale","11":"shipping-taxable","12":"purchasable","13":"product-type-simple"},"_links":{"self":[{"href":"https:\/\/www.largepillow.com\/pl\/wp-json\/wp\/v2\/product\/5237","targetHints":{"allow":["GET"]}}],"collection":[{"href":"https:\/\/www.largepillow.com\/pl\/wp-json\/wp\/v2\/product"}],"about":[{"href":"https:\/\/www.largepillow.com\/pl\/wp-json\/wp\/v2\/types\/product"}],"replies":[{"embeddable":true,"href":"https:\/\/www.largepillow.com\/pl\/wp-json\/wp\/v2\/comments?post=5237"}],"wp:featuredmedia":[{"embeddable":true,"href":"https:\/\/www.largepillow.com\/pl\/wp-json\/wp\/v2\/media\/5229"}],"wp:attachment":[{"href":"https:\/\/www.largepillow.com\/pl\/wp-json\/wp\/v2\/media?parent=5237"}],"wp:term":[{"taxonomy":"product_brand","embeddable":true,"href":"https:\/\/www.largepillow.com\/pl\/wp-json\/wp\/v2\/product_brand?post=5237"},{"taxonomy":"product_cat","embeddable":true,"href":"https:\/\/www.largepillow.com\/pl\/wp-json\/wp\/v2\/product_cat?post=5237"},{"taxonomy":"product_tag","embeddable":true,"href":"https:\/\/www.largepillow.com\/pl\/wp-json\/wp\/v2\/product_tag?post=5237"}],"curies":[{"name":"wp","href":"https:\/\/api.w.org\/{rel}","templated":true}]}}