{"id":538,"date":"2022-09-16T02:24:42","date_gmt":"2022-09-16T02:24:42","guid":{"rendered":"https:\/\/www.largepillow.com\/product\/large-bolster-pillow"},"modified":"2025-11-05T02:15:31","modified_gmt":"2025-11-05T02:15:31","slug":"poduszka-z-duzym-klinem-2","status":"publish","type":"product","link":"https:\/\/www.largepillow.com\/pl\/product\/large-wedge-bolster-pillow","title":{"rendered":"Du\u017ca poduszka klinowa"},"content":{"rendered":"<p>Zanurz si\u0119 w komforcie dzi\u0119ki najwy\u017cszej poduszce z du\u017cym klinem<\/p>\n<p>Szukasz poduszki zag\u0142\u00f3wkowej, kt\u00f3ra zapewni wyj\u0105tkowy komfort i wsparcie? Nie szukaj dalej ni\u017c poduszka z du\u017cym klinem. Ta wszechstronna poduszka oferuje szereg korzy\u015bci, kt\u00f3re sprawi\u0105, \u017ce czas sp\u0119dzony w \u0142\u00f3\u017cku lub na sofie b\u0119dzie prawdziw\u0105 przyjemno\u015bci\u0105.<\/p>\n<p>Najwy\u017cszy komfort i wsparcie<\/p>\n<p>Tr\u00f3jk\u0105tna konstrukcja du\u017cej poduszki klinowej doskonale dopasowuje si\u0119 do kontur\u00f3w plec\u00f3w i talii, minimalizuj\u0105c nacisk w odcinku l\u0119d\u017awiowym i plecach. Niezale\u017cnie od tego, czy czytasz ksi\u0105\u017ck\u0119, pracujesz do p\u00f3\u017ana, czy ogl\u0105dasz telewizj\u0119, ta poduszka zapewni Ci brak napi\u0119cia i wygod\u0119. Jest r\u00f3wnie\u017c wystarczaj\u0105co du\u017cy, aby pomie\u015bci\u0107 dwie osoby, co czyni go idealnym wyborem dla par.<\/p>\n<p>Wszechstronno\u015b\u0107 3 w 1<\/p>\n<p>Poduszka z du\u017cym klinem to nie tylko poduszka zag\u0142\u00f3wka. Jest to r\u00f3wnie\u017c wszechstronne akcesorium, kt\u00f3re mo\u017ce s\u0142u\u017cy\u0107 jako poduszka klinowa do spania, poduszka na nogi do podniesienia, a nawet poduszka na ochraniacz dla wi\u0119kszego komfortu. Mo\u017cliwo\u015bci s\u0105 niesko\u0144czone!<\/p>\n<p>Doskona\u0142e rzemios\u0142o i design<\/p>\n<p>Wykonana z niezwyk\u0142\u0105 dba\u0142o\u015bci\u0105 o szczeg\u00f3\u0142y poduszka z du\u017cym klinem jest wykonana z wysokiej jako\u015bci materia\u0142\u00f3w. Mi\u0119kka, elegancka aksamitna os\u0142ona jest delikatna w dotyku, a wype\u0142nienie z w\u0142\u00f3kien poliestrowych o du\u017cej g\u0119sto\u015bci zapewnia wyj\u0105tkowe wsparcie, kt\u00f3re nie zwiotcza z up\u0142ywem czasu. Ponadto boczne kieszenie umo\u017cliwiaj\u0105 wygodne przechowywanie ksi\u0105\u017cki lub telefonu.<\/p>\n<p>\u0141atwa konserwacja<\/p>\n<p>Utrzymanie poduszki z du\u017cym klinem jest proste. Poszewk\u0119 na poduszk\u0119 mo\u017cna zdejmowa\u0107 za pomoc\u0105 guzik\u00f3w i posiada ukryty zamek b\u0142yskawiczny u\u0142atwiaj\u0105cy czyszczenie. Aby szybko od\u015bwie\u017cy\u0107, wystarczy zdj\u0105\u0107 poszewk\u0119 i wrzuci\u0107 j\u0105 do pralki.<\/p>\n<p>Referencje klient\u00f3w<\/p>\n<p>\u201eTa poduszka zmienia zasady gry! Zawsze mia\u0142em problem ze znalezieniem poduszki zag\u0142\u00f3wka, kt\u00f3ra zapewnia\u0142aby odpowiednie wsparcie, ale ta jest idealna. Jest niezwykle wygodny i naprawd\u0119 pom\u00f3g\u0142 mi poprawi\u0107 moj\u0105 postaw\u0119\u201d. \u2013 Karen, zadowolona klientka<\/p>\n<p>\u201eUwielbiam wszechstronno\u015b\u0107 tej poduszki. To \u015bwietna poduszka wezg\u0142owia, ale u\u017cywam jej r\u00f3wnie\u017c jako poduszki klinowej, gdy \u015bpi\u0119, i poduszki na nogi, gdy odpoczywam. Jako\u015b\u0107 jest niesamowita i utrzymuje si\u0119 dobrze nawet po miesi\u0105cach u\u017cytkowania.\u201d \u2013 Sarah, kolejny zadowolony klient<\/p>\n<p>Wniosek<\/p>\n<p>Poduszka z du\u017cym klinem to idealny wyb\u00f3r dla ka\u017cdego, kto szuka wygodnej, wspieraj\u0105cej i wszechstronnej poduszki. Dzi\u0119ki doskona\u0142emu wykonaniu, funkcjonalno\u015bci 3 w 1 i \u0142atwej konserwacji jest to inwestycja, kt\u00f3ra zapewni Ci czas relaksu na d\u0142ugie lata. Zam\u00f3w ju\u017c dzi\u015b i do\u015bwiadcz najwy\u017cszego komfortu i wsparcia!<\/p>","protected":false},"excerpt":{"rendered":"<ul>\n<li><strong>Najwy\u017cszy komfort:<\/strong> Ta poduszka zag\u0142\u00f3wkowa zapewnia doskona\u0142y komfort dzi\u0119ki tr\u00f3jk\u0105tnemu kszta\u0142towi. Poduszka podtrzymuj\u0105ca \u0142\u00f3\u017cko dobrze dopasowuje si\u0119 do plec\u00f3w i talii, minimalizuj\u0105c nacisk na odcinek l\u0119d\u017awiowy\/plecy. Ta klinowa poduszka do czytania pomo\u017ce Ci zachowa\u0107 spok\u00f3j w \u0142\u00f3\u017cku lub na sofie, co jest idealne dla pracuj\u0105cych nocnych mark\u00f3w, moli ksi\u0105\u017ckowych i ogl\u0105dania telewizji w \u0142\u00f3\u017cku. Ta wyj\u0105tkowo du\u017ca poduszka z wa\u0142kiem jest jedyn\u0105 poduszk\u0105 klinow\u0105, kt\u00f3ra mo\u017ce pomie\u015bci\u0107 dwie osoby.<\/li>\n<li><strong>Du\u017ca poduszka 3 w 1:<\/strong> Mo\u017cesz u\u017cywa\u0107 poduszki w pozycji pionowej jako poduszki podpieraj\u0105cej plecy do zag\u0142\u00f3wka podczas siedzenia w \u0142\u00f3\u017cku lub po\u0142o\u017cy\u0107 j\u0105 p\u0142asko na \u0142\u00f3\u017cku, aby u\u017cywa\u0107 jej jako du\u017cej poduszki klinowej podczas snu na plecach lub boku, lub jako poduszki na nogi, aby unie\u015b\u0107 nogi. Je\u015bli potrzebujesz du\u017cej poduszki wezg\u0142owia, kt\u00f3ra zapewni wsparcie zar\u00f3wno Tobie, jak i Twojemu wsp\u00f3\u0142ma\u0142\u017conkowi. To doskona\u0142a alternatywa.<\/li>\n<li><strong>Wielofunkcyjny projekt:<\/strong> Niekt\u00f3rzy u\u017cywaj\u0105 du\u017cej poduszki tr\u00f3jk\u0105tnej jako poduszki zag\u0142\u00f3wka, podczas gdy inni u\u017cywaj\u0105 jej jako poduszki zabezpieczaj\u0105cej, mo\u017ce to by\u0107 r\u00f3wnie\u017c poduszka wspieraj\u0105ca oparcie kanapy lub kanapy. Jest stylowy i funkcjonalny, co czyni go doskona\u0142ym dodatkiem do ka\u017cdej sypialni.<\/li>\n<li><strong>Doskona\u0142e rzemios\u0142o:<\/strong> Poszewk\u0119 na poduszk\u0119 wykonali\u015bmy z aksamitu poliestrowego 100%, kt\u00f3ry jest mi\u0119kki, elegancki i wygodny w dotyku. Wy\u015bci\u00f3\u0142ka wykonana jest z wysokiej jako\u015bci w\u0142\u00f3kien poliestrowych o du\u017cej g\u0119sto\u015bci, kt\u00f3re zapobiegaj\u0105 zwiotczeniu nawet po miesi\u0105cach u\u017cytkowania. Dodatkowo ma boczne kieszenie, w kt\u00f3rych mo\u017cesz przechowywa\u0107 ksi\u0105\u017ck\u0119 lub telefon.<\/li>\n<li><strong>\u0141atwe do czyszczenia:<\/strong> Pokrowiec na poduszk\u0119 do czytania mocuje si\u0119 do poduszki za pomoc\u0105 guzik\u00f3w i mo\u017cna go \u0142atwo zdj\u0105\u0107 za pomoc\u0105 prostego zamka b\u0142yskawicznego. Dzi\u0119ki temu jego czyszczenie nie sprawia \u017cadnych problem\u00f3w. Wystarczy zdj\u0105\u0107 poszewk\u0119 i szybko wypra\u0107 poduszk\u0119 w pralce, a poduszka b\u0119dzie wygl\u0105da\u0107 jak nowa.<\/li>\n<li><strong>Rozmiar:<\/strong> 45 cm (d\u0142. 45 x szer. 20 x wys. 50 | 0 przycisk\u00f3w), 60 cm (d\u0142. 60 x szer. 20 x wys. 50 | 0 przycisk\u00f3w), 80 cm (d\u0142. 80 x szer. 20 x wys. 50 | 2 przyciski), 100 cm (d\u0142. 100 x szer. 20 x wys. 50 | 3 przyciski), 120 cm ( D\u0142. 120 x szer. 20 x wys. 50 | 4 przyciski), 140 cm (d\u0142. 140 x szer. 20 x wys. 50 | 4 przyciski), 160 cm (d\u0142. 160 x szer. 20 x wys. 50 | 5 przycisk\u00f3w), 180 cm (d\u0142. 180 x szer. 20 x wys. 50 | 6 przycisk\u00f3w), 200 cm (d\u0142. 200 x wys. S20 x W50 | 7 przycisk\u00f3w).<\/li>\n<\/ul>","protected":false},"featured_media":522,"comment_status":"open","ping_status":"closed","template":"","meta":[],"product_brand":[],"product_cat":[15],"product_tag":[66,70,102,75,168,202,163,112,143,59],"class_list":{"0":"post-538","1":"product","2":"type-product","3":"status-publish","4":"has-post-thumbnail","6":"product_cat-large-wedge-pillow","7":"product_tag-back-support-pillow","8":"product_tag-bed-wedge-pillow","9":"product_tag-couch-pillow","10":"product_tag-daybed-pillow","11":"product_tag-headboard-pillow","12":"product_tag-large-wedge-bolster-pillow","13":"product_tag-leg-pillow","14":"product_tag-lumbar-support-pillow","15":"product_tag-multifunctional-pillow","16":"product_tag-reading-pillow","18":"first","19":"instock","20":"featured","21":"shipping-taxable","22":"purchasable","23":"product-type-variable"},"_links":{"self":[{"href":"https:\/\/www.largepillow.com\/pl\/wp-json\/wp\/v2\/product\/538","targetHints":{"allow":["GET"]}}],"collection":[{"href":"https:\/\/www.largepillow.com\/pl\/wp-json\/wp\/v2\/product"}],"about":[{"href":"https:\/\/www.largepillow.com\/pl\/wp-json\/wp\/v2\/types\/product"}],"replies":[{"embeddable":true,"href":"https:\/\/www.largepillow.com\/pl\/wp-json\/wp\/v2\/comments?post=538"}],"wp:featuredmedia":[{"embeddable":true,"href":"https:\/\/www.largepillow.com\/pl\/wp-json\/wp\/v2\/media\/522"}],"wp:attachment":[{"href":"https:\/\/www.largepillow.com\/pl\/wp-json\/wp\/v2\/media?parent=538"}],"wp:term":[{"taxonomy":"product_brand","embeddable":true,"href":"https:\/\/www.largepillow.com\/pl\/wp-json\/wp\/v2\/product_brand?post=538"},{"taxonomy":"product_cat","embeddable":true,"href":"https:\/\/www.largepillow.com\/pl\/wp-json\/wp\/v2\/product_cat?post=538"},{"taxonomy":"product_tag","embeddable":true,"href":"https:\/\/www.largepillow.com\/pl\/wp-json\/wp\/v2\/product_tag?post=538"}],"curies":[{"name":"wp","href":"https:\/\/api.w.org\/{rel}","templated":true}]}}