{"id":565,"date":"2022-09-16T02:43:46","date_gmt":"2022-09-16T02:43:46","guid":{"rendered":"https:\/\/www.largepillow.com\/product\/bed-wedge-bolster"},"modified":"2026-01-07T18:09:48","modified_gmt":"2026-01-07T18:09:48","slug":"poduszka-zaglowkowa","status":"publish","type":"product","link":"https:\/\/www.largepillow.com\/pl\/product\/headboard-pillow","title":{"rendered":"Poduszka zag\u0142\u00f3wka"},"content":{"rendered":"<p>Najwy\u017cszy komfort i wszechstronno\u015b\u0107: poduszka zag\u0142\u00f3wka<\/p>\n<p>Przygotuj si\u0119 na podniesienie komfortu i stylu dzi\u0119ki naszej wyj\u0105tkowej poduszce zag\u0142\u00f3wkowej, zaprojektowanej, aby zapewni\u0107 niezr\u00f3wnane wsparcie i funkcjonalno\u015b\u0107.<\/p>\n<p>Najwy\u017cszy komfort dla ka\u017cdej potrzeby<\/p>\n<p>Nasza poduszka zag\u0142\u00f3wkowa zosta\u0142a starannie wykonana, aby zapewni\u0107 najwy\u017cszy komfort, niezale\u017cnie od tego, czy relaksujesz si\u0119 w \u0142\u00f3\u017cku, wylegujesz si\u0119 na kanapie, czy te\u017c czytasz dobr\u0105 ksi\u0105\u017ck\u0119. Mi\u0119kka wy\u015bci\u00f3\u0142ka idealnie dopasowuje si\u0119 do cia\u0142a, zapewniaj\u0105c wyj\u0105tkowe wsparcie dla g\u0142owy, szyi i plec\u00f3w.<\/p>\n<p>Wszechstronne projekty do wielu cel\u00f3w<\/p>\n<p>T\u0119 wielofunkcyjn\u0105 poduszk\u0119 mo\u017cna wykorzysta\u0107 na niezliczone sposoby:<\/p>\n<p>* Poduszka do czytania z podparciem plec\u00f3w: podeprzyj j\u0105 za sob\u0105, aby wygodnie czyta\u0107 lub ogl\u0105da\u0107 telewizj\u0119.<br \/>\n* Poduszka z d\u0142ugim klinem: Stw\u00f3rz wygodne nachylenie do spania lub uniesienia n\u00f3g.<br \/>\n* Poduszka na nogi: podeprzyj nogi i zmniejsz nacisk, aby z\u0142agodzi\u0107 obrz\u0119k i dyskomfort.<\/p>\n<p>Materia\u0142y najwy\u017cszej jako\u015bci zapewniaj\u0105ce trwa\u0142o\u015b\u0107 i styl<\/p>\n<p>Nasza poszewka na poduszk\u0119 wykonana jest z wytrzyma\u0142ej mieszanki poliestru i lnu, z wyj\u0105tkowymi szwami i przeplataj\u0105c\u0105 si\u0119 tekstur\u0105. W\u0142\u00f3kna poliestrowe o du\u017cej g\u0119sto\u015bci w wy\u015bci\u00f3\u0142ce zapewniaj\u0105 lata u\u017cytkowania bez zwiotczenia i utraty kszta\u0142tu.<\/p>\n<p>\u0141atwe czyszczenie i wygoda<\/p>\n<p>Konserwacja poduszki zag\u0142\u00f3wkowej jest prosta. Poszewk\u0119 na poduszk\u0119 mo\u017cna \u0142atwo zdj\u0105\u0107 za pomoc\u0105 prostego zamka b\u0142yskawicznego i wrzuci\u0107 do pralki. Posiada r\u00f3wnie\u017c wygodn\u0105 kiesze\u0144 boczn\u0105 do przechowywania niezb\u0119dnych rzeczy, dzi\u0119ki czemu b\u0119dziesz mie\u0107 je pod r\u0119k\u0105.<\/p>\n<p>Idealne dopasowanie do ka\u017cdego rozmiaru \u0142\u00f3\u017cka<\/p>\n<p>Wybierz jeden z wielu rozmiar\u00f3w, aby idealnie pasowa\u0142 do Twojego \u0142\u00f3\u017cka lub innego mebla. Od przytulnych 45 cm po du\u017ce 200 cm \u2013 znajdziesz rozwi\u0105zanie idealnie dopasowane do Twoich potrzeb.<\/p>\n<p>Referencje klient\u00f3w<\/p>\n<p>Nasza poduszka zag\u0142\u00f3wkowa zebra\u0142a entuzjastyczne recenzje od zadowolonych klient\u00f3w:<\/p>\n<p>* \u201eTa poduszka jest niezwykle wygodna i wspieraj\u0105ca. Idealnie nadaje si\u0119 do czytania w \u0142\u00f3\u017cku lub ogl\u0105dania telewizji. Podoba mi si\u0119 to, \u017ce mog\u0119 ustawi\u0107 go w wielu pozycjach.\u201d<br \/>\n* \u201eTkanina jest mi\u0119kka i trwa\u0142a, a szwy s\u0105 na najwy\u017cszym poziomie. Pra\u0142am go ju\u017c kilka razy i nadal wygl\u0105da jak nowy.\u201d<br \/>\n* \u201eKiesze\u0144 boczna to genialny dodatek. To niezwykle wygodne, mie\u0107 miejsce na przechowywanie pilota, ksi\u0105\u017cek i przek\u0105sek\u201d.<\/p>\n<p>Popraw sw\u00f3j komfort i styl ju\u017c dzi\u015b dzi\u0119ki poduszce zag\u0142\u00f3wkowej. Jest to idealny dodatek do ka\u017cdej sypialni lub salonu i z pewno\u015bci\u0105 stanie si\u0119 Twoim ulubionym miejscem relaksu i odpr\u0119\u017cenia.<\/p>","protected":false},"excerpt":{"rendered":"<ul>\n<li><strong>Najwy\u017cszy komfort:<\/strong> Nasza poduszka zag\u0142\u00f3wkowa zosta\u0142a zaprojektowana tak, aby zapewni\u0107 najwy\u017cszy komfort podczas czytania, ogl\u0105dania telewizji lub spania. Jest idealny do \u0142\u00f3\u017cka, kanapy, kanapy i nie tylko!<\/li>\n<li><strong>Wielofunkcyjny projekt:<\/strong> Nasz\u0105 du\u017c\u0105 poduszk\u0119 w kszta\u0142cie wa\u0142u mo\u017cna u\u017cywa\u0107 na wiele sposob\u00f3w \u2013 jako poduszk\u0119 do czytania pod plecy, d\u0142ug\u0105 poduszk\u0119 klinow\u0105 lub poduszk\u0119 na nogi, aby unie\u015b\u0107 nogi. Jest stylowy i funkcjonalny, dzi\u0119ki czemu b\u0119dzie doskona\u0142ym dodatkiem do ka\u017cdej sypialni.<\/li>\n<li><strong>Materia\u0142y premium:<\/strong> Nasza poszewka na poduszk\u0119 wykonana jest z poliestru 100% o przeplatanej fakturze i wykwintnych szwach, kt\u00f3re s\u0105 mocne dooko\u0142a. Wy\u015bci\u00f3\u0142ka wykonana jest z wysokiej jako\u015bci w\u0142\u00f3kien poliestrowych o du\u017cej g\u0119sto\u015bci, kt\u00f3re zapobiegaj\u0105 zwiotczeniu nawet po miesi\u0105cach u\u017cytkowania.<\/li>\n<li><strong>\u0141atwe do czyszczenia:<\/strong> Pokrycie poduszki wezg\u0142owia mocuje si\u0119 do poduszki za pomoc\u0105 guzik\u00f3w i mo\u017cna je \u0142atwo zdj\u0105\u0107 za pomoc\u0105 prostego zamka b\u0142yskawicznego. Wystarczy zdj\u0105\u0107 poszewk\u0119 i szybko wypra\u0107 poduszk\u0119 w pralce, a poduszka b\u0119dzie wygl\u0105da\u0107 jak nowa.<\/li>\n<li><strong>Idealna kiesze\u0144 do przechowywania:<\/strong> Nasza poduszka zag\u0142\u00f3wkowa posiada wygodn\u0105 kiesze\u0144 boczn\u0105, dzi\u0119ki kt\u00f3rej ju\u017c nigdy nie zgubisz pilota.<\/li>\n<li><strong>Tkanina:<\/strong>\u00a0Mieszanka poliestru i lnu.<\/li>\n<li><strong>Rozmiar:<\/strong> 45 cm (d\u0142. 45 x szer. 20 x wys. 50 | 0 przycisk\u00f3w), 60 cm (d\u0142. 60 x szer. 20 x wys. 50 | 0 przycisk\u00f3w), 80 cm (d\u0142. 80 x szer. 20 x wys. 50 | 2 przyciski), 100 cm (d\u0142. 100 x szer. 20 x wys. 50 | 3 przyciski), 120 cm ( D\u0142. 120 x szer. 20 x wys. 50 | 4 przyciski), 140 cm (d\u0142. 140 x szer. 20 x wys. 50 | 4 przyciski), 160 cm (d\u0142. 160 x szer. 20 x wys. 50 | 5 przycisk\u00f3w), 180 cm (d\u0142. 180 x szer. 20 x wys. 50 | 6 przycisk\u00f3w), 200 cm (d\u0142. 200 x wys. S20 x W50 | 7 przycisk\u00f3w).<\/li>\n<\/ul>","protected":false},"featured_media":548,"comment_status":"open","ping_status":"closed","template":"","meta":[],"product_brand":[],"product_cat":[15],"product_tag":[187,102,75,201,168,131,189,184,143,59,65],"class_list":{"0":"post-565","1":"product","2":"type-product","3":"status-publish","4":"has-post-thumbnail","6":"product_cat-large-wedge-pillow","7":"product_tag-back-support-reading-pillow","8":"product_tag-couch-pillow","9":"product_tag-daybed-pillow","10":"product_tag-grey-pillow","11":"product_tag-headboard-pillow","12":"product_tag-leg-support-pillow","13":"product_tag-linen-pillow","14":"product_tag-long-wedge-pillow","15":"product_tag-multifunctional-pillow","16":"product_tag-reading-pillow","17":"product_tag-wedge-pillow","19":"first","20":"instock","21":"shipping-taxable","22":"purchasable","23":"product-type-variable"},"_links":{"self":[{"href":"https:\/\/www.largepillow.com\/pl\/wp-json\/wp\/v2\/product\/565","targetHints":{"allow":["GET"]}}],"collection":[{"href":"https:\/\/www.largepillow.com\/pl\/wp-json\/wp\/v2\/product"}],"about":[{"href":"https:\/\/www.largepillow.com\/pl\/wp-json\/wp\/v2\/types\/product"}],"replies":[{"embeddable":true,"href":"https:\/\/www.largepillow.com\/pl\/wp-json\/wp\/v2\/comments?post=565"}],"wp:featuredmedia":[{"embeddable":true,"href":"https:\/\/www.largepillow.com\/pl\/wp-json\/wp\/v2\/media\/548"}],"wp:attachment":[{"href":"https:\/\/www.largepillow.com\/pl\/wp-json\/wp\/v2\/media?parent=565"}],"wp:term":[{"taxonomy":"product_brand","embeddable":true,"href":"https:\/\/www.largepillow.com\/pl\/wp-json\/wp\/v2\/product_brand?post=565"},{"taxonomy":"product_cat","embeddable":true,"href":"https:\/\/www.largepillow.com\/pl\/wp-json\/wp\/v2\/product_cat?post=565"},{"taxonomy":"product_tag","embeddable":true,"href":"https:\/\/www.largepillow.com\/pl\/wp-json\/wp\/v2\/product_tag?post=565"}],"curies":[{"name":"wp","href":"https:\/\/api.w.org\/{rel}","templated":true}]}}