{"id":5691,"date":"2025-01-09T03:00:25","date_gmt":"2025-01-09T03:00:25","guid":{"rendered":"https:\/\/www.largepillow.com\/product\/soft-small-teddy-bear-birthday-gift-cuddly-stuffed-animal-toy-pink"},"modified":"2025-10-16T01:37:17","modified_gmt":"2025-10-16T01:37:17","slug":"miekki-maly-mis-prezent-urodzinowy-pluszowa-wypchana-zabawka-dla-zwierzat-rozowy","status":"publish","type":"product","link":"https:\/\/www.largepillow.com\/pl\/product\/soft-small-teddy-bear-birthday-gift-cuddly-stuffed-animal-toy-pink","title":{"rendered":"Mi\u0119kki Ma\u0142y Mi\u015b Urodzinowy Prezent Przytulny Pluszowy Zabawka R\u00f3\u017cowy"},"content":{"rendered":"[zc_getpagecontent mb=&#8221;mb_aplus&#8221; apid=&#8221;15&#8243;]\n","protected":false},"excerpt":{"rendered":"<ul>\n<li>Nasze misie s\u0105 du\u017ce i wystarczaj\u0105co wype\u0142nione, dzi\u0119ki czemu mo\u017cemy mie\u0107 pewno\u015b\u0107, \u017ce otrzymasz taki sam produkt, jak na zdj\u0119ciach. Nasze wysokiej jako\u015bci misie s\u0105 idealnym prezentem dla bliskich i bardzo popularnym prezentem na \u015bwi\u0119ta takie jak Bo\u017ce Narodzenie czy Walentynki.<\/li>\n<li>Olbrzymi mi\u015b wykonany z niezwykle mi\u0119kkiego pluszu, bardzo puszysty i \u015bliski, dzi\u0119ki czemu jest idealny do przytulania i zabawy.<\/li>\n<li>Ogromny 25-centymetrowy (10\u2033) mi\u015b jest wyposa\u017cony w zamek b\u0142yskawiczny z zabezpieczeniem przed dzie\u0107mi z ty\u0142u, dzi\u0119ki czemu jest bezpieczny i \u0142atwy do prania.<\/li>\n<li>Mi\u015b jest skompresowany do rozmiaru mniejszego ni\u017c jego rzeczywisty rozmiar i szybko si\u0119 powi\u0119ksza po wyj\u0119ciu torby transportowej.<\/li>\n<li>Idealny mi\u015b do przytulania i tulenia. Ten uroczy mi\u015b mo\u017ce towarzyszy\u0107 Ci podczas czytania ksi\u0105\u017cek, ogl\u0105dania telewizji i zabawy. Mo\u017ce by\u0107 dobrym towarzyszem! Uroczy pluszowy mi\u015b szybko stanie si\u0119 ukochanym towarzyszem zar\u00f3wno dla m\u0142odych, jak i starszych.<\/li>\n<li>Mi\u015b jest tak uroczy, \u017ce zdobi sypialni\u0119 lub pok\u00f3j zabaw. Mo\u017cesz si\u0119 do niego przytuli\u0107 jak do mi\u0119kkiej poduszki. Dzieci mog\u0105 bawi\u0107 si\u0119 tym misiem, co mo\u017ce by\u0107 r\u00f3wnie\u017c bardzo ciekawym czasem na rodzinn\u0105 rozrywk\u0119.<\/li>\n<li>To idealny wyb\u00f3r dla niemowl\u0105t, dzieci lub przyjaci\u00f3\u0142. B\u0119dzie to najlepszy prezent na specjalne dni, takie jak \u015awi\u0119to Dzi\u0119kczynienia, Walentynki, Bo\u017ce Narodzenie, urodziny lub rocznice.<\/li>\n<li>Ten mi\u015b jest bardzo mi\u0119kki. Guzikowe oczy s\u0105 bardzo solidne. Plusz i wype\u0142nienie s\u0105 wysokiej jako\u015bci.<\/li>\n<li>Plusz i wy\u015bci\u00f3\u0142ka s\u0105 dobrej jako\u015bci. Wszystkie misie s\u0105 wysy\u0142ane po rygorystycznej kontroli jako\u015bci. Plusz jest sprawdzany przez autoryzowan\u0105 struktur\u0119 jako\u015bci i otrzymuje certyfikat CE.<\/li>\n<\/ul>","protected":false},"featured_media":5674,"comment_status":"open","ping_status":"closed","template":"","meta":[],"product_brand":[],"product_cat":[235],"product_tag":[],"class_list":{"0":"post-5691","1":"product","2":"type-product","3":"status-publish","4":"has-post-thumbnail","6":"product_cat-plush-toys","8":"first","9":"outofstock","10":"shipping-taxable","11":"purchasable","12":"product-type-simple"},"_links":{"self":[{"href":"https:\/\/www.largepillow.com\/pl\/wp-json\/wp\/v2\/product\/5691","targetHints":{"allow":["GET"]}}],"collection":[{"href":"https:\/\/www.largepillow.com\/pl\/wp-json\/wp\/v2\/product"}],"about":[{"href":"https:\/\/www.largepillow.com\/pl\/wp-json\/wp\/v2\/types\/product"}],"replies":[{"embeddable":true,"href":"https:\/\/www.largepillow.com\/pl\/wp-json\/wp\/v2\/comments?post=5691"}],"wp:featuredmedia":[{"embeddable":true,"href":"https:\/\/www.largepillow.com\/pl\/wp-json\/wp\/v2\/media\/5674"}],"wp:attachment":[{"href":"https:\/\/www.largepillow.com\/pl\/wp-json\/wp\/v2\/media?parent=5691"}],"wp:term":[{"taxonomy":"product_brand","embeddable":true,"href":"https:\/\/www.largepillow.com\/pl\/wp-json\/wp\/v2\/product_brand?post=5691"},{"taxonomy":"product_cat","embeddable":true,"href":"https:\/\/www.largepillow.com\/pl\/wp-json\/wp\/v2\/product_cat?post=5691"},{"taxonomy":"product_tag","embeddable":true,"href":"https:\/\/www.largepillow.com\/pl\/wp-json\/wp\/v2\/product_tag?post=5691"}],"curies":[{"name":"wp","href":"https:\/\/api.w.org\/{rel}","templated":true}]}}