{"id":590,"date":"2022-09-16T02:52:55","date_gmt":"2022-09-16T02:52:55","guid":{"rendered":"https:\/\/www.largepillow.com\/product\/bed-wedge"},"modified":"2026-04-16T11:22:05","modified_gmt":"2026-04-16T11:22:05","slug":"poduszka-z-duzym-klinem","status":"publish","type":"product","link":"https:\/\/www.largepillow.com\/pl\/product\/large-wedge-pillow","title":{"rendered":"Du\u017ca poduszka klinowa"},"content":{"rendered":"<p>Du\u017ca poduszka klinowa \u2013 Tw\u00f3j towarzysz najwy\u017cszego komfortu<\/p>\n<p>Czy lubisz czyta\u0107, ogl\u0105da\u0107 telewizj\u0119 lub po prostu odpoczywa\u0107 w \u0142\u00f3\u017cku po d\u0142ugim dniu? Je\u015bli tak, to poduszka z du\u017cym klinem jest tym, czego szukasz! Ta wszechstronna poduszka zag\u0142\u00f3wkowa idealnie nadaje si\u0119 do stosowania w \u0142\u00f3\u017cku, na kanapie, a nawet na sofie. Jego wielofunkcyjna konstrukcja sprawia, \u017ce jest to doskona\u0142y dodatek do ka\u017cdej sypialni, zapewniaj\u0105c najwy\u017cszy komfort i wsparcie, gdy tego najbardziej potrzebujesz.<\/p>\n<p>Wykonana z materia\u0142\u00f3w najwy\u017cszej jako\u015bci, du\u017ca poduszka klinowa ma poszewk\u0119 z poliestru 100% o przeplatanej fakturze i wyj\u0105tkowych szwach, kt\u00f3re s\u0105 mocne dooko\u0142a. Wy\u015bci\u00f3\u0142ka wykonana jest z wysokiej jako\u015bci w\u0142\u00f3kien poliestrowych o du\u017cej g\u0119sto\u015bci, kt\u00f3re zapobiegaj\u0105 zwiotczeniu nawet po miesi\u0105cach u\u017cytkowania. Niezale\u017cnie od tego, czy u\u017cywasz jej jako poduszki do czytania podpieraj\u0105cej plecy, d\u0142ugiej poduszki klinowej czy poduszki na nogi do uniesienia n\u00f3g, mo\u017cesz mie\u0107 pewno\u015b\u0107, \u017ce ta poduszka zapewni Ci najwy\u017cszy komfort i wsparcie.<\/p>\n<p>Jedn\u0105 z najlepszych cech poduszki Large Wedge Pillow jest jej \u0142atwa w czyszczeniu konstrukcja. Poszewk\u0119 mocuje si\u0119 do poduszki za pomoc\u0105 guzik\u00f3w i mo\u017cna j\u0105 \u0142atwo zdj\u0105\u0107 za pomoc\u0105 prostego zamka b\u0142yskawicznego. Wystarczy zdj\u0105\u0107 poszewk\u0119 i szybko wypra\u0107 poduszk\u0119 w pralce, a poduszka b\u0119dzie wygl\u0105da\u0107 jak nowa. Dzi\u0119ki temu jest to wygodne rozwi\u0105zanie dla tych, kt\u00f3rzy chc\u0105, aby ich poduszka by\u0142a zawsze czysta i \u015bwie\u017ca.<\/p>\n<p>Kolejn\u0105 wielk\u0105 cech\u0105 tej poduszki zag\u0142\u00f3wkowej jest wygodna kiesze\u0144 boczna. Dzi\u0119ki doskona\u0142ej kieszeni do przechowywania do\u0142\u0105czonej do poduszki ju\u017c nigdy nie zgubisz pilota. Mo\u017cesz mie\u0107 telefon, ksi\u0105\u017ck\u0119 lub cokolwiek innego, czego potrzebujesz, pod r\u0119k\u0105.<\/p>\n<p>Dost\u0119pna w r\u00f3\u017cnych rozmiarach, od 45 cm do 200 cm, poduszka ta nadaje si\u0119 do \u0142\u00f3\u017cek o r\u00f3\u017cnych rozmiarach i stylach. Wybierz rozmiar, kt\u00f3ry najbardziej odpowiada Twojemu \u0142\u00f3\u017cku i ciesz si\u0119 wygod\u0105, jak\u0105 zapewnia ta poduszka.<\/p>\n<p>Nie wierz nam tylko na s\u0142owo \u2013 oto kilka komentarzy naszych zadowolonych klient\u00f3w:<\/p>\n<p>\u201eUwielbiam t\u0119 poduszk\u0119! W\u0142a\u015bnie tego potrzebowa\u0142em, aby podeprze\u0107 plecy podczas czytania w \u0142\u00f3\u017cku. Boczna kiesze\u0144 jest idealna na telefon i okulary. \u2013 Sara L.<\/p>\n<p>\u201eDu\u017ca poduszka klinowa zmienia zasady gry! U\u017cywam go do uniesienia n\u00f3g i znacznie poprawi\u0142o to m\u00f3j poziom komfortu\u201d. \u2013 Tomek H.<\/p>\n<p>\u201eMam \u017c\u00f3\u0142t\u0105 poduszk\u0119 z domieszk\u0105 lnu i wygl\u0105da \u015bwietnie w mojej sypialni. Jest r\u00f3wnie\u017c bardzo wygodny i podoba mi si\u0119 fakt, \u017ce mo\u017cna go \u0142atwo wyczy\u015bci\u0107.\u201d \u2013Rachel W.<\/p>\n<p>Podsumowuj\u0105c, je\u015bli szukasz wysokiej jako\u015bci poduszki zag\u0142\u00f3wkowej, kt\u00f3ra zapewnia komfort, wsparcie i wygod\u0119, nie szukaj dalej ni\u017c poduszka z du\u017cym klinem. Zdob\u0105d\u017a sw\u00f3j ju\u017c dzi\u015b i do\u015bwiadcz zupe\u0142nie nowego poziomu komfortu i relaksu.<\/p>","protected":false},"excerpt":{"rendered":"<ul>\n<li><strong>Najwy\u017cszy komfort:<\/strong> Nasza poduszka zag\u0142\u00f3wkowa zosta\u0142a zaprojektowana tak, aby zapewni\u0107 najwy\u017cszy komfort podczas czytania, ogl\u0105dania telewizji lub spania. Jest idealny do \u0142\u00f3\u017cka, kanapy, kanapy i nie tylko!<\/li>\n<li><strong>Wielofunkcyjny projekt:<\/strong> Nasz\u0105 du\u017c\u0105 poduszk\u0119 w kszta\u0142cie wa\u0142u mo\u017cna u\u017cywa\u0107 na wiele sposob\u00f3w \u2013 jako poduszk\u0119 do czytania pod plecy, d\u0142ug\u0105 poduszk\u0119 klinow\u0105 lub poduszk\u0119 na nogi, aby unie\u015b\u0107 nogi. Jest stylowy i funkcjonalny, dzi\u0119ki czemu b\u0119dzie doskona\u0142ym dodatkiem do ka\u017cdej sypialni.<\/li>\n<li><strong>Materia\u0142y premium:<\/strong> Nasza poszewka na poduszk\u0119 wykonana jest z poliestru 100% o przeplatanej fakturze i wykwintnych szwach, kt\u00f3re s\u0105 mocne dooko\u0142a. Wy\u015bci\u00f3\u0142ka wykonana jest z wysokiej jako\u015bci w\u0142\u00f3kien poliestrowych o du\u017cej g\u0119sto\u015bci, kt\u00f3re zapobiegaj\u0105 zwiotczeniu nawet po miesi\u0105cach u\u017cytkowania.<\/li>\n<li><strong>\u0141atwe do czyszczenia:<\/strong> Pokrycie poduszki wezg\u0142owia mocuje si\u0119 do poduszki za pomoc\u0105 guzik\u00f3w i mo\u017cna je \u0142atwo zdj\u0105\u0107 za pomoc\u0105 prostego zamka b\u0142yskawicznego. Wystarczy zdj\u0105\u0107 poszewk\u0119 i szybko wypra\u0107 poduszk\u0119 w pralce, a poduszka b\u0119dzie wygl\u0105da\u0107 jak nowa.<\/li>\n<li><strong>Idealna kiesze\u0144 do przechowywania:<\/strong> Nasza poduszka zag\u0142\u00f3wkowa posiada wygodn\u0105 kiesze\u0144 boczn\u0105, dzi\u0119ki kt\u00f3rej ju\u017c nigdy nie zgubisz pilota.<\/li>\n<li><strong>Tkanina:<\/strong>\u00a0Mieszanka poliestru i lnu.<\/li>\n<li><strong>Rozmiar:<\/strong> 45 cm (d\u0142. 45 x szer. 20 x wys. 50 | 0 przycisk\u00f3w), 60 cm (d\u0142. 60 x szer. 20 x wys. 50 | 0 przycisk\u00f3w), 80 cm (d\u0142. 80 x szer. 20 x wys. 50 | 2 przyciski), 100 cm (d\u0142. 100 x szer. 20 x wys. 50 | 3 przyciski), 120 cm ( D\u0142. 120 x szer. 20 x wys. 50 | 4 przyciski), 140 cm (d\u0142. 140 x szer. 20 x wys. 50 | 4 przyciski), 160 cm (d\u0142. 160 x szer. 20 x wys. 50 | 5 przycisk\u00f3w), 180 cm (d\u0142. 180 x szer. 20 x wys. 50 | 6 przycisk\u00f3w), 200 cm (d\u0142. 200 x wys. S20 x W50 | 7 przycisk\u00f3w).<\/li>\n<\/ul>","protected":false},"featured_media":575,"comment_status":"open","ping_status":"closed","template":"","meta":[],"product_brand":[],"product_cat":[15],"product_tag":[66,73,102,181,199,189,59,71,200],"class_list":{"0":"post-590","1":"product","2":"type-product","3":"status-publish","4":"has-post-thumbnail","6":"product_cat-large-wedge-pillow","7":"product_tag-back-support-pillow","8":"product_tag-bedroom-pillow","9":"product_tag-couch-pillow","10":"product_tag-elevated-backrest-pillow","11":"product_tag-large-wedge-pillow","12":"product_tag-linen-pillow","13":"product_tag-reading-pillow","14":"product_tag-tv-pillow","15":"product_tag-yellow-pillow","17":"first","18":"instock","19":"featured","20":"shipping-taxable","21":"purchasable","22":"product-type-variable"},"_links":{"self":[{"href":"https:\/\/www.largepillow.com\/pl\/wp-json\/wp\/v2\/product\/590","targetHints":{"allow":["GET"]}}],"collection":[{"href":"https:\/\/www.largepillow.com\/pl\/wp-json\/wp\/v2\/product"}],"about":[{"href":"https:\/\/www.largepillow.com\/pl\/wp-json\/wp\/v2\/types\/product"}],"replies":[{"embeddable":true,"href":"https:\/\/www.largepillow.com\/pl\/wp-json\/wp\/v2\/comments?post=590"}],"wp:featuredmedia":[{"embeddable":true,"href":"https:\/\/www.largepillow.com\/pl\/wp-json\/wp\/v2\/media\/575"}],"wp:attachment":[{"href":"https:\/\/www.largepillow.com\/pl\/wp-json\/wp\/v2\/media?parent=590"}],"wp:term":[{"taxonomy":"product_brand","embeddable":true,"href":"https:\/\/www.largepillow.com\/pl\/wp-json\/wp\/v2\/product_brand?post=590"},{"taxonomy":"product_cat","embeddable":true,"href":"https:\/\/www.largepillow.com\/pl\/wp-json\/wp\/v2\/product_cat?post=590"},{"taxonomy":"product_tag","embeddable":true,"href":"https:\/\/www.largepillow.com\/pl\/wp-json\/wp\/v2\/product_tag?post=590"}],"curies":[{"name":"wp","href":"https:\/\/api.w.org\/{rel}","templated":true}]}}