{"id":5959,"date":"2025-02-02T13:23:53","date_gmt":"2025-02-02T13:23:53","guid":{"rendered":"https:\/\/www.largepillow.com\/product\/side-sleeper-pillow-with-arm-hole-foam-wedge-for-neck-and-shoulder-pain"},"modified":"2025-11-23T05:21:48","modified_gmt":"2025-11-23T05:21:48","slug":"poduszka-do-spania-na-boku-z-otworem-na-reke-klin-piankowy-na-bol-szyi-i-ramion","status":"publish","type":"product","link":"https:\/\/www.largepillow.com\/pl\/product\/side-sleeper-pillow-with-arm-hole-foam-wedge-for-neck-and-shoulder-pain\/","title":{"rendered":"Poduszka do spania na boku z otworem na rami\u0119 i klinem piankowym na b\u00f3l szyi i ramion"},"content":{"rendered":"[zc_getpagecontent mb=&#8221;mb_aplus&#8221; apid=&#8221;116&#8243;]\n","protected":false},"excerpt":{"rendered":"<ul>\n<li>Zaawansowana konstrukcja: Nasza nowa wersja poduszki do spania na boku na b\u00f3l barku sk\u0142ada si\u0119 z trzech zasadniczych cz\u0119\u015bci: klinowej poduszki piankowej zapewniaj\u0105cej stabilne wsparcie, ma\u0142ego zag\u0142\u00f3wka i wygodnej poduszki do cia\u0142a w kszta\u0142cie litery H. Ta rewolucyjna konstrukcja oferuje znacz\u0105ce ulepszenia funkcjonalne w por\u00f3wnaniu z tradycyjnymi poduszkami do cia\u0142a w kszta\u0142cie litery U, umo\u017cliwiaj\u0105c bezproblemow\u0105 zmian\u0119 stron podczas snu.<\/li>\n<li>Ulepszona funkcjonalno\u015b\u0107: W przeciwie\u0144stwie do konwencjonalnych poduszek bocznych w kszta\u0142cie litery U, kt\u00f3re utrudniaj\u0105 ruch podczas snu, nasza poduszka w kszta\u0142cie litery H i oddzielny zag\u0142\u00f3wek umo\u017cliwiaj\u0105 \u0142atwe ruchy ramion i zmiany stron. Zoptymalizowane nachylenie poduszki klinowej zapewnia delikatne wsparcie, zaspokajaj\u0105c zr\u00f3\u017cnicowane potrzeby os\u00f3b \u015bpi\u0105cych na boku.<\/li>\n<li>Ulga w nacisku na ramiona: Ciesz si\u0119 niezr\u00f3wnanym komfortem dzi\u0119ki sprytnie zaprojektowanej funkcji podw\u00f3jnego otworu na rami\u0119 w piankowej poduszce klinowej. Ta konstrukcja \u0142agodzi nacisk na ramiona, wspomaga lepsze kr\u0105\u017cenie krwi i zapewnia spokojny sen bez dyskomfortu zwi\u0105zanego z wisz\u0105cymi ramionami.<\/li>\n<li>Najwy\u017cszy komfort: Wykonana z mi\u0119kkiego i puszystego w\u0142\u00f3kna poliestrowego poduszka w kszta\u0142cie litery H i zag\u0142\u00f3wek gwarantuj\u0105 maksymalny komfort podczas snu. Oddychaj\u0105cy materia\u0142 poszewki zapewnia spokojny sen w nocy. Ergonomiczna poduszka klinowa z pianki unosi g\u00f3rn\u0105 cz\u0119\u015b\u0107 cia\u0142a, skutecznie \u0142agodz\u0105c b\u00f3l plec\u00f3w, refluks \u017co\u0142\u0105dkowy i zgag\u0119. Wype\u0142niona piank\u0105 o wysokiej g\u0119sto\u015bci dla d\u0142ugotrwa\u0142ej stabilno\u015bci, ta poduszka zapewnia mocne wsparcie przez ca\u0142\u0105 noc, pomagaj\u0105c \u015bpi\u0105cym na boku w szybszym powrocie do zdrowia.<\/li>\n<li>Kompleksowe wsparcie: Ciesz si\u0119 pe\u0142nym wsparciem cia\u0142a dzi\u0119ki wyd\u0142u\u017conej g\u00f3rnej cz\u0119\u015bci ergonomicznej poduszki do spania na boku w kszta\u0142cie litery H, rozci\u0105gaj\u0105cej si\u0119 od g\u0142owy do st\u00f3p. Niezale\u017cnie od tego, czy to biodra, plecy, szyja czy brzuch wymagaj\u0105 relaksu, ta poduszka do cia\u0142a zapewnia dostosowane wsparcie. Konstrukcja po\u0142\u0105czenia w \u015brodku poduszki do cia\u0142a zapewnia, \u017ce poduszki do spania na boku dla doros\u0142ych nie owijaj\u0105 si\u0119 wok\u00f3\u0142 cia\u0142a, gdy si\u0119 przewracasz.<\/li>\n<\/ul>","protected":false},"featured_media":5945,"comment_status":"open","ping_status":"closed","template":"","meta":[],"product_brand":[],"product_cat":[228],"product_tag":[],"class_list":{"0":"post-5959","1":"product","2":"type-product","3":"status-publish","4":"has-post-thumbnail","6":"product_cat-cushions","8":"first","9":"instock","10":"shipping-taxable","11":"purchasable","12":"product-type-variable","13":"has-default-attributes"},"_links":{"self":[{"href":"https:\/\/www.largepillow.com\/pl\/wp-json\/wp\/v2\/product\/5959","targetHints":{"allow":["GET"]}}],"collection":[{"href":"https:\/\/www.largepillow.com\/pl\/wp-json\/wp\/v2\/product"}],"about":[{"href":"https:\/\/www.largepillow.com\/pl\/wp-json\/wp\/v2\/types\/product"}],"replies":[{"embeddable":true,"href":"https:\/\/www.largepillow.com\/pl\/wp-json\/wp\/v2\/comments?post=5959"}],"wp:featuredmedia":[{"embeddable":true,"href":"https:\/\/www.largepillow.com\/pl\/wp-json\/wp\/v2\/media\/5945"}],"wp:attachment":[{"href":"https:\/\/www.largepillow.com\/pl\/wp-json\/wp\/v2\/media?parent=5959"}],"wp:term":[{"taxonomy":"product_brand","embeddable":true,"href":"https:\/\/www.largepillow.com\/pl\/wp-json\/wp\/v2\/product_brand?post=5959"},{"taxonomy":"product_cat","embeddable":true,"href":"https:\/\/www.largepillow.com\/pl\/wp-json\/wp\/v2\/product_cat?post=5959"},{"taxonomy":"product_tag","embeddable":true,"href":"https:\/\/www.largepillow.com\/pl\/wp-json\/wp\/v2\/product_tag?post=5959"}],"curies":[{"name":"wp","href":"https:\/\/api.w.org\/{rel}","templated":true}]}}