{"id":614,"date":"2022-09-16T03:33:52","date_gmt":"2022-09-16T03:33:52","guid":{"rendered":"https:\/\/www.largepillow.com\/product\/bed-wedge-pillow-2"},"modified":"2026-04-11T08:10:25","modified_gmt":"2026-04-11T08:10:25","slug":"duza-poduszka-do-lozka","status":"publish","type":"product","link":"https:\/\/www.largepillow.com\/pl\/product\/large-back-pillow-for-bed","title":{"rendered":"Du\u017ca poduszka pod plecy do \u0142\u00f3\u017cka"},"content":{"rendered":"<p>Poczuj najwy\u017cszy komfort dzi\u0119ki naszej du\u017cej poduszce Premium do \u0142\u00f3\u017cka<\/p>\n<p>Zanurz si\u0119 w niezr\u00f3wnanym komforcie dzi\u0119ki naszej luksusowej du\u017cej poduszce pod plecy, zaprojektowanej, aby poprawi\u0107 jako\u015b\u0107 snu. Niezale\u017cnie od tego, czy jeste\u015b molem ksi\u0105\u017ckowym zagubionym w opowie\u015bciach, mi\u0142o\u015bnikiem film\u00f3w, czy po prostu szukasz przytulnego oparcia, nasza poduszka zag\u0142\u00f3wka zapewni Ci ochron\u0119.<\/p>\n<p>Wszechstronny i wielofunkcyjny<\/p>\n<p>Wszechstronno\u015b\u0107 naszej poduszki wzmacniaj\u0105cej nie zna granic. U\u017cyj jej jako oparcia do czytania, d\u0142ugiej poduszki klinowej dla wi\u0119kszego komfortu, a nawet jako poduszki na nogi, aby ukoi\u0107 zm\u0119czone mi\u0119\u015bnie. Jego stylowy wygl\u0105d sprawia, \u017ce b\u0119dzie to mile widziany dodatek do wystroju ka\u017cdej sypialni.<\/p>\n<p>Materia\u0142y najwy\u017cszej jako\u015bci, niezachwiane wsparcie<\/p>\n<p>Wykonana z najwy\u017cszej jako\u015bci mieszanki poliestru 100% i lnu, nasza poszewka ma przeplatan\u0105 tekstur\u0119 i wyj\u0105tkowe szwy, kt\u00f3re emanuj\u0105 trwa\u0142o\u015bci\u0105. Wysokiej jako\u015bci wy\u015bci\u00f3\u0142ka z w\u0142\u00f3kna poliestrowego o du\u017cej g\u0119sto\u015bci zapewnia wyj\u0105tkowe wsparcie, zapobiegaj\u0105c zwiotczeniu nawet po d\u0142ugotrwa\u0142ym u\u017cytkowaniu.<\/p>\n<p>Bezproblemowa konserwacja<\/p>\n<p>Utrzymanie nieskazitelnego stanu naszej poduszki wezg\u0142owia jest dziecinnie proste. Wystarczy rozpi\u0105\u0107 poszewk\u0119 poduszki za pomoc\u0105 \u0142atwo dost\u0119pnego zamka b\u0142yskawicznego i wrzuci\u0107 j\u0105 do pralki, aby u\u0142atwi\u0107 jej wyczyszczenie. To takie proste!<\/p>\n<p>Wygodna kiesze\u0144 do przechowywania<\/p>\n<p>Nigdy wi\u0119cej nie zgubisz pilota! Nasza poduszka zag\u0142\u00f3wkowa ma sprytn\u0105 kiesze\u0144 boczn\u0105, kt\u00f3ra zapewnia bezpieczne i wygodne miejsce do przechowywania niezb\u0119dnych rzeczy.<\/p>\n<p>Referencje klient\u00f3w<\/p>\n<p>\u201eTa poduszka jest niesamowicie wygodna! U\u017cywam go do czytania w \u0142\u00f3\u017cku i dzi\u0119ki temu moja wieczorna rutyna staje si\u0119 o wiele przyjemniejsza\u201d. \u2013 Sara J.<\/p>\n<p>\u201eUwielbiam wszechstronno\u015b\u0107 tej poduszki. \u015awietnie sprawdzi si\u0119 zar\u00f3wno do wypoczynku, jak i spania. Kiesze\u0144 do przechowywania to fantastyczny bonus!\u201d \u2013 Emilia B.<\/p>\n<p>Dost\u0119pne rozmiary<\/p>\n<p>Nasza du\u017ca poduszka pod plecy jest dost\u0119pna w r\u00f3\u017cnych rozmiarach dostosowanych do Twoich potrzeb:<\/p>\n<p>* 45 cm (d\u0142. 45 x szer. 20 x wys. 50)<br \/>\n* 60 cm (d\u0142. 60 x szer. 20 x wys. 50)<br \/>\n* 80 cm (d\u0142. 80 x szer. 20 x wys. 50)<br \/>\n* 100 cm (d\u0142. 100 x szer. 20 x wys. 50)<br \/>\n* 120 cm (d\u0142. 120 x szer. 20 x wys. 50)<br \/>\n* 140 cm (d\u0142. 140 x szer. 20 x wys. 50)<br \/>\n* 160 cm (d\u0142. 160 x szer. 20 x wys. 50)<br \/>\n* 180 cm (d\u0142. 180 x szer. 20 x wys. 50)<br \/>\n* 200 cm (d\u0142. 200 x szer. 20 x wys. 50)<\/p>\n<p>Ju\u017c dzi\u015b ulepsz swoje wra\u017cenia ze spania i wypoczynku dzi\u0119ki naszej du\u017cej poduszce pod plecy do \u0142\u00f3\u017cka. Zam\u00f3w ju\u017c teraz i rozkoszuj si\u0119 najwy\u017cszym komfortem!<\/p>","protected":false},"excerpt":{"rendered":"<ul>\n<li><strong>Najwy\u017cszy komfort:<\/strong> Nasza poduszka zag\u0142\u00f3wkowa zosta\u0142a zaprojektowana tak, aby zapewni\u0107 najwy\u017cszy komfort podczas czytania, ogl\u0105dania telewizji lub spania. Jest idealny do \u0142\u00f3\u017cka, kanapy, kanapy i nie tylko!<\/li>\n<li><strong>Wielofunkcyjny projekt:<\/strong> Nasz\u0105 du\u017c\u0105 poduszk\u0119 w kszta\u0142cie wa\u0142u mo\u017cna u\u017cywa\u0107 na wiele sposob\u00f3w \u2013 jako poduszk\u0119 do czytania pod plecy, d\u0142ug\u0105 poduszk\u0119 klinow\u0105 lub poduszk\u0119 na nogi, aby unie\u015b\u0107 nogi. Jest stylowy i funkcjonalny, dzi\u0119ki czemu b\u0119dzie doskona\u0142ym dodatkiem do ka\u017cdej sypialni.<\/li>\n<li><strong>Materia\u0142y premium:<\/strong> Nasza poszewka na poduszk\u0119 wykonana jest z poliestru 100% o przeplatanej fakturze i wykwintnych szwach, kt\u00f3re s\u0105 mocne dooko\u0142a. Wy\u015bci\u00f3\u0142ka wykonana jest z wysokiej jako\u015bci w\u0142\u00f3kien poliestrowych o du\u017cej g\u0119sto\u015bci, kt\u00f3re zapobiegaj\u0105 zwiotczeniu nawet po miesi\u0105cach u\u017cytkowania.<\/li>\n<li><strong>\u0141atwe do czyszczenia:<\/strong> Pokrycie poduszki wezg\u0142owia mocuje si\u0119 do poduszki za pomoc\u0105 guzik\u00f3w i mo\u017cna je \u0142atwo zdj\u0105\u0107 za pomoc\u0105 prostego zamka b\u0142yskawicznego. Wystarczy zdj\u0105\u0107 poszewk\u0119 i szybko wypra\u0107 poduszk\u0119 w pralce, a poduszka b\u0119dzie wygl\u0105da\u0107 jak nowa.<\/li>\n<li><strong>Idealna kiesze\u0144 do przechowywania:<\/strong> Nasza poduszka zag\u0142\u00f3wkowa posiada wygodn\u0105 kiesze\u0144 boczn\u0105, dzi\u0119ki kt\u00f3rej ju\u017c nigdy nie zgubisz pilota.<\/li>\n<li><strong>Tkanina:<\/strong>\u00a0Mieszanka poliestru i lnu.<\/li>\n<li><strong>Rozmiar:<\/strong> 45 cm (d\u0142. 45 x szer. 20 x wys. 50 | 0 przycisk\u00f3w), 60 cm (d\u0142. 60 x szer. 20 x wys. 50 | 0 przycisk\u00f3w), 80 cm (d\u0142. 80 x szer. 20 x wys. 50 | 2 przyciski), 100 cm (d\u0142. 100 x szer. 20 x wys. 50 | 3 przyciski), 120 cm ( D\u0142. 120 x szer. 20 x wys. 50 | 4 przyciski), 140 cm (d\u0142. 140 x szer. 20 x wys. 50 | 4 przyciski), 160 cm (d\u0142. 160 x szer. 20 x wys. 50 | 5 przycisk\u00f3w), 180 cm (d\u0142. 180 x szer. 20 x wys. 50 | 6 przycisk\u00f3w), 200 cm (d\u0142. 200 x wys. S20 x W50 | 7 przycisk\u00f3w).<\/li>\n<\/ul>","protected":false},"featured_media":600,"comment_status":"open","ping_status":"closed","template":"","meta":[],"product_brand":[],"product_cat":[15],"product_tag":[187,75,168,197,189,184,143,59,71,198],"class_list":{"0":"post-614","1":"product","2":"type-product","3":"status-publish","4":"has-post-thumbnail","6":"product_cat-large-wedge-pillow","7":"product_tag-back-support-reading-pillow","8":"product_tag-daybed-pillow","9":"product_tag-headboard-pillow","10":"product_tag-large-back-pillow-for-bed","11":"product_tag-linen-pillow","12":"product_tag-long-wedge-pillow","13":"product_tag-multifunctional-pillow","14":"product_tag-reading-pillow","15":"product_tag-tv-pillow","16":"product_tag-white-pillow","18":"first","19":"instock","20":"featured","21":"shipping-taxable","22":"purchasable","23":"product-type-variable"},"_links":{"self":[{"href":"https:\/\/www.largepillow.com\/pl\/wp-json\/wp\/v2\/product\/614","targetHints":{"allow":["GET"]}}],"collection":[{"href":"https:\/\/www.largepillow.com\/pl\/wp-json\/wp\/v2\/product"}],"about":[{"href":"https:\/\/www.largepillow.com\/pl\/wp-json\/wp\/v2\/types\/product"}],"replies":[{"embeddable":true,"href":"https:\/\/www.largepillow.com\/pl\/wp-json\/wp\/v2\/comments?post=614"}],"wp:featuredmedia":[{"embeddable":true,"href":"https:\/\/www.largepillow.com\/pl\/wp-json\/wp\/v2\/media\/600"}],"wp:attachment":[{"href":"https:\/\/www.largepillow.com\/pl\/wp-json\/wp\/v2\/media?parent=614"}],"wp:term":[{"taxonomy":"product_brand","embeddable":true,"href":"https:\/\/www.largepillow.com\/pl\/wp-json\/wp\/v2\/product_brand?post=614"},{"taxonomy":"product_cat","embeddable":true,"href":"https:\/\/www.largepillow.com\/pl\/wp-json\/wp\/v2\/product_cat?post=614"},{"taxonomy":"product_tag","embeddable":true,"href":"https:\/\/www.largepillow.com\/pl\/wp-json\/wp\/v2\/product_tag?post=614"}],"curies":[{"name":"wp","href":"https:\/\/api.w.org\/{rel}","templated":true}]}}