{"id":640,"date":"2022-09-16T03:40:56","date_gmt":"2022-09-16T03:40:56","guid":{"rendered":"https:\/\/www.largepillow.com\/product\/leg-elevation-pillow-2"},"modified":"2025-11-24T12:37:09","modified_gmt":"2025-11-24T12:37:09","slug":"poduszka-na-zaglowek","status":"publish","type":"product","link":"https:\/\/www.largepillow.com\/pl\/product\/cushion-for-headboard","title":{"rendered":"Poduszka Na Zag\u0142\u00f3wek"},"content":{"rendered":"<p>Poduszka na zag\u0142\u00f3wek \u2013 najwy\u017cszy komfort, jakiego szukasz! Ta poduszka zag\u0142\u00f3wkowa zosta\u0142a zaprojektowana z my\u015bl\u0105 o Twojej wygodzie, idealna do czytania, ogl\u0105dania telewizji lub po prostu dobrego snu. Jest wielofunkcyjny, stylowy i stanowi doskona\u0142y dodatek do ka\u017cdej sypialni.<\/p>\n<p>Nasz\u0105 du\u017c\u0105 poduszk\u0119 w kszta\u0142cie wa\u0142u mo\u017cna u\u017cywa\u0107 na wiele sposob\u00f3w \u2013 jako poduszk\u0119 do czytania pod plecy, d\u0142ug\u0105 poduszk\u0119 klinow\u0105 lub poduszk\u0119 na nogi, aby unie\u015b\u0107 nogi. Wykonany jest z wysokiej jako\u015bci w\u0142\u00f3kien poliestrowych o du\u017cej g\u0119sto\u015bci, kt\u00f3re zapobiegaj\u0105 zwiotczeniu nawet po miesi\u0105cach u\u017cytkowania. Poszewka na poduszk\u0119 wykonana jest z poliestru 100% o przeplatanej fakturze i wykwintnych szwach, kt\u00f3re s\u0105 mocne dooko\u0142a.<\/p>\n<p>Jedn\u0105 z najlepszych cech tej poduszki zag\u0142\u00f3wkowej jest to, \u017ce mo\u017cna j\u0105 \u0142atwo wyczy\u015bci\u0107. Wystarczy zdj\u0105\u0107 poszewk\u0119 za pomoc\u0105 prostego zamka b\u0142yskawicznego i szybko wypra\u0107 poduszk\u0119 w pralce, aby poduszka wygl\u0105da\u0142a jak nowa.<\/p>\n<p>Ale to nie wszystko \u2013 nasza poduszka zag\u0142\u00f3wkowa posiada r\u00f3wnie\u017c wygodn\u0105 kiesze\u0144 boczn\u0105, dzi\u0119ki kt\u00f3rej ju\u017c nigdy nie zgubisz pilota. To idealna kiesze\u0144 do przechowywania wszystkich niezb\u0119dnych rzeczy.<\/p>\n<p>Oferujemy r\u00f3\u017cne rozmiary tej poduszki, pocz\u0105wszy od 45cm do 200cm. Mo\u017cesz wybra\u0107 rozmiar, kt\u00f3ry najlepiej pasuje do Twojego \u0142\u00f3\u017cka i zag\u0142\u00f3wka. Poduszka wykonana jest z mieszanki poliestru i lnu, materia\u0142u wygodnego i trwa\u0142ego.<\/p>\n<p>Nie wierz nam tylko na s\u0142owo. Oto kilka komentarzy naszych zadowolonych klient\u00f3w:<\/p>\n<p>\u201eBardzo podoba mi si\u0119 ta poduszka. Jest taki wygodny i wytrzyma\u0142y. U\u017cywam go ka\u017cdego wieczoru, \u017ceby przeczyta\u0107 przed snem.<\/p>\n<p>\u201eTkanina jest wysokiej jako\u015bci, a poduszka jest pi\u0119knie wykonana. Uwielbiam boczn\u0105 kiesze\u0144, poniewa\u017c jest niezwykle wygodna.\u201d<\/p>\n<p>\u201eDzi\u0119ki tej poduszce moje \u0142\u00f3\u017cko sta\u0142o si\u0119 o wiele wygodniejsze. To jak mie\u0107 przytulne, ma\u0142e gniazdko, w kt\u00f3rym mo\u017cna si\u0119 zrelaksowa\u0107.\u201d<\/p>\n<p>Podsumowuj\u0105c, je\u015bli szukasz wygodnej i wielofunkcyjnej poduszki na zag\u0142\u00f3wek, nasza poduszka na zag\u0142\u00f3wek jest dla Ciebie idealnym wyborem. Jest stylowy, funkcjonalny i \u0142atwy w czyszczeniu. Zam\u00f3w ju\u017c dzi\u015b i do\u015bwiadcz najwy\u017cszego komfortu!<\/p>","protected":false},"excerpt":{"rendered":"<ul>\n<li><strong>Najwy\u017cszy komfort:<\/strong> Nasza poduszka zag\u0142\u00f3wkowa zosta\u0142a zaprojektowana tak, aby zapewni\u0107 najwy\u017cszy komfort podczas czytania, ogl\u0105dania telewizji lub spania. Jest idealny do \u0142\u00f3\u017cka, kanapy, kanapy i nie tylko!<\/li>\n<li><strong>Wielofunkcyjny projekt:<\/strong> Nasz\u0105 du\u017c\u0105 poduszk\u0119 w kszta\u0142cie wa\u0142u mo\u017cna u\u017cywa\u0107 na wiele sposob\u00f3w \u2013 jako poduszk\u0119 do czytania pod plecy, d\u0142ug\u0105 poduszk\u0119 klinow\u0105 lub poduszk\u0119 na nogi, aby unie\u015b\u0107 nogi. Jest stylowy i funkcjonalny, dzi\u0119ki czemu b\u0119dzie doskona\u0142ym dodatkiem do ka\u017cdej sypialni.<\/li>\n<li><strong>Materia\u0142y premium:<\/strong> Nasza poszewka na poduszk\u0119 wykonana jest z poliestru 100% o przeplatanej fakturze i wykwintnych szwach, kt\u00f3re s\u0105 mocne dooko\u0142a. Wy\u015bci\u00f3\u0142ka wykonana jest z wysokiej jako\u015bci w\u0142\u00f3kien poliestrowych o du\u017cej g\u0119sto\u015bci, kt\u00f3re zapobiegaj\u0105 zwiotczeniu nawet po miesi\u0105cach u\u017cytkowania.<\/li>\n<li><strong>\u0141atwe do czyszczenia:<\/strong> Pokrycie poduszki wezg\u0142owia mocuje si\u0119 do poduszki za pomoc\u0105 guzik\u00f3w i mo\u017cna je \u0142atwo zdj\u0105\u0107 za pomoc\u0105 prostego zamka b\u0142yskawicznego. Wystarczy zdj\u0105\u0107 poszewk\u0119 i szybko wypra\u0107 poduszk\u0119 w pralce, a poduszka b\u0119dzie wygl\u0105da\u0107 jak nowa.<\/li>\n<li><strong>Idealna kiesze\u0144 do przechowywania:<\/strong> Nasza poduszka zag\u0142\u00f3wkowa posiada wygodn\u0105 kiesze\u0144 boczn\u0105, dzi\u0119ki kt\u00f3rej ju\u017c nigdy nie zgubisz pilota.<\/li>\n<li><strong>Tkanina:<\/strong>\u00a0Mieszanka poliestru i lnu.<\/li>\n<li><strong>Rozmiar:<\/strong> 45 cm (d\u0142. 45 x szer. 20 x wys. 50 | 0 przycisk\u00f3w), 60 cm (d\u0142. 60 x szer. 20 x wys. 50 | 0 przycisk\u00f3w), 80 cm (d\u0142. 80 x szer. 20 x wys. 50 | 2 przyciski), 100 cm (d\u0142. 100 x szer. 20 x wys. 50 | 3 przyciski), 120 cm ( D\u0142. 120 x szer. 20 x wys. 50 | 4 przyciski), 140 cm (d\u0142. 140 x szer. 20 x wys. 50 | 4 przyciski), 160 cm (d\u0142. 160 x szer. 20 x wys. 50 | 5 przycisk\u00f3w), 180 cm (d\u0142. 180 x szer. 20 x wys. 50 | 6 przycisk\u00f3w), 200 cm (d\u0142. 200 x wys. S20 x W50 | 7 przycisk\u00f3w).<\/li>\n<\/ul>","protected":false},"featured_media":624,"comment_status":"open","ping_status":"closed","template":"","meta":[],"product_brand":[],"product_cat":[15],"product_tag":[66,187,195,196,192,189,184,143,59],"class_list":{"0":"post-640","1":"product","2":"type-product","3":"status-publish","4":"has-post-thumbnail","6":"product_cat-large-wedge-pillow","7":"product_tag-back-support-pillow","8":"product_tag-back-support-reading-pillow","9":"product_tag-brown-pillow","10":"product_tag-cushion-for-headboard","11":"product_tag-headboard-cushion","12":"product_tag-linen-pillow","13":"product_tag-long-wedge-pillow","14":"product_tag-multifunctional-pillow","15":"product_tag-reading-pillow","17":"first","18":"instock","19":"shipping-taxable","20":"purchasable","21":"product-type-variable"},"_links":{"self":[{"href":"https:\/\/www.largepillow.com\/pl\/wp-json\/wp\/v2\/product\/640","targetHints":{"allow":["GET"]}}],"collection":[{"href":"https:\/\/www.largepillow.com\/pl\/wp-json\/wp\/v2\/product"}],"about":[{"href":"https:\/\/www.largepillow.com\/pl\/wp-json\/wp\/v2\/types\/product"}],"replies":[{"embeddable":true,"href":"https:\/\/www.largepillow.com\/pl\/wp-json\/wp\/v2\/comments?post=640"}],"wp:featuredmedia":[{"embeddable":true,"href":"https:\/\/www.largepillow.com\/pl\/wp-json\/wp\/v2\/media\/624"}],"wp:attachment":[{"href":"https:\/\/www.largepillow.com\/pl\/wp-json\/wp\/v2\/media?parent=640"}],"wp:term":[{"taxonomy":"product_brand","embeddable":true,"href":"https:\/\/www.largepillow.com\/pl\/wp-json\/wp\/v2\/product_brand?post=640"},{"taxonomy":"product_cat","embeddable":true,"href":"https:\/\/www.largepillow.com\/pl\/wp-json\/wp\/v2\/product_cat?post=640"},{"taxonomy":"product_tag","embeddable":true,"href":"https:\/\/www.largepillow.com\/pl\/wp-json\/wp\/v2\/product_tag?post=640"}],"curies":[{"name":"wp","href":"https:\/\/api.w.org\/{rel}","templated":true}]}}