{"id":665,"date":"2022-09-16T03:51:40","date_gmt":"2022-09-16T03:51:40","guid":{"rendered":"https:\/\/www.largepillow.com\/product\/bed-wedge-cushion"},"modified":"2025-12-13T21:06:55","modified_gmt":"2025-12-13T21:06:55","slug":"poduszka-wezglowie-lozka","status":"publish","type":"product","link":"https:\/\/www.largepillow.com\/pl\/product\/bed-headboard-cushion","title":{"rendered":"Poduszka na zag\u0142\u00f3wek \u0142\u00f3\u017cka"},"content":{"rendered":"<p>Nasza poduszka na zag\u0142\u00f3wek \u0142\u00f3\u017cka \u2013 Twoje najlepsze rozwi\u0105zanie zapewniaj\u0105ce komfort i wygod\u0119. Niezale\u017cnie od tego, czy czytasz, ogl\u0105dasz telewizj\u0119, czy \u015bpisz, nasza poduszka zag\u0142\u00f3wka zosta\u0142a zaprojektowana tak, aby zapewni\u0107 optymalny komfort i wsparcie dla g\u0142owy, plec\u00f3w i n\u00f3g.<\/p>\n<p>Wykonana z najwy\u017cszej jako\u015bci mieszanki poliestru i lnu, nasza poszewka na poduszk\u0119 ma przeplatan\u0105 tekstur\u0119 i wyj\u0105tkowe szwy, kt\u00f3re s\u0105 mocne i trwa\u0142e. Wy\u015bci\u00f3\u0142ka wykonana jest z wysokiej jako\u015bci w\u0142\u00f3kien poliestrowych o du\u017cej g\u0119sto\u015bci, kt\u00f3re zapobiegaj\u0105 zwiotczeniu nawet po miesi\u0105cach u\u017cytkowania.<\/p>\n<p>Nasza du\u017ca poduszka wa\u0142owa jest wielofunkcyjna i mo\u017ce by\u0107 u\u017cywana jako poduszka do czytania pod plecy, d\u0142uga poduszka klinowa lub poduszka na nogi, aby unie\u015b\u0107 nogi. Jest stylowy i funkcjonalny, dzi\u0119ki czemu b\u0119dzie doskona\u0142ym dodatkiem do ka\u017cdej sypialni.<\/p>\n<p>Jedn\u0105 z ulubionych funkcji naszych klient\u00f3w jest \u0142atwa w czyszczeniu pokrywa. Zapinana na guziki i zamek b\u0142yskawiczny, wystarczy zdj\u0105\u0107 poszewk\u0119 i szybko wypra\u0107 j\u0105 w pralce, a poduszka b\u0119dzie wygl\u0105da\u0107 jak nowa.<\/p>\n<p>Ale to nie wszystko \u2013 nasza poduszka zag\u0142\u00f3wkowa posiada r\u00f3wnie\u017c wygodn\u0105 boczn\u0105 kiesze\u0144 do przechowywania. Ju\u017c nigdy nie zgubisz pilota!<\/p>\n<p>Oferujemy r\u00f3\u017cne rozmiary pasuj\u0105ce do ka\u017cdego \u0142\u00f3\u017cka \u2013 45 cm, 60 cm, 80 cm, 100 cm, 120 cm, 140 cm, 160 cm, 180 cm i 200 cm, wszystkie z r\u00f3\u017cn\u0105 liczb\u0105 przycisk\u00f3w, aby idealnie dopasowa\u0107 si\u0119 do ramy \u0142\u00f3\u017cka.<\/p>\n<p>Jeden z zadowolonych klient\u00f3w powiedzia\u0142: \u201eUwielbiam t\u0119 poduszk\u0119 na zag\u0142\u00f3wek \u0142\u00f3\u017cka. Bawe\u0142niano-lenowy materia\u0142 jest mi\u0119kki i wygodny. Niebieski kolor jest przepi\u0119kny i idealnie pasuje do mojej po\u015bcieli. Poza tym boczna kiesze\u0144 jest bardzo przydatna na m\u00f3j telefon i pilota.<\/p>\n<p>Zainwestuj w sw\u00f3j komfort dzi\u0119ki naszej poduszce na zag\u0142\u00f3wek \u0142\u00f3\u017cka. Zam\u00f3w teraz i przekszta\u0142\u0107 swoje \u0142\u00f3\u017cko w przytulne miejsce do odpoczynku.<\/p>","protected":false},"excerpt":{"rendered":"<ul>\n<li><strong>Najwy\u017cszy komfort:<\/strong> Nasza poduszka zag\u0142\u00f3wkowa zosta\u0142a zaprojektowana tak, aby zapewni\u0107 najwy\u017cszy komfort podczas czytania, ogl\u0105dania telewizji lub spania. Jest idealny do \u0142\u00f3\u017cka, kanapy, kanapy i nie tylko!<\/li>\n<li><strong>Wielofunkcyjny projekt:<\/strong> Nasz\u0105 du\u017c\u0105 poduszk\u0119 w kszta\u0142cie wa\u0142u mo\u017cna u\u017cywa\u0107 na wiele sposob\u00f3w \u2013 jako poduszk\u0119 do czytania pod plecy, d\u0142ug\u0105 poduszk\u0119 klinow\u0105 lub poduszk\u0119 na nogi, aby unie\u015b\u0107 nogi. Jest stylowy i funkcjonalny, dzi\u0119ki czemu b\u0119dzie doskona\u0142ym dodatkiem do ka\u017cdej sypialni.<\/li>\n<li><strong>Materia\u0142y premium:<\/strong> Nasza poszewka na poduszk\u0119 wykonana jest z poliestru 100% o przeplatanej fakturze i wykwintnych szwach, kt\u00f3re s\u0105 mocne dooko\u0142a. Wy\u015bci\u00f3\u0142ka wykonana jest z wysokiej jako\u015bci w\u0142\u00f3kien poliestrowych o du\u017cej g\u0119sto\u015bci, kt\u00f3re zapobiegaj\u0105 zwiotczeniu nawet po miesi\u0105cach u\u017cytkowania.<\/li>\n<li><strong>\u0141atwe do czyszczenia:<\/strong> Pokrycie poduszki wezg\u0142owia mocuje si\u0119 do poduszki za pomoc\u0105 guzik\u00f3w i mo\u017cna je \u0142atwo zdj\u0105\u0107 za pomoc\u0105 prostego zamka b\u0142yskawicznego. Wystarczy zdj\u0105\u0107 poszewk\u0119 i szybko wypra\u0107 poduszk\u0119 w pralce, a poduszka b\u0119dzie wygl\u0105da\u0107 jak nowa.<\/li>\n<li><strong>Idealna kiesze\u0144 do przechowywania:<\/strong> Nasza poduszka zag\u0142\u00f3wkowa posiada wygodn\u0105 kiesze\u0144 boczn\u0105, dzi\u0119ki kt\u00f3rej ju\u017c nigdy nie zgubisz pilota.<\/li>\n<li><strong>Tkanina:<\/strong>\u00a0Mieszanka poliestru i lnu.<\/li>\n<li><strong>Rozmiar:<\/strong> 45 cm (d\u0142. 45 x szer. 20 x wys. 50 | 0 przycisk\u00f3w), 60 cm (d\u0142. 60 x szer. 20 x wys. 50 | 0 przycisk\u00f3w), 80 cm (d\u0142. 80 x szer. 20 x wys. 50 | 2 przyciski), 100 cm (d\u0142. 100 x szer. 20 x wys. 50 | 3 przyciski), 120 cm ( D\u0142. 120 x szer. 20 x wys. 50 | 4 przyciski), 140 cm (d\u0142. 140 x szer. 20 x wys. 50 | 4 przyciski), 160 cm (d\u0142. 160 x szer. 20 x wys. 50 | 5 przycisk\u00f3w), 180 cm (d\u0142. 180 x szer. 20 x wys. 50 | 6 przycisk\u00f3w), 200 cm (d\u0142. 200 x wys. S20 x W50 | 7 przycisk\u00f3w).<\/li>\n<\/ul>","protected":false},"featured_media":650,"comment_status":"open","ping_status":"closed","template":"","meta":[],"product_brand":[],"product_cat":[15],"product_tag":[193,194,75,192,191,189,143,59,71,167,68],"class_list":{"0":"post-665","1":"product","2":"type-product","3":"status-publish","4":"has-post-thumbnail","6":"product_cat-large-wedge-pillow","7":"product_tag-bed-headboard-cushion","8":"product_tag-blue-pillow","9":"product_tag-daybed-pillow","10":"product_tag-headboard-cushion","11":"product_tag-headboard-pillow-wedge","12":"product_tag-linen-pillow","13":"product_tag-multifunctional-pillow","14":"product_tag-reading-pillow","15":"product_tag-tv-pillow","16":"product_tag-wedge-bolster-pillow","17":"product_tag-wedge-reading-pillow","19":"first","20":"instock","21":"featured","22":"shipping-taxable","23":"purchasable","24":"product-type-variable"},"_links":{"self":[{"href":"https:\/\/www.largepillow.com\/pl\/wp-json\/wp\/v2\/product\/665","targetHints":{"allow":["GET"]}}],"collection":[{"href":"https:\/\/www.largepillow.com\/pl\/wp-json\/wp\/v2\/product"}],"about":[{"href":"https:\/\/www.largepillow.com\/pl\/wp-json\/wp\/v2\/types\/product"}],"replies":[{"embeddable":true,"href":"https:\/\/www.largepillow.com\/pl\/wp-json\/wp\/v2\/comments?post=665"}],"wp:featuredmedia":[{"embeddable":true,"href":"https:\/\/www.largepillow.com\/pl\/wp-json\/wp\/v2\/media\/650"}],"wp:attachment":[{"href":"https:\/\/www.largepillow.com\/pl\/wp-json\/wp\/v2\/media?parent=665"}],"wp:term":[{"taxonomy":"product_brand","embeddable":true,"href":"https:\/\/www.largepillow.com\/pl\/wp-json\/wp\/v2\/product_brand?post=665"},{"taxonomy":"product_cat","embeddable":true,"href":"https:\/\/www.largepillow.com\/pl\/wp-json\/wp\/v2\/product_cat?post=665"},{"taxonomy":"product_tag","embeddable":true,"href":"https:\/\/www.largepillow.com\/pl\/wp-json\/wp\/v2\/product_tag?post=665"}],"curies":[{"name":"wp","href":"https:\/\/api.w.org\/{rel}","templated":true}]}}