{"id":712,"date":"2022-09-16T05:49:00","date_gmt":"2022-09-16T05:49:00","guid":{"rendered":"https:\/\/www.largepillow.com\/product\/triangle-pillow"},"modified":"2025-08-21T14:57:02","modified_gmt":"2025-08-21T14:57:02","slug":"duza-poduszka-na-zaglowek-lozka","status":"publish","type":"product","link":"https:\/\/www.largepillow.com\/pl\/product\/big-pillow-for-bed-headboard","title":{"rendered":"Du\u017ca Poduszka Na Zag\u0142\u00f3wek \u0141\u00f3\u017cka"},"content":{"rendered":"<p>Podnie\u015b sw\u00f3j komfort dzi\u0119ki du\u017cej poduszce na zag\u0142\u00f3wek \u0142\u00f3\u017cka: obowi\u0105zkowemu wyposa\u017ceniu ka\u017cdego domu<\/p>\n<p>W d\u0105\u017ceniu do najwy\u017cszego komfortu w naszych przestrzeniach mieszkalnych, zag\u0142\u00f3wek \u0142\u00f3\u017cka Big Pillow For Bed wyr\u00f3\u017cnia si\u0119 jako wszechstronny i niezb\u0119dny dodatek do ka\u017cdej nowoczesnej sypialni, salonu lub przytulnego k\u0105cika. Ta wielofunkcyjna poduszka to nie tylko element wystroju; to towarzysz Twoich chwil relaksu, zaprojektowany tak, aby zwi\u0119kszy\u0107 Tw\u00f3j komfort, niezale\u017cnie od tego, czy oddajesz si\u0119 ulubionej ksi\u0105\u017cce, nadrabiasz zaleg\u0142o\u015bci w ogl\u0105daniu ulubionego serialu, czy te\u017c zapadasz w spokojny sen.<\/p>\n<p>Najwy\u017cszy komfort na nowo zdefiniowany<\/p>\n<p>Stworzona, aby zaspokoi\u0107 Twoje potrzeby w zakresie komfortu, du\u017ca poduszka do zag\u0142\u00f3wka \u0142\u00f3\u017cka zosta\u0142a zaprojektowana tak, aby s\u0142u\u017cy\u0107 jako najlepszy partner do relaksu. Niezale\u017cnie od tego, czy zostanie umieszczony przy wezg\u0142owiu \u0142\u00f3\u017cka, na kanapie, czy na kanapie, zapewnia niezr\u00f3wnany komfort i wsparcie. Jej wszechstronno\u015b\u0107 wykracza poza zwyk\u0142\u0105 poduszk\u0119 do czytania z oparciem; s\u0142u\u017cy jako d\u0142uga poduszka klinowa lub poduszka na nogi, aby unie\u015b\u0107 nogi, uciele\u015bniaj\u0105c styl i funkcjonalno\u015b\u0107 w jednym.<\/p>\n<p>Materia\u0142y najwy\u017cszej jako\u015bci zapewniaj\u0105ce trwa\u0142y komfort<\/p>\n<p>Poszewka na poduszk\u0119 zawiera poliester 100% o wyj\u0105tkowej przeplatanej fakturze i precyzyjnych szwach, co gwarantuje trwa\u0142o\u015b\u0107. W\u0142\u00f3kna poliestrowe o du\u017cej g\u0119sto\u015bci u\u017cyte jako wy\u015bci\u00f3\u0142ka zapewniaj\u0105, \u017ce poduszka zachowuje sw\u00f3j kszta\u0142t i wsparcie, zapobiegaj\u0105c zwiotczeniu nawet po d\u0142ugotrwa\u0142ym u\u017cytkowaniu. To zaanga\u017cowanie w wysokiej jako\u015bci materia\u0142y gwarantuje, \u017ce Tw\u00f3j komfort nigdy nie zostanie naruszony.<\/p>\n<p>Bezproblemowa konserwacja<\/p>\n<p>Rozumiej\u0105c potrzeb\u0119 \u0142atwo\u015bci i wygody, szczeg\u00f3lnie w dzisiejszym dynamicznym \u015bwiecie, du\u017ca poduszka na zag\u0142\u00f3wek \u0142\u00f3\u017cka posiada pokrycie, kt\u00f3re mo\u017cna \u0142atwo zdj\u0105\u0107 za pomoc\u0105 prostego mechanizmu zamka b\u0142yskawicznego. Zapinany na guziki poszewk\u0119 mo\u017cna \u0142atwo zdj\u0105\u0107 i szybko wypra\u0107 w pralce, dzi\u0119ki czemu poduszka b\u0119dzie \u015bwie\u017ca i zach\u0119caj\u0105ca.<\/p>\n<p>Zaprojektowane z my\u015bl\u0105 o Tobie<\/p>\n<p>Jedn\u0105 z wyr\u00f3\u017cniaj\u0105cych si\u0119 funkcji jest innowacyjna kiesze\u0144 do przechowywania, genialnie zaprojektowana tak, aby przechowywa\u0107 niezb\u0119dne przedmioty, takie jak piloty, w zasi\u0119gu r\u0119ki, eliminuj\u0105c frustracj\u0119 zwi\u0105zan\u0105 z zagubionymi przedmiotami. Co wi\u0119cej, mieszanka poliestru i lnu zapewnia nie tylko trwa\u0142o\u015b\u0107, ale tak\u017ce odrobin\u0119 elegancji w ka\u017cdej przestrzeni.<\/p>\n<p>Wszechstronno\u015b\u0107 w rozmiarze<\/p>\n<p>Dzi\u0119ki szerokiej gamie rozmiar\u00f3w od 45 cm do 200 cm, wyposa\u017conej w r\u00f3\u017cn\u0105 liczb\u0119 przycisk\u00f3w dla urozmaicenia estetycznego i funkcjonalnego, dost\u0119pna jest du\u017ca poduszka do zag\u0142\u00f3wka \u0142\u00f3\u017cka dostosowana do ka\u017cdych potrzeb i przestrzeni. Niezale\u017cnie od tego, czy masz kompaktowe \u0142\u00f3\u017cko pojedyncze, czy rozk\u0142adane \u0142\u00f3\u017cko typu king-size, t\u0119 poduszk\u0119 zag\u0142\u00f3wkow\u0105 mo\u017cna dostosowa\u0107 tak, aby pasowa\u0142a.<\/p>\n<p>Uznanie klient\u00f3w: Prawdziwe do\u015bwiadczenia<\/p>\n<p>Nasi klienci, reprezentowani przez szereg pozytywnych komentarzy, podzielili si\u0119 swoimi do\u015bwiadczeniami, podkre\u015blaj\u0105c wysokiej jako\u015bci mieszank\u0119 tkanin, z kt\u00f3rych wykonana jest poduszka, czyli \u201etr\u00f3jk\u0105tn\u0105 poduszk\u0119 oparcia, bawe\u0142n\u0119 i len\u201d, kt\u00f3ra dodaje ich przestrzeniom odrobin\u0119 luksusu i komfortu. Wiele os\u00f3b chwali\u0142o jego wielofunkcyjn\u0105 konstrukcj\u0119, zauwa\u017caj\u0105c, jak znacznie poprawi\u0142o ich komfort podczas r\u00f3\u017cnych czynno\u015bci, takich jak czytanie i spanie. Bardzo cenionym aspektem by\u0142a tak\u017ce \u0142atwo\u015b\u0107 czyszczenia, podkre\u015blaj\u0105ca po\u0142\u0105czenie funkcjonalno\u015bci i prostoty poduszki.<\/p>\n<p>Wniosek<\/p>\n<p>Du\u017ca poduszka na zag\u0142\u00f3wek \u0142\u00f3\u017cka to co\u015b wi\u0119cej ni\u017c tylko poduszka; to \u015bwiadectwo po\u0142\u0105czenia funkcjonalno\u015bci, komfortu i stylu. Wysokiej jako\u015bci materia\u0142y, \u0142atwo\u015b\u0107 konserwacji i wielofunkcyjna konstrukcja sprawiaj\u0105, \u017ce jest to niezast\u0105pione akcesorium w ka\u017cdym domu. Podnie\u015b sw\u00f3j komfort i dodaj odrobin\u0119 elegancji do swojej przestrzeni dzi\u0119ki tej niezb\u0119dnej poduszce. Jak ju\u017c wiedz\u0105 nasi zadowoleni klienci, jest to inwestycja w Tw\u00f3j komfort i estetyk\u0119 domu.<\/p>","protected":false},"excerpt":{"rendered":"<ul>\n<li><strong>Najwy\u017cszy komfort:<\/strong> Nasza poduszka zag\u0142\u00f3wkowa zosta\u0142a zaprojektowana tak, aby zapewni\u0107 najwy\u017cszy komfort podczas czytania, ogl\u0105dania telewizji lub spania. Jest idealny do \u0142\u00f3\u017cka, kanapy, kanapy i nie tylko!<\/li>\n<li><strong>Wielofunkcyjny projekt:<\/strong> Nasz\u0105 du\u017c\u0105 poduszk\u0119 w kszta\u0142cie wa\u0142u mo\u017cna u\u017cywa\u0107 na wiele sposob\u00f3w \u2013 jako poduszk\u0119 do czytania pod plecy, d\u0142ug\u0105 poduszk\u0119 klinow\u0105 lub poduszk\u0119 na nogi, aby unie\u015b\u0107 nogi. Jest stylowy i funkcjonalny, dzi\u0119ki czemu b\u0119dzie doskona\u0142ym dodatkiem do ka\u017cdej sypialni.<\/li>\n<li><strong>Materia\u0142y premium:<\/strong> Nasza poszewka na poduszk\u0119 wykonana jest z poliestru 100% o przeplatanej fakturze i wykwintnych szwach, kt\u00f3re s\u0105 mocne dooko\u0142a. Wy\u015bci\u00f3\u0142ka wykonana jest z wysokiej jako\u015bci w\u0142\u00f3kien poliestrowych o du\u017cej g\u0119sto\u015bci, kt\u00f3re zapobiegaj\u0105 zwiotczeniu nawet po miesi\u0105cach u\u017cytkowania.<\/li>\n<li><strong>\u0141atwe do czyszczenia:<\/strong> Pokrycie poduszki wezg\u0142owia mocuje si\u0119 do poduszki za pomoc\u0105 guzik\u00f3w i mo\u017cna je \u0142atwo zdj\u0105\u0107 za pomoc\u0105 prostego zamka b\u0142yskawicznego. Wystarczy zdj\u0105\u0107 poszewk\u0119 i szybko wypra\u0107 poduszk\u0119 w pralce, a poduszka b\u0119dzie wygl\u0105da\u0107 jak nowa.<\/li>\n<li><strong>Idealna kiesze\u0144 do przechowywania:<\/strong> Nasza poduszka zag\u0142\u00f3wkowa posiada wygodn\u0105 kiesze\u0144 boczn\u0105, dzi\u0119ki kt\u00f3rej ju\u017c nigdy nie zgubisz pilota.<\/li>\n<li><strong>Tkanina:<\/strong>\u00a0Mieszanka poliestru i lnu.<\/li>\n<li><strong>Rozmiar:<\/strong> 45 cm (d\u0142. 45 x szer. 20 x wys. 50 | 0 przycisk\u00f3w), 60 cm (d\u0142. 60 x szer. 20 x wys. 50 | 0 przycisk\u00f3w), 80 cm (d\u0142. 80 x szer. 20 x wys. 50 | 2 przyciski), 100 cm (d\u0142. 100 x szer. 20 x wys. 50 | 3 przyciski), 120 cm ( D\u0142. 120 x szer. 20 x wys. 50 | 4 przyciski), 140 cm (d\u0142. 140 x szer. 20 x wys. 50 | 4 przyciski), 160 cm (d\u0142. 160 x szer. 20 x wys. 50 | 5 przycisk\u00f3w), 180 cm (d\u0142. 180 x szer. 20 x wys. 50 | 6 przycisk\u00f3w), 200 cm (d\u0142. 200 x wys. S20 x W50 | 7 przycisk\u00f3w).<\/li>\n<\/ul>","protected":false},"featured_media":698,"comment_status":"open","ping_status":"closed","template":"","meta":[],"product_brand":[],"product_cat":[15],"product_tag":[187,186,185,75,168,163,184,143],"class_list":{"0":"post-712","1":"product","2":"type-product","3":"status-publish","4":"has-post-thumbnail","6":"product_cat-large-wedge-pillow","7":"product_tag-back-support-reading-pillow","8":"product_tag-bed-headboard","9":"product_tag-big-pillow","10":"product_tag-daybed-pillow","11":"product_tag-headboard-pillow","12":"product_tag-leg-pillow","13":"product_tag-long-wedge-pillow","14":"product_tag-multifunctional-pillow","16":"first","17":"instock","18":"shipping-taxable","19":"purchasable","20":"product-type-variable"},"_links":{"self":[{"href":"https:\/\/www.largepillow.com\/pl\/wp-json\/wp\/v2\/product\/712","targetHints":{"allow":["GET"]}}],"collection":[{"href":"https:\/\/www.largepillow.com\/pl\/wp-json\/wp\/v2\/product"}],"about":[{"href":"https:\/\/www.largepillow.com\/pl\/wp-json\/wp\/v2\/types\/product"}],"replies":[{"embeddable":true,"href":"https:\/\/www.largepillow.com\/pl\/wp-json\/wp\/v2\/comments?post=712"}],"wp:featuredmedia":[{"embeddable":true,"href":"https:\/\/www.largepillow.com\/pl\/wp-json\/wp\/v2\/media\/698"}],"wp:attachment":[{"href":"https:\/\/www.largepillow.com\/pl\/wp-json\/wp\/v2\/media?parent=712"}],"wp:term":[{"taxonomy":"product_brand","embeddable":true,"href":"https:\/\/www.largepillow.com\/pl\/wp-json\/wp\/v2\/product_brand?post=712"},{"taxonomy":"product_cat","embeddable":true,"href":"https:\/\/www.largepillow.com\/pl\/wp-json\/wp\/v2\/product_cat?post=712"},{"taxonomy":"product_tag","embeddable":true,"href":"https:\/\/www.largepillow.com\/pl\/wp-json\/wp\/v2\/product_tag?post=712"}],"curies":[{"name":"wp","href":"https:\/\/api.w.org\/{rel}","templated":true}]}}