{"id":7579,"date":"2025-05-19T04:00:06","date_gmt":"2025-05-19T04:00:06","guid":{"rendered":"https:\/\/www.largepillow.com\/product\/high-side-washable-calming-beds-for-dogs-cats"},"modified":"2026-02-05T21:14:43","modified_gmt":"2026-02-05T21:14:43","slug":"wysokie-zmywalne-uspokajajace-legowiska-dla-psow-i-kotow","status":"publish","type":"product","link":"https:\/\/www.largepillow.com\/pl\/product\/high-side-washable-calming-beds-for-dogs-cats\/","title":{"rendered":"Uspokajaj\u0105ce legowiska High-Side Washable dla ps\u00f3w i kot\u00f3w"},"content":{"rendered":"[zc_getpagecontent mb=&#8221;mb_aplus&#8221; apid=&#8221;121&#8243;]\n","protected":false},"excerpt":{"rendered":"<ul>\n<li>Wysokie boki dla najwy\u017cszego bezpiecze\u0144stwa \u2013 to legowisko dla zwierz\u0105t wyposa\u017cone w wysokie podparcie tworzy przytuln\u0105 i bezpieczn\u0105 przestrze\u0144 dla ma\u0142ych ps\u00f3w i koci\u0105t. Podwy\u017cszone \u015bcianki zapewniaj\u0105 poczucie komfortu, imituj\u0105c ciep\u0142e obj\u0119cie, dzi\u0119ki czemu zwierz\u0119ta czuj\u0105 si\u0119 bezpiecznie i swobodnie, co sprzyja g\u0142\u0119bszemu i bardziej spokojnemu snu.<\/li>\n<li>G\u0142\u0119boki sen i efekt uspokajaj\u0105cy \u2013 Zaprojektowane, aby wspiera\u0107 g\u0142\u0119boki, nieprzerwany sen, to uspokajaj\u0105ce legowisko dla psa jest idealne dla zwierz\u0105t, kt\u00f3re potrzebuj\u0105 spokojnego miejsca do odpoczynku. Mi\u0119kkie i pluszowe materia\u0142y w po\u0142\u0105czeniu z wysokimi bokami \u0142agodz\u0105 niespokojne zwierz\u0119ta, dzi\u0119ki czemu jest to idealny wyb\u00f3r dla os\u00f3b podatnych na stres lub nadpobudliwo\u015b\u0107.<\/li>\n<li>Mo\u017cliwo\u015b\u0107 prania dla bezproblemowej konserwacji \u2013 wygodne legowisko posiada zdejmowany i nadaj\u0105cy si\u0119 do prania pokrowiec, co zapewnia \u0142atwe czyszczenie i higieniczne \u015brodowisko dla Twoich futrzanych przyjaci\u00f3\u0142. Wystarczy zdj\u0105\u0107 pokrowiec i wrzuci\u0107 go do pralki, aby legowisko pozosta\u0142o \u015bwie\u017ce i wolne od brudu, sier\u015bci i zapach\u00f3w.<\/li>\n<li>Idealne dla ma\u0142ych ps\u00f3w i koci\u0105t \u2013 zaprojektowane z my\u015bl\u0105 o ma\u0142ych psach i koci\u0119tach, to legowisko oferuje im dok\u0142adnie tyle miejsca, ile potrzebuj\u0105, aby si\u0119 zwin\u0105\u0107 i zrelaksowa\u0107. Jego kompaktowe rozmiary sprawiaj\u0105, \u017ce nadaje si\u0119 do r\u00f3\u017cnych pomieszcze\u0144 mieszkalnych, czy to jako przytulny k\u0105cik w sypialni, czy te\u017c miejsce w salonie.<\/li>\n<li>Solidna i trwa\u0142a konstrukcja \u2013 Wykonane z wysokiej jako\u015bci materia\u0142\u00f3w, w tym z solidn\u0105 g\u0105bczast\u0105 poduszk\u0105 na spodzie i trwa\u0142ymi aksamitnymi bokami, legowisko dla zwierz\u0105t jest zbudowane tak, aby s\u0142u\u017cy\u0142o przez d\u0142ugi czas. Antypo\u015blizgowy sp\u00f3d utrzymuje legowisko na miejscu, zapobiegaj\u0105c jego przesuwaniu si\u0119 podczas ruch\u00f3w zwierz\u0119cia, co zapewnia d\u0142ugotrwa\u0142e u\u017cytkowanie i stabilno\u015b\u0107.<\/li>\n<li>Wyjmowany wa\u0142ek zapewniaj\u0105cy indywidualny komfort \u2013 wysoki wa\u0142ek tego legowiska dla zwierz\u0105t jest wygodnie wyjmowany, co pozwala dostosowa\u0107 ustawienie legowiska do preferencji Twojego pupila; wa\u0142ek jest bezpiecznie przymocowany do podstawy maty dla zwierz\u0105t. Po wyj\u0119ciu podstawy maty dla zwierz\u0105t mo\u017cna u\u017cywa\u0107 niezale\u017cnie, co zapewnia wszechstronne rozwi\u0105zanie spe\u0142niaj\u0105ce r\u00f3\u017cne potrzeby Twojego pupila.<\/li>\n<\/ul>","protected":false},"featured_media":7572,"comment_status":"open","ping_status":"closed","template":"","meta":[],"product_brand":[],"product_cat":[227],"product_tag":[],"class_list":{"0":"post-7579","1":"product","2":"type-product","3":"status-publish","4":"has-post-thumbnail","6":"product_cat-pet-supplies","8":"first","9":"instock","10":"shipping-taxable","11":"purchasable","12":"product-type-simple"},"_links":{"self":[{"href":"https:\/\/www.largepillow.com\/pl\/wp-json\/wp\/v2\/product\/7579","targetHints":{"allow":["GET"]}}],"collection":[{"href":"https:\/\/www.largepillow.com\/pl\/wp-json\/wp\/v2\/product"}],"about":[{"href":"https:\/\/www.largepillow.com\/pl\/wp-json\/wp\/v2\/types\/product"}],"replies":[{"embeddable":true,"href":"https:\/\/www.largepillow.com\/pl\/wp-json\/wp\/v2\/comments?post=7579"}],"wp:featuredmedia":[{"embeddable":true,"href":"https:\/\/www.largepillow.com\/pl\/wp-json\/wp\/v2\/media\/7572"}],"wp:attachment":[{"href":"https:\/\/www.largepillow.com\/pl\/wp-json\/wp\/v2\/media?parent=7579"}],"wp:term":[{"taxonomy":"product_brand","embeddable":true,"href":"https:\/\/www.largepillow.com\/pl\/wp-json\/wp\/v2\/product_brand?post=7579"},{"taxonomy":"product_cat","embeddable":true,"href":"https:\/\/www.largepillow.com\/pl\/wp-json\/wp\/v2\/product_cat?post=7579"},{"taxonomy":"product_tag","embeddable":true,"href":"https:\/\/www.largepillow.com\/pl\/wp-json\/wp\/v2\/product_tag?post=7579"}],"curies":[{"name":"wp","href":"https:\/\/api.w.org\/{rel}","templated":true}]}}