{"id":7724,"date":"2025-05-23T03:43:35","date_gmt":"2025-05-23T03:43:35","guid":{"rendered":"https:\/\/www.largepillow.com\/product\/calming-dog-bed-with-removable-cushion-indoor-round-kennel"},"modified":"2025-05-28T01:44:41","modified_gmt":"2025-05-28T01:44:41","slug":"uspokajajace-legowisko-dla-psa-z-wyjmowana-poduszka-okragle-do-uzytku-wewnatrz","status":"publish","type":"product","link":"https:\/\/www.largepillow.com\/pl\/product\/calming-dog-bed-with-removable-cushion-indoor-round-kennel\/","title":{"rendered":"Uspokajaj\u0105ce legowisko dla psa z wyjmowan\u0105 poduszk\u0105, okr\u0105g\u0142e legowisko do u\u017cytku wewn\u0105trz"},"content":{"rendered":"[zc_getpagecontent mb=&#8221;mb_aplus&#8221; apid=&#8221;120&#8243;]\n","protected":false},"excerpt":{"rendered":"<ul>\n<li>Wyj\u0105tkowy design \u201eprzytulania\u201d \u2013 zainspirowany czu\u0142ym przytulaniem, ten okr\u0105g\u0142y legowisko dla psa ma okr\u0105g\u0142y kszta\u0142t z wysokimi kraw\u0119dziami, dzi\u0119ki czemu pies czuje si\u0119 ca\u0142y czas tak, jakby jego w\u0142a\u015bciciel go trzyma\u0142, zapewniaj\u0105c mu pe\u0142ne poczucie bezpiecze\u0144stwa.<\/li>\n<li>Uspokajaj\u0105ce i przeciwl\u0119kowe \u2013 unikalna konstrukcja legowiska dla ps\u00f3w tworzy \u015brodowisko przypominaj\u0105ce legowisko, co pomaga zmniejszy\u0107 niepok\u00f3j u ps\u00f3w, zapewniaj\u0105c im poczucie bezpiecze\u0144stwa i komfortu. To idealny wyb\u00f3r dla ps\u00f3w, kt\u00f3re \u0142atwo si\u0119 stresuj\u0105, na przyk\u0142ad z powodu l\u0119ku separacyjnego, burzy lub nowego otoczenia.<\/li>\n<li>Mata ca\u0142oroczna \u2013 mata dla psa jest dwustronna, wykonana z r\u00f3\u017cnych materia\u0142\u00f3w po obu stronach, co pozwala na dostosowanie jej do r\u00f3\u017cnych p\u00f3r roku. Aksamitna strona jest ciep\u0142a i wygodna zim\u0105, a druga strona jest \u015bwie\u017ca i oddychaj\u0105ca latem. Nadaje si\u0119 do u\u017cytku o ka\u017cdej porze roku i zapewnia psu spokojny sen przez ca\u0142y rok.<\/li>\n<li>Materia\u0142y wysokiej jako\u015bci \u2013 wykonane z aksamitnego, ciep\u0142ego poszycia, tkaniny Oxford, bawe\u0142ny PP o wysokiej g\u0119sto\u015bci, pianki o wysokim wsparciu i podk\u0142adki antypo\u015blizgowej, s\u0105 nie tylko mi\u0119kkie i wygodne, ale tak\u017ce zapewniaj\u0105 doskona\u0142e wsparcie i w\u0142a\u015bciwo\u015bci antypo\u015blizgowe, dzi\u0119ki czemu u\u017cytkowanie produktu jest dla Twojego psa bardziej komfortowe, a produkt jest trwa\u0142y.<\/li>\n<li>\u0141atwa konserwacja \u2013 legowisko dla psa jest zaprojektowane tak, aby mo\u017cna je by\u0142o zdj\u0105\u0107 i wypra\u0107 w pralce; wystarczy rozpi\u0105\u0107 zamek b\u0142yskawiczny, wyj\u0105\u0107 doln\u0105 piank\u0119 i bawe\u0142n\u0119 PP, a nast\u0119pnie \u0142atwo w\u0142o\u017cy\u0107 pokrowiec do pralki; dzi\u0119ki temu problem czyszczenia z \u0142atwo\u015bci\u0105 zniknie, a legowisko dla psa pozostanie czyste i higieniczne.<\/li>\n<li>Rozmiar: \u015aredni \u2013 76*76*30 cm (30,0\u2033 d\u0142. x 30,0\u2033 szer. x 12,0\u2033 g\u0142.); Du\u017cy \u2013 110*110*35 cm (45,0\u2033 d\u0142. x 45,0\u2033 szer. x 14,0\u2033 g\u0142.).<\/li>\n<\/ul>","protected":false},"featured_media":7713,"comment_status":"open","ping_status":"closed","template":"","meta":[],"product_brand":[],"product_cat":[227],"product_tag":[],"class_list":{"0":"post-7724","1":"product","2":"type-product","3":"status-publish","4":"has-post-thumbnail","6":"product_cat-pet-supplies","8":"first","9":"instock","10":"shipping-taxable","11":"purchasable","12":"product-type-variable","13":"has-default-attributes"},"_links":{"self":[{"href":"https:\/\/www.largepillow.com\/pl\/wp-json\/wp\/v2\/product\/7724","targetHints":{"allow":["GET"]}}],"collection":[{"href":"https:\/\/www.largepillow.com\/pl\/wp-json\/wp\/v2\/product"}],"about":[{"href":"https:\/\/www.largepillow.com\/pl\/wp-json\/wp\/v2\/types\/product"}],"replies":[{"embeddable":true,"href":"https:\/\/www.largepillow.com\/pl\/wp-json\/wp\/v2\/comments?post=7724"}],"wp:featuredmedia":[{"embeddable":true,"href":"https:\/\/www.largepillow.com\/pl\/wp-json\/wp\/v2\/media\/7713"}],"wp:attachment":[{"href":"https:\/\/www.largepillow.com\/pl\/wp-json\/wp\/v2\/media?parent=7724"}],"wp:term":[{"taxonomy":"product_brand","embeddable":true,"href":"https:\/\/www.largepillow.com\/pl\/wp-json\/wp\/v2\/product_brand?post=7724"},{"taxonomy":"product_cat","embeddable":true,"href":"https:\/\/www.largepillow.com\/pl\/wp-json\/wp\/v2\/product_cat?post=7724"},{"taxonomy":"product_tag","embeddable":true,"href":"https:\/\/www.largepillow.com\/pl\/wp-json\/wp\/v2\/product_tag?post=7724"}],"curies":[{"name":"wp","href":"https:\/\/api.w.org\/{rel}","templated":true}]}}