{"id":802,"date":"2022-09-17T13:48:56","date_gmt":"2022-09-17T13:48:56","guid":{"rendered":"https:\/\/www.largepillow.com\/product\/wedge-pillow-for-acid-reflux_37_38_39_40"},"modified":"2026-03-13T16:55:31","modified_gmt":"2026-03-13T16:55:31","slug":"poduszka-klinowa-5","status":"publish","type":"product","link":"https:\/\/www.largepillow.com\/pl\/product\/wedge-bolster-pillow","title":{"rendered":"Poduszka klinowa"},"content":{"rendered":"<p>Poduszka klinowa o najwy\u017cszym komforcie<\/p>\n<p>Szukasz idealnej poduszki do czytania lub ogl\u0105dania telewizji? Pozw\u00f3l nam przedstawi\u0107 poduszk\u0119 Wedge Bolster Pillow \u2013 najwy\u017csz\u0105 poduszk\u0119 z podwy\u017cszonym zag\u0142\u00f3wkiem, zapewniaj\u0105c\u0105 najwy\u017cszy komfort i wsparcie.<\/p>\n<p>Dzi\u0119ki zakrzywionemu kszta\u0142towi i dwurz\u0119dowemu podwy\u017cszonemu oparciu, ta poduszka XL prawid\u0142owo podtrzymuje szyj\u0119 i plecy podczas siedzenia w \u0142\u00f3\u017cku. Wielofunkcyjna konstrukcja \u015bwietnie sprawdza si\u0119 r\u00f3wnie\u017c jako pionowa poduszka pod plecy, poduszka klinowa lub poduszka na nogi. <\/p>\n<p>Wykonana z poliestru 100% z ekologicznym wype\u0142nieniem z w\u0142\u00f3kien poliestrowych, tkanina ma wygl\u0105d lnu, kt\u00f3ry uzupe\u0142nia wystr\u00f3j ka\u017cdej sypialni. Zdejmowane pokrycie mo\u017cna pra\u0107 w pralce, co u\u0142atwia piel\u0119gnacj\u0119. Ta ponadgabarytowa poduszka zag\u0142\u00f3wkowa ma r\u00f3wnie\u017c ma\u0142e boczne kieszenie do przechowywania ksi\u0105\u017cek, pilot\u00f3w, telefon\u00f3w i nie tylko. <\/p>\n<p>Oto, co mieli do powiedzenia niekt\u00f3rzy klienci:<\/p>\n<p>\u201eUwielbiam wygl\u0105d i dotyk tej poduszki klinowej. Tkanina lniana jest bardzo mi\u0119kka, a jej kolor \u015bwietnie prezentuje si\u0119 w mojej sypialni.\u201d<\/p>\n<p>\u201eTa poduszka do czytania zapewnia fantastyczne wsparcie plec\u00f3w. Mog\u0119 godzinami siedzie\u0107 w \u0142\u00f3\u017cku bez b\u00f3lu szyi i plec\u00f3w.<\/p>\n<p>\u201eWy\u017csza konstrukcja idealnie nadaje si\u0119 do czytania lub pracy na laptopie w \u0142\u00f3\u017cku. Stanowi \u015bwietne oparcie, na kt\u00f3rym wygodnie trzymam si\u0119 w pozycji pionowej\u201d.<\/p>\n<p>\u201eWybra\u0142am rozmiar 160 cm, kt\u00f3ry zajmuje ca\u0142\u0105 g\u0142ow\u0119 \u0142\u00f3\u017cka. Wystarczaj\u0105co du\u017cy, aby wygodnie usi\u0105\u015b\u0107 i ogl\u0105da\u0107 filmy.<\/p>\n<p>Dzi\u0119ki dost\u0119pnym d\u0142ugo\u015bciom od 100 cm do 200 cm z pewno\u015bci\u0105 znajdziesz rozmiar poduszki klinowej pasuj\u0105cy do Twojej przestrzeni. Zapewnij swoim plecom, szyi i nogom komfort, na jaki zas\u0142uguj\u0105! Zdob\u0105d\u017a wielofunkcyjn\u0105 poduszk\u0119 zag\u0142\u00f3wkow\u0105 ju\u017c dzi\u015b.<\/p>","protected":false},"excerpt":{"rendered":"<ul>\n<li><strong>Najwy\u017cszy komfort:<\/strong> Ta poduszka z podwy\u017cszonym zag\u0142\u00f3wkiem w rozmiarze XL zapewnia doskona\u0142y komfort dzi\u0119ki zakrzywionej formie. Ta poduszka do czytania zag\u0142\u00f3wkiem pomo\u017ce Ci zachowa\u0107 spok\u00f3j na kanapie lub kanapie, co jest idealne dla pracuj\u0105cych nocnych mark\u00f3w, moli ksi\u0105\u017ckowych i ogl\u0105dania telewizji w \u0142\u00f3\u017cku.<\/li>\n<li><strong>Podwy\u017cszona konstrukcja oparcia:<\/strong> Ciesz si\u0119 niezr\u00f3wnanym komfortem dzi\u0119ki unikalnej, dwurz\u0119dowej konstrukcji podwy\u017cszonego oparcia naszej poduszki zag\u0142\u00f3wkowej. Podwy\u017cszona poduszka zag\u0142\u00f3wka oparcia zapewnia doskona\u0142e podparcie szyi i plec\u00f3w, dzi\u0119ki czemu jest idealnym miejscem do relaksu i czytania w \u0142\u00f3\u017cku.<\/li>\n<li><strong>Poduszka wielofunkcyjna:<\/strong> Dzi\u0119ki trzem r\u00f3\u017cnym sposobom u\u017cycia nasza poduszka jest idealna w ka\u017cdej sytuacji. Niezale\u017cnie od tego, czy wolisz u\u017cywa\u0107 jej jako pionowej poduszki pod plecy, poduszki klinowej czy poduszki na nogi dla lepszego podparcia, jest to idealne akcesorium zapewniaj\u0105ce komfortowy odpoczynek i relaks.<\/li>\n<li><strong>Doskona\u0142e rzemios\u0142o:<\/strong> Wykonana z tkaniny o wygl\u0105dzie lnu, kt\u00f3rej sk\u0142ad stanowi poliester 100%, nasza poduszka wezg\u0142owia jest wype\u0142niona ekologicznym i wytrzyma\u0142ym wype\u0142nieniem z w\u0142\u00f3kien poliestrowych. Zdejmowan\u0105 poduszk\u0119 z zag\u0142\u00f3wkiem mo\u017cna \u0142atwo wypra\u0107 w pralce, a ma\u0142e boczne kieszenie dodaj\u0105 praktyczno\u015bci temu i tak ju\u017c luksusowemu produktowi.<\/li>\n<li><strong>\u0141atwe do mycia:<\/strong> Pokrycie poduszki wezg\u0142owia jest przymocowane do wewn\u0119trznej strony poduszki za pomoc\u0105 guzik\u00f3w i mo\u017cna je \u0142atwo zdj\u0105\u0107 za pomoc\u0105 prostego zamka b\u0142yskawicznego. Dzi\u0119ki temu jego czyszczenie nie sprawia \u017cadnych problem\u00f3w. Wystarczy zdj\u0105\u0107 poszewk\u0119 i szybko wypra\u0107 poduszk\u0119 w pralce, a poduszka b\u0119dzie wygl\u0105da\u0107 jak nowa.<\/li>\n<li><strong>Rozmiar:<\/strong> 100 cm (d\u0142. 100 x szer. 26 x wys. 55 | 3 przyciski na kolumnach), 120 cm (d\u0142. 120 x szer. 26 x wys. 55 | 4 przyciski na kolumnach), 140 cm (d\u0142. 140 x szer. 26 x wys. 55 | 4 przyciski na kolumnach), 160 cm (d\u0142. 160 x szer. 26 x wys. 55 | przyciski na 5 kolumnach ), 180 cm (d\u0142. 180 x szer. 26 x wys. 55 | przyciski z 6 kolumnami), 200 cm (d\u0142. 200 x szer. 26 x wys. 55 | przyciski z 7 kolumnami).<\/li>\n<\/ul>","protected":false},"featured_media":788,"comment_status":"open","ping_status":"closed","template":"","meta":[],"product_brand":[],"product_cat":[15],"product_tag":[164,161,168,163,143,169,162,167,65],"class_list":{"0":"post-802","1":"product","2":"type-product","3":"status-publish","4":"has-post-thumbnail","6":"product_cat-large-wedge-pillow","7":"product_tag-detachable-bolster-bed-cushion","8":"product_tag-elevated-headboard-pillow","9":"product_tag-headboard-pillow","10":"product_tag-leg-pillow","11":"product_tag-multifunctional-pillow","12":"product_tag-support-pillow","13":"product_tag-upright-back-pillow","14":"product_tag-wedge-bolster-pillow","15":"product_tag-wedge-pillow","17":"first","18":"instock","19":"shipping-taxable","20":"purchasable","21":"product-type-variable"},"_links":{"self":[{"href":"https:\/\/www.largepillow.com\/pl\/wp-json\/wp\/v2\/product\/802","targetHints":{"allow":["GET"]}}],"collection":[{"href":"https:\/\/www.largepillow.com\/pl\/wp-json\/wp\/v2\/product"}],"about":[{"href":"https:\/\/www.largepillow.com\/pl\/wp-json\/wp\/v2\/types\/product"}],"replies":[{"embeddable":true,"href":"https:\/\/www.largepillow.com\/pl\/wp-json\/wp\/v2\/comments?post=802"}],"wp:featuredmedia":[{"embeddable":true,"href":"https:\/\/www.largepillow.com\/pl\/wp-json\/wp\/v2\/media\/788"}],"wp:attachment":[{"href":"https:\/\/www.largepillow.com\/pl\/wp-json\/wp\/v2\/media?parent=802"}],"wp:term":[{"taxonomy":"product_brand","embeddable":true,"href":"https:\/\/www.largepillow.com\/pl\/wp-json\/wp\/v2\/product_brand?post=802"},{"taxonomy":"product_cat","embeddable":true,"href":"https:\/\/www.largepillow.com\/pl\/wp-json\/wp\/v2\/product_cat?post=802"},{"taxonomy":"product_tag","embeddable":true,"href":"https:\/\/www.largepillow.com\/pl\/wp-json\/wp\/v2\/product_tag?post=802"}],"curies":[{"name":"wp","href":"https:\/\/api.w.org\/{rel}","templated":true}]}}