{"id":8223,"date":"2025-06-12T02:27:17","date_gmt":"2025-06-12T02:27:17","guid":{"rendered":"https:\/\/www.largepillow.com\/product\/family-floor-couch-set-3-seater-ottoman-bolster"},"modified":"2025-06-17T14:08:43","modified_gmt":"2025-06-17T14:08:43","slug":"rodzinny-zestaw-wypoczynkowy-z-3-osobowa-pufa-i-podglowkiem","status":"publish","type":"product","link":"https:\/\/www.largepillow.com\/pl\/product\/family-floor-couch-set-3-seater-ottoman-bolster\/","title":{"rendered":"Zestaw rodzinny na pod\u0142og\u0119: 3-osobowy, otomana i wa\u0142ek"},"content":{"rendered":"[zc_getpagecontent mb=&#8221;mb_aplus&#8221; apid=&#8221;131&#8243;]\n","protected":false},"excerpt":{"rendered":"<ul>\n<li>Innowacyjna konstrukcja dwustrefowa: Ta modu\u0142owa sofa naro\u017cna zosta\u0142a pomys\u0142owo zaprojektowana tak, aby stworzy\u0107 oddzielne, ale harmonijne strefy dla rodzic\u00f3w i dzieci. Uk\u0142ad 3-osobowy mo\u017cna skonfigurowa\u0107 tak, aby podzieli\u0107 przestrze\u0144, dzi\u0119ki czemu rodzice mog\u0105 bez przeszk\u00f3d skupi\u0107 si\u0119 na pracy, podczas gdy dzieci bawi\u0105 si\u0119 lub relaksuj\u0105 w pobli\u017cu.<\/li>\n<li>Przestronny uk\u0142ad 113 cali: Mierz\u0105cy 113 cali, oferuje du\u017co miejsca na obie aktywno\u015bci; rodzice mog\u0105 roz\u0142o\u017cy\u0107 swoje materia\u0142y do pracy po jednej stronie, podczas gdy dzieci maj\u0105 wystarczaj\u0105co du\u017co miejsca do zabawy zabawkami lub czytania ksi\u0105\u017cek, nie wchodz\u0105c sobie nawzajem w przestrze\u0144, co sprzyja spokojnemu wsp\u00f3\u0142istnieniu.<\/li>\n<li>Wygodne poduszki piankowe: Wysokiej jako\u015bci poduszki piankowe s\u0105 nie tylko mi\u0119kkie, zapewniaj\u0105c relaks, ale tak\u017ce umo\u017cliwiaj\u0105 d\u0142ugie godziny siedzenia. Niezale\u017cnie od tego, czy rodzice s\u0105 zaj\u0119ci prac\u0105, czy dzieci ogl\u0105daj\u0105 film, wygodne siedzenia gwarantuj\u0105, \u017ce \u017cadna ze stron nie b\u0119dzie rozproszona przez dyskomfort.<\/li>\n<li>Wszechstronny puf: Do\u0142\u0105czony puf mo\u017ce s\u0142u\u017cy\u0107 rodzicom jako osobna powierzchnia robocza, gdy\u017c jego p\u0142aski blat zapewnia stabiln\u0105 powierzchni\u0119 do odk\u0142adania laptop\u00f3w lub papier\u00f3w. Dla dzieci mo\u017ce on s\u0142u\u017cy\u0107 jako dodatkowe siedzisko podczas zabawy lub podn\u00f3\u017cek podczas ogl\u0105dania kresk\u00f3wek, zwi\u0119kszaj\u0105c funkcjonalno\u015b\u0107 ich w\u0142asnej strefy.<\/li>\n<li>Poduszka cylindryczna: wyj\u0105tkowa poduszka cylindryczna zapewnia ukierunkowane wsparcie. Rodzice mog\u0105 jej u\u017cywa\u0107 do podparcia odcinka l\u0119d\u017awiowego kr\u0119gos\u0142upa podczas d\u0142ugich sesji pracy, redukuj\u0105c zm\u0119czenie plec\u00f3w, a dzieci mog\u0105 si\u0119 do niej przytula\u0107, co zapewnia im dodatkowy komfort podczas czytania lub wypoczynku, dzi\u0119ki czemu zar\u00f3wno praca, jak i zabawa staj\u0105 si\u0119 przyjemniejsze.<\/li>\n<\/ul>","protected":false},"featured_media":8209,"comment_status":"open","ping_status":"closed","template":"","meta":[],"product_brand":[],"product_cat":[228],"product_tag":[],"class_list":{"0":"post-8223","1":"product","2":"type-product","3":"status-publish","4":"has-post-thumbnail","6":"product_cat-cushions","8":"first","9":"instock","10":"sold-individually","11":"shipping-taxable","12":"purchasable","13":"product-type-simple"},"_links":{"self":[{"href":"https:\/\/www.largepillow.com\/pl\/wp-json\/wp\/v2\/product\/8223","targetHints":{"allow":["GET"]}}],"collection":[{"href":"https:\/\/www.largepillow.com\/pl\/wp-json\/wp\/v2\/product"}],"about":[{"href":"https:\/\/www.largepillow.com\/pl\/wp-json\/wp\/v2\/types\/product"}],"replies":[{"embeddable":true,"href":"https:\/\/www.largepillow.com\/pl\/wp-json\/wp\/v2\/comments?post=8223"}],"wp:featuredmedia":[{"embeddable":true,"href":"https:\/\/www.largepillow.com\/pl\/wp-json\/wp\/v2\/media\/8209"}],"wp:attachment":[{"href":"https:\/\/www.largepillow.com\/pl\/wp-json\/wp\/v2\/media?parent=8223"}],"wp:term":[{"taxonomy":"product_brand","embeddable":true,"href":"https:\/\/www.largepillow.com\/pl\/wp-json\/wp\/v2\/product_brand?post=8223"},{"taxonomy":"product_cat","embeddable":true,"href":"https:\/\/www.largepillow.com\/pl\/wp-json\/wp\/v2\/product_cat?post=8223"},{"taxonomy":"product_tag","embeddable":true,"href":"https:\/\/www.largepillow.com\/pl\/wp-json\/wp\/v2\/product_tag?post=8223"}],"curies":[{"name":"wp","href":"https:\/\/api.w.org\/{rel}","templated":true}]}}