{"id":823,"date":"2022-09-17T14:05:52","date_gmt":"2022-09-17T14:05:52","guid":{"rendered":"https:\/\/www.largepillow.com\/product\/wedge-pillow-for-acid-reflux_37_38_39_40_41"},"modified":"2024-10-03T16:31:35","modified_gmt":"2024-10-03T16:31:35","slug":"zaglowek-klina-do-czytania","status":"publish","type":"product","link":"https:\/\/www.largepillow.com\/pl\/product\/reading-wedge-headboard","title":{"rendered":"Czytanie zag\u0142\u00f3wka klina"},"content":{"rendered":"<p>Zanurz si\u0119 w komforcie dzi\u0119ki doskona\u0142emu zag\u0142\u00f3wkowi na klinie do czytania<\/p>\n<p>Wyobra\u017a sobie, \u017ce zanurzasz si\u0119 w chmurze pluszowego komfortu, zanurzaj\u0105c si\u0119 w ulubionych ksi\u0105\u017ckach lub programach. Zag\u0142\u00f3wek Reading Wedge jest tutaj, aby wznie\u015b\u0107 Twoje do\u015bwiadczenie przed snem na nowy poziom!<\/p>\n<p>Wyj\u0105tkowy komfort:<\/p>\n<p>Ta ergonomicznie zaprojektowana poduszka zag\u0142\u00f3wka ma zakrzywiony kszta\u0142t, kt\u00f3ry otula cia\u0142o, zapewniaj\u0105c wyj\u0105tkowy komfort. Dwurz\u0119dowe, podwy\u017cszone oparcie zapewnia niezr\u00f3wnane podparcie szyi i plec\u00f3w, dzi\u0119ki czemu jest idealne dla nocnych mark\u00f3w, zapalonych czytelnik\u00f3w i entuzjast\u00f3w telewizji.<\/p>\n<p>Wielofunkcyjna wszechstronno\u015b\u0107:<\/p>\n<p>Wystarczaj\u0105co wszechstronna do wielu zastosowa\u0144, poduszka ta mo\u017ce by\u0107 u\u017cywana jako pionowa poduszka pod plecy, poduszka klinowa lub poduszka na nogi. Niezale\u017cnie od tego, czy szukasz wsparcia przy czytaniu, ogl\u0105daniu film\u00f3w, czy po prostu relaksowaniu si\u0119 w \u0142\u00f3\u017cku, jest to idealny towarzysz.<\/p>\n<p>Doskona\u0142e rzemios\u0142o:<\/p>\n<p>Zag\u0142\u00f3wek Reading Wedge, wykonany z luksusowej tkaniny o lnianym wygl\u0105dzie i ekologicznego wype\u0142nienia z w\u0142\u00f3kna poliestrowego, emanuje jako\u015bci\u0105. Odpinan\u0105 poduszk\u0119 \u0142\u00f3\u017cka mo\u017cna pra\u0107 w pralce, co u\u0142atwia czyszczenie, a wygodne kieszenie boczne dodaj\u0105 odrobin\u0119 praktyczno\u015bci.<\/p>\n<p>\u0141atwa konserwacja:<\/p>\n<p>Konserwacja zag\u0142\u00f3wka z klinem do czytania jest prosta. Pokrycie poduszki wezg\u0142owia mo\u017cna \u0142atwo zdj\u0105\u0107 za pomoc\u0105 guzik\u00f3w i zamka b\u0142yskawicznego, co pozwala na szybkie pranie w pralce.<\/p>\n<p>Dost\u0119pne w r\u00f3\u017cnych rozmiarach:<\/p>\n<p>Wybierz spo\u015br\u00f3d r\u00f3\u017cnych rozmiar\u00f3w, aby idealnie dopasowa\u0107 swoje \u0142\u00f3\u017cko: 100 cm, 120 cm, 140 cm, 160 cm, 180 cm i 200 cm. Ka\u017cdy rozmiar ma eleganckie guziki w kszta\u0142cie kolumny, kt\u00f3re dodaj\u0105 stylu.<\/p>\n<p>Opinie klient\u00f3w:<\/p>\n<p>\u201eUwielbiam m\u00f3j zag\u0142\u00f3wek na koturnie do czytania! Jest tak wygodny, \u017ce czytanie w \u0142\u00f3\u017cku staje si\u0119 marzeniem. Podwy\u017cszone oparcie zmieni\u0142o zasady gry w przypadku mojej szyi i plec\u00f3w. \u2013 Sara K.<\/p>\n<p>\u201eTa poduszka to must-have ka\u017cdego, kto uwielbia sp\u0119dza\u0107 czas w \u0142\u00f3\u017cku. Jest na tyle uniwersalny, \u017ce mo\u017cna go wykorzysta\u0107 do wielu rzeczy. Gor\u0105co polecam!&quot; \u2013 Jan B.<\/p>\n<p>Podnie\u015b poziom komfortu przed snem dzi\u0119ki zag\u0142\u00f3wkowi z klinem do czytania. Zam\u00f3w ju\u017c dzi\u015b i ciesz si\u0119 niezr\u00f3wnanym komfortem i wszechstronno\u015bci\u0105!<\/p>","protected":false},"excerpt":{"rendered":"<ul>\n<li><strong>Najwy\u017cszy komfort:<\/strong> Ta poduszka z podwy\u017cszonym zag\u0142\u00f3wkiem w rozmiarze XL zapewnia doskona\u0142y komfort dzi\u0119ki zakrzywionej formie. Ta poduszka do czytania zag\u0142\u00f3wkiem pomo\u017ce Ci zachowa\u0107 spok\u00f3j na kanapie lub kanapie, co jest idealne dla pracuj\u0105cych nocnych mark\u00f3w, moli ksi\u0105\u017ckowych i ogl\u0105dania telewizji w \u0142\u00f3\u017cku.<\/li>\n<li><strong>Podwy\u017cszona konstrukcja oparcia:<\/strong> Ciesz si\u0119 niezr\u00f3wnanym komfortem dzi\u0119ki unikalnej, dwurz\u0119dowej konstrukcji podwy\u017cszonego oparcia naszej poduszki zag\u0142\u00f3wkowej. Podwy\u017cszona poduszka zag\u0142\u00f3wka oparcia zapewnia doskona\u0142e podparcie szyi i plec\u00f3w, dzi\u0119ki czemu jest idealnym miejscem do relaksu i czytania w \u0142\u00f3\u017cku.<\/li>\n<li><strong>Poduszka wielofunkcyjna:<\/strong> Dzi\u0119ki trzem r\u00f3\u017cnym sposobom u\u017cycia nasza poduszka jest idealna w ka\u017cdej sytuacji. Niezale\u017cnie od tego, czy wolisz u\u017cywa\u0107 jej jako pionowej poduszki pod plecy, poduszki klinowej czy poduszki na nogi dla lepszego podparcia, jest to idealne akcesorium zapewniaj\u0105ce komfortowy odpoczynek i relaks.<\/li>\n<li><strong>Doskona\u0142e rzemios\u0142o:<\/strong> Wykonana z tkaniny o wygl\u0105dzie lnu, kt\u00f3rej sk\u0142ad stanowi poliester 100%, nasza poduszka wezg\u0142owia jest wype\u0142niona ekologicznym i wytrzyma\u0142ym wype\u0142nieniem z w\u0142\u00f3kien poliestrowych. Zdejmowan\u0105 poduszk\u0119 z zag\u0142\u00f3wkiem mo\u017cna \u0142atwo wypra\u0107 w pralce, a ma\u0142e boczne kieszenie dodaj\u0105 praktyczno\u015bci temu i tak ju\u017c luksusowemu produktowi.<\/li>\n<li><strong>\u0141atwe do mycia:<\/strong> Pokrycie poduszki wezg\u0142owia jest przymocowane do wewn\u0119trznej strony poduszki za pomoc\u0105 guzik\u00f3w i mo\u017cna je \u0142atwo zdj\u0105\u0107 za pomoc\u0105 prostego zamka b\u0142yskawicznego. Dzi\u0119ki temu jego czyszczenie nie sprawia \u017cadnych problem\u00f3w. Wystarczy zdj\u0105\u0107 poszewk\u0119 i szybko wypra\u0107 poduszk\u0119 w pralce, a poduszka b\u0119dzie wygl\u0105da\u0107 jak nowa.<\/li>\n<li><strong>Rozmiar:<\/strong> 100 cm (d\u0142. 100 x szer. 26 x wys. 55 | 3 przyciski na kolumnach), 120 cm (d\u0142. 120 x szer. 26 x wys. 55 | 4 przyciski na kolumnach), 140 cm (d\u0142. 140 x szer. 26 x wys. 55 | 4 przyciski na kolumnach), 160 cm (d\u0142. 160 x szer. 26 x wys. 55 | przyciski na 5 kolumnach ), 180 cm (d\u0142. 180 x szer. 26 x wys. 55 | przyciski z 6 kolumnami), 200 cm (d\u0142. 200 x szer. 26 x wys. 55 | przyciski z 7 kolumnami).<\/li>\n<\/ul>","protected":false},"featured_media":809,"comment_status":"open","ping_status":"closed","template":"","meta":[],"product_brand":[],"product_cat":[15],"product_tag":[109,164,161,143,166,162,65],"class_list":{"0":"post-823","1":"product","2":"type-product","3":"status-publish","4":"has-post-thumbnail","6":"product_cat-large-wedge-pillow","7":"product_tag-daybed-cushion","8":"product_tag-detachable-bolster-bed-cushion","9":"product_tag-elevated-headboard-pillow","10":"product_tag-multifunctional-pillow","11":"product_tag-reading-wedge-headboard","12":"product_tag-upright-back-pillow","13":"product_tag-wedge-pillow","15":"first","16":"instock","17":"featured","18":"shipping-taxable","19":"purchasable","20":"product-type-variable"},"_links":{"self":[{"href":"https:\/\/www.largepillow.com\/pl\/wp-json\/wp\/v2\/product\/823","targetHints":{"allow":["GET"]}}],"collection":[{"href":"https:\/\/www.largepillow.com\/pl\/wp-json\/wp\/v2\/product"}],"about":[{"href":"https:\/\/www.largepillow.com\/pl\/wp-json\/wp\/v2\/types\/product"}],"replies":[{"embeddable":true,"href":"https:\/\/www.largepillow.com\/pl\/wp-json\/wp\/v2\/comments?post=823"}],"wp:featuredmedia":[{"embeddable":true,"href":"https:\/\/www.largepillow.com\/pl\/wp-json\/wp\/v2\/media\/809"}],"wp:attachment":[{"href":"https:\/\/www.largepillow.com\/pl\/wp-json\/wp\/v2\/media?parent=823"}],"wp:term":[{"taxonomy":"product_brand","embeddable":true,"href":"https:\/\/www.largepillow.com\/pl\/wp-json\/wp\/v2\/product_brand?post=823"},{"taxonomy":"product_cat","embeddable":true,"href":"https:\/\/www.largepillow.com\/pl\/wp-json\/wp\/v2\/product_cat?post=823"},{"taxonomy":"product_tag","embeddable":true,"href":"https:\/\/www.largepillow.com\/pl\/wp-json\/wp\/v2\/product_tag?post=823"}],"curies":[{"name":"wp","href":"https:\/\/api.w.org\/{rel}","templated":true}]}}