{"id":8245,"date":"2025-06-12T03:28:35","date_gmt":"2025-06-12T03:28:35","guid":{"rendered":"https:\/\/www.largepillow.com\/product\/funky-hand-shaped-chair-with-round-pillow-for-bedroom-gaming"},"modified":"2025-06-16T03:40:19","modified_gmt":"2025-06-16T03:40:19","slug":"funkcjonalny-fotel-w-ksztalcie-dloni-z-okragla-poduszka-do-gier-w-sypialni","status":"publish","type":"product","link":"https:\/\/www.largepillow.com\/pl\/product\/funky-hand-shaped-chair-with-round-pillow-for-bedroom-gaming\/","title":{"rendered":"Funkcjonalny fotel w kszta\u0142cie d\u0142oni z okr\u0105g\u0142\u0105 poduszk\u0105 do sypialni i gier"},"content":{"rendered":"[zc_getpagecontent mb=&#8221;mb_aplus&#8221; apid=&#8221;124&#8243;]\n","protected":false},"excerpt":{"rendered":"<ul>\n<li>Niepowtarzalny i ciekawy design \u2013 to nie jest po prostu wygodna kanapa, ale temat do rozm\u00f3w. Dzi\u0119ki siedzisku w kszta\u0142cie d\u0142oni i okr\u0105g\u0142ej poduszce inspirowanej baseballem, doda Twojemu wn\u0119trzu odjechanego, sportowego charakteru. Idealna dla os\u00f3b, kt\u00f3re kochaj\u0105 abstrakcyjne dekoracje i chc\u0105 doda\u0107 swojemu domowi fajny, dziwaczny element.<\/li>\n<li>Idealna dla nastolatk\u00f3w i dzieci \u2013 niezale\u017cnie od tego, czy nadaje si\u0119 do pokoju nastolatka, czy pokoju zabaw, ta sofa pod\u0142ogowa to strza\u0142 w dziesi\u0105tk\u0119. Jej zabawny i kreatywny design przypadnie do gustu m\u0142odszym osobom, zapewniaj\u0105c im przytulne miejsce do relaksu, czytania lub zabawy.<\/li>\n<li>Wszechstronne zastosowanie \u2013 ten pojedynczy fotel idealnie wpasuje si\u0119 w ka\u017cde otoczenie, od uroczego dodatku do piankowej sofy w pokoju zabaw po wyj\u0105tkowy rekwizyt do fotografii. Ponadto zajmuje niewiele miejsca, wi\u0119c nadaje si\u0119 do mieszka\u0144, akademik\u00f3w lub ka\u017cdego k\u0105ta w pokoju.<\/li>\n<li>Materia\u0142y wysokiej jako\u015bci \u2013 wykonane z przyjaznego dla sk\u00f3ry aksamitu, wype\u0142nione bawe\u0142n\u0105 PP, wype\u0142nionej poduszk\u0105 baseballow\u0105 i piank\u0105 o wysokiej g\u0119sto\u015bci na siedzisku bez ko\u015bci, zapewniaj\u0105 komfort gwarantowany; dodatkowo antypo\u015blizgowy sp\u00f3d gwarantuje bezpiecze\u0144stwo, wi\u0119c mo\u017cesz cieszy\u0107 si\u0119 siedzeniem na nim bez zmartwie\u0144.<\/li>\n<li>Wielofunkcyjne siedzisko \u2013 nie tylko s\u0142u\u017cy jako dodatkowe miejsce do siedzenia, ale tak\u017ce mo\u017ce pe\u0142ni\u0107 funkcj\u0119 dzie\u0142a sztuki. Tworzy przytulne miejsce do relaksu, a jego wyj\u0105tkowy, nowoczesny design sprawia, \u017ce jest ozdob\u0105 ka\u017cdego pomieszczenia.<\/li>\n<li>Sofa w pude\u0142ku \u2013 Nasz fotel ma konstrukcj\u0119 bezramow\u0105, zapewniaj\u0105c\u0105 elastyczno\u015b\u0107 i wyj\u0105tkowe wra\u017cenia podczas siedzenia. Wystarczy rozpakowa\u0107, a fotel odzyska sw\u00f3j kszta\u0142t i b\u0119dzie gotowy, aby sta\u0107 si\u0119 ciekawym elementem wystroju Twojego salonu.<\/li>\n<\/ul>","protected":false},"featured_media":8234,"comment_status":"open","ping_status":"closed","template":"","meta":[],"product_brand":[],"product_cat":[228],"product_tag":[],"class_list":{"0":"post-8245","1":"product","2":"type-product","3":"status-publish","4":"has-post-thumbnail","6":"product_cat-cushions","8":"first","9":"instock","10":"shipping-taxable","11":"purchasable","12":"product-type-simple"},"_links":{"self":[{"href":"https:\/\/www.largepillow.com\/pl\/wp-json\/wp\/v2\/product\/8245","targetHints":{"allow":["GET"]}}],"collection":[{"href":"https:\/\/www.largepillow.com\/pl\/wp-json\/wp\/v2\/product"}],"about":[{"href":"https:\/\/www.largepillow.com\/pl\/wp-json\/wp\/v2\/types\/product"}],"replies":[{"embeddable":true,"href":"https:\/\/www.largepillow.com\/pl\/wp-json\/wp\/v2\/comments?post=8245"}],"wp:featuredmedia":[{"embeddable":true,"href":"https:\/\/www.largepillow.com\/pl\/wp-json\/wp\/v2\/media\/8234"}],"wp:attachment":[{"href":"https:\/\/www.largepillow.com\/pl\/wp-json\/wp\/v2\/media?parent=8245"}],"wp:term":[{"taxonomy":"product_brand","embeddable":true,"href":"https:\/\/www.largepillow.com\/pl\/wp-json\/wp\/v2\/product_brand?post=8245"},{"taxonomy":"product_cat","embeddable":true,"href":"https:\/\/www.largepillow.com\/pl\/wp-json\/wp\/v2\/product_cat?post=8245"},{"taxonomy":"product_tag","embeddable":true,"href":"https:\/\/www.largepillow.com\/pl\/wp-json\/wp\/v2\/product_tag?post=8245"}],"curies":[{"name":"wp","href":"https:\/\/api.w.org\/{rel}","templated":true}]}}