{"id":8262,"date":"2025-06-12T07:43:13","date_gmt":"2025-06-12T07:43:13","guid":{"rendered":"https:\/\/www.largepillow.com\/product\/multi-use-pillow-for-comfortable-sleep-sitting-with-back-support"},"modified":"2025-11-15T16:05:15","modified_gmt":"2025-11-15T16:05:15","slug":"wielofunkcyjna-poduszka-do-wygodnego-spania-w-pozycji-siedzacej-z-podparciem-plecow","status":"publish","type":"product","link":"https:\/\/www.largepillow.com\/pl\/product\/multi-use-pillow-for-comfortable-sleep-sitting-with-back-support\/","title":{"rendered":"Wielofunkcyjna poduszka zapewniaj\u0105ca komfort snu i siedzenia z podparciem plec\u00f3w"},"content":{"rendered":"[zc_getpagecontent mb=&#8221;mb_aplus&#8221; apid=&#8221;117&#8243;]\n","protected":false},"excerpt":{"rendered":"<ul>\n<li>Wszechstronna rekonwalescencja po operacji BBL: Nasz zestaw poduszek BBL po operacji zosta\u0142 zaprojektowany z my\u015bl\u0105 o komforcie i wszechstronno\u015bci. Zawiera piankow\u0105 poduszk\u0119 BBL oraz poduszk\u0119 podpieraj\u0105c\u0105 plecy. Ich wszechstronno\u015b\u0107 pozwala na u\u017cywanie ich razem jako poduszki twarzowej po operacji BBL lub jako zestawu poduszki podnosz\u0105cej po\u015bladki BBL + poduszki podpieraj\u0105cej plecy, co idealnie zaspokaja r\u00f3\u017cnorodne potrzeby po operacji BBL.<\/li>\n<li>Komfort spania na brzuchu: Unikalna konstrukcja otwor\u00f3w w poduszce do spania twarz\u0105 w d\u00f3\u0142 umo\u017cliwia spanie twarz\u0105 w d\u00f3\u0142, zapewniaj\u0105c optymalny komfort i oddychanie. Taka pozycja wspomaga rekonwalescencj\u0119 pooperacyjn\u0105, w tym po operacji BBL lub innych zabiegach okulistycznych. Poduszk\u0119 mo\u017cna regulowa\u0107, aby zapewni\u0107 dodatkowe wsparcie, owijaj\u0105c ramiona z przodu.<\/li>\n<li>Podparcie bioder i amortyzacja plec\u00f3w: Piankowa poduszka pod po\u015bladki wspomaga regeneracj\u0119 bioder, a bawe\u0142niana poduszka pod plecy z polipropylenu zapewnia wsparcie plec\u00f3w, umo\u017cliwiaj\u0105c d\u0142ugie siedzenie bez dyskomfortu. Idealna do r\u00f3\u017cnych powierzchni siedz\u0105cych, takich jak krzes\u0142a restauracyjne, krzes\u0142a biurowe, fotele samochodowe i inne, ta poduszka BBL do spania po operacji zaspokoi Twoje potrzeby komfortu po operacji.<\/li>\n<li>Wytrzyma\u0142a i zapewniaj\u0105ca wsparcie konstrukcja: Wykonany z pianki o wysokiej g\u0119sto\u015bci, nasz zestaw poduszek BBL wytrzymuje ci\u0119\u017car do 100 kg (100 kg) bez zapadania si\u0119 ani sp\u0142aszczania. Puszyste wype\u0142nienie poliestrowe zapewnia wygodne podparcie, a mi\u0119kkie, aksamitne poszewki mo\u017cna zdejmowa\u0107 i pra\u0107 w pralce, co u\u0142atwia konserwacj\u0119.<\/li>\n<li>Wielofunkcyjne zastosowanie: Poza rekonwalescencj\u0105 pooperacyjn\u0105, poduszki te mog\u0105 s\u0142u\u017cy\u0107 jako poduszka do masa\u017cu lub podp\u00f3rka podczas aktywno\u015bci w pozycji le\u017c\u0105cej twarz\u0105 w d\u00f3\u0142, takich jak drzemka przy biurku czy spanie na brzuchu. Poduszka pod plecy THD jest przeznaczona do samodzielnego u\u017cytku i mo\u017ce s\u0142u\u017cy\u0107 jako poduszka do czytania, zapewniaj\u0105c wsparcie plec\u00f3w w okresie rekonwalescencji.<\/li>\n<li>Szybka regeneracja kszta\u0142tu: Nale\u017cy pami\u0119ta\u0107, \u017ce poduszka le\u017c\u0105ca twarz\u0105 do do\u0142u mo\u017ce si\u0119 lekko ugi\u0105\u0107 podczas siadania, przez co nie b\u0119dzie mo\u017cna osi\u0105gn\u0105\u0107 jej pe\u0142nej wysoko\u015bci. Nasze zestawy poduszek s\u0105 pakowane pr\u00f3\u017cniowo. Po rozpakowaniu powr\u00f3c\u0105 do pierwotnego kszta\u0142tu w ci\u0105gu 48\u201372 godzin.<\/li>\n<\/ul>","protected":false},"featured_media":8255,"comment_status":"open","ping_status":"closed","template":"","meta":[],"product_brand":[],"product_cat":[228],"product_tag":[],"class_list":{"0":"post-8262","1":"product","2":"type-product","3":"status-publish","4":"has-post-thumbnail","6":"product_cat-cushions","8":"first","9":"instock","10":"shipping-taxable","11":"purchasable","12":"product-type-simple"},"_links":{"self":[{"href":"https:\/\/www.largepillow.com\/pl\/wp-json\/wp\/v2\/product\/8262","targetHints":{"allow":["GET"]}}],"collection":[{"href":"https:\/\/www.largepillow.com\/pl\/wp-json\/wp\/v2\/product"}],"about":[{"href":"https:\/\/www.largepillow.com\/pl\/wp-json\/wp\/v2\/types\/product"}],"replies":[{"embeddable":true,"href":"https:\/\/www.largepillow.com\/pl\/wp-json\/wp\/v2\/comments?post=8262"}],"wp:featuredmedia":[{"embeddable":true,"href":"https:\/\/www.largepillow.com\/pl\/wp-json\/wp\/v2\/media\/8255"}],"wp:attachment":[{"href":"https:\/\/www.largepillow.com\/pl\/wp-json\/wp\/v2\/media?parent=8262"}],"wp:term":[{"taxonomy":"product_brand","embeddable":true,"href":"https:\/\/www.largepillow.com\/pl\/wp-json\/wp\/v2\/product_brand?post=8262"},{"taxonomy":"product_cat","embeddable":true,"href":"https:\/\/www.largepillow.com\/pl\/wp-json\/wp\/v2\/product_cat?post=8262"},{"taxonomy":"product_tag","embeddable":true,"href":"https:\/\/www.largepillow.com\/pl\/wp-json\/wp\/v2\/product_tag?post=8262"}],"curies":[{"name":"wp","href":"https:\/\/api.w.org\/{rel}","templated":true}]}}