{"id":845,"date":"2022-09-17T14:14:51","date_gmt":"2022-09-17T14:14:51","guid":{"rendered":"https:\/\/www.largepillow.com\/product\/wedge-pillow-for-acid-reflux_37_38_39_40_41_42"},"modified":"2024-12-04T12:25:24","modified_gmt":"2024-12-04T12:25:24","slug":"poduszki-dekoracyjne-do-lozka","status":"publish","type":"product","link":"https:\/\/www.largepillow.com\/pl\/product\/decorative-pillows-for-bed","title":{"rendered":"Dekoracyjne Poduszki Do \u0142\u00f3\u017cka"},"content":{"rendered":"<p>Zanurz si\u0119 w niezr\u00f3wnanym komforcie dzi\u0119ki naszym poduszkom dekoracyjnym do \u0142\u00f3\u017cka<\/p>\n<p>Zmie\u0144 swoje do\u015bwiadczenie przed snem dzi\u0119ki naszym starannie wykonanym poduszkom dekoracyjnym do \u0142\u00f3\u017cka, zaprojektowanym, aby podnie\u015b\u0107 Tw\u00f3j komfort i relaks.<\/p>\n<p>Najwy\u017cszy komfort i wsparcie<\/p>\n<p>Nasze poduszki maj\u0105 zakrzywiony kszta\u0142t, kt\u00f3ry dopasowuje si\u0119 do kszta\u0142tu cia\u0142a, zapewniaj\u0105c niezr\u00f3wnany komfort. Niezale\u017cnie od tego, czy wylegujesz si\u0119 w \u0142\u00f3\u017cku, relaksujesz na sofie, czy marzysz na kanapie, nasza poduszka do czytania zag\u0142\u00f3wkiem zapewni Ci wolne od napi\u0119\u0107 i wsparcie.<\/p>\n<p>Podwy\u017cszone oparcie dla optymalnego wsparcia<\/p>\n<p>Zanurz si\u0119 w luksusie naszego dwurz\u0119dowego podwy\u017cszonego oparcia, profesjonalnie wykonanego, aby zapewni\u0107 wyj\u0105tkowe wsparcie dla szyi i plec\u00f3w. Zanurz si\u0119 w swojej ulubionej ksi\u0105\u017cce lub zatra\u0107 si\u0119 w urzekaj\u0105cym filmie bez \u017cadnego dyskomfortu i napi\u0119cia.<\/p>\n<p>Wszechstronna funkcjonalno\u015b\u0107<\/p>\n<p>Ciesz si\u0119 wszechstronno\u015bci\u0105 naszej poduszki i jej trzema r\u00f3\u017cnymi zastosowaniami. Ustaw j\u0105 pionowo jako poduszk\u0119 pod plecy, podeprzyj j\u0105 jako poduszk\u0119 klinow\u0105 lub unie\u015b nogi, aby zapewni\u0107 sobie wi\u0119kszy komfort. To idealny dodatek do przytulno\u015bci i relaksu.<\/p>\n<p>Najwy\u017cszej jako\u015bci wykonanie i trwa\u0142o\u015b\u0107<\/p>\n<p>Nasze poduszki wezg\u0142owia s\u0105 starannie wykonane z wysokiej jako\u015bci tkaniny o wygl\u0105dzie lnu, sk\u0142adaj\u0105cej si\u0119 z poliestru 100%, co zapewnia trwa\u0142o\u015b\u0107 i \u0142atwo\u015b\u0107 konserwacji. Ekologiczne i spr\u0119\u017cyste wype\u0142nienie z w\u0142\u00f3kien poliestrowych zapewnia d\u0142ugotrwa\u0142y komfort. Ponadto zdejmowana poduszka na \u0142\u00f3\u017cko sprawia, \u017ce czyszczenie jest dziecinnie proste.<\/p>\n<p>\u0141atwe czyszczenie<\/p>\n<p>Utrzymuj nieskazitelny stan swojej poduszki bez wysi\u0142ku. Pokrycie poduszki wezg\u0142owia zapinane jest na guziki, co pozwala na \u0142atwe zdj\u0119cie. Wystarczy rozpi\u0105\u0107 pokrowiec i wrzuci\u0107 go do pralki, aby szybko od\u015bwie\u017cy\u0107.<\/p>\n<p>Konfigurowalne opcje rozmiaru<\/p>\n<p>Wybierz idealny rozmiar dla swojego \u0142\u00f3\u017cka z naszej szerokiej gamy opcji:<\/p>\n<p>* 100 cm (d\u0142. 100 x szer. 26 x wys. 55)<br \/>\n* 120 cm (d\u0142. 120 x szer. 26 x wys. 55)<br \/>\n* 140 cm (d\u0142. 140 x szer. 26 x wys. 55)<br \/>\n* 160 cm (d\u0142. 160 x szer. 26 x wys. 55)<br \/>\n* 180 cm (d\u0142. 180 x szer. 26 x wys. 55)<br \/>\n* 200 cm (d\u0142. 200 x szer. 26 x wys. 55)<\/p>\n<p>Referencje klient\u00f3w<\/p>\n<p>Nasi zadowoleni klienci zachwycaj\u0105 si\u0119 wyj\u0105tkow\u0105 jako\u015bci\u0105 naszych Poduszek Dekoracyjnych do \u0141\u00f3\u017cka:<\/p>\n<p>* \u201eTa tr\u00f3jk\u0105tna poduszka jest nie tylko wygodna, ale tak\u017ce bardzo praktyczna. Jestem z tego naprawd\u0119 zadowolony!\u201d<br \/>\n* \u201eUwielbiam lniany materia\u0142. Jest mi\u0119kki i oddychaj\u0105cy, a kolor jest pi\u0119kny.\u201d<br \/>\n* \u201eKupi\u0142am t\u0119 poduszk\u0119 dla mojej mamy, kt\u00f3ra cierpi na b\u00f3le plec\u00f3w. To zrobi\u0142o ogromn\u0105 r\u00f3\u017cnic\u0119 dla jej komfortu.\u201d<\/p>\n<p>Zanurz si\u0119 w najwy\u017cszym komforcie i relaksie dzi\u0119ki naszym poduszkom dekoracyjnym do \u0142\u00f3\u017cka. Zam\u00f3w ju\u017c dzi\u015b i do\u015bwiadcz niezr\u00f3wnanego wsparcia i luksusu, na kt\u00f3ry zas\u0142ugujesz.<\/p>","protected":false},"excerpt":{"rendered":"<ul>\n<li><strong>Najwy\u017cszy komfort:<\/strong> Ta poduszka z podwy\u017cszonym zag\u0142\u00f3wkiem w rozmiarze XL zapewnia doskona\u0142y komfort dzi\u0119ki zakrzywionej formie. Ta poduszka do czytania zag\u0142\u00f3wkiem pomo\u017ce Ci zachowa\u0107 spok\u00f3j na kanapie lub kanapie, co jest idealne dla pracuj\u0105cych nocnych mark\u00f3w, moli ksi\u0105\u017ckowych i ogl\u0105dania telewizji w \u0142\u00f3\u017cku.<\/li>\n<li><strong>Podwy\u017cszona konstrukcja oparcia:<\/strong> Ciesz si\u0119 niezr\u00f3wnanym komfortem dzi\u0119ki unikalnej, dwurz\u0119dowej konstrukcji podwy\u017cszonego oparcia naszej poduszki zag\u0142\u00f3wkowej. Podwy\u017cszona poduszka zag\u0142\u00f3wka oparcia zapewnia doskona\u0142e podparcie szyi i plec\u00f3w, dzi\u0119ki czemu jest idealnym miejscem do relaksu i czytania w \u0142\u00f3\u017cku.<\/li>\n<li><strong>Poduszka wielofunkcyjna:<\/strong> Dzi\u0119ki trzem r\u00f3\u017cnym sposobom u\u017cycia nasza poduszka jest idealna w ka\u017cdej sytuacji. Niezale\u017cnie od tego, czy wolisz u\u017cywa\u0107 jej jako pionowej poduszki pod plecy, poduszki klinowej czy poduszki na nogi dla lepszego podparcia, jest to idealne akcesorium zapewniaj\u0105ce komfortowy odpoczynek i relaks.<\/li>\n<li><strong>Doskona\u0142e rzemios\u0142o:<\/strong> Wykonana z tkaniny o wygl\u0105dzie lnu, kt\u00f3rej sk\u0142ad stanowi poliester 100%, nasza poduszka wezg\u0142owia jest wype\u0142niona ekologicznym i wytrzyma\u0142ym wype\u0142nieniem z w\u0142\u00f3kien poliestrowych. Zdejmowan\u0105 poduszk\u0119 z zag\u0142\u00f3wkiem mo\u017cna \u0142atwo wypra\u0107 w pralce, a ma\u0142e boczne kieszenie dodaj\u0105 praktyczno\u015bci temu i tak ju\u017c luksusowemu produktowi.<\/li>\n<li><strong>\u0141atwe do mycia:<\/strong> Pokrycie poduszki wezg\u0142owia jest przymocowane do wewn\u0119trznej strony poduszki za pomoc\u0105 guzik\u00f3w i mo\u017cna je \u0142atwo zdj\u0105\u0107 za pomoc\u0105 prostego zamka b\u0142yskawicznego. Dzi\u0119ki temu jego czyszczenie nie sprawia \u017cadnych problem\u00f3w. Wystarczy zdj\u0105\u0107 poszewk\u0119 i szybko wypra\u0107 poduszk\u0119 w pralce, a poduszka b\u0119dzie wygl\u0105da\u0107 jak nowa.<\/li>\n<li><strong>Rozmiar:<\/strong> 100 cm (d\u0142. 100 x szer. 26 x wys. 55 | 3 przyciski na kolumnach), 120 cm (d\u0142. 120 x szer. 26 x wys. 55 | 4 przyciski na kolumnach), 140 cm (d\u0142. 140 x szer. 26 x wys. 55 | 4 przyciski na kolumnach), 160 cm (d\u0142. 160 x szer. 26 x wys. 55 | przyciski na 5 kolumnach ), 180 cm (d\u0142. 180 x szer. 26 x wys. 55 | przyciski z 6 kolumnami), 200 cm (d\u0142. 200 x szer. 26 x wys. 55 | przyciski z 7 kolumnami).<\/li>\n<\/ul>","protected":false},"featured_media":830,"comment_status":"open","ping_status":"closed","template":"","meta":[],"product_brand":[],"product_cat":[15],"product_tag":[145,165,164,161,143,162,65],"class_list":{"0":"post-845","1":"product","2":"type-product","3":"status-publish","4":"has-post-thumbnail","6":"product_cat-large-wedge-pillow","7":"product_tag-decorative-pillow","8":"product_tag-detachable-bolster","9":"product_tag-detachable-bolster-bed-cushion","10":"product_tag-elevated-headboard-pillow","11":"product_tag-multifunctional-pillow","12":"product_tag-upright-back-pillow","13":"product_tag-wedge-pillow","15":"first","16":"instock","17":"featured","18":"shipping-taxable","19":"purchasable","20":"product-type-variable"},"_links":{"self":[{"href":"https:\/\/www.largepillow.com\/pl\/wp-json\/wp\/v2\/product\/845","targetHints":{"allow":["GET"]}}],"collection":[{"href":"https:\/\/www.largepillow.com\/pl\/wp-json\/wp\/v2\/product"}],"about":[{"href":"https:\/\/www.largepillow.com\/pl\/wp-json\/wp\/v2\/types\/product"}],"replies":[{"embeddable":true,"href":"https:\/\/www.largepillow.com\/pl\/wp-json\/wp\/v2\/comments?post=845"}],"wp:featuredmedia":[{"embeddable":true,"href":"https:\/\/www.largepillow.com\/pl\/wp-json\/wp\/v2\/media\/830"}],"wp:attachment":[{"href":"https:\/\/www.largepillow.com\/pl\/wp-json\/wp\/v2\/media?parent=845"}],"wp:term":[{"taxonomy":"product_brand","embeddable":true,"href":"https:\/\/www.largepillow.com\/pl\/wp-json\/wp\/v2\/product_brand?post=845"},{"taxonomy":"product_cat","embeddable":true,"href":"https:\/\/www.largepillow.com\/pl\/wp-json\/wp\/v2\/product_cat?post=845"},{"taxonomy":"product_tag","embeddable":true,"href":"https:\/\/www.largepillow.com\/pl\/wp-json\/wp\/v2\/product_tag?post=845"}],"curies":[{"name":"wp","href":"https:\/\/api.w.org\/{rel}","templated":true}]}}