{"id":866,"date":"2022-09-17T14:44:55","date_gmt":"2022-09-17T14:44:55","guid":{"rendered":"https:\/\/www.largepillow.com\/product\/wedge-pillow-for-acid-reflux_37_38_39_40_41_42_43"},"modified":"2025-04-18T01:36:58","modified_gmt":"2025-04-18T01:36:58","slug":"poduszka-do-spania","status":"publish","type":"product","link":"https:\/\/www.largepillow.com\/pl\/product\/back-pillow-for-sleeping","title":{"rendered":"Tylna Poduszka Do Spania"},"content":{"rendered":"<p>Poduszka pod plecy do spania: akcesorium zapewniaj\u0105ce najwy\u017cszy komfort<\/p>\n<p>Czy jeste\u015b zm\u0119czony odczuwaniem dyskomfortu, gdy pr\u00f3bujesz zrelaksowa\u0107 si\u0119 w \u0142\u00f3\u017cku, sofie, sofie lub kanapie? Czy cz\u0119sto masz trudno\u015bci z uspokojeniem si\u0119 podczas czytania, ogl\u0105dania telewizji lub pracy w \u0142\u00f3\u017cku? Je\u015bli tak, to poduszka pod plecy do spania jest idealnym dodatkiem dla Ciebie!<\/p>\n<p>Jedn\u0105 z wyr\u00f3\u017cniaj\u0105cych si\u0119 cech tego produktu jest jego zakrzywiony kszta\u0142t, kt\u00f3ry zapewnia doskona\u0142y komfort. Ta poduszka do czytania zag\u0142\u00f3wkiem pomo\u017ce Ci zachowa\u0107 spok\u00f3j, niezale\u017cnie od tego, gdzie jeste\u015b. Niezale\u017cnie od tego, czy jeste\u015b nocnym markiem, kt\u00f3ry lubi pracowa\u0107 do p\u00f3\u017ana w nocy, molem ksi\u0105\u017ckowym, kt\u00f3ry uwielbia czyta\u0107 w \u0142\u00f3\u017cku, czy te\u017c kim\u015b, kto po prostu lubi ogl\u0105da\u0107 telewizj\u0119 w \u0142\u00f3\u017cku, ta poduszka zapewni Ci ochron\u0119.<\/p>\n<p>Kolejn\u0105 unikaln\u0105 cech\u0105 poduszki do spania jest podwy\u017cszone oparcie. Dzi\u0119ki dwurz\u0119dowemu podwy\u017cszonemu oparciu poduszka zapewnia doskona\u0142e wsparcie szyi i plec\u00f3w. Dzi\u0119ki temu jest to idealne akcesorium dla os\u00f3b cierpi\u0105cych na b\u00f3le plec\u00f3w lub szyi, a tak\u017ce ka\u017cdego, kto po prostu chce si\u0119 zrelaksowa\u0107 i poczyta\u0107 w \u0142\u00f3\u017cku.<\/p>\n<p>Wielofunkcyjna konstrukcja poduszki do spania to kolejna wa\u017cna zaleta. Dzi\u0119ki trzem r\u00f3\u017cnym sposobom u\u017cycia poduszka ta jest idealna w ka\u017cdej sytuacji. Niezale\u017cnie od tego, czy wolisz u\u017cywa\u0107 jej jako pionowej poduszki pod plecy, poduszki klinowej czy poduszki na nogi dla lepszego podparcia, jest to idealne akcesorium zapewniaj\u0105ce komfortowy odpoczynek i relaks.<\/p>\n<p>Je\u015bli chodzi o wykonanie, poduszka pod plecy do spania jest wykonana z materia\u0142\u00f3w wysokiej jako\u015bci. Tkanina o wygl\u0105dzie lnu sk\u0142ada si\u0119 z poliestru 100%, a poduszka wype\u0142niona jest ekologicznym i wysokoelastycznym wype\u0142nieniem z w\u0142\u00f3kien poliestrowych. Dodatkowo zdejmowan\u0105 poduszk\u0119 z zag\u0142\u00f3wkiem mo\u017cna \u0142atwo wypra\u0107 w pralce, a ma\u0142e boczne kieszenie dodaj\u0105 praktyczno\u015bci temu i tak ju\u017c luksusowemu produktowi.<\/p>\n<p>Jedn\u0105 z najbardziej atrakcyjnych cech tej poduszki jest \u0142atwo\u015b\u0107 u\u017cytkowania i konserwacji. Pokrycie poduszki wezg\u0142owia jest przymocowane do wewn\u0119trznej strony poduszki za pomoc\u0105 guzik\u00f3w i mo\u017cna je \u0142atwo zdj\u0105\u0107 za pomoc\u0105 prostego zamka b\u0142yskawicznego. Dzi\u0119ki temu sprz\u0105tanie nie sprawia \u017cadnych problem\u00f3w. Wystarczy zdj\u0105\u0107 poszewk\u0119 i szybko wypra\u0107 poduszk\u0119 w pralce, a poduszka b\u0119dzie wygl\u0105da\u0107 jak nowa.<\/p>\n<p>Poduszka pod plecy do spania jest dost\u0119pna w r\u00f3\u017cnych rozmiarach, pasuj\u0105cych do ka\u017cdego rozmiaru \u0142\u00f3\u017cka: 100 cm, 120 cm, 140 cm, 160 cm, 180 cm i 200 cm. Dzi\u0119ki temu z \u0142atwo\u015bci\u0105 znajdziesz rozwi\u0105zanie idealnie dopasowane do Twoich potrzeb.<\/p>\n<p>Jak pisze jeden z zadowolonych klient\u00f3w: \u201eTa poduszka zmienia zasady gry! Zapewnia ogromne wsparcie i wygod\u0119, a wiele sposob\u00f3w jego u\u017cycia sprawia, \u017ce idealnie sprawdza si\u0119 w ka\u017cdej sytuacji. Gor\u0105co polecam ka\u017cdemu, kto chce poprawi\u0107 jako\u015b\u0107 swojego snu i relaksu.\u201d<\/p>\n<p>Og\u00f3lnie rzecz bior\u0105c, poduszka pod plecy do spania to doskona\u0142a inwestycja dla ka\u017cdego, kto chce poprawi\u0107 sw\u00f3j komfort i relaks. Dzi\u0119ki wysokiej jako\u015bci wykonaniu, wielofunkcyjnej konstrukcji oraz \u0142atwo\u015bci u\u017cytkowania i konserwacji poduszka ta z pewno\u015bci\u0105 stanie si\u0119 ulubionym dodatkiem na d\u0142ugie lata.<\/p>","protected":false},"excerpt":{"rendered":"<ul>\n<li><strong>Najwy\u017cszy komfort:<\/strong> Ta poduszka z podwy\u017cszonym zag\u0142\u00f3wkiem w rozmiarze XL zapewnia doskona\u0142y komfort dzi\u0119ki zakrzywionej formie. Ta poduszka do czytania zag\u0142\u00f3wkiem pomo\u017ce Ci zachowa\u0107 spok\u00f3j na kanapie lub kanapie, co jest idealne dla pracuj\u0105cych nocnych mark\u00f3w, moli ksi\u0105\u017ckowych i ogl\u0105dania telewizji w \u0142\u00f3\u017cku.<\/li>\n<li><strong>Podwy\u017cszona konstrukcja oparcia:<\/strong> Ciesz si\u0119 niezr\u00f3wnanym komfortem dzi\u0119ki unikalnej, dwurz\u0119dowej konstrukcji podwy\u017cszonego oparcia naszej poduszki zag\u0142\u00f3wkowej. Podwy\u017cszona poduszka zag\u0142\u00f3wka oparcia zapewnia doskona\u0142e podparcie szyi i plec\u00f3w, dzi\u0119ki czemu jest idealnym miejscem do relaksu i czytania w \u0142\u00f3\u017cku.<\/li>\n<li><strong>Poduszka wielofunkcyjna:<\/strong> Dzi\u0119ki trzem r\u00f3\u017cnym sposobom u\u017cycia nasza poduszka jest idealna w ka\u017cdej sytuacji. Niezale\u017cnie od tego, czy wolisz u\u017cywa\u0107 jej jako pionowej poduszki pod plecy, poduszki klinowej czy poduszki na nogi dla lepszego podparcia, jest to idealne akcesorium zapewniaj\u0105ce komfortowy odpoczynek i relaks.<\/li>\n<li><strong>Doskona\u0142e rzemios\u0142o:<\/strong> Wykonana z tkaniny o wygl\u0105dzie lnu, kt\u00f3rej sk\u0142ad stanowi poliester 100%, nasza poduszka wezg\u0142owia jest wype\u0142niona ekologicznym i wytrzyma\u0142ym wype\u0142nieniem z w\u0142\u00f3kien poliestrowych. Zdejmowan\u0105 poduszk\u0119 z zag\u0142\u00f3wkiem mo\u017cna \u0142atwo wypra\u0107 w pralce, a ma\u0142e boczne kieszenie dodaj\u0105 praktyczno\u015bci temu i tak ju\u017c luksusowemu produktowi.<\/li>\n<li><strong>\u0141atwe do mycia:<\/strong> Pokrycie poduszki wezg\u0142owia jest przymocowane do wewn\u0119trznej strony poduszki za pomoc\u0105 guzik\u00f3w i mo\u017cna je \u0142atwo zdj\u0105\u0107 za pomoc\u0105 prostego zamka b\u0142yskawicznego. Dzi\u0119ki temu jego czyszczenie nie sprawia \u017cadnych problem\u00f3w. Wystarczy zdj\u0105\u0107 poszewk\u0119 i szybko wypra\u0107 poduszk\u0119 w pralce, a poduszka b\u0119dzie wygl\u0105da\u0107 jak nowa.<\/li>\n<li><strong>Rozmiar:<\/strong> 100 cm (d\u0142. 100 x szer. 26 x wys. 55 | 3 przyciski na kolumnach), 120 cm (d\u0142. 120 x szer. 26 x wys. 55 | 4 przyciski na kolumnach), 140 cm (d\u0142. 140 x szer. 26 x wys. 55 | 4 przyciski na kolumnach), 160 cm (d\u0142. 160 x szer. 26 x wys. 55 | przyciski na 5 kolumnach ), 180 cm (d\u0142. 180 x szer. 26 x wys. 55 | przyciski z 6 kolumnami), 200 cm (d\u0142. 200 x szer. 26 x wys. 55 | przyciski z 7 kolumnami).<\/li>\n<\/ul>","protected":false},"featured_media":852,"comment_status":"open","ping_status":"closed","template":"","meta":[],"product_brand":[],"product_cat":[15],"product_tag":[160,66,164,161,163,143,162,65],"class_list":{"0":"post-866","1":"product","2":"type-product","3":"status-publish","4":"has-post-thumbnail","6":"product_cat-large-wedge-pillow","7":"product_tag-back-pillow-for-sleeping","8":"product_tag-back-support-pillow","9":"product_tag-detachable-bolster-bed-cushion","10":"product_tag-elevated-headboard-pillow","11":"product_tag-leg-pillow","12":"product_tag-multifunctional-pillow","13":"product_tag-upright-back-pillow","14":"product_tag-wedge-pillow","16":"first","17":"instock","18":"featured","19":"shipping-taxable","20":"purchasable","21":"product-type-variable"},"_links":{"self":[{"href":"https:\/\/www.largepillow.com\/pl\/wp-json\/wp\/v2\/product\/866","targetHints":{"allow":["GET"]}}],"collection":[{"href":"https:\/\/www.largepillow.com\/pl\/wp-json\/wp\/v2\/product"}],"about":[{"href":"https:\/\/www.largepillow.com\/pl\/wp-json\/wp\/v2\/types\/product"}],"replies":[{"embeddable":true,"href":"https:\/\/www.largepillow.com\/pl\/wp-json\/wp\/v2\/comments?post=866"}],"wp:featuredmedia":[{"embeddable":true,"href":"https:\/\/www.largepillow.com\/pl\/wp-json\/wp\/v2\/media\/852"}],"wp:attachment":[{"href":"https:\/\/www.largepillow.com\/pl\/wp-json\/wp\/v2\/media?parent=866"}],"wp:term":[{"taxonomy":"product_brand","embeddable":true,"href":"https:\/\/www.largepillow.com\/pl\/wp-json\/wp\/v2\/product_brand?post=866"},{"taxonomy":"product_cat","embeddable":true,"href":"https:\/\/www.largepillow.com\/pl\/wp-json\/wp\/v2\/product_cat?post=866"},{"taxonomy":"product_tag","embeddable":true,"href":"https:\/\/www.largepillow.com\/pl\/wp-json\/wp\/v2\/product_tag?post=866"}],"curies":[{"name":"wp","href":"https:\/\/api.w.org\/{rel}","templated":true}]}}