{"id":914,"date":"2022-09-18T08:07:44","date_gmt":"2022-09-18T08:07:44","guid":{"rendered":"https:\/\/www.largepillow.com\/product\/wedge-pillow-for-acid-reflux_37_38_39_40_41_42_43_44_45_46"},"modified":"2025-06-12T17:32:43","modified_gmt":"2025-06-12T17:32:43","slug":"poduszka-do-lozka-2","status":"publish","type":"product","link":"https:\/\/www.largepillow.com\/pl\/product\/bolster-pillow-for-bed","title":{"rendered":"Poduszka wzmacniaj\u0105ca do \u0142\u00f3\u017cka"},"content":{"rendered":"<p>Poduszka wzmacniaj\u0105ca do \u0142\u00f3\u017cka \u2013 idealny dodatek na przytuln\u0105 noc lub leniwy dzie\u0144 sp\u0119dzony w \u0142\u00f3\u017cku. Ta wyj\u0105tkowo du\u017ca poduszka z podwy\u017cszonym zag\u0142\u00f3wkiem zapewnia najwy\u017cszy komfort dzi\u0119ki unikalnemu zakrzywionemu kszta\u0142towi, dzi\u0119ki czemu mo\u017cesz zachowa\u0107 spok\u00f3j podczas pracy, czytania lub ogl\u0105dania telewizji w \u0142\u00f3\u017cku. <\/p>\n<p>Podwy\u017cszone oparcie poduszki zag\u0142\u00f3wkowej zapewnia doskona\u0142e podparcie szyi i plec\u00f3w, dzi\u0119ki czemu jest idealnym miejscem do relaksu i czytania w \u0142\u00f3\u017cku. Poduszka sprawdzi si\u0119 tak\u017ce w ka\u017cdej sytuacji, dzi\u0119ki trzem sposobom jej wykorzystania. Niezale\u017cnie od tego, czy wolisz u\u017cywa\u0107 jej jako pionowej poduszki pod plecy, poduszki klinowej, czy poduszki na nogi dla lepszego podparcia, ta wielofunkcyjna poduszka zosta\u0142a zaprojektowana z my\u015bl\u0105 o Twojej wygodzie.<\/p>\n<p>Wykonana z wysokiej jako\u015bci tkaniny o aksamitnym wygl\u0105dzie i wype\u0142niona ekologicznym i wytrzyma\u0142ym w\u0142\u00f3knem poliestrowym, poduszka Bolster For Bed jest trwa\u0142a i trwa\u0142a. Zdejmowan\u0105 poduszk\u0119 z zag\u0142\u00f3wkiem mo\u017cna \u0142atwo wypra\u0107 w pralce, a ma\u0142e boczne kieszenie dodaj\u0105 praktyczno\u015bci temu i tak ju\u017c luksusowemu produktowi.<\/p>\n<p>Dost\u0119pna w sze\u015bciu r\u00f3\u017cnych rozmiarach od 100 cm do 200 cm, poduszka ta idealnie nadaje si\u0119 do ka\u017cdego \u0142\u00f3\u017cka, sofy, kanapy lub kanapy. Mo\u017cesz wybra\u0107 ten, kt\u00f3ry odpowiada Twoim potrzebom, niezale\u017cnie od tego, czy chcesz go u\u017cywa\u0107 do czytania, pracy, czy po prostu relaksu.<\/p>\n<p>I nie wierz nam tylko na s\u0142owo. Jeden zadowolony klient skomentowa\u0142: \u201eTa poduszka jest niesamowita! Jest bardzo wygodny i ma idealny rozmiar. Tkanina jest mi\u0119kka i przytulna, a liczne guziki u\u0142atwiaj\u0105 dopasowanie do w\u0142asnych upodoba\u0144. Zdecydowanie warto w to zainwestowa\u0107.\u201d<\/p>\n<p>Inny zadowolony klient, kt\u00f3ry kupi\u0142 poduszk\u0119 z aksamitu holenderskiego w kolorze kawy, powiedzia\u0142: \u201eTa poduszka jest taka mi\u0119kka i wygodna. Ma idealny rozmiar do mojego \u0142\u00f3\u017cka, a kolor jest pi\u0119kny. U\u017cywam go codziennie do czytania i ogl\u0105dania telewizji i znacz\u0105co poprawi\u0142o to m\u00f3j poziom komfortu\u201d.<\/p>\n<p>Podsumowuj\u0105c, poduszka do \u0142\u00f3\u017cka Bolster to pozycja obowi\u0105zkowa dla ka\u017cdego, kto uwielbia sp\u0119dza\u0107 czas w \u0142\u00f3\u017cku. Zapewnia najwy\u017cszy komfort, doskona\u0142e wsparcie i jest zbudowany z my\u015bl\u0105 o trwa\u0142o\u015bci dzi\u0119ki wysokiej jako\u015bci rzemios\u0142u. Wybierz sw\u00f3j rozmiar i kolor i do\u015bwiadcz ca\u0142kowitego relaksu.<\/p>","protected":false},"excerpt":{"rendered":"<ul>\n<li><strong>Najwy\u017cszy komfort:<\/strong> Ta poduszka z podwy\u017cszonym zag\u0142\u00f3wkiem w rozmiarze XL zapewnia doskona\u0142y komfort dzi\u0119ki zakrzywionej formie. Ta poduszka do czytania zag\u0142\u00f3wkiem pomo\u017ce Ci zachowa\u0107 spok\u00f3j na kanapie lub kanapie, co jest idealne dla pracuj\u0105cych nocnych mark\u00f3w, moli ksi\u0105\u017ckowych i ogl\u0105dania telewizji w \u0142\u00f3\u017cku.<\/li>\n<li><strong>Podwy\u017cszona konstrukcja oparcia:<\/strong> Ciesz si\u0119 niezr\u00f3wnanym komfortem dzi\u0119ki unikalnej, dwurz\u0119dowej konstrukcji podwy\u017cszonego oparcia naszej poduszki zag\u0142\u00f3wkowej. Podwy\u017cszona poduszka zag\u0142\u00f3wka oparcia zapewnia doskona\u0142e podparcie szyi i plec\u00f3w, dzi\u0119ki czemu jest idealnym miejscem do relaksu i czytania w \u0142\u00f3\u017cku.<\/li>\n<li><strong>Poduszka wielofunkcyjna:<\/strong> Dzi\u0119ki trzem r\u00f3\u017cnym sposobom u\u017cycia nasza poduszka jest idealna w ka\u017cdej sytuacji. Niezale\u017cnie od tego, czy wolisz u\u017cywa\u0107 jej jako pionowej poduszki pod plecy, poduszki klinowej czy poduszki na nogi dla lepszego podparcia, jest to idealne akcesorium zapewniaj\u0105ce komfortowy odpoczynek i relaks.<\/li>\n<li><strong>Doskona\u0142e rzemios\u0142o:<\/strong> Wykonana z tkaniny o wygl\u0105dzie aksamitu, kt\u00f3rej sk\u0142ad stanowi poliester 100%, nasza poduszka wezg\u0142owia jest wype\u0142niona ekologicznym i wytrzyma\u0142ym wype\u0142nieniem z w\u0142\u00f3kien poliestrowych. Odpinan\u0105 poduszk\u0119 z zag\u0142\u00f3wkiem mo\u017cna \u0142atwo wypra\u0107 w pralce, a ma\u0142e boczne kieszenie dodaj\u0105 praktyczno\u015bci temu i tak ju\u017c luksusowemu produktowi.<\/li>\n<li><strong>\u0141atwe do mycia:<\/strong> Pokrycie poduszki wezg\u0142owia jest przymocowane do wewn\u0119trznej strony poduszki za pomoc\u0105 guzik\u00f3w i mo\u017cna je \u0142atwo zdj\u0105\u0107 za pomoc\u0105 prostego zamka b\u0142yskawicznego. Dzi\u0119ki temu jego czyszczenie nie sprawia \u017cadnych problem\u00f3w. Wystarczy zdj\u0105\u0107 poszewk\u0119 i szybko wypra\u0107 poduszk\u0119 w pralce, a poduszka b\u0119dzie wygl\u0105da\u0107 jak nowa.<\/li>\n<li><strong>Rozmiar:<\/strong> 100 cm (d\u0142. 100 x szer. 26 x wys. 55 | 3 przyciski na kolumnach), 120 cm (d\u0142. 120 x szer. 26 x wys. 55 | 4 przyciski na kolumnach), 140 cm (d\u0142. 140 x szer. 26 x wys. 55 | 4 przyciski na kolumnach), 160 cm (d\u0142. 160 x szer. 26 x wys. 55 | przyciski na 5 kolumnach ), 180 cm (d\u0142. 180 x szer. 26 x wys. 55 | przyciski z 6 kolumnami), 200 cm (d\u0142. 200 x szer. 26 x wys. 55 | przyciski z 7 kolumnami).<\/li>\n<\/ul>","protected":false},"featured_media":905,"comment_status":"open","ping_status":"closed","template":"","meta":[],"product_brand":[],"product_cat":[15],"product_tag":[178,164,161,168,179,163,143,162,65],"class_list":{"0":"post-914","1":"product","2":"type-product","3":"status-publish","4":"has-post-thumbnail","6":"product_cat-large-wedge-pillow","7":"product_tag-bolster-pillow-for-bed","8":"product_tag-detachable-bolster-bed-cushion","9":"product_tag-elevated-headboard-pillow","10":"product_tag-headboard-pillow","11":"product_tag-headboard-reading-pillow","12":"product_tag-leg-pillow","13":"product_tag-multifunctional-pillow","14":"product_tag-upright-back-pillow","15":"product_tag-wedge-pillow","17":"first","18":"instock","19":"shipping-taxable","20":"purchasable","21":"product-type-variable"},"_links":{"self":[{"href":"https:\/\/www.largepillow.com\/pl\/wp-json\/wp\/v2\/product\/914","targetHints":{"allow":["GET"]}}],"collection":[{"href":"https:\/\/www.largepillow.com\/pl\/wp-json\/wp\/v2\/product"}],"about":[{"href":"https:\/\/www.largepillow.com\/pl\/wp-json\/wp\/v2\/types\/product"}],"replies":[{"embeddable":true,"href":"https:\/\/www.largepillow.com\/pl\/wp-json\/wp\/v2\/comments?post=914"}],"wp:featuredmedia":[{"embeddable":true,"href":"https:\/\/www.largepillow.com\/pl\/wp-json\/wp\/v2\/media\/905"}],"wp:attachment":[{"href":"https:\/\/www.largepillow.com\/pl\/wp-json\/wp\/v2\/media?parent=914"}],"wp:term":[{"taxonomy":"product_brand","embeddable":true,"href":"https:\/\/www.largepillow.com\/pl\/wp-json\/wp\/v2\/product_brand?post=914"},{"taxonomy":"product_cat","embeddable":true,"href":"https:\/\/www.largepillow.com\/pl\/wp-json\/wp\/v2\/product_cat?post=914"},{"taxonomy":"product_tag","embeddable":true,"href":"https:\/\/www.largepillow.com\/pl\/wp-json\/wp\/v2\/product_tag?post=914"}],"curies":[{"name":"wp","href":"https:\/\/api.w.org\/{rel}","templated":true}]}}