{"id":930,"date":"2022-09-18T08:29:22","date_gmt":"2022-09-18T08:29:22","guid":{"rendered":"https:\/\/www.largepillow.com\/product\/wedge-pillow-for-acid-reflux_37_38_39_40_41_42_43_44_45_46_47"},"modified":"2025-09-16T06:24:36","modified_gmt":"2025-09-16T06:24:36","slug":"poduszka-zaglowek-lozka","status":"publish","type":"product","link":"https:\/\/www.largepillow.com\/pl\/product\/bed-bolster-cushion","title":{"rendered":"Poduszka do \u0142\u00f3\u017cka"},"content":{"rendered":"<p>Odkryj najlepsz\u0105 poduszk\u0119 do czytania i relaksu \u2013 poduszk\u0119 na \u0142\u00f3\u017cko<\/p>\n<p>Masz do\u015b\u0107 napinania szyi i plec\u00f3w podczas czytania lub ogl\u0105dania telewizji w \u0142\u00f3\u017cku? Przedstawiamy poduszk\u0119 Bed Bolster Cushion \u2013 niezwykle wygodn\u0105 poduszk\u0119, kt\u00f3ra przenosi relaks na nowy poziom. <\/p>\n<p>Wykonana z aksamitnej tkaniny poliestrowej 100% i wype\u0142niona spr\u0119\u017cystym wype\u0142nieniem z w\u0142\u00f3kna poliestrowego, ta ponadgabarytowa poduszka zag\u0142\u00f3wkowa zapewni Ci luksusowy komfort. Unikalna, dwurz\u0119dowa konstrukcja podwy\u017cszonego oparcia zapewnia ergonomiczne podparcie g\u00f3rnej cz\u0119\u015bci cia\u0142a, umo\u017cliwiaj\u0105c wygodne siedzenie w \u0142\u00f3\u017cku bez wysi\u0142ku. <\/p>\n<p>Klienci uwielbiaj\u0105 wszechstronno\u015b\u0107 tej poduszki. Mo\u017cna go u\u017cywa\u0107 w pozycji pionowej jak oparcie, pochylonej jak poduszka klinowa lub poziomo jak poduszka na nogi. To idealna wielofunkcyjna poduszka do czytania, pracy na laptopie, ogl\u0105dania film\u00f3w lub po prostu wylegiwania si\u0119 w \u0142\u00f3\u017cku. <\/p>\n<p>Jak m\u00f3wi Lily w swojej recenzji: \u201eUwielbiam u\u017cywa\u0107 tej ogromnej tr\u00f3jk\u0105tnej poduszki, aby podeprze\u0107 si\u0119 w \u0142\u00f3\u017cku podczas czytania. Jest taki mi\u0119kki i wspiera moje plecy. Kiedy\u015b czu\u0142em si\u0119 niekomfortowo po 30 minutach czytania, ale dzi\u0119ki tej poduszce mog\u0119 pracowa\u0107 godzinami bez b\u00f3lu szyi i plec\u00f3w\u201d.<\/p>\n<p>Poduszka na \u0142\u00f3\u017cko jest dost\u0119pna w r\u00f3\u017cnych szeroko\u015bciach od 100 cm do 200 cm, dzi\u0119ki czemu mo\u017cesz znale\u017a\u0107 idealne dopasowanie do swojego \u0142\u00f3\u017cka. Posiada wygodne kieszenie boczne do przechowywania telefonu, pilota, okular\u00f3w lub ksi\u0105\u017cki. Mi\u0119kkie aksamitne pokrycie mo\u017cna zdejmowa\u0107 i pra\u0107 w pralce, co u\u0142atwia piel\u0119gnacj\u0119.<\/p>\n<p>Je\u015bli chcesz wznie\u015b\u0107 relaks na nowy poziom, zafunduj sobie wygod\u0119 poduszki Bed Bolster Cushion. Doskona\u0142e wsparcie i elastyczny kszta\u0142t sprawiaj\u0105, \u017ce jest to najlepsza poduszka do czytania, pracy lub ogl\u0105dania ulubionych program\u00f3w w \u0142\u00f3\u017cku. Wprowad\u017a luksus i wygod\u0119 do swojej sypialni ju\u017c dzi\u015b!<\/p>","protected":false},"excerpt":{"rendered":"<ul>\n<li><strong>Najwy\u017cszy komfort:<\/strong> Ta poduszka z podwy\u017cszonym zag\u0142\u00f3wkiem w rozmiarze XL zapewnia doskona\u0142y komfort dzi\u0119ki zakrzywionej formie. Ta poduszka do czytania zag\u0142\u00f3wkiem pomo\u017ce Ci zachowa\u0107 spok\u00f3j na kanapie lub kanapie, co jest idealne dla pracuj\u0105cych nocnych mark\u00f3w, moli ksi\u0105\u017ckowych i ogl\u0105dania telewizji w \u0142\u00f3\u017cku.<\/li>\n<li><strong>Podwy\u017cszona konstrukcja oparcia:<\/strong> Ciesz si\u0119 niezr\u00f3wnanym komfortem dzi\u0119ki unikalnej, dwurz\u0119dowej konstrukcji podwy\u017cszonego oparcia naszej poduszki zag\u0142\u00f3wkowej. Podwy\u017cszona poduszka zag\u0142\u00f3wka oparcia zapewnia doskona\u0142e podparcie szyi i plec\u00f3w, dzi\u0119ki czemu jest idealnym miejscem do relaksu i czytania w \u0142\u00f3\u017cku.<\/li>\n<li><strong>Poduszka wielofunkcyjna:<\/strong> Dzi\u0119ki trzem r\u00f3\u017cnym sposobom u\u017cycia nasza poduszka jest idealna w ka\u017cdej sytuacji. Niezale\u017cnie od tego, czy wolisz u\u017cywa\u0107 jej jako pionowej poduszki pod plecy, poduszki klinowej czy poduszki na nogi dla lepszego podparcia, jest to idealne akcesorium zapewniaj\u0105ce komfortowy odpoczynek i relaks.<\/li>\n<li><strong>Doskona\u0142e rzemios\u0142o:<\/strong> Wykonana z tkaniny o wygl\u0105dzie aksamitu, kt\u00f3rej sk\u0142ad stanowi poliester 100%, nasza poduszka wezg\u0142owia jest wype\u0142niona ekologicznym i wytrzyma\u0142ym wype\u0142nieniem z w\u0142\u00f3kien poliestrowych. Odpinan\u0105 poduszk\u0119 z zag\u0142\u00f3wkiem mo\u017cna \u0142atwo wypra\u0107 w pralce, a ma\u0142e boczne kieszenie dodaj\u0105 praktyczno\u015bci temu i tak ju\u017c luksusowemu produktowi.<\/li>\n<li><strong>\u0141atwe do mycia:<\/strong> Pokrycie poduszki wezg\u0142owia jest przymocowane do wewn\u0119trznej strony poduszki za pomoc\u0105 guzik\u00f3w i mo\u017cna je \u0142atwo zdj\u0105\u0107 za pomoc\u0105 prostego zamka b\u0142yskawicznego. Dzi\u0119ki temu jego czyszczenie nie sprawia \u017cadnych problem\u00f3w. Wystarczy zdj\u0105\u0107 poszewk\u0119 i szybko wypra\u0107 poduszk\u0119 w pralce, a poduszka b\u0119dzie wygl\u0105da\u0107 jak nowa.<\/li>\n<li><strong>Rozmiar:<\/strong> 100 cm (d\u0142. 100 x szer. 26 x wys. 55 | 3 przyciski na kolumnach), 120 cm (d\u0142. 120 x szer. 26 x wys. 55 | 4 przyciski na kolumnach), 140 cm (d\u0142. 140 x szer. 26 x wys. 55 | 4 przyciski na kolumnach), 160 cm (d\u0142. 160 x szer. 26 x wys. 55 | przyciski na 5 kolumnach ), 180 cm (d\u0142. 180 x szer. 26 x wys. 55 | przyciski z 6 kolumnami), 200 cm (d\u0142. 200 x szer. 26 x wys. 55 | przyciski z 7 kolumnami).<\/li>\n<\/ul>","protected":false},"featured_media":921,"comment_status":"open","ping_status":"closed","template":"","meta":[],"product_brand":[],"product_cat":[15],"product_tag":[60,174,164,161,177,143,76,176,162,175,120,65],"class_list":{"0":"post-930","1":"product","2":"type-product","3":"status-publish","4":"has-post-thumbnail","6":"product_cat-large-wedge-pillow","7":"product_tag-backrest-pillow","8":"product_tag-bed-bolster-cushion","9":"product_tag-detachable-bolster-bed-cushion","10":"product_tag-elevated-headboard-pillow","11":"product_tag-luxury-pillow","12":"product_tag-multifunctional-pillow","13":"product_tag-neck-support-pillow","14":"product_tag-practical-pillow","15":"product_tag-upright-back-pillow","16":"product_tag-velvet-fabric-pillow","17":"product_tag-velvet-pillow","18":"product_tag-wedge-pillow","20":"first","21":"instock","22":"shipping-taxable","23":"purchasable","24":"product-type-variable"},"_links":{"self":[{"href":"https:\/\/www.largepillow.com\/pl\/wp-json\/wp\/v2\/product\/930","targetHints":{"allow":["GET"]}}],"collection":[{"href":"https:\/\/www.largepillow.com\/pl\/wp-json\/wp\/v2\/product"}],"about":[{"href":"https:\/\/www.largepillow.com\/pl\/wp-json\/wp\/v2\/types\/product"}],"replies":[{"embeddable":true,"href":"https:\/\/www.largepillow.com\/pl\/wp-json\/wp\/v2\/comments?post=930"}],"wp:featuredmedia":[{"embeddable":true,"href":"https:\/\/www.largepillow.com\/pl\/wp-json\/wp\/v2\/media\/921"}],"wp:attachment":[{"href":"https:\/\/www.largepillow.com\/pl\/wp-json\/wp\/v2\/media?parent=930"}],"wp:term":[{"taxonomy":"product_brand","embeddable":true,"href":"https:\/\/www.largepillow.com\/pl\/wp-json\/wp\/v2\/product_brand?post=930"},{"taxonomy":"product_cat","embeddable":true,"href":"https:\/\/www.largepillow.com\/pl\/wp-json\/wp\/v2\/product_cat?post=930"},{"taxonomy":"product_tag","embeddable":true,"href":"https:\/\/www.largepillow.com\/pl\/wp-json\/wp\/v2\/product_tag?post=930"}],"curies":[{"name":"wp","href":"https:\/\/api.w.org\/{rel}","templated":true}]}}